{"id":6701,"date":"2024-10-29T18:54:55","date_gmt":"2024-10-29T17:54:55","guid":{"rendered":"https:\/\/uniest.it\/prodotto\/no-fly-zone-bio-natural-bio-deterrent-anti-insekten-und-parasiten-oeko-spray-500-ml\/"},"modified":"2024-10-29T18:54:55","modified_gmt":"2024-10-29T17:54:55","slug":"no-fly-zone-bio-natural-bio-deterrent-anti-insekten-und-parasiten-oeko-spray-500-ml","status":"publish","type":"product","link":"https:\/\/uniest.it\/de\/prodotto\/no-fly-zone-bio-natural-bio-deterrent-anti-insekten-und-parasiten-oeko-spray-500-ml\/","title":{"rendered":"No Fly Zone Bio Natural Bio Deterrent Anti-Insekten und Parasiten \u2013 \u00d6ko-Spray \u2013 500 ml"},"content":{"rendered":"<p>No Fly Zone Eco: neues und innovatives nat\u00fcrliches Abwehrmittel, das aus der Verbindung eines brandneuen Eukalyptusextrakts und des bekannten Neem\u00f6ls gewonnen wird. Ihr in dieser Art einzigartiger Duft, der durch das Vorhandensein von \u00e4therischem Terpentin\u00f6l verst\u00e4rkt wird, h\u00e4lt Insekten daher mehrere Stunden lang vom Fell des Tieres fern, ohne seinen Geruchssinn zu beeintr\u00e4chtigen. Allerdings sorgt die enthaltene Weizenst\u00e4rke daf\u00fcr, dass das Haar gl\u00e4nzend und angenehm weich bleibt.<\/p>\n","protected":false},"excerpt":{"rendered":"<p>No Fly Zone Eco: neues und innovatives nat\u00fcrliches Abwehrmittel, das aus der Verbindung eines brandneuen Eukalyptusextrakts und des bekannten Neem\u00f6ls gewonnen wird. Ihr in dieser Art einzigartiger Duft, der durch das Vorhandensein von \u00e4therischem Terpentin\u00f6l verst\u00e4rkt wird, h\u00e4lt Insekten daher mehrere Stunden lang vom Fell des Tieres fern, ohne seinen Geruchssinn zu beeintr\u00e4chtigen. Allerdings sorgt [&hellip;]<\/p>\n","protected":false},"featured_media":6704,"template":"","meta":{"_acf_changed":false,"inline_featured_image":false},"product_brand":[],"product_cat":[1491],"product_tag":[],"class_list":{"0":"post-6701","1":"product","2":"type-product","3":"status-publish","4":"has-post-thumbnail","6":"product_beauty-proteggere","7":"product_skin-tutti-gli-animali","8":"product_kind-trattamenti-speciali","9":"product_kind_pets-repellenti-animali","10":"product_kind_pets-repellenti-parassiti","11":"product_lines-animal-care","12":"product_cat-famiglia-e-pet-de","13":"pa_size-500-de","15":"first","16":"instock","17":"taxable","18":"shipping-taxable","19":"purchasable","20":"product-type-simple"},"acf":[],"yoast_head":"<!-- This site is optimized with the Yoast SEO plugin v24.6 - https:\/\/yoast.com\/wordpress\/plugins\/seo\/ -->\n<title>No Fly Zone Bio Natural Bio Deterrent Anti-Insekten und Parasiten \u2013 \u00d6ko-Spray \u2013 500 ml - Uniest<\/title>\n<meta name=\"robots\" content=\"index, follow, max-snippet:-1, max-image-preview:large, max-video-preview:-1\" \/>\n<link rel=\"canonical\" href=\"https:\/\/uniest.it\/prodotto\/no-fly-zone-bio-natural-bio-deterrent-anti-insekten-und-parasiten-oeko-spray-500-ml\/\" \/>\n<meta property=\"og:locale\" content=\"de_DE\" \/>\n<meta property=\"og:type\" content=\"article\" \/>\n<meta property=\"og:title\" content=\"No Fly Zone Bio Natural Bio Deterrent Anti-Insekten und Parasiten \u2013 \u00d6ko-Spray \u2013 500 ml - Uniest\" \/>\n<meta property=\"og:description\" content=\"No Fly Zone Eco: neues und innovatives nat\u00fcrliches Abwehrmittel, das aus der Verbindung eines brandneuen Eukalyptusextrakts und des bekannten Neem\u00f6ls gewonnen wird. Ihr in dieser Art einzigartiger Duft, der durch das Vorhandensein von \u00e4therischem Terpentin\u00f6l verst\u00e4rkt wird, h\u00e4lt Insekten daher mehrere Stunden lang vom Fell des Tieres fern, ohne seinen Geruchssinn zu beeintr\u00e4chtigen. Allerdings sorgt [&hellip;]\" \/>\n<meta property=\"og:url\" content=\"https:\/\/uniest.it\/prodotto\/no-fly-zone-bio-natural-bio-deterrent-anti-insekten-und-parasiten-oeko-spray-500-ml\/\" \/>\n<meta property=\"og:site_name\" content=\"Uniest\" \/>\n<meta name=\"twitter:card\" content=\"summary_large_image\" \/>\n<script type=\"application\/ld+json\" class=\"yoast-schema-graph\">{\"@context\":\"https:\/\/schema.org\",\"@graph\":[{\"@type\":\"WebPage\",\"@id\":\"https:\/\/uniest.it\/prodotto\/no-fly-zone-bio-natural-bio-deterrent-anti-insekten-und-parasiten-oeko-spray-500-ml\/\",\"url\":\"https:\/\/uniest.it\/prodotto\/no-fly-zone-bio-natural-bio-deterrent-anti-insekten-und-parasiten-oeko-spray-500-ml\/\",\"name\":\"No Fly Zone Bio Natural Bio Deterrent Anti-Insekten und Parasiten \u2013 \u00d6ko-Spray \u2013 500 ml - Uniest\",\"isPartOf\":{\"@id\":\"https:\/\/uniest.it\/#website\"},\"primaryImageOfPage\":{\"@id\":\"https:\/\/uniest.it\/prodotto\/no-fly-zone-bio-natural-bio-deterrent-anti-insekten-und-parasiten-oeko-spray-500-ml\/#primaryimage\"},\"image\":{\"@id\":\"https:\/\/uniest.it\/prodotto\/no-fly-zone-bio-natural-bio-deterrent-anti-insekten-und-parasiten-oeko-spray-500-ml\/#primaryimage\"},\"thumbnailUrl\":\"https:\/\/uniest.it\/wp-content\/uploads\/2021\/02\/601AAC.png\",\"datePublished\":\"2024-10-29T17:54:55+00:00\",\"breadcrumb\":{\"@id\":\"https:\/\/uniest.it\/prodotto\/no-fly-zone-bio-natural-bio-deterrent-anti-insekten-und-parasiten-oeko-spray-500-ml\/#breadcrumb\"},\"inLanguage\":\"de\",\"potentialAction\":[{\"@type\":\"ReadAction\",\"target\":[\"https:\/\/uniest.it\/prodotto\/no-fly-zone-bio-natural-bio-deterrent-anti-insekten-und-parasiten-oeko-spray-500-ml\/\"]}]},{\"@type\":\"ImageObject\",\"inLanguage\":\"de\",\"@id\":\"https:\/\/uniest.it\/prodotto\/no-fly-zone-bio-natural-bio-deterrent-anti-insekten-und-parasiten-oeko-spray-500-ml\/#primaryimage\",\"url\":\"https:\/\/uniest.it\/wp-content\/uploads\/2021\/02\/601AAC.png\",\"contentUrl\":\"https:\/\/uniest.it\/wp-content\/uploads\/2021\/02\/601AAC.png\",\"width\":1283,\"height\":2000,\"caption\":\"601AAC\"},{\"@type\":\"BreadcrumbList\",\"@id\":\"https:\/\/uniest.it\/prodotto\/no-fly-zone-bio-natural-bio-deterrent-anti-insekten-und-parasiten-oeko-spray-500-ml\/#breadcrumb\",\"itemListElement\":[{\"@type\":\"ListItem\",\"position\":1,\"name\":\"Home\",\"item\":\"https:\/\/uniest.it\/de\/\"},{\"@type\":\"ListItem\",\"position\":2,\"name\":\"Shop\",\"item\":\"https:\/\/uniest.it\/shop\/\"},{\"@type\":\"ListItem\",\"position\":3,\"name\":\"No Fly Zone Bio Natural Bio Deterrent Anti-Insekten und Parasiten \u2013 \u00d6ko-Spray \u2013 500 ml\"}]},{\"@type\":\"WebSite\",\"@id\":\"https:\/\/uniest.it\/#website\",\"url\":\"https:\/\/uniest.it\/\",\"name\":\"Uniest\",\"description\":\"Cosmetici Naturali e Bio\",\"potentialAction\":[{\"@type\":\"SearchAction\",\"target\":{\"@type\":\"EntryPoint\",\"urlTemplate\":\"https:\/\/uniest.it\/?s={search_term_string}\"},\"query-input\":{\"@type\":\"PropertyValueSpecification\",\"valueRequired\":true,\"valueName\":\"search_term_string\"}}],\"inLanguage\":\"de\"}]}<\/script>\n<!-- \/ Yoast SEO plugin. -->","yoast_head_json":{"title":"No Fly Zone Bio Natural Bio Deterrent Anti-Insekten und Parasiten \u2013 \u00d6ko-Spray \u2013 500 ml - Uniest","robots":{"index":"index","follow":"follow","max-snippet":"max-snippet:-1","max-image-preview":"max-image-preview:large","max-video-preview":"max-video-preview:-1"},"canonical":"https:\/\/uniest.it\/prodotto\/no-fly-zone-bio-natural-bio-deterrent-anti-insekten-und-parasiten-oeko-spray-500-ml\/","og_locale":"de_DE","og_type":"article","og_title":"No Fly Zone Bio Natural Bio Deterrent Anti-Insekten und Parasiten \u2013 \u00d6ko-Spray \u2013 500 ml - Uniest","og_description":"No Fly Zone Eco: neues und innovatives nat\u00fcrliches Abwehrmittel, das aus der Verbindung eines brandneuen Eukalyptusextrakts und des bekannten Neem\u00f6ls gewonnen wird. Ihr in dieser Art einzigartiger Duft, der durch das Vorhandensein von \u00e4therischem Terpentin\u00f6l verst\u00e4rkt wird, h\u00e4lt Insekten daher mehrere Stunden lang vom Fell des Tieres fern, ohne seinen Geruchssinn zu beeintr\u00e4chtigen. Allerdings sorgt [&hellip;]","og_url":"https:\/\/uniest.it\/prodotto\/no-fly-zone-bio-natural-bio-deterrent-anti-insekten-und-parasiten-oeko-spray-500-ml\/","og_site_name":"Uniest","twitter_card":"summary_large_image","schema":{"@context":"https:\/\/schema.org","@graph":[{"@type":"WebPage","@id":"https:\/\/uniest.it\/prodotto\/no-fly-zone-bio-natural-bio-deterrent-anti-insekten-und-parasiten-oeko-spray-500-ml\/","url":"https:\/\/uniest.it\/prodotto\/no-fly-zone-bio-natural-bio-deterrent-anti-insekten-und-parasiten-oeko-spray-500-ml\/","name":"No Fly Zone Bio Natural Bio Deterrent Anti-Insekten und Parasiten \u2013 \u00d6ko-Spray \u2013 500 ml - Uniest","isPartOf":{"@id":"https:\/\/uniest.it\/#website"},"primaryImageOfPage":{"@id":"https:\/\/uniest.it\/prodotto\/no-fly-zone-bio-natural-bio-deterrent-anti-insekten-und-parasiten-oeko-spray-500-ml\/#primaryimage"},"image":{"@id":"https:\/\/uniest.it\/prodotto\/no-fly-zone-bio-natural-bio-deterrent-anti-insekten-und-parasiten-oeko-spray-500-ml\/#primaryimage"},"thumbnailUrl":"https:\/\/uniest.it\/wp-content\/uploads\/2021\/02\/601AAC.png","datePublished":"2024-10-29T17:54:55+00:00","breadcrumb":{"@id":"https:\/\/uniest.it\/prodotto\/no-fly-zone-bio-natural-bio-deterrent-anti-insekten-und-parasiten-oeko-spray-500-ml\/#breadcrumb"},"inLanguage":"de","potentialAction":[{"@type":"ReadAction","target":["https:\/\/uniest.it\/prodotto\/no-fly-zone-bio-natural-bio-deterrent-anti-insekten-und-parasiten-oeko-spray-500-ml\/"]}]},{"@type":"ImageObject","inLanguage":"de","@id":"https:\/\/uniest.it\/prodotto\/no-fly-zone-bio-natural-bio-deterrent-anti-insekten-und-parasiten-oeko-spray-500-ml\/#primaryimage","url":"https:\/\/uniest.it\/wp-content\/uploads\/2021\/02\/601AAC.png","contentUrl":"https:\/\/uniest.it\/wp-content\/uploads\/2021\/02\/601AAC.png","width":1283,"height":2000,"caption":"601AAC"},{"@type":"BreadcrumbList","@id":"https:\/\/uniest.it\/prodotto\/no-fly-zone-bio-natural-bio-deterrent-anti-insekten-und-parasiten-oeko-spray-500-ml\/#breadcrumb","itemListElement":[{"@type":"ListItem","position":1,"name":"Home","item":"https:\/\/uniest.it\/de\/"},{"@type":"ListItem","position":2,"name":"Shop","item":"https:\/\/uniest.it\/shop\/"},{"@type":"ListItem","position":3,"name":"No Fly Zone Bio Natural Bio Deterrent Anti-Insekten und Parasiten \u2013 \u00d6ko-Spray \u2013 500 ml"}]},{"@type":"WebSite","@id":"https:\/\/uniest.it\/#website","url":"https:\/\/uniest.it\/","name":"Uniest","description":"Cosmetici Naturali e Bio","potentialAction":[{"@type":"SearchAction","target":{"@type":"EntryPoint","urlTemplate":"https:\/\/uniest.it\/?s={search_term_string}"},"query-input":{"@type":"PropertyValueSpecification","valueRequired":true,"valueName":"search_term_string"}}],"inLanguage":"de"}]}},"_links":{"self":[{"href":"https:\/\/uniest.it\/de\/wp-json\/wp\/v2\/product\/6701","targetHints":{"allow":["GET"]}}],"collection":[{"href":"https:\/\/uniest.it\/de\/wp-json\/wp\/v2\/product"}],"about":[{"href":"https:\/\/uniest.it\/de\/wp-json\/wp\/v2\/types\/product"}],"wp:featuredmedia":[{"embeddable":true,"href":"https:\/\/uniest.it\/de\/wp-json\/wp\/v2\/media\/6704"}],"wp:attachment":[{"href":"https:\/\/uniest.it\/de\/wp-json\/wp\/v2\/media?parent=6701"}],"wp:term":[{"taxonomy":"product_brand","embeddable":true,"href":"https:\/\/uniest.it\/de\/wp-json\/wp\/v2\/product_brand?post=6701"},{"taxonomy":"product_cat","embeddable":true,"href":"https:\/\/uniest.it\/de\/wp-json\/wp\/v2\/product_cat?post=6701"},{"taxonomy":"product_tag","embeddable":true,"href":"https:\/\/uniest.it\/de\/wp-json\/wp\/v2\/product_tag?post=6701"}],"curies":[{"name":"wp","href":"https:\/\/api.w.org\/{rel}","templated":true}]}}