{"id":6705,"date":"2021-02-04T12:55:55","date_gmt":"2024-10-29T17:54:56","guid":{"rendered":"https:\/\/uniest.it\/prodotto\/feuchtigkeitsspendende-reinigungsmilch\/"},"modified":"2025-03-04T00:00:45","modified_gmt":"2025-03-03T23:00:45","slug":"feuchtigkeitsspendende-reinigungsmilch","status":"publish","type":"product","link":"https:\/\/uniest.it\/de\/prodotto\/feuchtigkeitsspendende-reinigungsmilch\/","title":{"rendered":"Feuchtigkeitsspendende Reinigungsmilch"},"content":{"rendered":"<p>*Es ist m\u00f6glich, dass die Verpackung vom Foto abweicht. Reinigen Sie Ihr Gesicht mit Reinigungsmilch. Es ist die erste Geste, die Haut zu pflegen. Unverzichtbar, um es sofort sch\u00f6n und langfristig jung zu halten. Die sanfte, feuchtigkeitsspendende Kr\u00e4uter-Reinigungsmilch ist das ideale Fluid, um alle Unreinheiten, die sich im Laufe des Tages auf der Haut angesammelt haben, sanft zu entfernen. Es handelt sich um ein einfach aufzutragendes Produkt, das unserer Haut neben der Reinigung auch wichtige beruhigende, feuchtigkeitsspendende und n\u00e4hrende Eigenschaften verleihen kann. Normale oder dehydrierte Haut. Reinigungsmilch, die die erweichenden und sch\u00fctzenden Eigenschaften von Reiskleie\u00f6l und Bio-S\u00fc\u00dfmandel\u00f6l mit den n\u00e4hrenden und feuchtigkeitsspendenden Eigenschaften von Weizenkeimproteinen und pflanzlichem Glycerin kombiniert. Angereichert mit Pflanzenextrakten aus Malve, Wei\u00dfdorn, Echinacea, Bio-Schafgarbe und Ginkgo Biloba, die in Synergie eine gl\u00e4ttende, weichmachende, beruhigende, festigende, aufhellende und erfrischende Wirkung haben.<\/p>\n","protected":false},"excerpt":{"rendered":"<p>*Es ist m\u00f6glich, dass die Verpackung vom Foto abweicht. Reinigen Sie Ihr Gesicht mit Reinigungsmilch. Es ist die erste Geste, die Haut zu pflegen. Unverzichtbar, um es sofort sch\u00f6n und langfristig jung zu halten. Die sanfte, feuchtigkeitsspendende Kr\u00e4uter-Reinigungsmilch ist das ideale Fluid, um alle Unreinheiten, die sich im Laufe des Tages auf der Haut angesammelt [&hellip;]<\/p>\n","protected":false},"featured_media":6706,"template":"","meta":{"_acf_changed":false,"inline_featured_image":false},"product_brand":[],"product_cat":[1497],"product_tag":[],"class_list":{"0":"post-6705","1":"product","2":"type-product","3":"status-publish","4":"has-post-thumbnail","6":"product_beauty-detergere","7":"product_beauty-idratare","8":"product_skin-pelli-delicate-e-sensibili","9":"product_skin-pelli-giovani-e-prime-rughe","10":"product_skin-pelli-grasse-e-miste","11":"product_skin-pelli-mature-e-rughe","12":"product_skin-pelli-secche-e-normali","13":"product_skin-tutte-le-pelli","14":"product_kind-detergenti-e-struccanti-viso","15":"product_lines-pelli-normali-e-prime-rughe","16":"product_cat-viso-de","17":"pa_size-200-de","19":"first","20":"instock","21":"taxable","22":"shipping-taxable","23":"purchasable","24":"product-type-simple"},"acf":[],"yoast_head":"<!-- This site is optimized with the Yoast SEO plugin v24.6 - https:\/\/yoast.com\/wordpress\/plugins\/seo\/ -->\n<title>Feuchtigkeitsspendende Reinigungsmilch - Uniest<\/title>\n<meta name=\"robots\" content=\"index, follow, max-snippet:-1, max-image-preview:large, max-video-preview:-1\" \/>\n<link rel=\"canonical\" href=\"https:\/\/uniest.it\/prodotto\/latte-detergente-idratante\/\" \/>\n<meta property=\"og:locale\" content=\"de_DE\" \/>\n<meta property=\"og:type\" content=\"article\" \/>\n<meta property=\"og:title\" content=\"Feuchtigkeitsspendende Reinigungsmilch - Uniest\" \/>\n<meta property=\"og:description\" content=\"*Es ist m\u00f6glich, dass die Verpackung vom Foto abweicht. Reinigen Sie Ihr Gesicht mit Reinigungsmilch. Es ist die erste Geste, die Haut zu pflegen. Unverzichtbar, um es sofort sch\u00f6n und langfristig jung zu halten. Die sanfte, feuchtigkeitsspendende Kr\u00e4uter-Reinigungsmilch ist das ideale Fluid, um alle Unreinheiten, die sich im Laufe des Tages auf der Haut angesammelt [&hellip;]\" \/>\n<meta property=\"og:url\" content=\"https:\/\/uniest.it\/prodotto\/latte-detergente-idratante\/\" \/>\n<meta property=\"og:site_name\" content=\"Uniest\" \/>\n<meta property=\"article:modified_time\" content=\"2025-03-03T23:00:45+00:00\" \/>\n<meta property=\"og:image\" content=\"https:\/\/uniest.it\/wp-content\/uploads\/2020\/11\/001AAE.png\" \/>\n\t<meta property=\"og:image:width\" content=\"1283\" \/>\n\t<meta property=\"og:image:height\" content=\"2001\" \/>\n\t<meta property=\"og:image:type\" content=\"image\/png\" \/>\n<meta name=\"twitter:card\" content=\"summary_large_image\" \/>\n<meta name=\"twitter:label1\" content=\"Gesch\u00e4tzte Lesezeit\" \/>\n\t<meta name=\"twitter:data1\" content=\"1\u00a0Minute\" \/>\n<script type=\"application\/ld+json\" class=\"yoast-schema-graph\">{\"@context\":\"https:\/\/schema.org\",\"@graph\":[{\"@type\":\"WebPage\",\"@id\":\"https:\/\/uniest.it\/prodotto\/latte-detergente-idratante\/\",\"url\":\"https:\/\/uniest.it\/prodotto\/latte-detergente-idratante\/\",\"name\":\"Feuchtigkeitsspendende Reinigungsmilch - Uniest\",\"isPartOf\":{\"@id\":\"https:\/\/uniest.it\/#website\"},\"primaryImageOfPage\":{\"@id\":\"https:\/\/uniest.it\/prodotto\/latte-detergente-idratante\/#primaryimage\"},\"image\":{\"@id\":\"https:\/\/uniest.it\/prodotto\/latte-detergente-idratante\/#primaryimage\"},\"thumbnailUrl\":\"https:\/\/uniest.it\/wp-content\/uploads\/2020\/11\/001AAE.png\",\"datePublished\":\"2024-10-29T17:54:56+00:00\",\"dateModified\":\"2025-03-03T23:00:45+00:00\",\"breadcrumb\":{\"@id\":\"https:\/\/uniest.it\/prodotto\/latte-detergente-idratante\/#breadcrumb\"},\"inLanguage\":\"de\",\"potentialAction\":[{\"@type\":\"ReadAction\",\"target\":[\"https:\/\/uniest.it\/prodotto\/latte-detergente-idratante\/\"]}]},{\"@type\":\"ImageObject\",\"inLanguage\":\"de\",\"@id\":\"https:\/\/uniest.it\/prodotto\/latte-detergente-idratante\/#primaryimage\",\"url\":\"https:\/\/uniest.it\/wp-content\/uploads\/2020\/11\/001AAE.png\",\"contentUrl\":\"https:\/\/uniest.it\/wp-content\/uploads\/2020\/11\/001AAE.png\",\"width\":1283,\"height\":2001},{\"@type\":\"BreadcrumbList\",\"@id\":\"https:\/\/uniest.it\/prodotto\/latte-detergente-idratante\/#breadcrumb\",\"itemListElement\":[{\"@type\":\"ListItem\",\"position\":1,\"name\":\"Home\",\"item\":\"https:\/\/uniest.it\/de\/\"},{\"@type\":\"ListItem\",\"position\":2,\"name\":\"Shop\",\"item\":\"https:\/\/uniest.it\/shop\/\"},{\"@type\":\"ListItem\",\"position\":3,\"name\":\"Feuchtigkeitsspendende Reinigungsmilch\"}]},{\"@type\":\"WebSite\",\"@id\":\"https:\/\/uniest.it\/#website\",\"url\":\"https:\/\/uniest.it\/\",\"name\":\"Uniest\",\"description\":\"Cosmetici Naturali e Bio\",\"potentialAction\":[{\"@type\":\"SearchAction\",\"target\":{\"@type\":\"EntryPoint\",\"urlTemplate\":\"https:\/\/uniest.it\/?s={search_term_string}\"},\"query-input\":{\"@type\":\"PropertyValueSpecification\",\"valueRequired\":true,\"valueName\":\"search_term_string\"}}],\"inLanguage\":\"de\"}]}<\/script>\n<!-- \/ Yoast SEO plugin. -->","yoast_head_json":{"title":"Feuchtigkeitsspendende Reinigungsmilch - Uniest","robots":{"index":"index","follow":"follow","max-snippet":"max-snippet:-1","max-image-preview":"max-image-preview:large","max-video-preview":"max-video-preview:-1"},"canonical":"https:\/\/uniest.it\/prodotto\/latte-detergente-idratante\/","og_locale":"de_DE","og_type":"article","og_title":"Feuchtigkeitsspendende Reinigungsmilch - Uniest","og_description":"*Es ist m\u00f6glich, dass die Verpackung vom Foto abweicht. Reinigen Sie Ihr Gesicht mit Reinigungsmilch. Es ist die erste Geste, die Haut zu pflegen. Unverzichtbar, um es sofort sch\u00f6n und langfristig jung zu halten. Die sanfte, feuchtigkeitsspendende Kr\u00e4uter-Reinigungsmilch ist das ideale Fluid, um alle Unreinheiten, die sich im Laufe des Tages auf der Haut angesammelt [&hellip;]","og_url":"https:\/\/uniest.it\/prodotto\/latte-detergente-idratante\/","og_site_name":"Uniest","article_modified_time":"2025-03-03T23:00:45+00:00","og_image":[{"width":1283,"height":2001,"url":"https:\/\/uniest.it\/wp-content\/uploads\/2020\/11\/001AAE.png","type":"image\/png"}],"twitter_card":"summary_large_image","twitter_misc":{"Gesch\u00e4tzte Lesezeit":"1\u00a0Minute"},"schema":{"@context":"https:\/\/schema.org","@graph":[{"@type":"WebPage","@id":"https:\/\/uniest.it\/prodotto\/latte-detergente-idratante\/","url":"https:\/\/uniest.it\/prodotto\/latte-detergente-idratante\/","name":"Feuchtigkeitsspendende Reinigungsmilch - Uniest","isPartOf":{"@id":"https:\/\/uniest.it\/#website"},"primaryImageOfPage":{"@id":"https:\/\/uniest.it\/prodotto\/latte-detergente-idratante\/#primaryimage"},"image":{"@id":"https:\/\/uniest.it\/prodotto\/latte-detergente-idratante\/#primaryimage"},"thumbnailUrl":"https:\/\/uniest.it\/wp-content\/uploads\/2020\/11\/001AAE.png","datePublished":"2024-10-29T17:54:56+00:00","dateModified":"2025-03-03T23:00:45+00:00","breadcrumb":{"@id":"https:\/\/uniest.it\/prodotto\/latte-detergente-idratante\/#breadcrumb"},"inLanguage":"de","potentialAction":[{"@type":"ReadAction","target":["https:\/\/uniest.it\/prodotto\/latte-detergente-idratante\/"]}]},{"@type":"ImageObject","inLanguage":"de","@id":"https:\/\/uniest.it\/prodotto\/latte-detergente-idratante\/#primaryimage","url":"https:\/\/uniest.it\/wp-content\/uploads\/2020\/11\/001AAE.png","contentUrl":"https:\/\/uniest.it\/wp-content\/uploads\/2020\/11\/001AAE.png","width":1283,"height":2001},{"@type":"BreadcrumbList","@id":"https:\/\/uniest.it\/prodotto\/latte-detergente-idratante\/#breadcrumb","itemListElement":[{"@type":"ListItem","position":1,"name":"Home","item":"https:\/\/uniest.it\/de\/"},{"@type":"ListItem","position":2,"name":"Shop","item":"https:\/\/uniest.it\/shop\/"},{"@type":"ListItem","position":3,"name":"Feuchtigkeitsspendende Reinigungsmilch"}]},{"@type":"WebSite","@id":"https:\/\/uniest.it\/#website","url":"https:\/\/uniest.it\/","name":"Uniest","description":"Cosmetici Naturali e Bio","potentialAction":[{"@type":"SearchAction","target":{"@type":"EntryPoint","urlTemplate":"https:\/\/uniest.it\/?s={search_term_string}"},"query-input":{"@type":"PropertyValueSpecification","valueRequired":true,"valueName":"search_term_string"}}],"inLanguage":"de"}]}},"_links":{"self":[{"href":"https:\/\/uniest.it\/de\/wp-json\/wp\/v2\/product\/6705","targetHints":{"allow":["GET"]}}],"collection":[{"href":"https:\/\/uniest.it\/de\/wp-json\/wp\/v2\/product"}],"about":[{"href":"https:\/\/uniest.it\/de\/wp-json\/wp\/v2\/types\/product"}],"wp:featuredmedia":[{"embeddable":true,"href":"https:\/\/uniest.it\/de\/wp-json\/wp\/v2\/media\/6706"}],"wp:attachment":[{"href":"https:\/\/uniest.it\/de\/wp-json\/wp\/v2\/media?parent=6705"}],"wp:term":[{"taxonomy":"product_brand","embeddable":true,"href":"https:\/\/uniest.it\/de\/wp-json\/wp\/v2\/product_brand?post=6705"},{"taxonomy":"product_cat","embeddable":true,"href":"https:\/\/uniest.it\/de\/wp-json\/wp\/v2\/product_cat?post=6705"},{"taxonomy":"product_tag","embeddable":true,"href":"https:\/\/uniest.it\/de\/wp-json\/wp\/v2\/product_tag?post=6705"}],"curies":[{"name":"wp","href":"https:\/\/api.w.org\/{rel}","templated":true}]}}