{"id":6708,"date":"2024-10-29T18:54:56","date_gmt":"2024-10-29T17:54:56","guid":{"rendered":"https:\/\/uniest.it\/prodotto\/natuerliches-konzentriertes-mehrzweck-biowaschmittel-nachfuellpackung\/"},"modified":"2024-10-29T18:54:56","modified_gmt":"2024-10-29T17:54:56","slug":"natuerliches-konzentriertes-mehrzweck-biowaschmittel-nachfuellpackung","status":"publish","type":"product","link":"https:\/\/uniest.it\/de\/prodotto\/natuerliches-konzentriertes-mehrzweck-biowaschmittel-nachfuellpackung\/","title":{"rendered":"Nat\u00fcrliches, konzentriertes Mehrzweck-Biowaschmittel \u2013 Nachf\u00fcllpackung"},"content":{"rendered":"<p>Das konzentrierte Bio-Mehrzweckwaschmittel von Uniest wurde speziell und fachm\u00e4nnisch f\u00fcr die Verwendung auf verschiedenen Oberfl\u00e4chen entwickelt, ein einziges Produkt f\u00fcr vollst\u00e4ndige Hygiene. Das konzentrierte organische Mehrzweckwaschmittel von Uniest erf\u00fcllt alle Arten von Reinigungsanforderungen und reinigt gr\u00fcndlich abwaschbare Oberfl\u00e4chen, Stoffe und Geschirr, ohne Ihre H\u00e4nde zu reizen! Die spezielle nat\u00fcrliche Formulierung enth\u00e4lt BIO-ALOE- und CALENDULA-Extrakte mit feuchtigkeitsspendenden, beruhigenden und beruhigenden Eigenschaften und wurde mit nat\u00fcrlichem \u00e4therischem Zitronen\u00f6l, Weizenproteinen und nat\u00fcrlichem Rosskastanien-Gem\u00fcseextrakt mit bekannten beruhigenden, entfettenden Eigenschaften und nat\u00fcrlichen Antiseptika angereichert , aufhellend, sch\u00fctzend und feuchtigkeitsspendend, was es zu einem noch empfindlicheren Produkt macht. Es l\u00f6st Fett und selbst hartn\u00e4ckigsten Schmutz und reinigt effektiv und gr\u00fcndlich. Konzentriertes, umweltfreundliches Produkt, dank der hohen Menge an Wirkstoffen kann es in kleinen Dosen verwendet werden, um ein tolles und brillantes Ergebnis zu erzielen! Garantiert sauber f\u00fcr K\u00fcche, Bad, Fenster, B\u00f6den, W\u00e4sche, Geschirr, Stoffe und sogar Autos. F\u00fcr ein sauberes Zuhause mit vollem Respekt f\u00fcr die Umwelt und den Einzelnen. &nbsp;<\/p>\n","protected":false},"excerpt":{"rendered":"<p>Das konzentrierte Bio-Mehrzweckwaschmittel von Uniest wurde speziell und fachm\u00e4nnisch f\u00fcr die Verwendung auf verschiedenen Oberfl\u00e4chen entwickelt, ein einziges Produkt f\u00fcr vollst\u00e4ndige Hygiene. Das konzentrierte organische Mehrzweckwaschmittel von Uniest erf\u00fcllt alle Arten von Reinigungsanforderungen und reinigt gr\u00fcndlich abwaschbare Oberfl\u00e4chen, Stoffe und Geschirr, ohne Ihre H\u00e4nde zu reizen! Die spezielle nat\u00fcrliche Formulierung enth\u00e4lt BIO-ALOE- und CALENDULA-Extrakte mit [&hellip;]<\/p>\n","protected":false},"featured_media":6709,"template":"","meta":{"_acf_changed":false,"inline_featured_image":false},"product_brand":[],"product_cat":[1488],"product_tag":[],"class_list":{"0":"post-6708","1":"product","2":"type-product","3":"status-publish","4":"has-post-thumbnail","6":"product_beauty-aromatizzare-e-profumare","7":"product_beauty-detergere","8":"product_kind-trattamenti-speciali","9":"product_kind_pets-aromaterapia-e-profumi","10":"product_kind_pets-detergenti","11":"product_kind_pets-igienizzanti","12":"product_lines-casa-e-ambiente","13":"product_cat-casa-e-ambiente-de","14":"pa_size-1000-de","16":"first","17":"instock","18":"taxable","19":"shipping-taxable","20":"purchasable","21":"product-type-simple"},"acf":[],"yoast_head":"<!-- This site is optimized with the Yoast SEO plugin v24.6 - https:\/\/yoast.com\/wordpress\/plugins\/seo\/ -->\n<title>Nat\u00fcrliches, konzentriertes Mehrzweck-Biowaschmittel \u2013 Nachf\u00fcllpackung - Uniest<\/title>\n<meta name=\"robots\" content=\"index, follow, max-snippet:-1, max-image-preview:large, max-video-preview:-1\" \/>\n<link rel=\"canonical\" href=\"https:\/\/uniest.it\/prodotto\/natuerliches-konzentriertes-mehrzweck-biowaschmittel-nachfuellpackung\/\" \/>\n<meta property=\"og:locale\" content=\"de_DE\" \/>\n<meta property=\"og:type\" content=\"article\" \/>\n<meta property=\"og:title\" content=\"Nat\u00fcrliches, konzentriertes Mehrzweck-Biowaschmittel \u2013 Nachf\u00fcllpackung - Uniest\" \/>\n<meta property=\"og:description\" content=\"Das konzentrierte Bio-Mehrzweckwaschmittel von Uniest wurde speziell und fachm\u00e4nnisch f\u00fcr die Verwendung auf verschiedenen Oberfl\u00e4chen entwickelt, ein einziges Produkt f\u00fcr vollst\u00e4ndige Hygiene. Das konzentrierte organische Mehrzweckwaschmittel von Uniest erf\u00fcllt alle Arten von Reinigungsanforderungen und reinigt gr\u00fcndlich abwaschbare Oberfl\u00e4chen, Stoffe und Geschirr, ohne Ihre H\u00e4nde zu reizen! Die spezielle nat\u00fcrliche Formulierung enth\u00e4lt BIO-ALOE- und CALENDULA-Extrakte mit [&hellip;]\" \/>\n<meta property=\"og:url\" content=\"https:\/\/uniest.it\/prodotto\/natuerliches-konzentriertes-mehrzweck-biowaschmittel-nachfuellpackung\/\" \/>\n<meta property=\"og:site_name\" content=\"Uniest\" \/>\n<meta name=\"twitter:card\" content=\"summary_large_image\" \/>\n<meta name=\"twitter:label1\" content=\"Gesch\u00e4tzte Lesezeit\" \/>\n\t<meta name=\"twitter:data1\" content=\"1\u00a0Minute\" \/>\n<script type=\"application\/ld+json\" class=\"yoast-schema-graph\">{\"@context\":\"https:\/\/schema.org\",\"@graph\":[{\"@type\":\"WebPage\",\"@id\":\"https:\/\/uniest.it\/prodotto\/natuerliches-konzentriertes-mehrzweck-biowaschmittel-nachfuellpackung\/\",\"url\":\"https:\/\/uniest.it\/prodotto\/natuerliches-konzentriertes-mehrzweck-biowaschmittel-nachfuellpackung\/\",\"name\":\"Nat\u00fcrliches, konzentriertes Mehrzweck-Biowaschmittel \u2013 Nachf\u00fcllpackung - Uniest\",\"isPartOf\":{\"@id\":\"https:\/\/uniest.it\/#website\"},\"primaryImageOfPage\":{\"@id\":\"https:\/\/uniest.it\/prodotto\/natuerliches-konzentriertes-mehrzweck-biowaschmittel-nachfuellpackung\/#primaryimage\"},\"image\":{\"@id\":\"https:\/\/uniest.it\/prodotto\/natuerliches-konzentriertes-mehrzweck-biowaschmittel-nachfuellpackung\/#primaryimage\"},\"thumbnailUrl\":\"https:\/\/uniest.it\/wp-content\/uploads\/2020\/12\/001AAZ.png\",\"datePublished\":\"2024-10-29T17:54:56+00:00\",\"breadcrumb\":{\"@id\":\"https:\/\/uniest.it\/prodotto\/natuerliches-konzentriertes-mehrzweck-biowaschmittel-nachfuellpackung\/#breadcrumb\"},\"inLanguage\":\"de\",\"potentialAction\":[{\"@type\":\"ReadAction\",\"target\":[\"https:\/\/uniest.it\/prodotto\/natuerliches-konzentriertes-mehrzweck-biowaschmittel-nachfuellpackung\/\"]}]},{\"@type\":\"ImageObject\",\"inLanguage\":\"de\",\"@id\":\"https:\/\/uniest.it\/prodotto\/natuerliches-konzentriertes-mehrzweck-biowaschmittel-nachfuellpackung\/#primaryimage\",\"url\":\"https:\/\/uniest.it\/wp-content\/uploads\/2020\/12\/001AAZ.png\",\"contentUrl\":\"https:\/\/uniest.it\/wp-content\/uploads\/2020\/12\/001AAZ.png\",\"width\":1283,\"height\":2000},{\"@type\":\"BreadcrumbList\",\"@id\":\"https:\/\/uniest.it\/prodotto\/natuerliches-konzentriertes-mehrzweck-biowaschmittel-nachfuellpackung\/#breadcrumb\",\"itemListElement\":[{\"@type\":\"ListItem\",\"position\":1,\"name\":\"Home\",\"item\":\"https:\/\/uniest.it\/de\/\"},{\"@type\":\"ListItem\",\"position\":2,\"name\":\"Shop\",\"item\":\"https:\/\/uniest.it\/shop\/\"},{\"@type\":\"ListItem\",\"position\":3,\"name\":\"Nat\u00fcrliches, konzentriertes Mehrzweck-Biowaschmittel \u2013 Nachf\u00fcllpackung\"}]},{\"@type\":\"WebSite\",\"@id\":\"https:\/\/uniest.it\/#website\",\"url\":\"https:\/\/uniest.it\/\",\"name\":\"Uniest\",\"description\":\"Cosmetici Naturali e Bio\",\"potentialAction\":[{\"@type\":\"SearchAction\",\"target\":{\"@type\":\"EntryPoint\",\"urlTemplate\":\"https:\/\/uniest.it\/?s={search_term_string}\"},\"query-input\":{\"@type\":\"PropertyValueSpecification\",\"valueRequired\":true,\"valueName\":\"search_term_string\"}}],\"inLanguage\":\"de\"}]}<\/script>\n<!-- \/ Yoast SEO plugin. -->","yoast_head_json":{"title":"Nat\u00fcrliches, konzentriertes Mehrzweck-Biowaschmittel \u2013 Nachf\u00fcllpackung - Uniest","robots":{"index":"index","follow":"follow","max-snippet":"max-snippet:-1","max-image-preview":"max-image-preview:large","max-video-preview":"max-video-preview:-1"},"canonical":"https:\/\/uniest.it\/prodotto\/natuerliches-konzentriertes-mehrzweck-biowaschmittel-nachfuellpackung\/","og_locale":"de_DE","og_type":"article","og_title":"Nat\u00fcrliches, konzentriertes Mehrzweck-Biowaschmittel \u2013 Nachf\u00fcllpackung - Uniest","og_description":"Das konzentrierte Bio-Mehrzweckwaschmittel von Uniest wurde speziell und fachm\u00e4nnisch f\u00fcr die Verwendung auf verschiedenen Oberfl\u00e4chen entwickelt, ein einziges Produkt f\u00fcr vollst\u00e4ndige Hygiene. Das konzentrierte organische Mehrzweckwaschmittel von Uniest erf\u00fcllt alle Arten von Reinigungsanforderungen und reinigt gr\u00fcndlich abwaschbare Oberfl\u00e4chen, Stoffe und Geschirr, ohne Ihre H\u00e4nde zu reizen! Die spezielle nat\u00fcrliche Formulierung enth\u00e4lt BIO-ALOE- und CALENDULA-Extrakte mit [&hellip;]","og_url":"https:\/\/uniest.it\/prodotto\/natuerliches-konzentriertes-mehrzweck-biowaschmittel-nachfuellpackung\/","og_site_name":"Uniest","twitter_card":"summary_large_image","twitter_misc":{"Gesch\u00e4tzte Lesezeit":"1\u00a0Minute"},"schema":{"@context":"https:\/\/schema.org","@graph":[{"@type":"WebPage","@id":"https:\/\/uniest.it\/prodotto\/natuerliches-konzentriertes-mehrzweck-biowaschmittel-nachfuellpackung\/","url":"https:\/\/uniest.it\/prodotto\/natuerliches-konzentriertes-mehrzweck-biowaschmittel-nachfuellpackung\/","name":"Nat\u00fcrliches, konzentriertes Mehrzweck-Biowaschmittel \u2013 Nachf\u00fcllpackung - Uniest","isPartOf":{"@id":"https:\/\/uniest.it\/#website"},"primaryImageOfPage":{"@id":"https:\/\/uniest.it\/prodotto\/natuerliches-konzentriertes-mehrzweck-biowaschmittel-nachfuellpackung\/#primaryimage"},"image":{"@id":"https:\/\/uniest.it\/prodotto\/natuerliches-konzentriertes-mehrzweck-biowaschmittel-nachfuellpackung\/#primaryimage"},"thumbnailUrl":"https:\/\/uniest.it\/wp-content\/uploads\/2020\/12\/001AAZ.png","datePublished":"2024-10-29T17:54:56+00:00","breadcrumb":{"@id":"https:\/\/uniest.it\/prodotto\/natuerliches-konzentriertes-mehrzweck-biowaschmittel-nachfuellpackung\/#breadcrumb"},"inLanguage":"de","potentialAction":[{"@type":"ReadAction","target":["https:\/\/uniest.it\/prodotto\/natuerliches-konzentriertes-mehrzweck-biowaschmittel-nachfuellpackung\/"]}]},{"@type":"ImageObject","inLanguage":"de","@id":"https:\/\/uniest.it\/prodotto\/natuerliches-konzentriertes-mehrzweck-biowaschmittel-nachfuellpackung\/#primaryimage","url":"https:\/\/uniest.it\/wp-content\/uploads\/2020\/12\/001AAZ.png","contentUrl":"https:\/\/uniest.it\/wp-content\/uploads\/2020\/12\/001AAZ.png","width":1283,"height":2000},{"@type":"BreadcrumbList","@id":"https:\/\/uniest.it\/prodotto\/natuerliches-konzentriertes-mehrzweck-biowaschmittel-nachfuellpackung\/#breadcrumb","itemListElement":[{"@type":"ListItem","position":1,"name":"Home","item":"https:\/\/uniest.it\/de\/"},{"@type":"ListItem","position":2,"name":"Shop","item":"https:\/\/uniest.it\/shop\/"},{"@type":"ListItem","position":3,"name":"Nat\u00fcrliches, konzentriertes Mehrzweck-Biowaschmittel \u2013 Nachf\u00fcllpackung"}]},{"@type":"WebSite","@id":"https:\/\/uniest.it\/#website","url":"https:\/\/uniest.it\/","name":"Uniest","description":"Cosmetici Naturali e Bio","potentialAction":[{"@type":"SearchAction","target":{"@type":"EntryPoint","urlTemplate":"https:\/\/uniest.it\/?s={search_term_string}"},"query-input":{"@type":"PropertyValueSpecification","valueRequired":true,"valueName":"search_term_string"}}],"inLanguage":"de"}]}},"_links":{"self":[{"href":"https:\/\/uniest.it\/de\/wp-json\/wp\/v2\/product\/6708","targetHints":{"allow":["GET"]}}],"collection":[{"href":"https:\/\/uniest.it\/de\/wp-json\/wp\/v2\/product"}],"about":[{"href":"https:\/\/uniest.it\/de\/wp-json\/wp\/v2\/types\/product"}],"wp:featuredmedia":[{"embeddable":true,"href":"https:\/\/uniest.it\/de\/wp-json\/wp\/v2\/media\/6709"}],"wp:attachment":[{"href":"https:\/\/uniest.it\/de\/wp-json\/wp\/v2\/media?parent=6708"}],"wp:term":[{"taxonomy":"product_brand","embeddable":true,"href":"https:\/\/uniest.it\/de\/wp-json\/wp\/v2\/product_brand?post=6708"},{"taxonomy":"product_cat","embeddable":true,"href":"https:\/\/uniest.it\/de\/wp-json\/wp\/v2\/product_cat?post=6708"},{"taxonomy":"product_tag","embeddable":true,"href":"https:\/\/uniest.it\/de\/wp-json\/wp\/v2\/product_tag?post=6708"}],"curies":[{"name":"wp","href":"https:\/\/api.w.org\/{rel}","templated":true}]}}