{"id":6711,"date":"2021-02-04T12:55:55","date_gmt":"2024-10-29T17:54:57","guid":{"rendered":"https:\/\/uniest.it\/prodotto\/olive-dop-shampoo-dusche\/"},"modified":"2024-10-29T18:54:57","modified_gmt":"2024-10-29T17:54:57","slug":"olive-dop-shampoo-dusche","status":"publish","type":"product","link":"https:\/\/uniest.it\/de\/prodotto\/olive-dop-shampoo-dusche\/","title":{"rendered":"Olive DOP Shampoo &amp; Dusche"},"content":{"rendered":"<p>Extrem sanftes Duschshampoo mit den besten nat\u00fcrlichen Tensiden. Extra natives Oliven\u00f6l, angereichert mit Melisse und Ringelblume, reinigt und respektiert gleichzeitig den pH-Wert der Haut, sodass das Haar weich und gut gereinigt bleibt. Natives Oliven\u00f6l Extra gilt als echtes \u201eNutrazeutikum\u201c, reich an Vitaminen A, E, F, B, Lecithin, Mineralsalzen und Enzymen Sie wirken auf unsere Haut und gelten als starker Verb\u00fcndeter der Sch\u00f6nheit. Das DOP-Oliven\u00f6l Extra Vergine und der DOC-Wein stammen beide vom Gardasee und haben anerkannte blutdrucksenkende, antioxidative, aufhellende, Anti-Aging- und sch\u00fctzende Eigenschaften.<\/p>\n","protected":false},"excerpt":{"rendered":"<p>Extrem sanftes Duschshampoo mit den besten nat\u00fcrlichen Tensiden. Extra natives Oliven\u00f6l, angereichert mit Melisse und Ringelblume, reinigt und respektiert gleichzeitig den pH-Wert der Haut, sodass das Haar weich und gut gereinigt bleibt. Natives Oliven\u00f6l Extra gilt als echtes \u201eNutrazeutikum\u201c, reich an Vitaminen A, E, F, B, Lecithin, Mineralsalzen und Enzymen Sie wirken auf unsere Haut [&hellip;]<\/p>\n","protected":false},"featured_media":6712,"template":"","meta":{"_acf_changed":false,"inline_featured_image":false},"product_brand":[],"product_cat":[1492,1487,1489],"product_tag":[],"class_list":{"0":"post-6711","1":"product","2":"type-product","3":"status-publish","4":"has-post-thumbnail","6":"product_beauty-detergere","7":"product_beauty-idratare","8":"product_beauty-nutrire-e-rigenerare","9":"product_skin-tutte-le-pelli","10":"product_skin-tutti-i-capelli","11":"product_kind-bagno","12":"product_kind-doccia","13":"product_kind-shampoo-e-detergenza","14":"product_lines-garda-lake-beauty","15":"product_cat-garda-lake-beauty-de","16":"product_cat-capelli-de","17":"product_cat-corpo-de","18":"pa_size-200-de","20":"first","21":"instock","22":"taxable","23":"shipping-taxable","24":"purchasable","25":"product-type-simple"},"acf":[],"yoast_head":"<!-- This site is optimized with the Yoast SEO plugin v24.6 - https:\/\/yoast.com\/wordpress\/plugins\/seo\/ -->\n<title>Olive DOP Shampoo &amp; Dusche - Uniest<\/title>\n<meta name=\"description\" content=\"Delicatissimo shampoo doccia formulato con i migliori tensioattivi naturali al profumo di Olivo.\u00a0\" \/>\n<meta name=\"robots\" content=\"index, follow, max-snippet:-1, max-image-preview:large, max-video-preview:-1\" \/>\n<link rel=\"canonical\" href=\"https:\/\/uniest.it\/prodotto\/shampoo-doccia-olivo-dop\/\" \/>\n<meta property=\"og:locale\" content=\"de_DE\" \/>\n<meta property=\"og:type\" content=\"article\" \/>\n<meta property=\"og:title\" content=\"Olive DOP Shampoo &amp; Dusche - Uniest\" \/>\n<meta property=\"og:description\" content=\"Delicatissimo shampoo doccia formulato con i migliori tensioattivi naturali al profumo di Olivo.\u00a0\" \/>\n<meta property=\"og:url\" content=\"https:\/\/uniest.it\/prodotto\/shampoo-doccia-olivo-dop\/\" \/>\n<meta property=\"og:site_name\" content=\"Uniest\" \/>\n<meta property=\"og:image\" content=\"https:\/\/uniest.it\/wp-content\/uploads\/2020\/11\/001LGB.png\" \/>\n\t<meta property=\"og:image:width\" content=\"1283\" \/>\n\t<meta property=\"og:image:height\" content=\"2000\" \/>\n\t<meta property=\"og:image:type\" content=\"image\/png\" \/>\n<meta name=\"twitter:card\" content=\"summary_large_image\" \/>\n<script type=\"application\/ld+json\" class=\"yoast-schema-graph\">{\"@context\":\"https:\/\/schema.org\",\"@graph\":[{\"@type\":\"WebPage\",\"@id\":\"https:\/\/uniest.it\/prodotto\/shampoo-doccia-olivo-dop\/\",\"url\":\"https:\/\/uniest.it\/prodotto\/shampoo-doccia-olivo-dop\/\",\"name\":\"Olive DOP Shampoo &amp; Dusche - Uniest\",\"isPartOf\":{\"@id\":\"https:\/\/uniest.it\/#website\"},\"primaryImageOfPage\":{\"@id\":\"https:\/\/uniest.it\/prodotto\/shampoo-doccia-olivo-dop\/#primaryimage\"},\"image\":{\"@id\":\"https:\/\/uniest.it\/prodotto\/shampoo-doccia-olivo-dop\/#primaryimage\"},\"thumbnailUrl\":\"https:\/\/uniest.it\/wp-content\/uploads\/2020\/11\/001LGB.png\",\"datePublished\":\"2024-10-29T17:54:57+00:00\",\"description\":\"Delicatissimo shampoo doccia formulato con i migliori tensioattivi naturali al profumo di Olivo.\u00a0\",\"breadcrumb\":{\"@id\":\"https:\/\/uniest.it\/prodotto\/shampoo-doccia-olivo-dop\/#breadcrumb\"},\"inLanguage\":\"de\",\"potentialAction\":[{\"@type\":\"ReadAction\",\"target\":[\"https:\/\/uniest.it\/prodotto\/shampoo-doccia-olivo-dop\/\"]}]},{\"@type\":\"ImageObject\",\"inLanguage\":\"de\",\"@id\":\"https:\/\/uniest.it\/prodotto\/shampoo-doccia-olivo-dop\/#primaryimage\",\"url\":\"https:\/\/uniest.it\/wp-content\/uploads\/2020\/11\/001LGB.png\",\"contentUrl\":\"https:\/\/uniest.it\/wp-content\/uploads\/2020\/11\/001LGB.png\",\"width\":1283,\"height\":2000},{\"@type\":\"BreadcrumbList\",\"@id\":\"https:\/\/uniest.it\/prodotto\/shampoo-doccia-olivo-dop\/#breadcrumb\",\"itemListElement\":[{\"@type\":\"ListItem\",\"position\":1,\"name\":\"Home\",\"item\":\"https:\/\/uniest.it\/de\/\"},{\"@type\":\"ListItem\",\"position\":2,\"name\":\"Shop\",\"item\":\"https:\/\/uniest.it\/shop\/\"},{\"@type\":\"ListItem\",\"position\":3,\"name\":\"Olive DOP Shampoo &amp; Dusche\"}]},{\"@type\":\"WebSite\",\"@id\":\"https:\/\/uniest.it\/#website\",\"url\":\"https:\/\/uniest.it\/\",\"name\":\"Uniest\",\"description\":\"Cosmetici Naturali e Bio\",\"potentialAction\":[{\"@type\":\"SearchAction\",\"target\":{\"@type\":\"EntryPoint\",\"urlTemplate\":\"https:\/\/uniest.it\/?s={search_term_string}\"},\"query-input\":{\"@type\":\"PropertyValueSpecification\",\"valueRequired\":true,\"valueName\":\"search_term_string\"}}],\"inLanguage\":\"de\"}]}<\/script>\n<!-- \/ Yoast SEO plugin. -->","yoast_head_json":{"title":"Olive DOP Shampoo &amp; Dusche - Uniest","description":"Delicatissimo shampoo doccia formulato con i migliori tensioattivi naturali al profumo di Olivo.\u00a0","robots":{"index":"index","follow":"follow","max-snippet":"max-snippet:-1","max-image-preview":"max-image-preview:large","max-video-preview":"max-video-preview:-1"},"canonical":"https:\/\/uniest.it\/prodotto\/shampoo-doccia-olivo-dop\/","og_locale":"de_DE","og_type":"article","og_title":"Olive DOP Shampoo &amp; Dusche - Uniest","og_description":"Delicatissimo shampoo doccia formulato con i migliori tensioattivi naturali al profumo di Olivo.\u00a0","og_url":"https:\/\/uniest.it\/prodotto\/shampoo-doccia-olivo-dop\/","og_site_name":"Uniest","og_image":[{"width":1283,"height":2000,"url":"https:\/\/uniest.it\/wp-content\/uploads\/2020\/11\/001LGB.png","type":"image\/png"}],"twitter_card":"summary_large_image","schema":{"@context":"https:\/\/schema.org","@graph":[{"@type":"WebPage","@id":"https:\/\/uniest.it\/prodotto\/shampoo-doccia-olivo-dop\/","url":"https:\/\/uniest.it\/prodotto\/shampoo-doccia-olivo-dop\/","name":"Olive DOP Shampoo &amp; Dusche - Uniest","isPartOf":{"@id":"https:\/\/uniest.it\/#website"},"primaryImageOfPage":{"@id":"https:\/\/uniest.it\/prodotto\/shampoo-doccia-olivo-dop\/#primaryimage"},"image":{"@id":"https:\/\/uniest.it\/prodotto\/shampoo-doccia-olivo-dop\/#primaryimage"},"thumbnailUrl":"https:\/\/uniest.it\/wp-content\/uploads\/2020\/11\/001LGB.png","datePublished":"2024-10-29T17:54:57+00:00","description":"Delicatissimo shampoo doccia formulato con i migliori tensioattivi naturali al profumo di Olivo.\u00a0","breadcrumb":{"@id":"https:\/\/uniest.it\/prodotto\/shampoo-doccia-olivo-dop\/#breadcrumb"},"inLanguage":"de","potentialAction":[{"@type":"ReadAction","target":["https:\/\/uniest.it\/prodotto\/shampoo-doccia-olivo-dop\/"]}]},{"@type":"ImageObject","inLanguage":"de","@id":"https:\/\/uniest.it\/prodotto\/shampoo-doccia-olivo-dop\/#primaryimage","url":"https:\/\/uniest.it\/wp-content\/uploads\/2020\/11\/001LGB.png","contentUrl":"https:\/\/uniest.it\/wp-content\/uploads\/2020\/11\/001LGB.png","width":1283,"height":2000},{"@type":"BreadcrumbList","@id":"https:\/\/uniest.it\/prodotto\/shampoo-doccia-olivo-dop\/#breadcrumb","itemListElement":[{"@type":"ListItem","position":1,"name":"Home","item":"https:\/\/uniest.it\/de\/"},{"@type":"ListItem","position":2,"name":"Shop","item":"https:\/\/uniest.it\/shop\/"},{"@type":"ListItem","position":3,"name":"Olive DOP Shampoo &amp; Dusche"}]},{"@type":"WebSite","@id":"https:\/\/uniest.it\/#website","url":"https:\/\/uniest.it\/","name":"Uniest","description":"Cosmetici Naturali e Bio","potentialAction":[{"@type":"SearchAction","target":{"@type":"EntryPoint","urlTemplate":"https:\/\/uniest.it\/?s={search_term_string}"},"query-input":{"@type":"PropertyValueSpecification","valueRequired":true,"valueName":"search_term_string"}}],"inLanguage":"de"}]}},"_links":{"self":[{"href":"https:\/\/uniest.it\/de\/wp-json\/wp\/v2\/product\/6711","targetHints":{"allow":["GET"]}}],"collection":[{"href":"https:\/\/uniest.it\/de\/wp-json\/wp\/v2\/product"}],"about":[{"href":"https:\/\/uniest.it\/de\/wp-json\/wp\/v2\/types\/product"}],"wp:featuredmedia":[{"embeddable":true,"href":"https:\/\/uniest.it\/de\/wp-json\/wp\/v2\/media\/6712"}],"wp:attachment":[{"href":"https:\/\/uniest.it\/de\/wp-json\/wp\/v2\/media?parent=6711"}],"wp:term":[{"taxonomy":"product_brand","embeddable":true,"href":"https:\/\/uniest.it\/de\/wp-json\/wp\/v2\/product_brand?post=6711"},{"taxonomy":"product_cat","embeddable":true,"href":"https:\/\/uniest.it\/de\/wp-json\/wp\/v2\/product_cat?post=6711"},{"taxonomy":"product_tag","embeddable":true,"href":"https:\/\/uniest.it\/de\/wp-json\/wp\/v2\/product_tag?post=6711"}],"curies":[{"name":"wp","href":"https:\/\/api.w.org\/{rel}","templated":true}]}}