{"id":6729,"date":"2024-10-29T18:54:59","date_gmt":"2024-10-29T17:54:59","guid":{"rendered":"https:\/\/uniest.it\/prodotto\/kurkuma\/"},"modified":"2024-10-29T18:54:59","modified_gmt":"2024-10-29T17:54:59","slug":"kurkuma","status":"publish","type":"product","link":"https:\/\/uniest.it\/de\/prodotto\/kurkuma\/","title":{"rendered":"Kurkuma"},"content":{"rendered":"<p>La curcuma \u00e8 una pianta erbacea dal colore giallo-ocra originaria dell&#8217;India. La curcuma detta anche zafferano delle Indie \u00e8 una pianta caratterizzata da lunghe foglie di forma ovale che accolgono dei particolari fiori raccolti in spighe.<\/p>\n<p>Le attivit\u00e0 riconosciute alla curcuma sono antinfiammatorie, epatoprotettive, coleretiche, colagoghe, carminative, ipolipemizzanti (diminuisce i livelli di lipidi nel sangue, come il colesterolo), antitrombotiche, immunostimolanti, antiossidanti, antimicrobiche.<br \/>\nLa curcuma \u00e8 indicata in caso di dispepsia gastrica e da calcolosi biliare, epatopatie croniche, meteorismo, malattie da raffreddamento, ipercolesterolemia, malattie reumatiche croniche, artrosi e artrite.<br \/>\nLa curcuma ha delle eccezionali qualit\u00e0 antiossidanti, perch\u00e9 in grado di trasformare i radicali liberi in sostanze innocue per il nostro organismo. Di conseguenza, \u00e8 in grado di rallentare l&#8217;invecchiamento cellulare.<\/p>\n","protected":false},"excerpt":{"rendered":"<p>La curcuma \u00e8 una pianta erbacea dal colore giallo-ocra originaria dell&#8217;India. La curcuma detta anche zafferano delle Indie \u00e8 una pianta caratterizzata da lunghe foglie di forma ovale che accolgono dei particolari fiori raccolti in spighe. Le attivit\u00e0 riconosciute alla curcuma sono antinfiammatorie, epatoprotettive, coleretiche, colagoghe, carminative, ipolipemizzanti (diminuisce i livelli di lipidi nel sangue, [&hellip;]<\/p>\n","protected":false},"featured_media":6730,"template":"","meta":{"_acf_changed":false,"inline_featured_image":false},"product_brand":[],"product_cat":[1486],"product_tag":[],"class_list":{"0":"post-6729","1":"product","2":"type-product","3":"status-publish","4":"has-post-thumbnail","6":"product_beauty-antinfiammatoria","7":"product_beauty-antiossidante","8":"product_beauty-circolazione","9":"product_beauty-epatoprotettore","10":"product_beauty-insufficienza-venosa","11":"product_beauty-lenitivo","12":"product_beauty-vie-respiratorie","13":"product_kind-integrazione-alimentare","14":"product_lines-benessere","15":"product_cat-benessere-de","16":"pa_size-60-cps-de","18":"first","19":"outofstock","20":"taxable","21":"shipping-taxable","22":"purchasable","23":"product-type-simple"},"acf":[],"yoast_head":"<!-- This site is optimized with the Yoast SEO plugin v24.6 - https:\/\/yoast.com\/wordpress\/plugins\/seo\/ -->\n<title>Kurkuma - Uniest<\/title>\n<meta name=\"robots\" content=\"index, follow, max-snippet:-1, max-image-preview:large, max-video-preview:-1\" \/>\n<link rel=\"canonical\" href=\"https:\/\/uniest.it\/prodotto\/kurkuma\/\" \/>\n<meta property=\"og:locale\" content=\"de_DE\" \/>\n<meta property=\"og:type\" content=\"article\" \/>\n<meta property=\"og:title\" content=\"Kurkuma - Uniest\" \/>\n<meta property=\"og:description\" content=\"La curcuma \u00e8 una pianta erbacea dal colore giallo-ocra originaria dell&#8217;India. La curcuma detta anche zafferano delle Indie \u00e8 una pianta caratterizzata da lunghe foglie di forma ovale che accolgono dei particolari fiori raccolti in spighe. Le attivit\u00e0 riconosciute alla curcuma sono antinfiammatorie, epatoprotettive, coleretiche, colagoghe, carminative, ipolipemizzanti (diminuisce i livelli di lipidi nel sangue, [&hellip;]\" \/>\n<meta property=\"og:url\" content=\"https:\/\/uniest.it\/prodotto\/kurkuma\/\" \/>\n<meta property=\"og:site_name\" content=\"Uniest\" \/>\n<meta name=\"twitter:card\" content=\"summary_large_image\" \/>\n<meta name=\"twitter:label1\" content=\"Gesch\u00e4tzte Lesezeit\" \/>\n\t<meta name=\"twitter:data1\" content=\"1\u00a0Minute\" \/>\n<script type=\"application\/ld+json\" class=\"yoast-schema-graph\">{\"@context\":\"https:\/\/schema.org\",\"@graph\":[{\"@type\":\"WebPage\",\"@id\":\"https:\/\/uniest.it\/prodotto\/kurkuma\/\",\"url\":\"https:\/\/uniest.it\/prodotto\/kurkuma\/\",\"name\":\"Kurkuma - Uniest\",\"isPartOf\":{\"@id\":\"https:\/\/uniest.it\/#website\"},\"primaryImageOfPage\":{\"@id\":\"https:\/\/uniest.it\/prodotto\/kurkuma\/#primaryimage\"},\"image\":{\"@id\":\"https:\/\/uniest.it\/prodotto\/kurkuma\/#primaryimage\"},\"thumbnailUrl\":\"https:\/\/uniest.it\/wp-content\/uploads\/2020\/12\/002FITO-CAP.png\",\"datePublished\":\"2024-10-29T17:54:59+00:00\",\"breadcrumb\":{\"@id\":\"https:\/\/uniest.it\/prodotto\/kurkuma\/#breadcrumb\"},\"inLanguage\":\"de\",\"potentialAction\":[{\"@type\":\"ReadAction\",\"target\":[\"https:\/\/uniest.it\/prodotto\/kurkuma\/\"]}]},{\"@type\":\"ImageObject\",\"inLanguage\":\"de\",\"@id\":\"https:\/\/uniest.it\/prodotto\/kurkuma\/#primaryimage\",\"url\":\"https:\/\/uniest.it\/wp-content\/uploads\/2020\/12\/002FITO-CAP.png\",\"contentUrl\":\"https:\/\/uniest.it\/wp-content\/uploads\/2020\/12\/002FITO-CAP.png\",\"width\":1283,\"height\":2000},{\"@type\":\"BreadcrumbList\",\"@id\":\"https:\/\/uniest.it\/prodotto\/kurkuma\/#breadcrumb\",\"itemListElement\":[{\"@type\":\"ListItem\",\"position\":1,\"name\":\"Home\",\"item\":\"https:\/\/uniest.it\/de\/\"},{\"@type\":\"ListItem\",\"position\":2,\"name\":\"Shop\",\"item\":\"https:\/\/uniest.it\/shop\/\"},{\"@type\":\"ListItem\",\"position\":3,\"name\":\"Kurkuma\"}]},{\"@type\":\"WebSite\",\"@id\":\"https:\/\/uniest.it\/#website\",\"url\":\"https:\/\/uniest.it\/\",\"name\":\"Uniest\",\"description\":\"Cosmetici Naturali e Bio\",\"potentialAction\":[{\"@type\":\"SearchAction\",\"target\":{\"@type\":\"EntryPoint\",\"urlTemplate\":\"https:\/\/uniest.it\/?s={search_term_string}\"},\"query-input\":{\"@type\":\"PropertyValueSpecification\",\"valueRequired\":true,\"valueName\":\"search_term_string\"}}],\"inLanguage\":\"de\"}]}<\/script>\n<!-- \/ Yoast SEO plugin. -->","yoast_head_json":{"title":"Kurkuma - Uniest","robots":{"index":"index","follow":"follow","max-snippet":"max-snippet:-1","max-image-preview":"max-image-preview:large","max-video-preview":"max-video-preview:-1"},"canonical":"https:\/\/uniest.it\/prodotto\/kurkuma\/","og_locale":"de_DE","og_type":"article","og_title":"Kurkuma - Uniest","og_description":"La curcuma \u00e8 una pianta erbacea dal colore giallo-ocra originaria dell&#8217;India. La curcuma detta anche zafferano delle Indie \u00e8 una pianta caratterizzata da lunghe foglie di forma ovale che accolgono dei particolari fiori raccolti in spighe. Le attivit\u00e0 riconosciute alla curcuma sono antinfiammatorie, epatoprotettive, coleretiche, colagoghe, carminative, ipolipemizzanti (diminuisce i livelli di lipidi nel sangue, [&hellip;]","og_url":"https:\/\/uniest.it\/prodotto\/kurkuma\/","og_site_name":"Uniest","twitter_card":"summary_large_image","twitter_misc":{"Gesch\u00e4tzte Lesezeit":"1\u00a0Minute"},"schema":{"@context":"https:\/\/schema.org","@graph":[{"@type":"WebPage","@id":"https:\/\/uniest.it\/prodotto\/kurkuma\/","url":"https:\/\/uniest.it\/prodotto\/kurkuma\/","name":"Kurkuma - Uniest","isPartOf":{"@id":"https:\/\/uniest.it\/#website"},"primaryImageOfPage":{"@id":"https:\/\/uniest.it\/prodotto\/kurkuma\/#primaryimage"},"image":{"@id":"https:\/\/uniest.it\/prodotto\/kurkuma\/#primaryimage"},"thumbnailUrl":"https:\/\/uniest.it\/wp-content\/uploads\/2020\/12\/002FITO-CAP.png","datePublished":"2024-10-29T17:54:59+00:00","breadcrumb":{"@id":"https:\/\/uniest.it\/prodotto\/kurkuma\/#breadcrumb"},"inLanguage":"de","potentialAction":[{"@type":"ReadAction","target":["https:\/\/uniest.it\/prodotto\/kurkuma\/"]}]},{"@type":"ImageObject","inLanguage":"de","@id":"https:\/\/uniest.it\/prodotto\/kurkuma\/#primaryimage","url":"https:\/\/uniest.it\/wp-content\/uploads\/2020\/12\/002FITO-CAP.png","contentUrl":"https:\/\/uniest.it\/wp-content\/uploads\/2020\/12\/002FITO-CAP.png","width":1283,"height":2000},{"@type":"BreadcrumbList","@id":"https:\/\/uniest.it\/prodotto\/kurkuma\/#breadcrumb","itemListElement":[{"@type":"ListItem","position":1,"name":"Home","item":"https:\/\/uniest.it\/de\/"},{"@type":"ListItem","position":2,"name":"Shop","item":"https:\/\/uniest.it\/shop\/"},{"@type":"ListItem","position":3,"name":"Kurkuma"}]},{"@type":"WebSite","@id":"https:\/\/uniest.it\/#website","url":"https:\/\/uniest.it\/","name":"Uniest","description":"Cosmetici Naturali e Bio","potentialAction":[{"@type":"SearchAction","target":{"@type":"EntryPoint","urlTemplate":"https:\/\/uniest.it\/?s={search_term_string}"},"query-input":{"@type":"PropertyValueSpecification","valueRequired":true,"valueName":"search_term_string"}}],"inLanguage":"de"}]}},"_links":{"self":[{"href":"https:\/\/uniest.it\/de\/wp-json\/wp\/v2\/product\/6729","targetHints":{"allow":["GET"]}}],"collection":[{"href":"https:\/\/uniest.it\/de\/wp-json\/wp\/v2\/product"}],"about":[{"href":"https:\/\/uniest.it\/de\/wp-json\/wp\/v2\/types\/product"}],"wp:featuredmedia":[{"embeddable":true,"href":"https:\/\/uniest.it\/de\/wp-json\/wp\/v2\/media\/6730"}],"wp:attachment":[{"href":"https:\/\/uniest.it\/de\/wp-json\/wp\/v2\/media?parent=6729"}],"wp:term":[{"taxonomy":"product_brand","embeddable":true,"href":"https:\/\/uniest.it\/de\/wp-json\/wp\/v2\/product_brand?post=6729"},{"taxonomy":"product_cat","embeddable":true,"href":"https:\/\/uniest.it\/de\/wp-json\/wp\/v2\/product_cat?post=6729"},{"taxonomy":"product_tag","embeddable":true,"href":"https:\/\/uniest.it\/de\/wp-json\/wp\/v2\/product_tag?post=6729"}],"curies":[{"name":"wp","href":"https:\/\/api.w.org\/{rel}","templated":true}]}}