{"id":6735,"date":"2024-10-29T18:55:00","date_gmt":"2024-10-29T17:55:00","guid":{"rendered":"https:\/\/uniest.it\/prodotto\/coccolo-home-fragrance-holziges-aroma\/"},"modified":"2024-10-29T18:55:00","modified_gmt":"2024-10-29T17:55:00","slug":"coccolo-home-fragrance-holziges-aroma","status":"publish","type":"product","link":"https:\/\/uniest.it\/de\/prodotto\/coccolo-home-fragrance-holziges-aroma\/","title":{"rendered":"Coccolo Home Fragrance Holziges Aroma"},"content":{"rendered":"<p>Das Raumparf\u00fcm Coccolo auf alkoholischer Basis (mit nat\u00fcrlichem Alkohol aus Zuckerr\u00fcben) ist angenehm duftend und sorgt f\u00fcr lang anhaltende s\u00fc\u00dfe und intensive Noten, die Sie begleiten und die Umgebung um uns herum parf\u00fcmieren. Es beginnt seine olfaktorische Reise mit Bergamotte mit s\u00fc\u00dfen und prickelnden Noten. Im Herzen erklingen Zedernholz, Wei\u00dfdorn, Veilchen, Jasmin und Orchidee; zart, frisch und intensiv. Der Duft kombiniert intensivere Noten von Moschus, Zedernholz und schlie\u00dflich Vanille. Exzellente Auswahl der Rohstoffe und die F\u00e4higkeit, die richtige Kombination von Elementen zu schaffen, um D\u00fcfte in der Luft zu verbreiten, sind die entscheidenden Aspekte bei der Auswahl der besten Produkte. Aus diesem Grund basieren wir unsere Parf\u00fcme auf der Auswahl hochwertiger D\u00fcfte und nutzen unsere ganze Erfahrung, um diese in den verschiedenen Produkten zu verarbeiten, um sicherzustellen, dass Sie die Emotionen unserer Parf\u00fcme erleben, die Ihre Seele und Ihre pers\u00f6nlichen Empfindungen widerspiegeln.<\/p>\n","protected":false},"excerpt":{"rendered":"<p>Das Raumparf\u00fcm Coccolo auf alkoholischer Basis (mit nat\u00fcrlichem Alkohol aus Zuckerr\u00fcben) ist angenehm duftend und sorgt f\u00fcr lang anhaltende s\u00fc\u00dfe und intensive Noten, die Sie begleiten und die Umgebung um uns herum parf\u00fcmieren. Es beginnt seine olfaktorische Reise mit Bergamotte mit s\u00fc\u00dfen und prickelnden Noten. Im Herzen erklingen Zedernholz, Wei\u00dfdorn, Veilchen, Jasmin und Orchidee; zart, [&hellip;]<\/p>\n","protected":false},"featured_media":6736,"template":"","meta":{"_acf_changed":false,"inline_featured_image":false},"product_brand":[],"product_cat":[1488],"product_tag":[],"class_list":{"0":"post-6735","1":"product","2":"type-product","3":"status-publish","4":"has-post-thumbnail","6":"product_beauty-aromatizzare-e-profumare","7":"product_kind-aromaterapia-e-profumi","8":"product_kind_pets-aromaterapia-e-profumi","9":"product_lines-casa-e-ambiente","10":"product_cat-casa-e-ambiente-de","11":"pa_size-110-de","13":"first","14":"instock","15":"taxable","16":"shipping-taxable","17":"purchasable","18":"product-type-simple"},"acf":[],"yoast_head":"<!-- This site is optimized with the Yoast SEO plugin v24.6 - https:\/\/yoast.com\/wordpress\/plugins\/seo\/ -->\n<title>Coccolo Home Fragrance Holziges Aroma - Uniest<\/title>\n<meta name=\"robots\" content=\"index, follow, max-snippet:-1, max-image-preview:large, max-video-preview:-1\" \/>\n<link rel=\"canonical\" href=\"https:\/\/uniest.it\/prodotto\/coccolo-home-fragrance-holziges-aroma\/\" \/>\n<meta property=\"og:locale\" content=\"de_DE\" \/>\n<meta property=\"og:type\" content=\"article\" \/>\n<meta property=\"og:title\" content=\"Coccolo Home Fragrance Holziges Aroma - Uniest\" \/>\n<meta property=\"og:description\" content=\"Das Raumparf\u00fcm Coccolo auf alkoholischer Basis (mit nat\u00fcrlichem Alkohol aus Zuckerr\u00fcben) ist angenehm duftend und sorgt f\u00fcr lang anhaltende s\u00fc\u00dfe und intensive Noten, die Sie begleiten und die Umgebung um uns herum parf\u00fcmieren. Es beginnt seine olfaktorische Reise mit Bergamotte mit s\u00fc\u00dfen und prickelnden Noten. Im Herzen erklingen Zedernholz, Wei\u00dfdorn, Veilchen, Jasmin und Orchidee; zart, [&hellip;]\" \/>\n<meta property=\"og:url\" content=\"https:\/\/uniest.it\/prodotto\/coccolo-home-fragrance-holziges-aroma\/\" \/>\n<meta property=\"og:site_name\" content=\"Uniest\" \/>\n<meta name=\"twitter:card\" content=\"summary_large_image\" \/>\n<meta name=\"twitter:label1\" content=\"Gesch\u00e4tzte Lesezeit\" \/>\n\t<meta name=\"twitter:data1\" content=\"1\u00a0Minute\" \/>\n<script type=\"application\/ld+json\" class=\"yoast-schema-graph\">{\"@context\":\"https:\/\/schema.org\",\"@graph\":[{\"@type\":\"WebPage\",\"@id\":\"https:\/\/uniest.it\/prodotto\/coccolo-home-fragrance-holziges-aroma\/\",\"url\":\"https:\/\/uniest.it\/prodotto\/coccolo-home-fragrance-holziges-aroma\/\",\"name\":\"Coccolo Home Fragrance Holziges Aroma - Uniest\",\"isPartOf\":{\"@id\":\"https:\/\/uniest.it\/#website\"},\"primaryImageOfPage\":{\"@id\":\"https:\/\/uniest.it\/prodotto\/coccolo-home-fragrance-holziges-aroma\/#primaryimage\"},\"image\":{\"@id\":\"https:\/\/uniest.it\/prodotto\/coccolo-home-fragrance-holziges-aroma\/#primaryimage\"},\"thumbnailUrl\":\"https:\/\/uniest.it\/wp-content\/uploads\/2020\/11\/002PRA.png\",\"datePublished\":\"2024-10-29T17:55:00+00:00\",\"breadcrumb\":{\"@id\":\"https:\/\/uniest.it\/prodotto\/coccolo-home-fragrance-holziges-aroma\/#breadcrumb\"},\"inLanguage\":\"de\",\"potentialAction\":[{\"@type\":\"ReadAction\",\"target\":[\"https:\/\/uniest.it\/prodotto\/coccolo-home-fragrance-holziges-aroma\/\"]}]},{\"@type\":\"ImageObject\",\"inLanguage\":\"de\",\"@id\":\"https:\/\/uniest.it\/prodotto\/coccolo-home-fragrance-holziges-aroma\/#primaryimage\",\"url\":\"https:\/\/uniest.it\/wp-content\/uploads\/2020\/11\/002PRA.png\",\"contentUrl\":\"https:\/\/uniest.it\/wp-content\/uploads\/2020\/11\/002PRA.png\",\"width\":1283,\"height\":2001},{\"@type\":\"BreadcrumbList\",\"@id\":\"https:\/\/uniest.it\/prodotto\/coccolo-home-fragrance-holziges-aroma\/#breadcrumb\",\"itemListElement\":[{\"@type\":\"ListItem\",\"position\":1,\"name\":\"Home\",\"item\":\"https:\/\/uniest.it\/de\/\"},{\"@type\":\"ListItem\",\"position\":2,\"name\":\"Shop\",\"item\":\"https:\/\/uniest.it\/shop\/\"},{\"@type\":\"ListItem\",\"position\":3,\"name\":\"Coccolo Home Fragrance Holziges Aroma\"}]},{\"@type\":\"WebSite\",\"@id\":\"https:\/\/uniest.it\/#website\",\"url\":\"https:\/\/uniest.it\/\",\"name\":\"Uniest\",\"description\":\"Cosmetici Naturali e Bio\",\"potentialAction\":[{\"@type\":\"SearchAction\",\"target\":{\"@type\":\"EntryPoint\",\"urlTemplate\":\"https:\/\/uniest.it\/?s={search_term_string}\"},\"query-input\":{\"@type\":\"PropertyValueSpecification\",\"valueRequired\":true,\"valueName\":\"search_term_string\"}}],\"inLanguage\":\"de\"}]}<\/script>\n<!-- \/ Yoast SEO plugin. -->","yoast_head_json":{"title":"Coccolo Home Fragrance Holziges Aroma - Uniest","robots":{"index":"index","follow":"follow","max-snippet":"max-snippet:-1","max-image-preview":"max-image-preview:large","max-video-preview":"max-video-preview:-1"},"canonical":"https:\/\/uniest.it\/prodotto\/coccolo-home-fragrance-holziges-aroma\/","og_locale":"de_DE","og_type":"article","og_title":"Coccolo Home Fragrance Holziges Aroma - Uniest","og_description":"Das Raumparf\u00fcm Coccolo auf alkoholischer Basis (mit nat\u00fcrlichem Alkohol aus Zuckerr\u00fcben) ist angenehm duftend und sorgt f\u00fcr lang anhaltende s\u00fc\u00dfe und intensive Noten, die Sie begleiten und die Umgebung um uns herum parf\u00fcmieren. Es beginnt seine olfaktorische Reise mit Bergamotte mit s\u00fc\u00dfen und prickelnden Noten. Im Herzen erklingen Zedernholz, Wei\u00dfdorn, Veilchen, Jasmin und Orchidee; zart, [&hellip;]","og_url":"https:\/\/uniest.it\/prodotto\/coccolo-home-fragrance-holziges-aroma\/","og_site_name":"Uniest","twitter_card":"summary_large_image","twitter_misc":{"Gesch\u00e4tzte Lesezeit":"1\u00a0Minute"},"schema":{"@context":"https:\/\/schema.org","@graph":[{"@type":"WebPage","@id":"https:\/\/uniest.it\/prodotto\/coccolo-home-fragrance-holziges-aroma\/","url":"https:\/\/uniest.it\/prodotto\/coccolo-home-fragrance-holziges-aroma\/","name":"Coccolo Home Fragrance Holziges Aroma - Uniest","isPartOf":{"@id":"https:\/\/uniest.it\/#website"},"primaryImageOfPage":{"@id":"https:\/\/uniest.it\/prodotto\/coccolo-home-fragrance-holziges-aroma\/#primaryimage"},"image":{"@id":"https:\/\/uniest.it\/prodotto\/coccolo-home-fragrance-holziges-aroma\/#primaryimage"},"thumbnailUrl":"https:\/\/uniest.it\/wp-content\/uploads\/2020\/11\/002PRA.png","datePublished":"2024-10-29T17:55:00+00:00","breadcrumb":{"@id":"https:\/\/uniest.it\/prodotto\/coccolo-home-fragrance-holziges-aroma\/#breadcrumb"},"inLanguage":"de","potentialAction":[{"@type":"ReadAction","target":["https:\/\/uniest.it\/prodotto\/coccolo-home-fragrance-holziges-aroma\/"]}]},{"@type":"ImageObject","inLanguage":"de","@id":"https:\/\/uniest.it\/prodotto\/coccolo-home-fragrance-holziges-aroma\/#primaryimage","url":"https:\/\/uniest.it\/wp-content\/uploads\/2020\/11\/002PRA.png","contentUrl":"https:\/\/uniest.it\/wp-content\/uploads\/2020\/11\/002PRA.png","width":1283,"height":2001},{"@type":"BreadcrumbList","@id":"https:\/\/uniest.it\/prodotto\/coccolo-home-fragrance-holziges-aroma\/#breadcrumb","itemListElement":[{"@type":"ListItem","position":1,"name":"Home","item":"https:\/\/uniest.it\/de\/"},{"@type":"ListItem","position":2,"name":"Shop","item":"https:\/\/uniest.it\/shop\/"},{"@type":"ListItem","position":3,"name":"Coccolo Home Fragrance Holziges Aroma"}]},{"@type":"WebSite","@id":"https:\/\/uniest.it\/#website","url":"https:\/\/uniest.it\/","name":"Uniest","description":"Cosmetici Naturali e Bio","potentialAction":[{"@type":"SearchAction","target":{"@type":"EntryPoint","urlTemplate":"https:\/\/uniest.it\/?s={search_term_string}"},"query-input":{"@type":"PropertyValueSpecification","valueRequired":true,"valueName":"search_term_string"}}],"inLanguage":"de"}]}},"_links":{"self":[{"href":"https:\/\/uniest.it\/de\/wp-json\/wp\/v2\/product\/6735","targetHints":{"allow":["GET"]}}],"collection":[{"href":"https:\/\/uniest.it\/de\/wp-json\/wp\/v2\/product"}],"about":[{"href":"https:\/\/uniest.it\/de\/wp-json\/wp\/v2\/types\/product"}],"wp:featuredmedia":[{"embeddable":true,"href":"https:\/\/uniest.it\/de\/wp-json\/wp\/v2\/media\/6736"}],"wp:attachment":[{"href":"https:\/\/uniest.it\/de\/wp-json\/wp\/v2\/media?parent=6735"}],"wp:term":[{"taxonomy":"product_brand","embeddable":true,"href":"https:\/\/uniest.it\/de\/wp-json\/wp\/v2\/product_brand?post=6735"},{"taxonomy":"product_cat","embeddable":true,"href":"https:\/\/uniest.it\/de\/wp-json\/wp\/v2\/product_cat?post=6735"},{"taxonomy":"product_tag","embeddable":true,"href":"https:\/\/uniest.it\/de\/wp-json\/wp\/v2\/product_tag?post=6735"}],"curies":[{"name":"wp","href":"https:\/\/api.w.org\/{rel}","templated":true}]}}