{"id":6741,"date":"2024-10-29T18:55:01","date_gmt":"2024-10-29T17:55:01","guid":{"rendered":"https:\/\/uniest.it\/prodotto\/multiaktionscreme\/"},"modified":"2024-10-29T18:55:01","modified_gmt":"2024-10-29T17:55:01","slug":"multiaktionscreme","status":"publish","type":"product","link":"https:\/\/uniest.it\/de\/prodotto\/multiaktionscreme\/","title":{"rendered":"Multiaktionscreme"},"content":{"rendered":"<p>Nat\u00fcrliche Multiaktionscreme: Weiche Creme mit einer solchen Konzentration an \u00e4therischen \u00d6len, dass sie daher multifunktional verwendet werden kann. Daher wirkt es w\u00e4rmend, wenn es einige Minuten lang auf die zu behandelnde Stelle aufgetragen und kr\u00e4ftig einmassiert wird; Gleichzeitig wirkt es k\u00fchlend und abschwellend, wenn es als Kompresse auf die traumatisierte Stelle aufgetragen und belassen wird. Es hat eine starke balsamische Kraft.<\/p>\n","protected":false},"excerpt":{"rendered":"<p>Nat\u00fcrliche Multiaktionscreme: Weiche Creme mit einer solchen Konzentration an \u00e4therischen \u00d6len, dass sie daher multifunktional verwendet werden kann. Daher wirkt es w\u00e4rmend, wenn es einige Minuten lang auf die zu behandelnde Stelle aufgetragen und kr\u00e4ftig einmassiert wird; Gleichzeitig wirkt es k\u00fchlend und abschwellend, wenn es als Kompresse auf die traumatisierte Stelle aufgetragen und belassen wird. [&hellip;]<\/p>\n","protected":false},"featured_media":6742,"template":"","meta":{"_acf_changed":false,"inline_featured_image":false},"product_brand":[],"product_cat":[1491],"product_tag":[],"class_list":{"0":"post-6741","1":"product","2":"type-product","3":"status-publish","4":"has-post-thumbnail","6":"product_beauty-balsamico","7":"product_beauty-detox-e-dren","8":"product_beauty-idratare","9":"product_beauty-lenire","10":"product_beauty-proteggere","11":"product_skin-tutti-gli-animali","12":"product_kind-trattamenti-speciali","13":"product_kind_pets-trattamenti-speciali","14":"product_lines-animal-care","15":"product_cat-famiglia-e-pet-de","16":"pa_size-250-de","18":"first","19":"outofstock","20":"taxable","21":"shipping-taxable","22":"purchasable","23":"product-type-simple"},"acf":[],"yoast_head":"<!-- This site is optimized with the Yoast SEO plugin v24.6 - https:\/\/yoast.com\/wordpress\/plugins\/seo\/ -->\n<title>Multiaktionscreme - Uniest<\/title>\n<meta name=\"robots\" content=\"index, follow, max-snippet:-1, max-image-preview:large, max-video-preview:-1\" \/>\n<link rel=\"canonical\" href=\"https:\/\/uniest.it\/prodotto\/multiaktionscreme\/\" \/>\n<meta property=\"og:locale\" content=\"de_DE\" \/>\n<meta property=\"og:type\" content=\"article\" \/>\n<meta property=\"og:title\" content=\"Multiaktionscreme - Uniest\" \/>\n<meta property=\"og:description\" content=\"Nat\u00fcrliche Multiaktionscreme: Weiche Creme mit einer solchen Konzentration an \u00e4therischen \u00d6len, dass sie daher multifunktional verwendet werden kann. Daher wirkt es w\u00e4rmend, wenn es einige Minuten lang auf die zu behandelnde Stelle aufgetragen und kr\u00e4ftig einmassiert wird; Gleichzeitig wirkt es k\u00fchlend und abschwellend, wenn es als Kompresse auf die traumatisierte Stelle aufgetragen und belassen wird. [&hellip;]\" \/>\n<meta property=\"og:url\" content=\"https:\/\/uniest.it\/prodotto\/multiaktionscreme\/\" \/>\n<meta property=\"og:site_name\" content=\"Uniest\" \/>\n<meta name=\"twitter:card\" content=\"summary_large_image\" \/>\n<script type=\"application\/ld+json\" class=\"yoast-schema-graph\">{\"@context\":\"https:\/\/schema.org\",\"@graph\":[{\"@type\":\"WebPage\",\"@id\":\"https:\/\/uniest.it\/prodotto\/multiaktionscreme\/\",\"url\":\"https:\/\/uniest.it\/prodotto\/multiaktionscreme\/\",\"name\":\"Multiaktionscreme - Uniest\",\"isPartOf\":{\"@id\":\"https:\/\/uniest.it\/#website\"},\"primaryImageOfPage\":{\"@id\":\"https:\/\/uniest.it\/prodotto\/multiaktionscreme\/#primaryimage\"},\"image\":{\"@id\":\"https:\/\/uniest.it\/prodotto\/multiaktionscreme\/#primaryimage\"},\"thumbnailUrl\":\"https:\/\/uniest.it\/wp-content\/uploads\/2020\/12\/003AAC.png\",\"datePublished\":\"2024-10-29T17:55:01+00:00\",\"breadcrumb\":{\"@id\":\"https:\/\/uniest.it\/prodotto\/multiaktionscreme\/#breadcrumb\"},\"inLanguage\":\"de\",\"potentialAction\":[{\"@type\":\"ReadAction\",\"target\":[\"https:\/\/uniest.it\/prodotto\/multiaktionscreme\/\"]}]},{\"@type\":\"ImageObject\",\"inLanguage\":\"de\",\"@id\":\"https:\/\/uniest.it\/prodotto\/multiaktionscreme\/#primaryimage\",\"url\":\"https:\/\/uniest.it\/wp-content\/uploads\/2020\/12\/003AAC.png\",\"contentUrl\":\"https:\/\/uniest.it\/wp-content\/uploads\/2020\/12\/003AAC.png\",\"width\":1283,\"height\":2000},{\"@type\":\"BreadcrumbList\",\"@id\":\"https:\/\/uniest.it\/prodotto\/multiaktionscreme\/#breadcrumb\",\"itemListElement\":[{\"@type\":\"ListItem\",\"position\":1,\"name\":\"Home\",\"item\":\"https:\/\/uniest.it\/de\/\"},{\"@type\":\"ListItem\",\"position\":2,\"name\":\"Shop\",\"item\":\"https:\/\/uniest.it\/shop\/\"},{\"@type\":\"ListItem\",\"position\":3,\"name\":\"Multiaktionscreme\"}]},{\"@type\":\"WebSite\",\"@id\":\"https:\/\/uniest.it\/#website\",\"url\":\"https:\/\/uniest.it\/\",\"name\":\"Uniest\",\"description\":\"Cosmetici Naturali e Bio\",\"potentialAction\":[{\"@type\":\"SearchAction\",\"target\":{\"@type\":\"EntryPoint\",\"urlTemplate\":\"https:\/\/uniest.it\/?s={search_term_string}\"},\"query-input\":{\"@type\":\"PropertyValueSpecification\",\"valueRequired\":true,\"valueName\":\"search_term_string\"}}],\"inLanguage\":\"de\"}]}<\/script>\n<!-- \/ Yoast SEO plugin. -->","yoast_head_json":{"title":"Multiaktionscreme - Uniest","robots":{"index":"index","follow":"follow","max-snippet":"max-snippet:-1","max-image-preview":"max-image-preview:large","max-video-preview":"max-video-preview:-1"},"canonical":"https:\/\/uniest.it\/prodotto\/multiaktionscreme\/","og_locale":"de_DE","og_type":"article","og_title":"Multiaktionscreme - Uniest","og_description":"Nat\u00fcrliche Multiaktionscreme: Weiche Creme mit einer solchen Konzentration an \u00e4therischen \u00d6len, dass sie daher multifunktional verwendet werden kann. Daher wirkt es w\u00e4rmend, wenn es einige Minuten lang auf die zu behandelnde Stelle aufgetragen und kr\u00e4ftig einmassiert wird; Gleichzeitig wirkt es k\u00fchlend und abschwellend, wenn es als Kompresse auf die traumatisierte Stelle aufgetragen und belassen wird. [&hellip;]","og_url":"https:\/\/uniest.it\/prodotto\/multiaktionscreme\/","og_site_name":"Uniest","twitter_card":"summary_large_image","schema":{"@context":"https:\/\/schema.org","@graph":[{"@type":"WebPage","@id":"https:\/\/uniest.it\/prodotto\/multiaktionscreme\/","url":"https:\/\/uniest.it\/prodotto\/multiaktionscreme\/","name":"Multiaktionscreme - Uniest","isPartOf":{"@id":"https:\/\/uniest.it\/#website"},"primaryImageOfPage":{"@id":"https:\/\/uniest.it\/prodotto\/multiaktionscreme\/#primaryimage"},"image":{"@id":"https:\/\/uniest.it\/prodotto\/multiaktionscreme\/#primaryimage"},"thumbnailUrl":"https:\/\/uniest.it\/wp-content\/uploads\/2020\/12\/003AAC.png","datePublished":"2024-10-29T17:55:01+00:00","breadcrumb":{"@id":"https:\/\/uniest.it\/prodotto\/multiaktionscreme\/#breadcrumb"},"inLanguage":"de","potentialAction":[{"@type":"ReadAction","target":["https:\/\/uniest.it\/prodotto\/multiaktionscreme\/"]}]},{"@type":"ImageObject","inLanguage":"de","@id":"https:\/\/uniest.it\/prodotto\/multiaktionscreme\/#primaryimage","url":"https:\/\/uniest.it\/wp-content\/uploads\/2020\/12\/003AAC.png","contentUrl":"https:\/\/uniest.it\/wp-content\/uploads\/2020\/12\/003AAC.png","width":1283,"height":2000},{"@type":"BreadcrumbList","@id":"https:\/\/uniest.it\/prodotto\/multiaktionscreme\/#breadcrumb","itemListElement":[{"@type":"ListItem","position":1,"name":"Home","item":"https:\/\/uniest.it\/de\/"},{"@type":"ListItem","position":2,"name":"Shop","item":"https:\/\/uniest.it\/shop\/"},{"@type":"ListItem","position":3,"name":"Multiaktionscreme"}]},{"@type":"WebSite","@id":"https:\/\/uniest.it\/#website","url":"https:\/\/uniest.it\/","name":"Uniest","description":"Cosmetici Naturali e Bio","potentialAction":[{"@type":"SearchAction","target":{"@type":"EntryPoint","urlTemplate":"https:\/\/uniest.it\/?s={search_term_string}"},"query-input":{"@type":"PropertyValueSpecification","valueRequired":true,"valueName":"search_term_string"}}],"inLanguage":"de"}]}},"_links":{"self":[{"href":"https:\/\/uniest.it\/de\/wp-json\/wp\/v2\/product\/6741","targetHints":{"allow":["GET"]}}],"collection":[{"href":"https:\/\/uniest.it\/de\/wp-json\/wp\/v2\/product"}],"about":[{"href":"https:\/\/uniest.it\/de\/wp-json\/wp\/v2\/types\/product"}],"wp:featuredmedia":[{"embeddable":true,"href":"https:\/\/uniest.it\/de\/wp-json\/wp\/v2\/media\/6742"}],"wp:attachment":[{"href":"https:\/\/uniest.it\/de\/wp-json\/wp\/v2\/media?parent=6741"}],"wp:term":[{"taxonomy":"product_brand","embeddable":true,"href":"https:\/\/uniest.it\/de\/wp-json\/wp\/v2\/product_brand?post=6741"},{"taxonomy":"product_cat","embeddable":true,"href":"https:\/\/uniest.it\/de\/wp-json\/wp\/v2\/product_cat?post=6741"},{"taxonomy":"product_tag","embeddable":true,"href":"https:\/\/uniest.it\/de\/wp-json\/wp\/v2\/product_tag?post=6741"}],"curies":[{"name":"wp","href":"https:\/\/api.w.org\/{rel}","templated":true}]}}