{"id":6744,"date":"2021-02-04T12:55:55","date_gmt":"2024-10-29T17:55:01","guid":{"rendered":"https:\/\/uniest.it\/prodotto\/natuerlicher-desinfektionsspray-parfuemierer-fuer-stoffe-oberflaechen-und-umgebungen-marseille-und-suesser-lavendel\/"},"modified":"2024-10-29T18:55:01","modified_gmt":"2024-10-29T17:55:01","slug":"natuerlicher-desinfektionsspray-parfuemierer-fuer-stoffe-oberflaechen-und-umgebungen-marseille-und-suesser-lavendel","status":"publish","type":"product","link":"https:\/\/uniest.it\/de\/prodotto\/natuerlicher-desinfektionsspray-parfuemierer-fuer-stoffe-oberflaechen-und-umgebungen-marseille-und-suesser-lavendel\/","title":{"rendered":"Nat\u00fcrlicher Desinfektionsspray-Parf\u00fcmierer f\u00fcr Stoffe, Oberfl\u00e4chen und Umgebungen, Marseille und s\u00fc\u00dfer Lavendel"},"content":{"rendered":"<p>Desinfektionsspray-Parf\u00fcmierer f\u00fcr Stoffe, Oberfl\u00e4chen &amp; Umgebungen ist ein Hilfsmittel der neuen Generation auf alkoholischer Basis mit nat\u00fcrlichem Alkohol aus Zuckerr\u00fcben (mehr als 70 % Vol), angenehm duftend und angereichert mit \u00e4therischen Zitronen\u00f6len und Teebaum\u00f6l, die auf v\u00f6llig nat\u00fcrliche Weise zur Desinfektion und Entfernung beitragen schlechte Ger\u00fcche von Stoffen, Oberfl\u00e4chen und Umgebungen. Dank des praktischen Zerst\u00e4ubers kann es f\u00fcr zahlreiche Oberfl\u00e4chenarten zu Hause, im Auto und am Arbeitsplatz verwendet werden; Stoffe, Teppiche, Kleidung, Vorh\u00e4nge, Schuhe, Sofas, Kissen, Autositze und so weiter.<\/p>\n","protected":false},"excerpt":{"rendered":"<p>Desinfektionsspray-Parf\u00fcmierer f\u00fcr Stoffe, Oberfl\u00e4chen &amp; Umgebungen ist ein Hilfsmittel der neuen Generation auf alkoholischer Basis mit nat\u00fcrlichem Alkohol aus Zuckerr\u00fcben (mehr als 70 % Vol), angenehm duftend und angereichert mit \u00e4therischen Zitronen\u00f6len und Teebaum\u00f6l, die auf v\u00f6llig nat\u00fcrliche Weise zur Desinfektion und Entfernung beitragen schlechte Ger\u00fcche von Stoffen, Oberfl\u00e4chen und Umgebungen. Dank des praktischen Zerst\u00e4ubers [&hellip;]<\/p>\n","protected":false},"featured_media":6745,"template":"","meta":{"_acf_changed":false,"inline_featured_image":false},"product_brand":[],"product_cat":[1488],"product_tag":[],"class_list":{"0":"post-6744","1":"product","2":"type-product","3":"status-publish","4":"has-post-thumbnail","6":"product_beauty-aromatizzare-e-profumare","7":"product_kind-aromaterapia-e-profumi","8":"product_kind_pets-aromaterapia-e-profumi","9":"product_kind_pets-detergenti","10":"product_kind_pets-igienizzanti","11":"product_lines-casa-e-ambiente","12":"product_cat-casa-e-ambiente-de","13":"pa_size-200-de","15":"first","16":"outofstock","17":"taxable","18":"shipping-taxable","19":"purchasable","20":"product-type-simple"},"acf":[],"yoast_head":"<!-- This site is optimized with the Yoast SEO plugin v24.6 - https:\/\/yoast.com\/wordpress\/plugins\/seo\/ -->\n<title>Nat\u00fcrlicher Desinfektionsspray-Parf\u00fcmierer f\u00fcr Stoffe, Oberfl\u00e4chen und Umgebungen, Marseille und s\u00fc\u00dfer Lavendel - Uniest<\/title>\n<meta name=\"robots\" content=\"index, follow, max-snippet:-1, max-image-preview:large, max-video-preview:-1\" \/>\n<link rel=\"canonical\" href=\"https:\/\/uniest.it\/prodotto\/profumatore-igienizzante-spray-naturale-tessuti-superfici-ambienti-marsiglia-e-dolce-lavanda\/\" \/>\n<meta property=\"og:locale\" content=\"de_DE\" \/>\n<meta property=\"og:type\" content=\"article\" \/>\n<meta property=\"og:title\" content=\"Nat\u00fcrlicher Desinfektionsspray-Parf\u00fcmierer f\u00fcr Stoffe, Oberfl\u00e4chen und Umgebungen, Marseille und s\u00fc\u00dfer Lavendel - Uniest\" \/>\n<meta property=\"og:description\" content=\"Desinfektionsspray-Parf\u00fcmierer f\u00fcr Stoffe, Oberfl\u00e4chen &amp; Umgebungen ist ein Hilfsmittel der neuen Generation auf alkoholischer Basis mit nat\u00fcrlichem Alkohol aus Zuckerr\u00fcben (mehr als 70 % Vol), angenehm duftend und angereichert mit \u00e4therischen Zitronen\u00f6len und Teebaum\u00f6l, die auf v\u00f6llig nat\u00fcrliche Weise zur Desinfektion und Entfernung beitragen schlechte Ger\u00fcche von Stoffen, Oberfl\u00e4chen und Umgebungen. Dank des praktischen Zerst\u00e4ubers [&hellip;]\" \/>\n<meta property=\"og:url\" content=\"https:\/\/uniest.it\/prodotto\/profumatore-igienizzante-spray-naturale-tessuti-superfici-ambienti-marsiglia-e-dolce-lavanda\/\" \/>\n<meta property=\"og:site_name\" content=\"Uniest\" \/>\n<meta property=\"og:image\" content=\"https:\/\/uniest.it\/wp-content\/uploads\/2020\/12\/003AAZ.png\" \/>\n\t<meta property=\"og:image:width\" content=\"1283\" \/>\n\t<meta property=\"og:image:height\" content=\"2000\" \/>\n\t<meta property=\"og:image:type\" content=\"image\/png\" \/>\n<meta name=\"twitter:card\" content=\"summary_large_image\" \/>\n<script type=\"application\/ld+json\" class=\"yoast-schema-graph\">{\"@context\":\"https:\/\/schema.org\",\"@graph\":[{\"@type\":\"WebPage\",\"@id\":\"https:\/\/uniest.it\/prodotto\/profumatore-igienizzante-spray-naturale-tessuti-superfici-ambienti-marsiglia-e-dolce-lavanda\/\",\"url\":\"https:\/\/uniest.it\/prodotto\/profumatore-igienizzante-spray-naturale-tessuti-superfici-ambienti-marsiglia-e-dolce-lavanda\/\",\"name\":\"Nat\u00fcrlicher Desinfektionsspray-Parf\u00fcmierer f\u00fcr Stoffe, Oberfl\u00e4chen und Umgebungen, Marseille und s\u00fc\u00dfer Lavendel - Uniest\",\"isPartOf\":{\"@id\":\"https:\/\/uniest.it\/#website\"},\"primaryImageOfPage\":{\"@id\":\"https:\/\/uniest.it\/prodotto\/profumatore-igienizzante-spray-naturale-tessuti-superfici-ambienti-marsiglia-e-dolce-lavanda\/#primaryimage\"},\"image\":{\"@id\":\"https:\/\/uniest.it\/prodotto\/profumatore-igienizzante-spray-naturale-tessuti-superfici-ambienti-marsiglia-e-dolce-lavanda\/#primaryimage\"},\"thumbnailUrl\":\"https:\/\/uniest.it\/wp-content\/uploads\/2020\/12\/003AAZ.png\",\"datePublished\":\"2024-10-29T17:55:01+00:00\",\"breadcrumb\":{\"@id\":\"https:\/\/uniest.it\/prodotto\/profumatore-igienizzante-spray-naturale-tessuti-superfici-ambienti-marsiglia-e-dolce-lavanda\/#breadcrumb\"},\"inLanguage\":\"de\",\"potentialAction\":[{\"@type\":\"ReadAction\",\"target\":[\"https:\/\/uniest.it\/prodotto\/profumatore-igienizzante-spray-naturale-tessuti-superfici-ambienti-marsiglia-e-dolce-lavanda\/\"]}]},{\"@type\":\"ImageObject\",\"inLanguage\":\"de\",\"@id\":\"https:\/\/uniest.it\/prodotto\/profumatore-igienizzante-spray-naturale-tessuti-superfici-ambienti-marsiglia-e-dolce-lavanda\/#primaryimage\",\"url\":\"https:\/\/uniest.it\/wp-content\/uploads\/2020\/12\/003AAZ.png\",\"contentUrl\":\"https:\/\/uniest.it\/wp-content\/uploads\/2020\/12\/003AAZ.png\",\"width\":1283,\"height\":2000},{\"@type\":\"BreadcrumbList\",\"@id\":\"https:\/\/uniest.it\/prodotto\/profumatore-igienizzante-spray-naturale-tessuti-superfici-ambienti-marsiglia-e-dolce-lavanda\/#breadcrumb\",\"itemListElement\":[{\"@type\":\"ListItem\",\"position\":1,\"name\":\"Home\",\"item\":\"https:\/\/uniest.it\/de\/\"},{\"@type\":\"ListItem\",\"position\":2,\"name\":\"Shop\",\"item\":\"https:\/\/uniest.it\/shop\/\"},{\"@type\":\"ListItem\",\"position\":3,\"name\":\"Nat\u00fcrlicher Desinfektionsspray-Parf\u00fcmierer f\u00fcr Stoffe, Oberfl\u00e4chen und Umgebungen, Marseille und s\u00fc\u00dfer Lavendel\"}]},{\"@type\":\"WebSite\",\"@id\":\"https:\/\/uniest.it\/#website\",\"url\":\"https:\/\/uniest.it\/\",\"name\":\"Uniest\",\"description\":\"Cosmetici Naturali e Bio\",\"potentialAction\":[{\"@type\":\"SearchAction\",\"target\":{\"@type\":\"EntryPoint\",\"urlTemplate\":\"https:\/\/uniest.it\/?s={search_term_string}\"},\"query-input\":{\"@type\":\"PropertyValueSpecification\",\"valueRequired\":true,\"valueName\":\"search_term_string\"}}],\"inLanguage\":\"de\"}]}<\/script>\n<!-- \/ Yoast SEO plugin. -->","yoast_head_json":{"title":"Nat\u00fcrlicher Desinfektionsspray-Parf\u00fcmierer f\u00fcr Stoffe, Oberfl\u00e4chen und Umgebungen, Marseille und s\u00fc\u00dfer Lavendel - Uniest","robots":{"index":"index","follow":"follow","max-snippet":"max-snippet:-1","max-image-preview":"max-image-preview:large","max-video-preview":"max-video-preview:-1"},"canonical":"https:\/\/uniest.it\/prodotto\/profumatore-igienizzante-spray-naturale-tessuti-superfici-ambienti-marsiglia-e-dolce-lavanda\/","og_locale":"de_DE","og_type":"article","og_title":"Nat\u00fcrlicher Desinfektionsspray-Parf\u00fcmierer f\u00fcr Stoffe, Oberfl\u00e4chen und Umgebungen, Marseille und s\u00fc\u00dfer Lavendel - Uniest","og_description":"Desinfektionsspray-Parf\u00fcmierer f\u00fcr Stoffe, Oberfl\u00e4chen &amp; Umgebungen ist ein Hilfsmittel der neuen Generation auf alkoholischer Basis mit nat\u00fcrlichem Alkohol aus Zuckerr\u00fcben (mehr als 70 % Vol), angenehm duftend und angereichert mit \u00e4therischen Zitronen\u00f6len und Teebaum\u00f6l, die auf v\u00f6llig nat\u00fcrliche Weise zur Desinfektion und Entfernung beitragen schlechte Ger\u00fcche von Stoffen, Oberfl\u00e4chen und Umgebungen. Dank des praktischen Zerst\u00e4ubers [&hellip;]","og_url":"https:\/\/uniest.it\/prodotto\/profumatore-igienizzante-spray-naturale-tessuti-superfici-ambienti-marsiglia-e-dolce-lavanda\/","og_site_name":"Uniest","og_image":[{"width":1283,"height":2000,"url":"https:\/\/uniest.it\/wp-content\/uploads\/2020\/12\/003AAZ.png","type":"image\/png"}],"twitter_card":"summary_large_image","schema":{"@context":"https:\/\/schema.org","@graph":[{"@type":"WebPage","@id":"https:\/\/uniest.it\/prodotto\/profumatore-igienizzante-spray-naturale-tessuti-superfici-ambienti-marsiglia-e-dolce-lavanda\/","url":"https:\/\/uniest.it\/prodotto\/profumatore-igienizzante-spray-naturale-tessuti-superfici-ambienti-marsiglia-e-dolce-lavanda\/","name":"Nat\u00fcrlicher Desinfektionsspray-Parf\u00fcmierer f\u00fcr Stoffe, Oberfl\u00e4chen und Umgebungen, Marseille und s\u00fc\u00dfer Lavendel - Uniest","isPartOf":{"@id":"https:\/\/uniest.it\/#website"},"primaryImageOfPage":{"@id":"https:\/\/uniest.it\/prodotto\/profumatore-igienizzante-spray-naturale-tessuti-superfici-ambienti-marsiglia-e-dolce-lavanda\/#primaryimage"},"image":{"@id":"https:\/\/uniest.it\/prodotto\/profumatore-igienizzante-spray-naturale-tessuti-superfici-ambienti-marsiglia-e-dolce-lavanda\/#primaryimage"},"thumbnailUrl":"https:\/\/uniest.it\/wp-content\/uploads\/2020\/12\/003AAZ.png","datePublished":"2024-10-29T17:55:01+00:00","breadcrumb":{"@id":"https:\/\/uniest.it\/prodotto\/profumatore-igienizzante-spray-naturale-tessuti-superfici-ambienti-marsiglia-e-dolce-lavanda\/#breadcrumb"},"inLanguage":"de","potentialAction":[{"@type":"ReadAction","target":["https:\/\/uniest.it\/prodotto\/profumatore-igienizzante-spray-naturale-tessuti-superfici-ambienti-marsiglia-e-dolce-lavanda\/"]}]},{"@type":"ImageObject","inLanguage":"de","@id":"https:\/\/uniest.it\/prodotto\/profumatore-igienizzante-spray-naturale-tessuti-superfici-ambienti-marsiglia-e-dolce-lavanda\/#primaryimage","url":"https:\/\/uniest.it\/wp-content\/uploads\/2020\/12\/003AAZ.png","contentUrl":"https:\/\/uniest.it\/wp-content\/uploads\/2020\/12\/003AAZ.png","width":1283,"height":2000},{"@type":"BreadcrumbList","@id":"https:\/\/uniest.it\/prodotto\/profumatore-igienizzante-spray-naturale-tessuti-superfici-ambienti-marsiglia-e-dolce-lavanda\/#breadcrumb","itemListElement":[{"@type":"ListItem","position":1,"name":"Home","item":"https:\/\/uniest.it\/de\/"},{"@type":"ListItem","position":2,"name":"Shop","item":"https:\/\/uniest.it\/shop\/"},{"@type":"ListItem","position":3,"name":"Nat\u00fcrlicher Desinfektionsspray-Parf\u00fcmierer f\u00fcr Stoffe, Oberfl\u00e4chen und Umgebungen, Marseille und s\u00fc\u00dfer Lavendel"}]},{"@type":"WebSite","@id":"https:\/\/uniest.it\/#website","url":"https:\/\/uniest.it\/","name":"Uniest","description":"Cosmetici Naturali e Bio","potentialAction":[{"@type":"SearchAction","target":{"@type":"EntryPoint","urlTemplate":"https:\/\/uniest.it\/?s={search_term_string}"},"query-input":{"@type":"PropertyValueSpecification","valueRequired":true,"valueName":"search_term_string"}}],"inLanguage":"de"}]}},"_links":{"self":[{"href":"https:\/\/uniest.it\/de\/wp-json\/wp\/v2\/product\/6744","targetHints":{"allow":["GET"]}}],"collection":[{"href":"https:\/\/uniest.it\/de\/wp-json\/wp\/v2\/product"}],"about":[{"href":"https:\/\/uniest.it\/de\/wp-json\/wp\/v2\/types\/product"}],"wp:featuredmedia":[{"embeddable":true,"href":"https:\/\/uniest.it\/de\/wp-json\/wp\/v2\/media\/6745"}],"wp:attachment":[{"href":"https:\/\/uniest.it\/de\/wp-json\/wp\/v2\/media?parent=6744"}],"wp:term":[{"taxonomy":"product_brand","embeddable":true,"href":"https:\/\/uniest.it\/de\/wp-json\/wp\/v2\/product_brand?post=6744"},{"taxonomy":"product_cat","embeddable":true,"href":"https:\/\/uniest.it\/de\/wp-json\/wp\/v2\/product_cat?post=6744"},{"taxonomy":"product_tag","embeddable":true,"href":"https:\/\/uniest.it\/de\/wp-json\/wp\/v2\/product_tag?post=6744"}],"curies":[{"name":"wp","href":"https:\/\/api.w.org\/{rel}","templated":true}]}}