{"id":6747,"date":"2024-10-29T18:55:02","date_gmt":"2024-10-29T17:55:02","guid":{"rendered":"https:\/\/uniest.it\/prodotto\/fermentierter-roter-reis\/"},"modified":"2024-10-29T18:55:02","modified_gmt":"2024-10-29T17:55:02","slug":"fermentierter-roter-reis","status":"publish","type":"product","link":"https:\/\/uniest.it\/de\/prodotto\/fermentierter-roter-reis\/","title":{"rendered":"Fermentierter roter Reis"},"content":{"rendered":"<p>Fermentierter roter Reis ist ein Getreide, das, wenn es mit der Hefe Monascus purpureus (auch als rote Hefe bekannt) fermentiert wird, die charakteristische Farbe annimmt, die ihm seinen Namen gab, und mit Monacolin K vom Typ K angereichert ist. Es hat eine ausgepr\u00e4gte hypocholesterin\u00e4mische Wirkung. Mit anderen Worten: Die Eigenschaft von rotem Hefereis besteht darin, das LDL-Cholesterin, also das schlechte Cholesterin, zu senken und das HDL-Cholesterin (das gute Cholesterin) zu erh\u00f6hen. Auf diese Weise erweist sich roter Reis als einer der besten Verb\u00fcndeten im Kampf gegen hohen Cholesterinspiegel. Der beste Weg, roten Hefereis gegen Cholesterin einzunehmen und alle seine Eigenschaften zu nutzen, sind Nahrungserg\u00e4nzungsmittel, die es Ihnen erm\u00f6glichen, das Beste aus dieser Substanz herauszuholen, ohne dass besondere Kontraindikationen vorliegen. Roter Reis ist vor allem wegen eines seiner Molek\u00fcle, Monacolin K, als Superfood bekannt, das Statinen sehr \u00e4hnlich ist und, wie bereits erw\u00e4hnt, schlechtes Cholesterin bek\u00e4mpfen kann. Wissenschaftliche Untersuchungen belegen, dass die Menge von 10 mg Monacolin K pro Tag einen normalen Cholesterinspiegel im Blut aufrechterh\u00e4lt. Die mit rotem Reis verbundenen Vorteile sind vielf\u00e4ltig, da er reich an Ballaststoffen, den Vitaminen B1 und B2, Kalzium und Eisen ist. Roter Reis eignet sich auch besser f\u00fcr Abnehmwillige und ist auch f\u00fcr Diabetiker und Herzpatienten sehr zu empfehlen. Diese Reissorte enth\u00e4lt Antioxidantien wie Zink und Mangan, die dem K\u00f6rper helfen k\u00f6nnen, freie Radikale zu bek\u00e4mpfen, die Gewebe und Zellen sch\u00e4digen. Es ist au\u00dferdem reich an Vitamin B6, das bei der Produktion von Serotonin und roten Blutk\u00f6rperchen hilft, die die Bildung von DNA unterst\u00fctzen. Roter Reis kann auch dazu beitragen, sowohl Cholesterin als auch Blutzucker zu senken und das Risiko von Fettleibigkeit zu senken. Au\u00dferdem hilft er bei der Bek\u00e4mpfung von Asthma. Au\u00dferdem ist er reich an Ballaststoffen und unterst\u00fctzt die Knochengesundheit. Dieses nat\u00fcrlich ballaststoffreiche Nahrungserg\u00e4nzungsmittel ist au\u00dferdem reich an Antioxidantien, die zur Gesundheit und Festigkeit der Haut beitragen.<\/p>\n","protected":false},"excerpt":{"rendered":"<p>Fermentierter roter Reis ist ein Getreide, das, wenn es mit der Hefe Monascus purpureus (auch als rote Hefe bekannt) fermentiert wird, die charakteristische Farbe annimmt, die ihm seinen Namen gab, und mit Monacolin K vom Typ K angereichert ist. Es hat eine ausgepr\u00e4gte hypocholesterin\u00e4mische Wirkung. Mit anderen Worten: Die Eigenschaft von rotem Hefereis besteht darin, [&hellip;]<\/p>\n","protected":false},"featured_media":6748,"template":"","meta":{"_acf_changed":false,"inline_featured_image":false},"product_brand":[],"product_cat":[1486],"product_tag":[],"class_list":{"0":"post-6747","1":"product","2":"type-product","3":"status-publish","4":"has-post-thumbnail","6":"product_beauty-colesterolo","7":"product_beauty-gola","8":"product_beauty-insonnia","9":"product_beauty-rilassante","10":"product_beauty-sistema-immunitario","11":"product_beauty-stress","12":"product_beauty-vie-respiratorie","13":"product_kind-integrazione-alimentare","14":"product_lines-benessere","15":"product_cat-benessere-de","16":"pa_size-60-cps-de","18":"first","19":"outofstock","20":"taxable","21":"shipping-taxable","22":"purchasable","23":"product-type-simple"},"acf":[],"yoast_head":"<!-- This site is optimized with the Yoast SEO plugin v24.6 - https:\/\/yoast.com\/wordpress\/plugins\/seo\/ -->\n<title>Fermentierter roter Reis - Uniest<\/title>\n<meta name=\"robots\" content=\"index, follow, max-snippet:-1, max-image-preview:large, max-video-preview:-1\" \/>\n<link rel=\"canonical\" href=\"https:\/\/uniest.it\/prodotto\/fermentierter-roter-reis\/\" \/>\n<meta property=\"og:locale\" content=\"de_DE\" \/>\n<meta property=\"og:type\" content=\"article\" \/>\n<meta property=\"og:title\" content=\"Fermentierter roter Reis - Uniest\" \/>\n<meta property=\"og:description\" content=\"Fermentierter roter Reis ist ein Getreide, das, wenn es mit der Hefe Monascus purpureus (auch als rote Hefe bekannt) fermentiert wird, die charakteristische Farbe annimmt, die ihm seinen Namen gab, und mit Monacolin K vom Typ K angereichert ist. Es hat eine ausgepr\u00e4gte hypocholesterin\u00e4mische Wirkung. Mit anderen Worten: Die Eigenschaft von rotem Hefereis besteht darin, [&hellip;]\" \/>\n<meta property=\"og:url\" content=\"https:\/\/uniest.it\/prodotto\/fermentierter-roter-reis\/\" \/>\n<meta property=\"og:site_name\" content=\"Uniest\" \/>\n<meta name=\"twitter:card\" content=\"summary_large_image\" \/>\n<meta name=\"twitter:label1\" content=\"Gesch\u00e4tzte Lesezeit\" \/>\n\t<meta name=\"twitter:data1\" content=\"2\u00a0Minuten\" \/>\n<script type=\"application\/ld+json\" class=\"yoast-schema-graph\">{\"@context\":\"https:\/\/schema.org\",\"@graph\":[{\"@type\":\"WebPage\",\"@id\":\"https:\/\/uniest.it\/prodotto\/fermentierter-roter-reis\/\",\"url\":\"https:\/\/uniest.it\/prodotto\/fermentierter-roter-reis\/\",\"name\":\"Fermentierter roter Reis - Uniest\",\"isPartOf\":{\"@id\":\"https:\/\/uniest.it\/#website\"},\"primaryImageOfPage\":{\"@id\":\"https:\/\/uniest.it\/prodotto\/fermentierter-roter-reis\/#primaryimage\"},\"image\":{\"@id\":\"https:\/\/uniest.it\/prodotto\/fermentierter-roter-reis\/#primaryimage\"},\"thumbnailUrl\":\"https:\/\/uniest.it\/wp-content\/uploads\/2020\/12\/003FITO-CAP.png\",\"datePublished\":\"2024-10-29T17:55:02+00:00\",\"breadcrumb\":{\"@id\":\"https:\/\/uniest.it\/prodotto\/fermentierter-roter-reis\/#breadcrumb\"},\"inLanguage\":\"de\",\"potentialAction\":[{\"@type\":\"ReadAction\",\"target\":[\"https:\/\/uniest.it\/prodotto\/fermentierter-roter-reis\/\"]}]},{\"@type\":\"ImageObject\",\"inLanguage\":\"de\",\"@id\":\"https:\/\/uniest.it\/prodotto\/fermentierter-roter-reis\/#primaryimage\",\"url\":\"https:\/\/uniest.it\/wp-content\/uploads\/2020\/12\/003FITO-CAP.png\",\"contentUrl\":\"https:\/\/uniest.it\/wp-content\/uploads\/2020\/12\/003FITO-CAP.png\",\"width\":1283,\"height\":2000},{\"@type\":\"BreadcrumbList\",\"@id\":\"https:\/\/uniest.it\/prodotto\/fermentierter-roter-reis\/#breadcrumb\",\"itemListElement\":[{\"@type\":\"ListItem\",\"position\":1,\"name\":\"Home\",\"item\":\"https:\/\/uniest.it\/de\/\"},{\"@type\":\"ListItem\",\"position\":2,\"name\":\"Shop\",\"item\":\"https:\/\/uniest.it\/shop\/\"},{\"@type\":\"ListItem\",\"position\":3,\"name\":\"Fermentierter roter Reis\"}]},{\"@type\":\"WebSite\",\"@id\":\"https:\/\/uniest.it\/#website\",\"url\":\"https:\/\/uniest.it\/\",\"name\":\"Uniest\",\"description\":\"Cosmetici Naturali e Bio\",\"potentialAction\":[{\"@type\":\"SearchAction\",\"target\":{\"@type\":\"EntryPoint\",\"urlTemplate\":\"https:\/\/uniest.it\/?s={search_term_string}\"},\"query-input\":{\"@type\":\"PropertyValueSpecification\",\"valueRequired\":true,\"valueName\":\"search_term_string\"}}],\"inLanguage\":\"de\"}]}<\/script>\n<!-- \/ Yoast SEO plugin. -->","yoast_head_json":{"title":"Fermentierter roter Reis - Uniest","robots":{"index":"index","follow":"follow","max-snippet":"max-snippet:-1","max-image-preview":"max-image-preview:large","max-video-preview":"max-video-preview:-1"},"canonical":"https:\/\/uniest.it\/prodotto\/fermentierter-roter-reis\/","og_locale":"de_DE","og_type":"article","og_title":"Fermentierter roter Reis - Uniest","og_description":"Fermentierter roter Reis ist ein Getreide, das, wenn es mit der Hefe Monascus purpureus (auch als rote Hefe bekannt) fermentiert wird, die charakteristische Farbe annimmt, die ihm seinen Namen gab, und mit Monacolin K vom Typ K angereichert ist. Es hat eine ausgepr\u00e4gte hypocholesterin\u00e4mische Wirkung. Mit anderen Worten: Die Eigenschaft von rotem Hefereis besteht darin, [&hellip;]","og_url":"https:\/\/uniest.it\/prodotto\/fermentierter-roter-reis\/","og_site_name":"Uniest","twitter_card":"summary_large_image","twitter_misc":{"Gesch\u00e4tzte Lesezeit":"2\u00a0Minuten"},"schema":{"@context":"https:\/\/schema.org","@graph":[{"@type":"WebPage","@id":"https:\/\/uniest.it\/prodotto\/fermentierter-roter-reis\/","url":"https:\/\/uniest.it\/prodotto\/fermentierter-roter-reis\/","name":"Fermentierter roter Reis - Uniest","isPartOf":{"@id":"https:\/\/uniest.it\/#website"},"primaryImageOfPage":{"@id":"https:\/\/uniest.it\/prodotto\/fermentierter-roter-reis\/#primaryimage"},"image":{"@id":"https:\/\/uniest.it\/prodotto\/fermentierter-roter-reis\/#primaryimage"},"thumbnailUrl":"https:\/\/uniest.it\/wp-content\/uploads\/2020\/12\/003FITO-CAP.png","datePublished":"2024-10-29T17:55:02+00:00","breadcrumb":{"@id":"https:\/\/uniest.it\/prodotto\/fermentierter-roter-reis\/#breadcrumb"},"inLanguage":"de","potentialAction":[{"@type":"ReadAction","target":["https:\/\/uniest.it\/prodotto\/fermentierter-roter-reis\/"]}]},{"@type":"ImageObject","inLanguage":"de","@id":"https:\/\/uniest.it\/prodotto\/fermentierter-roter-reis\/#primaryimage","url":"https:\/\/uniest.it\/wp-content\/uploads\/2020\/12\/003FITO-CAP.png","contentUrl":"https:\/\/uniest.it\/wp-content\/uploads\/2020\/12\/003FITO-CAP.png","width":1283,"height":2000},{"@type":"BreadcrumbList","@id":"https:\/\/uniest.it\/prodotto\/fermentierter-roter-reis\/#breadcrumb","itemListElement":[{"@type":"ListItem","position":1,"name":"Home","item":"https:\/\/uniest.it\/de\/"},{"@type":"ListItem","position":2,"name":"Shop","item":"https:\/\/uniest.it\/shop\/"},{"@type":"ListItem","position":3,"name":"Fermentierter roter Reis"}]},{"@type":"WebSite","@id":"https:\/\/uniest.it\/#website","url":"https:\/\/uniest.it\/","name":"Uniest","description":"Cosmetici Naturali e Bio","potentialAction":[{"@type":"SearchAction","target":{"@type":"EntryPoint","urlTemplate":"https:\/\/uniest.it\/?s={search_term_string}"},"query-input":{"@type":"PropertyValueSpecification","valueRequired":true,"valueName":"search_term_string"}}],"inLanguage":"de"}]}},"_links":{"self":[{"href":"https:\/\/uniest.it\/de\/wp-json\/wp\/v2\/product\/6747","targetHints":{"allow":["GET"]}}],"collection":[{"href":"https:\/\/uniest.it\/de\/wp-json\/wp\/v2\/product"}],"about":[{"href":"https:\/\/uniest.it\/de\/wp-json\/wp\/v2\/types\/product"}],"wp:featuredmedia":[{"embeddable":true,"href":"https:\/\/uniest.it\/de\/wp-json\/wp\/v2\/media\/6748"}],"wp:attachment":[{"href":"https:\/\/uniest.it\/de\/wp-json\/wp\/v2\/media?parent=6747"}],"wp:term":[{"taxonomy":"product_brand","embeddable":true,"href":"https:\/\/uniest.it\/de\/wp-json\/wp\/v2\/product_brand?post=6747"},{"taxonomy":"product_cat","embeddable":true,"href":"https:\/\/uniest.it\/de\/wp-json\/wp\/v2\/product_cat?post=6747"},{"taxonomy":"product_tag","embeddable":true,"href":"https:\/\/uniest.it\/de\/wp-json\/wp\/v2\/product_tag?post=6747"}],"curies":[{"name":"wp","href":"https:\/\/api.w.org\/{rel}","templated":true}]}}