{"id":6750,"date":"2021-02-04T12:55:55","date_gmt":"2024-10-29T17:55:02","guid":{"rendered":"https:\/\/uniest.it\/prodotto\/entspannende-massagecreme\/"},"modified":"2025-02-04T00:00:34","modified_gmt":"2025-02-03T23:00:34","slug":"entspannende-massagecreme","status":"publish","type":"product","link":"https:\/\/uniest.it\/de\/prodotto\/entspannende-massagecreme\/","title":{"rendered":"Entspannende Massagecreme"},"content":{"rendered":"<p>Relax Massage ist eine weiche, lang wirkende Creme, die speziell f\u00fcr einen guten Fluss und eine gute Feuchtigkeitsversorgung w\u00e4hrend der Massage entwickelt wurde. F\u00fcr jedes Alter und jeden Hauttyp geeignet. Natives Oliven\u00f6l extra gilt als echtes \u201eNutrazeutikum\u201c und ist reich an den Vitaminen A, E, F, B, Lecithin, Mineralsalzen und Enzymen, w\u00e4hrend Rotwein aufgrund seiner vielf\u00e4ltigen Wirkung reich an Alphahydroxys\u00e4uren, Polyphenolen, Zuckern und Lipiden ist Sie wirken auf unsere Haut und gelten als starker Verb\u00fcndeter der Sch\u00f6nheit. Das DOP-Oliven\u00f6l Extra Vergine und der DOC-Wein stammen beide vom Gardasee und haben nachweislich blutdrucksenkende, antioxidative, aufhellende, Anti-Aging- und sch\u00fctzende Eigenschaften. Angereichert mit Bio-Sheabutter*, um die n\u00e4hrende und feuchtigkeitsspendende Wirkung zu verst\u00e4rken.<\/p>\n","protected":false},"excerpt":{"rendered":"<p>Relax Massage ist eine weiche, lang wirkende Creme, die speziell f\u00fcr einen guten Fluss und eine gute Feuchtigkeitsversorgung w\u00e4hrend der Massage entwickelt wurde. F\u00fcr jedes Alter und jeden Hauttyp geeignet. Natives Oliven\u00f6l extra gilt als echtes \u201eNutrazeutikum\u201c und ist reich an den Vitaminen A, E, F, B, Lecithin, Mineralsalzen und Enzymen, w\u00e4hrend Rotwein aufgrund seiner [&hellip;]<\/p>\n","protected":false},"featured_media":6751,"template":"","meta":{"_acf_changed":false,"inline_featured_image":false},"product_brand":[],"product_cat":[1492,1489],"product_tag":[],"class_list":{"0":"post-6750","1":"product","2":"type-product","3":"status-publish","4":"has-post-thumbnail","6":"product_beauty-aromatizzare-e-profumare","7":"product_beauty-idratare","8":"product_beauty-nutrire-e-rigenerare","9":"product_skin-tutte-le-pelli","10":"product_kind-speciale-sport","11":"product_kind-trattamenti-speciali","12":"product_kind-tutte-le-creme-corpo","13":"product_lines-garda-lake-beauty","14":"product_cat-garda-lake-beauty-de","15":"product_cat-corpo-de","16":"pa_size-200-de","18":"first","19":"instock","20":"taxable","21":"shipping-taxable","22":"purchasable","23":"product-type-simple"},"acf":[],"yoast_head":"<!-- This site is optimized with the Yoast SEO plugin v24.6 - https:\/\/yoast.com\/wordpress\/plugins\/seo\/ -->\n<title>Entspannende Massagecreme - Uniest<\/title>\n<meta name=\"robots\" content=\"index, follow, max-snippet:-1, max-image-preview:large, max-video-preview:-1\" \/>\n<link rel=\"canonical\" href=\"https:\/\/uniest.it\/prodotto\/entspannende-massagecreme\/\" \/>\n<meta property=\"og:locale\" content=\"de_DE\" \/>\n<meta property=\"og:type\" content=\"article\" \/>\n<meta property=\"og:title\" content=\"Entspannende Massagecreme - Uniest\" \/>\n<meta property=\"og:description\" content=\"Relax Massage ist eine weiche, lang wirkende Creme, die speziell f\u00fcr einen guten Fluss und eine gute Feuchtigkeitsversorgung w\u00e4hrend der Massage entwickelt wurde. F\u00fcr jedes Alter und jeden Hauttyp geeignet. Natives Oliven\u00f6l extra gilt als echtes \u201eNutrazeutikum\u201c und ist reich an den Vitaminen A, E, F, B, Lecithin, Mineralsalzen und Enzymen, w\u00e4hrend Rotwein aufgrund seiner [&hellip;]\" \/>\n<meta property=\"og:url\" content=\"https:\/\/uniest.it\/prodotto\/entspannende-massagecreme\/\" \/>\n<meta property=\"og:site_name\" content=\"Uniest\" \/>\n<meta property=\"article:modified_time\" content=\"2025-02-03T23:00:34+00:00\" \/>\n<meta name=\"twitter:card\" content=\"summary_large_image\" \/>\n<meta name=\"twitter:label1\" content=\"Gesch\u00e4tzte Lesezeit\" \/>\n\t<meta name=\"twitter:data1\" content=\"1\u00a0Minute\" \/>\n<script type=\"application\/ld+json\" class=\"yoast-schema-graph\">{\"@context\":\"https:\/\/schema.org\",\"@graph\":[{\"@type\":\"WebPage\",\"@id\":\"https:\/\/uniest.it\/prodotto\/entspannende-massagecreme\/\",\"url\":\"https:\/\/uniest.it\/prodotto\/entspannende-massagecreme\/\",\"name\":\"Entspannende Massagecreme - Uniest\",\"isPartOf\":{\"@id\":\"https:\/\/uniest.it\/#website\"},\"primaryImageOfPage\":{\"@id\":\"https:\/\/uniest.it\/prodotto\/entspannende-massagecreme\/#primaryimage\"},\"image\":{\"@id\":\"https:\/\/uniest.it\/prodotto\/entspannende-massagecreme\/#primaryimage\"},\"thumbnailUrl\":\"https:\/\/uniest.it\/wp-content\/uploads\/2020\/11\/003LGB.png\",\"datePublished\":\"2024-10-29T17:55:02+00:00\",\"dateModified\":\"2025-02-03T23:00:34+00:00\",\"breadcrumb\":{\"@id\":\"https:\/\/uniest.it\/prodotto\/entspannende-massagecreme\/#breadcrumb\"},\"inLanguage\":\"de\",\"potentialAction\":[{\"@type\":\"ReadAction\",\"target\":[\"https:\/\/uniest.it\/prodotto\/entspannende-massagecreme\/\"]}]},{\"@type\":\"ImageObject\",\"inLanguage\":\"de\",\"@id\":\"https:\/\/uniest.it\/prodotto\/entspannende-massagecreme\/#primaryimage\",\"url\":\"https:\/\/uniest.it\/wp-content\/uploads\/2020\/11\/003LGB.png\",\"contentUrl\":\"https:\/\/uniest.it\/wp-content\/uploads\/2020\/11\/003LGB.png\",\"width\":1283,\"height\":2000,\"caption\":\"Crema Relax Massaggio\"},{\"@type\":\"BreadcrumbList\",\"@id\":\"https:\/\/uniest.it\/prodotto\/entspannende-massagecreme\/#breadcrumb\",\"itemListElement\":[{\"@type\":\"ListItem\",\"position\":1,\"name\":\"Home\",\"item\":\"https:\/\/uniest.it\/de\/\"},{\"@type\":\"ListItem\",\"position\":2,\"name\":\"Shop\",\"item\":\"https:\/\/uniest.it\/shop\/\"},{\"@type\":\"ListItem\",\"position\":3,\"name\":\"Entspannende Massagecreme\"}]},{\"@type\":\"WebSite\",\"@id\":\"https:\/\/uniest.it\/#website\",\"url\":\"https:\/\/uniest.it\/\",\"name\":\"Uniest\",\"description\":\"Cosmetici Naturali e Bio\",\"potentialAction\":[{\"@type\":\"SearchAction\",\"target\":{\"@type\":\"EntryPoint\",\"urlTemplate\":\"https:\/\/uniest.it\/?s={search_term_string}\"},\"query-input\":{\"@type\":\"PropertyValueSpecification\",\"valueRequired\":true,\"valueName\":\"search_term_string\"}}],\"inLanguage\":\"de\"}]}<\/script>\n<!-- \/ Yoast SEO plugin. -->","yoast_head_json":{"title":"Entspannende Massagecreme - Uniest","robots":{"index":"index","follow":"follow","max-snippet":"max-snippet:-1","max-image-preview":"max-image-preview:large","max-video-preview":"max-video-preview:-1"},"canonical":"https:\/\/uniest.it\/prodotto\/entspannende-massagecreme\/","og_locale":"de_DE","og_type":"article","og_title":"Entspannende Massagecreme - Uniest","og_description":"Relax Massage ist eine weiche, lang wirkende Creme, die speziell f\u00fcr einen guten Fluss und eine gute Feuchtigkeitsversorgung w\u00e4hrend der Massage entwickelt wurde. F\u00fcr jedes Alter und jeden Hauttyp geeignet. Natives Oliven\u00f6l extra gilt als echtes \u201eNutrazeutikum\u201c und ist reich an den Vitaminen A, E, F, B, Lecithin, Mineralsalzen und Enzymen, w\u00e4hrend Rotwein aufgrund seiner [&hellip;]","og_url":"https:\/\/uniest.it\/prodotto\/entspannende-massagecreme\/","og_site_name":"Uniest","article_modified_time":"2025-02-03T23:00:34+00:00","twitter_card":"summary_large_image","twitter_misc":{"Gesch\u00e4tzte Lesezeit":"1\u00a0Minute"},"schema":{"@context":"https:\/\/schema.org","@graph":[{"@type":"WebPage","@id":"https:\/\/uniest.it\/prodotto\/entspannende-massagecreme\/","url":"https:\/\/uniest.it\/prodotto\/entspannende-massagecreme\/","name":"Entspannende Massagecreme - Uniest","isPartOf":{"@id":"https:\/\/uniest.it\/#website"},"primaryImageOfPage":{"@id":"https:\/\/uniest.it\/prodotto\/entspannende-massagecreme\/#primaryimage"},"image":{"@id":"https:\/\/uniest.it\/prodotto\/entspannende-massagecreme\/#primaryimage"},"thumbnailUrl":"https:\/\/uniest.it\/wp-content\/uploads\/2020\/11\/003LGB.png","datePublished":"2024-10-29T17:55:02+00:00","dateModified":"2025-02-03T23:00:34+00:00","breadcrumb":{"@id":"https:\/\/uniest.it\/prodotto\/entspannende-massagecreme\/#breadcrumb"},"inLanguage":"de","potentialAction":[{"@type":"ReadAction","target":["https:\/\/uniest.it\/prodotto\/entspannende-massagecreme\/"]}]},{"@type":"ImageObject","inLanguage":"de","@id":"https:\/\/uniest.it\/prodotto\/entspannende-massagecreme\/#primaryimage","url":"https:\/\/uniest.it\/wp-content\/uploads\/2020\/11\/003LGB.png","contentUrl":"https:\/\/uniest.it\/wp-content\/uploads\/2020\/11\/003LGB.png","width":1283,"height":2000,"caption":"Crema Relax Massaggio"},{"@type":"BreadcrumbList","@id":"https:\/\/uniest.it\/prodotto\/entspannende-massagecreme\/#breadcrumb","itemListElement":[{"@type":"ListItem","position":1,"name":"Home","item":"https:\/\/uniest.it\/de\/"},{"@type":"ListItem","position":2,"name":"Shop","item":"https:\/\/uniest.it\/shop\/"},{"@type":"ListItem","position":3,"name":"Entspannende Massagecreme"}]},{"@type":"WebSite","@id":"https:\/\/uniest.it\/#website","url":"https:\/\/uniest.it\/","name":"Uniest","description":"Cosmetici Naturali e Bio","potentialAction":[{"@type":"SearchAction","target":{"@type":"EntryPoint","urlTemplate":"https:\/\/uniest.it\/?s={search_term_string}"},"query-input":{"@type":"PropertyValueSpecification","valueRequired":true,"valueName":"search_term_string"}}],"inLanguage":"de"}]}},"_links":{"self":[{"href":"https:\/\/uniest.it\/de\/wp-json\/wp\/v2\/product\/6750","targetHints":{"allow":["GET"]}}],"collection":[{"href":"https:\/\/uniest.it\/de\/wp-json\/wp\/v2\/product"}],"about":[{"href":"https:\/\/uniest.it\/de\/wp-json\/wp\/v2\/types\/product"}],"wp:featuredmedia":[{"embeddable":true,"href":"https:\/\/uniest.it\/de\/wp-json\/wp\/v2\/media\/6751"}],"wp:attachment":[{"href":"https:\/\/uniest.it\/de\/wp-json\/wp\/v2\/media?parent=6750"}],"wp:term":[{"taxonomy":"product_brand","embeddable":true,"href":"https:\/\/uniest.it\/de\/wp-json\/wp\/v2\/product_brand?post=6750"},{"taxonomy":"product_cat","embeddable":true,"href":"https:\/\/uniest.it\/de\/wp-json\/wp\/v2\/product_cat?post=6750"},{"taxonomy":"product_tag","embeddable":true,"href":"https:\/\/uniest.it\/de\/wp-json\/wp\/v2\/product_tag?post=6750"}],"curies":[{"name":"wp","href":"https:\/\/api.w.org\/{rel}","templated":true}]}}