{"id":6756,"date":"2024-10-29T18:55:03","date_gmt":"2024-10-29T17:55:03","guid":{"rendered":"https:\/\/uniest.it\/prodotto\/weisse-weide\/"},"modified":"2024-10-29T18:55:03","modified_gmt":"2024-10-29T17:55:03","slug":"weisse-weide","status":"publish","type":"product","link":"https:\/\/uniest.it\/de\/prodotto\/weisse-weide\/","title":{"rendered":"Wei\u00dfe Weide"},"content":{"rendered":"<p>Weide (Salix alba) ist eine Pflanze aus der Familie der Salicaceae, die f\u00fcr ihre entz\u00fcndungshemmenden, antineuralgischen und fiebersenkenden Eigenschaften bekannt ist. Sie hilft gegen Rheuma, Kopfschmerzen und Fieber. Die Rinde 2-3 Jahre alter Weidenzweige enth\u00e4lt phenolische Glykoside (Salicin, Populin, Salicylalkohol), Aldehyde, aromatische S\u00e4uren, Flavonoide (Isoquercetin) und Tannine. Tats\u00e4chlich ist Salicin aufgrund seiner schmerzstillenden, fiebersenkenden und antirheumatischen Eigenschaften der interessanteste Wirkstoff der Pflanze. F\u00fcr diese Wirkungen wird Weide als nat\u00fcrliches entz\u00fcndungshemmendes, antineuralgisches und fiebersenkendes Nahrungserg\u00e4nzungsmittel verwendet und ist daher n\u00fctzlich bei Rheuma, Gelenk- und Muskelschmerzen, R\u00fcckenschmerzen, Neuralgien, hervorragend gegen Kopfschmerzen, Fieber und Erk\u00e4ltungen. Was Spirea betrifft, so hat der in der Rinde der Silberweide enthaltene Phytokomplex eine deutlich weniger reizende Wirkung auf die Magenschleimhaut als Acetylsalicyls\u00e4ure (Bestandteil eines bekannten Arzneimittels); Dar\u00fcber hinaus verst\u00e4rkt die gef\u00e4\u00dfsch\u00fctzende Wirkung der Flavonoide deren entz\u00fcndungshemmende Wirkung.<\/p>\n","protected":false},"excerpt":{"rendered":"<p>Weide (Salix alba) ist eine Pflanze aus der Familie der Salicaceae, die f\u00fcr ihre entz\u00fcndungshemmenden, antineuralgischen und fiebersenkenden Eigenschaften bekannt ist. Sie hilft gegen Rheuma, Kopfschmerzen und Fieber. Die Rinde 2-3 Jahre alter Weidenzweige enth\u00e4lt phenolische Glykoside (Salicin, Populin, Salicylalkohol), Aldehyde, aromatische S\u00e4uren, Flavonoide (Isoquercetin) und Tannine. Tats\u00e4chlich ist Salicin aufgrund seiner schmerzstillenden, fiebersenkenden und [&hellip;]<\/p>\n","protected":false},"featured_media":6757,"template":"","meta":{"_acf_changed":false,"inline_featured_image":false},"product_brand":[],"product_cat":[1486],"product_tag":[],"class_list":{"0":"post-6756","1":"product","2":"type-product","3":"status-publish","4":"has-post-thumbnail","6":"product_beauty-antinfiammatoria","7":"product_beauty-antireumatiche","8":"product_beauty-calmante","9":"product_beauty-gola","10":"product_beauty-lenitivo","11":"product_beauty-mal-di-testa","12":"product_beauty-sedativo","13":"product_beauty-sistema-immunitario","14":"product_kind-integrazione-alimentare","15":"product_lines-benessere","16":"product_cat-benessere-de","17":"pa_size-50-de","19":"first","20":"outofstock","21":"taxable","22":"shipping-taxable","23":"purchasable","24":"product-type-simple"},"acf":[],"yoast_head":"<!-- This site is optimized with the Yoast SEO plugin v24.6 - https:\/\/yoast.com\/wordpress\/plugins\/seo\/ -->\n<title>Wei\u00dfe Weide - Uniest<\/title>\n<meta name=\"robots\" content=\"index, follow, max-snippet:-1, max-image-preview:large, max-video-preview:-1\" \/>\n<link rel=\"canonical\" href=\"https:\/\/uniest.it\/prodotto\/weisse-weide\/\" \/>\n<meta property=\"og:locale\" content=\"de_DE\" \/>\n<meta property=\"og:type\" content=\"article\" \/>\n<meta property=\"og:title\" content=\"Wei\u00dfe Weide - Uniest\" \/>\n<meta property=\"og:description\" content=\"Weide (Salix alba) ist eine Pflanze aus der Familie der Salicaceae, die f\u00fcr ihre entz\u00fcndungshemmenden, antineuralgischen und fiebersenkenden Eigenschaften bekannt ist. Sie hilft gegen Rheuma, Kopfschmerzen und Fieber. Die Rinde 2-3 Jahre alter Weidenzweige enth\u00e4lt phenolische Glykoside (Salicin, Populin, Salicylalkohol), Aldehyde, aromatische S\u00e4uren, Flavonoide (Isoquercetin) und Tannine. Tats\u00e4chlich ist Salicin aufgrund seiner schmerzstillenden, fiebersenkenden und [&hellip;]\" \/>\n<meta property=\"og:url\" content=\"https:\/\/uniest.it\/prodotto\/weisse-weide\/\" \/>\n<meta property=\"og:site_name\" content=\"Uniest\" \/>\n<meta name=\"twitter:card\" content=\"summary_large_image\" \/>\n<meta name=\"twitter:label1\" content=\"Gesch\u00e4tzte Lesezeit\" \/>\n\t<meta name=\"twitter:data1\" content=\"1\u00a0Minute\" \/>\n<script type=\"application\/ld+json\" class=\"yoast-schema-graph\">{\"@context\":\"https:\/\/schema.org\",\"@graph\":[{\"@type\":\"WebPage\",\"@id\":\"https:\/\/uniest.it\/prodotto\/weisse-weide\/\",\"url\":\"https:\/\/uniest.it\/prodotto\/weisse-weide\/\",\"name\":\"Wei\u00dfe Weide - Uniest\",\"isPartOf\":{\"@id\":\"https:\/\/uniest.it\/#website\"},\"primaryImageOfPage\":{\"@id\":\"https:\/\/uniest.it\/prodotto\/weisse-weide\/#primaryimage\"},\"image\":{\"@id\":\"https:\/\/uniest.it\/prodotto\/weisse-weide\/#primaryimage\"},\"thumbnailUrl\":\"https:\/\/uniest.it\/wp-content\/uploads\/2020\/12\/003ZTM.png\",\"datePublished\":\"2024-10-29T17:55:03+00:00\",\"breadcrumb\":{\"@id\":\"https:\/\/uniest.it\/prodotto\/weisse-weide\/#breadcrumb\"},\"inLanguage\":\"de\",\"potentialAction\":[{\"@type\":\"ReadAction\",\"target\":[\"https:\/\/uniest.it\/prodotto\/weisse-weide\/\"]}]},{\"@type\":\"ImageObject\",\"inLanguage\":\"de\",\"@id\":\"https:\/\/uniest.it\/prodotto\/weisse-weide\/#primaryimage\",\"url\":\"https:\/\/uniest.it\/wp-content\/uploads\/2020\/12\/003ZTM.png\",\"contentUrl\":\"https:\/\/uniest.it\/wp-content\/uploads\/2020\/12\/003ZTM.png\",\"width\":1283,\"height\":2000},{\"@type\":\"BreadcrumbList\",\"@id\":\"https:\/\/uniest.it\/prodotto\/weisse-weide\/#breadcrumb\",\"itemListElement\":[{\"@type\":\"ListItem\",\"position\":1,\"name\":\"Home\",\"item\":\"https:\/\/uniest.it\/de\/\"},{\"@type\":\"ListItem\",\"position\":2,\"name\":\"Shop\",\"item\":\"https:\/\/uniest.it\/shop\/\"},{\"@type\":\"ListItem\",\"position\":3,\"name\":\"Wei\u00dfe Weide\"}]},{\"@type\":\"WebSite\",\"@id\":\"https:\/\/uniest.it\/#website\",\"url\":\"https:\/\/uniest.it\/\",\"name\":\"Uniest\",\"description\":\"Cosmetici Naturali e Bio\",\"potentialAction\":[{\"@type\":\"SearchAction\",\"target\":{\"@type\":\"EntryPoint\",\"urlTemplate\":\"https:\/\/uniest.it\/?s={search_term_string}\"},\"query-input\":{\"@type\":\"PropertyValueSpecification\",\"valueRequired\":true,\"valueName\":\"search_term_string\"}}],\"inLanguage\":\"de\"}]}<\/script>\n<!-- \/ Yoast SEO plugin. -->","yoast_head_json":{"title":"Wei\u00dfe Weide - Uniest","robots":{"index":"index","follow":"follow","max-snippet":"max-snippet:-1","max-image-preview":"max-image-preview:large","max-video-preview":"max-video-preview:-1"},"canonical":"https:\/\/uniest.it\/prodotto\/weisse-weide\/","og_locale":"de_DE","og_type":"article","og_title":"Wei\u00dfe Weide - Uniest","og_description":"Weide (Salix alba) ist eine Pflanze aus der Familie der Salicaceae, die f\u00fcr ihre entz\u00fcndungshemmenden, antineuralgischen und fiebersenkenden Eigenschaften bekannt ist. Sie hilft gegen Rheuma, Kopfschmerzen und Fieber. Die Rinde 2-3 Jahre alter Weidenzweige enth\u00e4lt phenolische Glykoside (Salicin, Populin, Salicylalkohol), Aldehyde, aromatische S\u00e4uren, Flavonoide (Isoquercetin) und Tannine. Tats\u00e4chlich ist Salicin aufgrund seiner schmerzstillenden, fiebersenkenden und [&hellip;]","og_url":"https:\/\/uniest.it\/prodotto\/weisse-weide\/","og_site_name":"Uniest","twitter_card":"summary_large_image","twitter_misc":{"Gesch\u00e4tzte Lesezeit":"1\u00a0Minute"},"schema":{"@context":"https:\/\/schema.org","@graph":[{"@type":"WebPage","@id":"https:\/\/uniest.it\/prodotto\/weisse-weide\/","url":"https:\/\/uniest.it\/prodotto\/weisse-weide\/","name":"Wei\u00dfe Weide - Uniest","isPartOf":{"@id":"https:\/\/uniest.it\/#website"},"primaryImageOfPage":{"@id":"https:\/\/uniest.it\/prodotto\/weisse-weide\/#primaryimage"},"image":{"@id":"https:\/\/uniest.it\/prodotto\/weisse-weide\/#primaryimage"},"thumbnailUrl":"https:\/\/uniest.it\/wp-content\/uploads\/2020\/12\/003ZTM.png","datePublished":"2024-10-29T17:55:03+00:00","breadcrumb":{"@id":"https:\/\/uniest.it\/prodotto\/weisse-weide\/#breadcrumb"},"inLanguage":"de","potentialAction":[{"@type":"ReadAction","target":["https:\/\/uniest.it\/prodotto\/weisse-weide\/"]}]},{"@type":"ImageObject","inLanguage":"de","@id":"https:\/\/uniest.it\/prodotto\/weisse-weide\/#primaryimage","url":"https:\/\/uniest.it\/wp-content\/uploads\/2020\/12\/003ZTM.png","contentUrl":"https:\/\/uniest.it\/wp-content\/uploads\/2020\/12\/003ZTM.png","width":1283,"height":2000},{"@type":"BreadcrumbList","@id":"https:\/\/uniest.it\/prodotto\/weisse-weide\/#breadcrumb","itemListElement":[{"@type":"ListItem","position":1,"name":"Home","item":"https:\/\/uniest.it\/de\/"},{"@type":"ListItem","position":2,"name":"Shop","item":"https:\/\/uniest.it\/shop\/"},{"@type":"ListItem","position":3,"name":"Wei\u00dfe Weide"}]},{"@type":"WebSite","@id":"https:\/\/uniest.it\/#website","url":"https:\/\/uniest.it\/","name":"Uniest","description":"Cosmetici Naturali e Bio","potentialAction":[{"@type":"SearchAction","target":{"@type":"EntryPoint","urlTemplate":"https:\/\/uniest.it\/?s={search_term_string}"},"query-input":{"@type":"PropertyValueSpecification","valueRequired":true,"valueName":"search_term_string"}}],"inLanguage":"de"}]}},"_links":{"self":[{"href":"https:\/\/uniest.it\/de\/wp-json\/wp\/v2\/product\/6756","targetHints":{"allow":["GET"]}}],"collection":[{"href":"https:\/\/uniest.it\/de\/wp-json\/wp\/v2\/product"}],"about":[{"href":"https:\/\/uniest.it\/de\/wp-json\/wp\/v2\/types\/product"}],"wp:featuredmedia":[{"embeddable":true,"href":"https:\/\/uniest.it\/de\/wp-json\/wp\/v2\/media\/6757"}],"wp:attachment":[{"href":"https:\/\/uniest.it\/de\/wp-json\/wp\/v2\/media?parent=6756"}],"wp:term":[{"taxonomy":"product_brand","embeddable":true,"href":"https:\/\/uniest.it\/de\/wp-json\/wp\/v2\/product_brand?post=6756"},{"taxonomy":"product_cat","embeddable":true,"href":"https:\/\/uniest.it\/de\/wp-json\/wp\/v2\/product_cat?post=6756"},{"taxonomy":"product_tag","embeddable":true,"href":"https:\/\/uniest.it\/de\/wp-json\/wp\/v2\/product_tag?post=6756"}],"curies":[{"name":"wp","href":"https:\/\/api.w.org\/{rel}","templated":true}]}}