{"id":6762,"date":"2021-02-04T12:56:17","date_gmt":"2024-10-29T17:55:04","guid":{"rendered":"https:\/\/uniest.it\/prodotto\/ringelblume-30-ml\/"},"modified":"2024-10-29T18:55:04","modified_gmt":"2024-10-29T17:55:04","slug":"ringelblume-30-ml","status":"publish","type":"product","link":"https:\/\/uniest.it\/de\/prodotto\/ringelblume-30-ml\/","title":{"rendered":"Ringelblume &#8211; 30 ml"},"content":{"rendered":"<p>Calendula ist eine nat\u00fcrliche Creme auf Basis des wertvollen Calendula-Pflanzenextrakts* aus biologischem Anbau, sie macht die Haut weich und beruhigt sie. Reich an Triterpenen, Flavonoiden, Polysacchariden, Carotinen und Phytosterinen. Seine beruhigenden Eigenschaften werden auf die nicht verseifbare Komponente aus Flavonoiden und Schleimstoffen zur\u00fcckgef\u00fchrt, w\u00e4hrend die immunstimulierende Wirkung auf die Polysaccharidkomponenten zur\u00fcckzuf\u00fchren ist.<\/p>\n","protected":false},"excerpt":{"rendered":"<p>Calendula ist eine nat\u00fcrliche Creme auf Basis des wertvollen Calendula-Pflanzenextrakts* aus biologischem Anbau, sie macht die Haut weich und beruhigt sie. Reich an Triterpenen, Flavonoiden, Polysacchariden, Carotinen und Phytosterinen. Seine beruhigenden Eigenschaften werden auf die nicht verseifbare Komponente aus Flavonoiden und Schleimstoffen zur\u00fcckgef\u00fchrt, w\u00e4hrend die immunstimulierende Wirkung auf die Polysaccharidkomponenten zur\u00fcckzuf\u00fchren ist.<\/p>\n","protected":false},"featured_media":6763,"template":"","meta":{"_acf_changed":false,"inline_featured_image":false},"product_brand":[],"product_cat":[1497,1493,1489],"product_tag":[],"class_list":{"0":"post-6762","1":"product","2":"type-product","3":"status-publish","4":"has-post-thumbnail","6":"product_beauty-idratare","7":"product_beauty-lenire","8":"product_beauty-proteggere","9":"product_beauty-purificare","10":"product_beauty-riequilibrare","11":"product_beauty-schiarire","12":"product_skin-tutte-le-pelli","13":"product_kind-creme-pelli-complesse","14":"product_kind-i-rimedi-dalla-natura","15":"product_kind-trattamenti-speciali","16":"product_kind-tutte-le-creme-corpo","17":"product_kind-tutte-le-creme-viso","18":"product_lines-i-rimedi-dalla-natura","19":"product_cat-viso-de","20":"product_cat-mani-e-piedi-de","21":"product_cat-corpo-de","22":"pa_size-30-de","24":"first","25":"instock","26":"taxable","27":"shipping-taxable","28":"purchasable","29":"product-type-simple"},"acf":[],"yoast_head":"<!-- This site is optimized with the Yoast SEO plugin v24.6 - https:\/\/yoast.com\/wordpress\/plugins\/seo\/ -->\n<title>Ringelblume - 30 ml - Uniest<\/title>\n<meta name=\"robots\" content=\"index, follow, max-snippet:-1, max-image-preview:large, max-video-preview:-1\" \/>\n<link rel=\"canonical\" href=\"https:\/\/uniest.it\/prodotto\/ringelblume-30-ml\/\" \/>\n<meta property=\"og:locale\" content=\"de_DE\" \/>\n<meta property=\"og:type\" content=\"article\" \/>\n<meta property=\"og:title\" content=\"Ringelblume - 30 ml - Uniest\" \/>\n<meta property=\"og:description\" content=\"Calendula ist eine nat\u00fcrliche Creme auf Basis des wertvollen Calendula-Pflanzenextrakts* aus biologischem Anbau, sie macht die Haut weich und beruhigt sie. Reich an Triterpenen, Flavonoiden, Polysacchariden, Carotinen und Phytosterinen. Seine beruhigenden Eigenschaften werden auf die nicht verseifbare Komponente aus Flavonoiden und Schleimstoffen zur\u00fcckgef\u00fchrt, w\u00e4hrend die immunstimulierende Wirkung auf die Polysaccharidkomponenten zur\u00fcckzuf\u00fchren ist.\" \/>\n<meta property=\"og:url\" content=\"https:\/\/uniest.it\/prodotto\/ringelblume-30-ml\/\" \/>\n<meta property=\"og:site_name\" content=\"Uniest\" \/>\n<meta name=\"twitter:card\" content=\"summary_large_image\" \/>\n<script type=\"application\/ld+json\" class=\"yoast-schema-graph\">{\"@context\":\"https:\/\/schema.org\",\"@graph\":[{\"@type\":\"WebPage\",\"@id\":\"https:\/\/uniest.it\/prodotto\/ringelblume-30-ml\/\",\"url\":\"https:\/\/uniest.it\/prodotto\/ringelblume-30-ml\/\",\"name\":\"Ringelblume - 30 ml - Uniest\",\"isPartOf\":{\"@id\":\"https:\/\/uniest.it\/#website\"},\"primaryImageOfPage\":{\"@id\":\"https:\/\/uniest.it\/prodotto\/ringelblume-30-ml\/#primaryimage\"},\"image\":{\"@id\":\"https:\/\/uniest.it\/prodotto\/ringelblume-30-ml\/#primaryimage\"},\"thumbnailUrl\":\"https:\/\/uniest.it\/wp-content\/uploads\/2020\/11\/004AAE.png\",\"datePublished\":\"2024-10-29T17:55:04+00:00\",\"breadcrumb\":{\"@id\":\"https:\/\/uniest.it\/prodotto\/ringelblume-30-ml\/#breadcrumb\"},\"inLanguage\":\"de\",\"potentialAction\":[{\"@type\":\"ReadAction\",\"target\":[\"https:\/\/uniest.it\/prodotto\/ringelblume-30-ml\/\"]}]},{\"@type\":\"ImageObject\",\"inLanguage\":\"de\",\"@id\":\"https:\/\/uniest.it\/prodotto\/ringelblume-30-ml\/#primaryimage\",\"url\":\"https:\/\/uniest.it\/wp-content\/uploads\/2020\/11\/004AAE.png\",\"contentUrl\":\"https:\/\/uniest.it\/wp-content\/uploads\/2020\/11\/004AAE.png\",\"width\":1283,\"height\":2000},{\"@type\":\"BreadcrumbList\",\"@id\":\"https:\/\/uniest.it\/prodotto\/ringelblume-30-ml\/#breadcrumb\",\"itemListElement\":[{\"@type\":\"ListItem\",\"position\":1,\"name\":\"Home\",\"item\":\"https:\/\/uniest.it\/de\/\"},{\"@type\":\"ListItem\",\"position\":2,\"name\":\"Shop\",\"item\":\"https:\/\/uniest.it\/shop\/\"},{\"@type\":\"ListItem\",\"position\":3,\"name\":\"Ringelblume &#8211; 30 ml\"}]},{\"@type\":\"WebSite\",\"@id\":\"https:\/\/uniest.it\/#website\",\"url\":\"https:\/\/uniest.it\/\",\"name\":\"Uniest\",\"description\":\"Cosmetici Naturali e Bio\",\"potentialAction\":[{\"@type\":\"SearchAction\",\"target\":{\"@type\":\"EntryPoint\",\"urlTemplate\":\"https:\/\/uniest.it\/?s={search_term_string}\"},\"query-input\":{\"@type\":\"PropertyValueSpecification\",\"valueRequired\":true,\"valueName\":\"search_term_string\"}}],\"inLanguage\":\"de\"}]}<\/script>\n<!-- \/ Yoast SEO plugin. -->","yoast_head_json":{"title":"Ringelblume - 30 ml - Uniest","robots":{"index":"index","follow":"follow","max-snippet":"max-snippet:-1","max-image-preview":"max-image-preview:large","max-video-preview":"max-video-preview:-1"},"canonical":"https:\/\/uniest.it\/prodotto\/ringelblume-30-ml\/","og_locale":"de_DE","og_type":"article","og_title":"Ringelblume - 30 ml - Uniest","og_description":"Calendula ist eine nat\u00fcrliche Creme auf Basis des wertvollen Calendula-Pflanzenextrakts* aus biologischem Anbau, sie macht die Haut weich und beruhigt sie. Reich an Triterpenen, Flavonoiden, Polysacchariden, Carotinen und Phytosterinen. Seine beruhigenden Eigenschaften werden auf die nicht verseifbare Komponente aus Flavonoiden und Schleimstoffen zur\u00fcckgef\u00fchrt, w\u00e4hrend die immunstimulierende Wirkung auf die Polysaccharidkomponenten zur\u00fcckzuf\u00fchren ist.","og_url":"https:\/\/uniest.it\/prodotto\/ringelblume-30-ml\/","og_site_name":"Uniest","twitter_card":"summary_large_image","schema":{"@context":"https:\/\/schema.org","@graph":[{"@type":"WebPage","@id":"https:\/\/uniest.it\/prodotto\/ringelblume-30-ml\/","url":"https:\/\/uniest.it\/prodotto\/ringelblume-30-ml\/","name":"Ringelblume - 30 ml - Uniest","isPartOf":{"@id":"https:\/\/uniest.it\/#website"},"primaryImageOfPage":{"@id":"https:\/\/uniest.it\/prodotto\/ringelblume-30-ml\/#primaryimage"},"image":{"@id":"https:\/\/uniest.it\/prodotto\/ringelblume-30-ml\/#primaryimage"},"thumbnailUrl":"https:\/\/uniest.it\/wp-content\/uploads\/2020\/11\/004AAE.png","datePublished":"2024-10-29T17:55:04+00:00","breadcrumb":{"@id":"https:\/\/uniest.it\/prodotto\/ringelblume-30-ml\/#breadcrumb"},"inLanguage":"de","potentialAction":[{"@type":"ReadAction","target":["https:\/\/uniest.it\/prodotto\/ringelblume-30-ml\/"]}]},{"@type":"ImageObject","inLanguage":"de","@id":"https:\/\/uniest.it\/prodotto\/ringelblume-30-ml\/#primaryimage","url":"https:\/\/uniest.it\/wp-content\/uploads\/2020\/11\/004AAE.png","contentUrl":"https:\/\/uniest.it\/wp-content\/uploads\/2020\/11\/004AAE.png","width":1283,"height":2000},{"@type":"BreadcrumbList","@id":"https:\/\/uniest.it\/prodotto\/ringelblume-30-ml\/#breadcrumb","itemListElement":[{"@type":"ListItem","position":1,"name":"Home","item":"https:\/\/uniest.it\/de\/"},{"@type":"ListItem","position":2,"name":"Shop","item":"https:\/\/uniest.it\/shop\/"},{"@type":"ListItem","position":3,"name":"Ringelblume &#8211; 30 ml"}]},{"@type":"WebSite","@id":"https:\/\/uniest.it\/#website","url":"https:\/\/uniest.it\/","name":"Uniest","description":"Cosmetici Naturali e Bio","potentialAction":[{"@type":"SearchAction","target":{"@type":"EntryPoint","urlTemplate":"https:\/\/uniest.it\/?s={search_term_string}"},"query-input":{"@type":"PropertyValueSpecification","valueRequired":true,"valueName":"search_term_string"}}],"inLanguage":"de"}]}},"_links":{"self":[{"href":"https:\/\/uniest.it\/de\/wp-json\/wp\/v2\/product\/6762","targetHints":{"allow":["GET"]}}],"collection":[{"href":"https:\/\/uniest.it\/de\/wp-json\/wp\/v2\/product"}],"about":[{"href":"https:\/\/uniest.it\/de\/wp-json\/wp\/v2\/types\/product"}],"wp:featuredmedia":[{"embeddable":true,"href":"https:\/\/uniest.it\/de\/wp-json\/wp\/v2\/media\/6763"}],"wp:attachment":[{"href":"https:\/\/uniest.it\/de\/wp-json\/wp\/v2\/media?parent=6762"}],"wp:term":[{"taxonomy":"product_brand","embeddable":true,"href":"https:\/\/uniest.it\/de\/wp-json\/wp\/v2\/product_brand?post=6762"},{"taxonomy":"product_cat","embeddable":true,"href":"https:\/\/uniest.it\/de\/wp-json\/wp\/v2\/product_cat?post=6762"},{"taxonomy":"product_tag","embeddable":true,"href":"https:\/\/uniest.it\/de\/wp-json\/wp\/v2\/product_tag?post=6762"}],"curies":[{"name":"wp","href":"https:\/\/api.w.org\/{rel}","templated":true}]}}