{"id":6774,"date":"2024-10-29T18:55:06","date_gmt":"2024-10-29T17:55:06","guid":{"rendered":"https:\/\/uniest.it\/prodotto\/bitterorange\/"},"modified":"2024-10-29T18:55:06","modified_gmt":"2024-10-29T17:55:06","slug":"bitterorange","status":"publish","type":"product","link":"https:\/\/uniest.it\/de\/prodotto\/bitterorange\/","title":{"rendered":"Bitterorange"},"content":{"rendered":"<p>Bitterorange: Dieser urspr\u00fcnglich aus Indien stammende Baum (Citrus aurantium) w\u00e4chst in Regionen mit subtropischem Klima, darunter Spanien und S\u00fcditalien. Dank seines bitteren und aromatischen Geschmacks wird die Fruchtwand vor allem als Appetitanreger, Bittertonikum, Magen- und Verdauungsmittel verwendet. Bitterorangenbl\u00fcten werden in Aufg\u00fcssen als Beruhigungsmittel und krampfl\u00f6sendes Mittel bei nerv\u00f6sen Zust\u00e4nden verwendet. Die Bl\u00e4tter haben aromatische, schwei\u00dftreibende und fiebersenkende Eigenschaften. Es handelt sich um ein Nahrungserg\u00e4nzungsmittel, das f\u00fcr Menschen mit Schlaflosigkeit empfohlen wird. Es erleichtert die Verdauung, stimuliert die chloropeptische Sekretion, sowohl f\u00fcr den von den Geschmacksknospen der Zunge wahrgenommenen Geschmack als auch f\u00fcr den Kontakt \u00e4therischer \u00d6le mit der Magenschleimhaut und hat entz\u00fcndungshemmende und desinfizierende Eigenschaften. Aufgrund ihrer anregenden Wirkung auf das Verdauungssystem wird die Bitterorange in der Ern\u00e4hrung und Di\u00e4tetik eingesetzt, da sie dank ihrer Eigenschaften bei der Kalorienverbrennung und Fettaufnahme hilft. Seine Schale enth\u00e4lt eine hohe Konzentration an Synephrin, einer Substanz, die in der traditionellen chinesischen Medizin unter dem Namen Zishi verwendet wird. Dank seiner F\u00e4higkeit, den Appetit zu reduzieren und den Grundstoffwechsel anzuregen, ist Synephrin tats\u00e4chlich ein ausgezeichnetes Nahrungserg\u00e4nzungsmittel zum Abnehmen.<\/p>\n","protected":false},"excerpt":{"rendered":"<p>Bitterorange: Dieser urspr\u00fcnglich aus Indien stammende Baum (Citrus aurantium) w\u00e4chst in Regionen mit subtropischem Klima, darunter Spanien und S\u00fcditalien. Dank seines bitteren und aromatischen Geschmacks wird die Fruchtwand vor allem als Appetitanreger, Bittertonikum, Magen- und Verdauungsmittel verwendet. Bitterorangenbl\u00fcten werden in Aufg\u00fcssen als Beruhigungsmittel und krampfl\u00f6sendes Mittel bei nerv\u00f6sen Zust\u00e4nden verwendet. Die Bl\u00e4tter haben aromatische, schwei\u00dftreibende [&hellip;]<\/p>\n","protected":false},"featured_media":6775,"template":"","meta":{"_acf_changed":false,"inline_featured_image":false},"product_brand":[],"product_cat":[1486],"product_tag":[],"class_list":{"0":"post-6774","1":"product","2":"type-product","3":"status-publish","4":"has-post-thumbnail","6":"product_beauty-antiossidante","7":"product_beauty-calmante","8":"product_beauty-cellulite","9":"product_beauty-digestivo","10":"product_beauty-perdita-peso","11":"product_beauty-sedativo","12":"product_kind-integrazione-alimentare","13":"product_lines-benessere","14":"product_cat-benessere-de","15":"pa_size-50-de","17":"first","18":"outofstock","19":"taxable","20":"shipping-taxable","21":"purchasable","22":"product-type-simple"},"acf":[],"yoast_head":"<!-- This site is optimized with the Yoast SEO plugin v24.6 - https:\/\/yoast.com\/wordpress\/plugins\/seo\/ -->\n<title>Bitterorange - Uniest<\/title>\n<meta name=\"robots\" content=\"index, follow, max-snippet:-1, max-image-preview:large, max-video-preview:-1\" \/>\n<link rel=\"canonical\" href=\"https:\/\/uniest.it\/prodotto\/bitterorange\/\" \/>\n<meta property=\"og:locale\" content=\"de_DE\" \/>\n<meta property=\"og:type\" content=\"article\" \/>\n<meta property=\"og:title\" content=\"Bitterorange - Uniest\" \/>\n<meta property=\"og:description\" content=\"Bitterorange: Dieser urspr\u00fcnglich aus Indien stammende Baum (Citrus aurantium) w\u00e4chst in Regionen mit subtropischem Klima, darunter Spanien und S\u00fcditalien. Dank seines bitteren und aromatischen Geschmacks wird die Fruchtwand vor allem als Appetitanreger, Bittertonikum, Magen- und Verdauungsmittel verwendet. Bitterorangenbl\u00fcten werden in Aufg\u00fcssen als Beruhigungsmittel und krampfl\u00f6sendes Mittel bei nerv\u00f6sen Zust\u00e4nden verwendet. Die Bl\u00e4tter haben aromatische, schwei\u00dftreibende [&hellip;]\" \/>\n<meta property=\"og:url\" content=\"https:\/\/uniest.it\/prodotto\/bitterorange\/\" \/>\n<meta property=\"og:site_name\" content=\"Uniest\" \/>\n<meta name=\"twitter:card\" content=\"summary_large_image\" \/>\n<meta name=\"twitter:label1\" content=\"Gesch\u00e4tzte Lesezeit\" \/>\n\t<meta name=\"twitter:data1\" content=\"1\u00a0Minute\" \/>\n<script type=\"application\/ld+json\" class=\"yoast-schema-graph\">{\"@context\":\"https:\/\/schema.org\",\"@graph\":[{\"@type\":\"WebPage\",\"@id\":\"https:\/\/uniest.it\/prodotto\/bitterorange\/\",\"url\":\"https:\/\/uniest.it\/prodotto\/bitterorange\/\",\"name\":\"Bitterorange - Uniest\",\"isPartOf\":{\"@id\":\"https:\/\/uniest.it\/#website\"},\"primaryImageOfPage\":{\"@id\":\"https:\/\/uniest.it\/prodotto\/bitterorange\/#primaryimage\"},\"image\":{\"@id\":\"https:\/\/uniest.it\/prodotto\/bitterorange\/#primaryimage\"},\"thumbnailUrl\":\"https:\/\/uniest.it\/wp-content\/uploads\/2020\/12\/004ZTM.png\",\"datePublished\":\"2024-10-29T17:55:06+00:00\",\"breadcrumb\":{\"@id\":\"https:\/\/uniest.it\/prodotto\/bitterorange\/#breadcrumb\"},\"inLanguage\":\"de\",\"potentialAction\":[{\"@type\":\"ReadAction\",\"target\":[\"https:\/\/uniest.it\/prodotto\/bitterorange\/\"]}]},{\"@type\":\"ImageObject\",\"inLanguage\":\"de\",\"@id\":\"https:\/\/uniest.it\/prodotto\/bitterorange\/#primaryimage\",\"url\":\"https:\/\/uniest.it\/wp-content\/uploads\/2020\/12\/004ZTM.png\",\"contentUrl\":\"https:\/\/uniest.it\/wp-content\/uploads\/2020\/12\/004ZTM.png\",\"width\":1283,\"height\":2000},{\"@type\":\"BreadcrumbList\",\"@id\":\"https:\/\/uniest.it\/prodotto\/bitterorange\/#breadcrumb\",\"itemListElement\":[{\"@type\":\"ListItem\",\"position\":1,\"name\":\"Home\",\"item\":\"https:\/\/uniest.it\/de\/\"},{\"@type\":\"ListItem\",\"position\":2,\"name\":\"Shop\",\"item\":\"https:\/\/uniest.it\/shop\/\"},{\"@type\":\"ListItem\",\"position\":3,\"name\":\"Bitterorange\"}]},{\"@type\":\"WebSite\",\"@id\":\"https:\/\/uniest.it\/#website\",\"url\":\"https:\/\/uniest.it\/\",\"name\":\"Uniest\",\"description\":\"Cosmetici Naturali e Bio\",\"potentialAction\":[{\"@type\":\"SearchAction\",\"target\":{\"@type\":\"EntryPoint\",\"urlTemplate\":\"https:\/\/uniest.it\/?s={search_term_string}\"},\"query-input\":{\"@type\":\"PropertyValueSpecification\",\"valueRequired\":true,\"valueName\":\"search_term_string\"}}],\"inLanguage\":\"de\"}]}<\/script>\n<!-- \/ Yoast SEO plugin. -->","yoast_head_json":{"title":"Bitterorange - Uniest","robots":{"index":"index","follow":"follow","max-snippet":"max-snippet:-1","max-image-preview":"max-image-preview:large","max-video-preview":"max-video-preview:-1"},"canonical":"https:\/\/uniest.it\/prodotto\/bitterorange\/","og_locale":"de_DE","og_type":"article","og_title":"Bitterorange - Uniest","og_description":"Bitterorange: Dieser urspr\u00fcnglich aus Indien stammende Baum (Citrus aurantium) w\u00e4chst in Regionen mit subtropischem Klima, darunter Spanien und S\u00fcditalien. Dank seines bitteren und aromatischen Geschmacks wird die Fruchtwand vor allem als Appetitanreger, Bittertonikum, Magen- und Verdauungsmittel verwendet. Bitterorangenbl\u00fcten werden in Aufg\u00fcssen als Beruhigungsmittel und krampfl\u00f6sendes Mittel bei nerv\u00f6sen Zust\u00e4nden verwendet. Die Bl\u00e4tter haben aromatische, schwei\u00dftreibende [&hellip;]","og_url":"https:\/\/uniest.it\/prodotto\/bitterorange\/","og_site_name":"Uniest","twitter_card":"summary_large_image","twitter_misc":{"Gesch\u00e4tzte Lesezeit":"1\u00a0Minute"},"schema":{"@context":"https:\/\/schema.org","@graph":[{"@type":"WebPage","@id":"https:\/\/uniest.it\/prodotto\/bitterorange\/","url":"https:\/\/uniest.it\/prodotto\/bitterorange\/","name":"Bitterorange - Uniest","isPartOf":{"@id":"https:\/\/uniest.it\/#website"},"primaryImageOfPage":{"@id":"https:\/\/uniest.it\/prodotto\/bitterorange\/#primaryimage"},"image":{"@id":"https:\/\/uniest.it\/prodotto\/bitterorange\/#primaryimage"},"thumbnailUrl":"https:\/\/uniest.it\/wp-content\/uploads\/2020\/12\/004ZTM.png","datePublished":"2024-10-29T17:55:06+00:00","breadcrumb":{"@id":"https:\/\/uniest.it\/prodotto\/bitterorange\/#breadcrumb"},"inLanguage":"de","potentialAction":[{"@type":"ReadAction","target":["https:\/\/uniest.it\/prodotto\/bitterorange\/"]}]},{"@type":"ImageObject","inLanguage":"de","@id":"https:\/\/uniest.it\/prodotto\/bitterorange\/#primaryimage","url":"https:\/\/uniest.it\/wp-content\/uploads\/2020\/12\/004ZTM.png","contentUrl":"https:\/\/uniest.it\/wp-content\/uploads\/2020\/12\/004ZTM.png","width":1283,"height":2000},{"@type":"BreadcrumbList","@id":"https:\/\/uniest.it\/prodotto\/bitterorange\/#breadcrumb","itemListElement":[{"@type":"ListItem","position":1,"name":"Home","item":"https:\/\/uniest.it\/de\/"},{"@type":"ListItem","position":2,"name":"Shop","item":"https:\/\/uniest.it\/shop\/"},{"@type":"ListItem","position":3,"name":"Bitterorange"}]},{"@type":"WebSite","@id":"https:\/\/uniest.it\/#website","url":"https:\/\/uniest.it\/","name":"Uniest","description":"Cosmetici Naturali e Bio","potentialAction":[{"@type":"SearchAction","target":{"@type":"EntryPoint","urlTemplate":"https:\/\/uniest.it\/?s={search_term_string}"},"query-input":{"@type":"PropertyValueSpecification","valueRequired":true,"valueName":"search_term_string"}}],"inLanguage":"de"}]}},"_links":{"self":[{"href":"https:\/\/uniest.it\/de\/wp-json\/wp\/v2\/product\/6774","targetHints":{"allow":["GET"]}}],"collection":[{"href":"https:\/\/uniest.it\/de\/wp-json\/wp\/v2\/product"}],"about":[{"href":"https:\/\/uniest.it\/de\/wp-json\/wp\/v2\/types\/product"}],"wp:featuredmedia":[{"embeddable":true,"href":"https:\/\/uniest.it\/de\/wp-json\/wp\/v2\/media\/6775"}],"wp:attachment":[{"href":"https:\/\/uniest.it\/de\/wp-json\/wp\/v2\/media?parent=6774"}],"wp:term":[{"taxonomy":"product_brand","embeddable":true,"href":"https:\/\/uniest.it\/de\/wp-json\/wp\/v2\/product_brand?post=6774"},{"taxonomy":"product_cat","embeddable":true,"href":"https:\/\/uniest.it\/de\/wp-json\/wp\/v2\/product_cat?post=6774"},{"taxonomy":"product_tag","embeddable":true,"href":"https:\/\/uniest.it\/de\/wp-json\/wp\/v2\/product_tag?post=6774"}],"curies":[{"name":"wp","href":"https:\/\/api.w.org\/{rel}","templated":true}]}}