{"id":6777,"date":"2024-10-29T18:55:06","date_gmt":"2024-10-29T17:55:06","guid":{"rendered":"https:\/\/uniest.it\/prodotto\/gruenes-tonpulver\/"},"modified":"2024-10-29T18:55:06","modified_gmt":"2024-10-29T17:55:06","slug":"gruenes-tonpulver","status":"publish","type":"product","link":"https:\/\/uniest.it\/de\/prodotto\/gruenes-tonpulver\/","title":{"rendered":"Gr\u00fcnes Tonpulver"},"content":{"rendered":"<p>Gr\u00fcne Tonerde: ist eine konzentrierte entz\u00fcndungshemmende Behandlung aus reinem, nicht sp\u00fcrbarem gr\u00fcnem Tonerdepulver. Geeignet in allen F\u00e4llen von: Prellungen, Traumata, Schwellungen, als Anti-M\u00fcdigkeitsbehandlung nach intensiver Arbeit. Wie heute bekannt ist, m\u00fcssen aktive Pulver wie Ton in nat\u00fcrlichen Beh\u00e4ltern wie Papier, Keramik oder Holz verpackt werden, w\u00e4hrend Kunststoff und Metall ihre erbitterten Feinde sind, weil sie ihre Wirksamkeit verringern. Die Entscheidung f\u00fcr ein Pulverprodukt wurde aufgrund der einfachen Anwendung und der Einsparungen getroffen, da nur die Menge zubereitet wird, die zur Abdeckung des betroffenen Bereichs erforderlich ist, ohne dass Abfall entsteht. Um die Wirkung zu verst\u00e4rken, empfehlen wir, w\u00e4hrend der Zubereitung einige Tropfen Dren Solution hinzuzuf\u00fcgen.<\/p>\n","protected":false},"excerpt":{"rendered":"<p>Gr\u00fcne Tonerde: ist eine konzentrierte entz\u00fcndungshemmende Behandlung aus reinem, nicht sp\u00fcrbarem gr\u00fcnem Tonerdepulver. Geeignet in allen F\u00e4llen von: Prellungen, Traumata, Schwellungen, als Anti-M\u00fcdigkeitsbehandlung nach intensiver Arbeit. Wie heute bekannt ist, m\u00fcssen aktive Pulver wie Ton in nat\u00fcrlichen Beh\u00e4ltern wie Papier, Keramik oder Holz verpackt werden, w\u00e4hrend Kunststoff und Metall ihre erbitterten Feinde sind, weil sie [&hellip;]<\/p>\n","protected":false},"featured_media":6778,"template":"","meta":{"_acf_changed":false,"inline_featured_image":false},"product_brand":[],"product_cat":[1491],"product_tag":[],"class_list":{"0":"post-6777","1":"product","2":"type-product","3":"status-publish","4":"has-post-thumbnail","6":"product_beauty-detox-e-dren","7":"product_beauty-lenire","8":"product_beauty-purificare","9":"product_skin-tutti-gli-animali","10":"product_kind-trattamenti-speciali","11":"product_kind_pets-trattamenti-speciali","12":"product_lines-animal-care","13":"product_cat-famiglia-e-pet-de","14":"pa_size-1000-gr-de","16":"first","17":"instock","18":"taxable","19":"shipping-taxable","20":"purchasable","21":"product-type-simple"},"acf":[],"yoast_head":"<!-- This site is optimized with the Yoast SEO plugin v24.6 - https:\/\/yoast.com\/wordpress\/plugins\/seo\/ -->\n<title>Gr\u00fcnes Tonpulver - Uniest<\/title>\n<meta name=\"robots\" content=\"index, follow, max-snippet:-1, max-image-preview:large, max-video-preview:-1\" \/>\n<link rel=\"canonical\" href=\"https:\/\/uniest.it\/prodotto\/gruenes-tonpulver\/\" \/>\n<meta property=\"og:locale\" content=\"de_DE\" \/>\n<meta property=\"og:type\" content=\"article\" \/>\n<meta property=\"og:title\" content=\"Gr\u00fcnes Tonpulver - Uniest\" \/>\n<meta property=\"og:description\" content=\"Gr\u00fcne Tonerde: ist eine konzentrierte entz\u00fcndungshemmende Behandlung aus reinem, nicht sp\u00fcrbarem gr\u00fcnem Tonerdepulver. Geeignet in allen F\u00e4llen von: Prellungen, Traumata, Schwellungen, als Anti-M\u00fcdigkeitsbehandlung nach intensiver Arbeit. Wie heute bekannt ist, m\u00fcssen aktive Pulver wie Ton in nat\u00fcrlichen Beh\u00e4ltern wie Papier, Keramik oder Holz verpackt werden, w\u00e4hrend Kunststoff und Metall ihre erbitterten Feinde sind, weil sie [&hellip;]\" \/>\n<meta property=\"og:url\" content=\"https:\/\/uniest.it\/prodotto\/gruenes-tonpulver\/\" \/>\n<meta property=\"og:site_name\" content=\"Uniest\" \/>\n<meta name=\"twitter:card\" content=\"summary_large_image\" \/>\n<meta name=\"twitter:label1\" content=\"Gesch\u00e4tzte Lesezeit\" \/>\n\t<meta name=\"twitter:data1\" content=\"1\u00a0Minute\" \/>\n<script type=\"application\/ld+json\" class=\"yoast-schema-graph\">{\"@context\":\"https:\/\/schema.org\",\"@graph\":[{\"@type\":\"WebPage\",\"@id\":\"https:\/\/uniest.it\/prodotto\/gruenes-tonpulver\/\",\"url\":\"https:\/\/uniest.it\/prodotto\/gruenes-tonpulver\/\",\"name\":\"Gr\u00fcnes Tonpulver - Uniest\",\"isPartOf\":{\"@id\":\"https:\/\/uniest.it\/#website\"},\"primaryImageOfPage\":{\"@id\":\"https:\/\/uniest.it\/prodotto\/gruenes-tonpulver\/#primaryimage\"},\"image\":{\"@id\":\"https:\/\/uniest.it\/prodotto\/gruenes-tonpulver\/#primaryimage\"},\"thumbnailUrl\":\"https:\/\/uniest.it\/wp-content\/uploads\/2020\/12\/005AAC.png\",\"datePublished\":\"2024-10-29T17:55:06+00:00\",\"breadcrumb\":{\"@id\":\"https:\/\/uniest.it\/prodotto\/gruenes-tonpulver\/#breadcrumb\"},\"inLanguage\":\"de\",\"potentialAction\":[{\"@type\":\"ReadAction\",\"target\":[\"https:\/\/uniest.it\/prodotto\/gruenes-tonpulver\/\"]}]},{\"@type\":\"ImageObject\",\"inLanguage\":\"de\",\"@id\":\"https:\/\/uniest.it\/prodotto\/gruenes-tonpulver\/#primaryimage\",\"url\":\"https:\/\/uniest.it\/wp-content\/uploads\/2020\/12\/005AAC.png\",\"contentUrl\":\"https:\/\/uniest.it\/wp-content\/uploads\/2020\/12\/005AAC.png\",\"width\":1283,\"height\":2000},{\"@type\":\"BreadcrumbList\",\"@id\":\"https:\/\/uniest.it\/prodotto\/gruenes-tonpulver\/#breadcrumb\",\"itemListElement\":[{\"@type\":\"ListItem\",\"position\":1,\"name\":\"Home\",\"item\":\"https:\/\/uniest.it\/de\/\"},{\"@type\":\"ListItem\",\"position\":2,\"name\":\"Shop\",\"item\":\"https:\/\/uniest.it\/shop\/\"},{\"@type\":\"ListItem\",\"position\":3,\"name\":\"Gr\u00fcnes Tonpulver\"}]},{\"@type\":\"WebSite\",\"@id\":\"https:\/\/uniest.it\/#website\",\"url\":\"https:\/\/uniest.it\/\",\"name\":\"Uniest\",\"description\":\"Cosmetici Naturali e Bio\",\"potentialAction\":[{\"@type\":\"SearchAction\",\"target\":{\"@type\":\"EntryPoint\",\"urlTemplate\":\"https:\/\/uniest.it\/?s={search_term_string}\"},\"query-input\":{\"@type\":\"PropertyValueSpecification\",\"valueRequired\":true,\"valueName\":\"search_term_string\"}}],\"inLanguage\":\"de\"}]}<\/script>\n<!-- \/ Yoast SEO plugin. -->","yoast_head_json":{"title":"Gr\u00fcnes Tonpulver - Uniest","robots":{"index":"index","follow":"follow","max-snippet":"max-snippet:-1","max-image-preview":"max-image-preview:large","max-video-preview":"max-video-preview:-1"},"canonical":"https:\/\/uniest.it\/prodotto\/gruenes-tonpulver\/","og_locale":"de_DE","og_type":"article","og_title":"Gr\u00fcnes Tonpulver - Uniest","og_description":"Gr\u00fcne Tonerde: ist eine konzentrierte entz\u00fcndungshemmende Behandlung aus reinem, nicht sp\u00fcrbarem gr\u00fcnem Tonerdepulver. Geeignet in allen F\u00e4llen von: Prellungen, Traumata, Schwellungen, als Anti-M\u00fcdigkeitsbehandlung nach intensiver Arbeit. Wie heute bekannt ist, m\u00fcssen aktive Pulver wie Ton in nat\u00fcrlichen Beh\u00e4ltern wie Papier, Keramik oder Holz verpackt werden, w\u00e4hrend Kunststoff und Metall ihre erbitterten Feinde sind, weil sie [&hellip;]","og_url":"https:\/\/uniest.it\/prodotto\/gruenes-tonpulver\/","og_site_name":"Uniest","twitter_card":"summary_large_image","twitter_misc":{"Gesch\u00e4tzte Lesezeit":"1\u00a0Minute"},"schema":{"@context":"https:\/\/schema.org","@graph":[{"@type":"WebPage","@id":"https:\/\/uniest.it\/prodotto\/gruenes-tonpulver\/","url":"https:\/\/uniest.it\/prodotto\/gruenes-tonpulver\/","name":"Gr\u00fcnes Tonpulver - Uniest","isPartOf":{"@id":"https:\/\/uniest.it\/#website"},"primaryImageOfPage":{"@id":"https:\/\/uniest.it\/prodotto\/gruenes-tonpulver\/#primaryimage"},"image":{"@id":"https:\/\/uniest.it\/prodotto\/gruenes-tonpulver\/#primaryimage"},"thumbnailUrl":"https:\/\/uniest.it\/wp-content\/uploads\/2020\/12\/005AAC.png","datePublished":"2024-10-29T17:55:06+00:00","breadcrumb":{"@id":"https:\/\/uniest.it\/prodotto\/gruenes-tonpulver\/#breadcrumb"},"inLanguage":"de","potentialAction":[{"@type":"ReadAction","target":["https:\/\/uniest.it\/prodotto\/gruenes-tonpulver\/"]}]},{"@type":"ImageObject","inLanguage":"de","@id":"https:\/\/uniest.it\/prodotto\/gruenes-tonpulver\/#primaryimage","url":"https:\/\/uniest.it\/wp-content\/uploads\/2020\/12\/005AAC.png","contentUrl":"https:\/\/uniest.it\/wp-content\/uploads\/2020\/12\/005AAC.png","width":1283,"height":2000},{"@type":"BreadcrumbList","@id":"https:\/\/uniest.it\/prodotto\/gruenes-tonpulver\/#breadcrumb","itemListElement":[{"@type":"ListItem","position":1,"name":"Home","item":"https:\/\/uniest.it\/de\/"},{"@type":"ListItem","position":2,"name":"Shop","item":"https:\/\/uniest.it\/shop\/"},{"@type":"ListItem","position":3,"name":"Gr\u00fcnes Tonpulver"}]},{"@type":"WebSite","@id":"https:\/\/uniest.it\/#website","url":"https:\/\/uniest.it\/","name":"Uniest","description":"Cosmetici Naturali e Bio","potentialAction":[{"@type":"SearchAction","target":{"@type":"EntryPoint","urlTemplate":"https:\/\/uniest.it\/?s={search_term_string}"},"query-input":{"@type":"PropertyValueSpecification","valueRequired":true,"valueName":"search_term_string"}}],"inLanguage":"de"}]}},"_links":{"self":[{"href":"https:\/\/uniest.it\/de\/wp-json\/wp\/v2\/product\/6777","targetHints":{"allow":["GET"]}}],"collection":[{"href":"https:\/\/uniest.it\/de\/wp-json\/wp\/v2\/product"}],"about":[{"href":"https:\/\/uniest.it\/de\/wp-json\/wp\/v2\/types\/product"}],"wp:featuredmedia":[{"embeddable":true,"href":"https:\/\/uniest.it\/de\/wp-json\/wp\/v2\/media\/6778"}],"wp:attachment":[{"href":"https:\/\/uniest.it\/de\/wp-json\/wp\/v2\/media?parent=6777"}],"wp:term":[{"taxonomy":"product_brand","embeddable":true,"href":"https:\/\/uniest.it\/de\/wp-json\/wp\/v2\/product_brand?post=6777"},{"taxonomy":"product_cat","embeddable":true,"href":"https:\/\/uniest.it\/de\/wp-json\/wp\/v2\/product_cat?post=6777"},{"taxonomy":"product_tag","embeddable":true,"href":"https:\/\/uniest.it\/de\/wp-json\/wp\/v2\/product_tag?post=6777"}],"curies":[{"name":"wp","href":"https:\/\/api.w.org\/{rel}","templated":true}]}}