{"id":6780,"date":"2021-02-04T12:56:17","date_gmt":"2024-10-29T17:55:07","guid":{"rendered":"https:\/\/uniest.it\/prodotto\/thymian-30-ml\/"},"modified":"2024-10-29T18:55:07","modified_gmt":"2024-10-29T17:55:07","slug":"thymian-30-ml","status":"publish","type":"product","link":"https:\/\/uniest.it\/de\/prodotto\/thymian-30-ml\/","title":{"rendered":"Thymian \u2013 30 ml"},"content":{"rendered":"<p>Thymian ist eine weiche Creme, sehr streichf\u00e4hig, schmierend, aber nicht fettend und mit hervorragender Penetration, auch ideal f\u00fcr alle Arten von Massagen. Es enth\u00e4lt 100 % nat\u00fcrliche \u00e4therische \u00d6le mit tonisierender, balsamischer, erfrischender und anregender Wirkung, die es besonders in der Wintersaison f\u00fcr die ganze Familie unverzichtbar machen. Es verf\u00fcgt \u00fcber mehrere Eigenschaften und ist dank der Anwesenheit von BIO-S\u00fc\u00dfmandel\u00f6l und BIO-Sheabutter auch ideal f\u00fcr die Anwendung bei den Kleinsten.<\/p>\n","protected":false},"excerpt":{"rendered":"<p>Thymian ist eine weiche Creme, sehr streichf\u00e4hig, schmierend, aber nicht fettend und mit hervorragender Penetration, auch ideal f\u00fcr alle Arten von Massagen. Es enth\u00e4lt 100 % nat\u00fcrliche \u00e4therische \u00d6le mit tonisierender, balsamischer, erfrischender und anregender Wirkung, die es besonders in der Wintersaison f\u00fcr die ganze Familie unverzichtbar machen. Es verf\u00fcgt \u00fcber mehrere Eigenschaften und ist [&hellip;]<\/p>\n","protected":false},"featured_media":6781,"template":"","meta":{"_acf_changed":false,"inline_featured_image":false},"product_brand":[],"product_cat":[1497,1493,1489],"product_tag":[],"class_list":{"0":"post-6780","1":"product","2":"type-product","3":"status-publish","4":"has-post-thumbnail","6":"product_beauty-aromatizzare-e-profumare","7":"product_beauty-balsamico","8":"product_beauty-idratare","9":"product_beauty-lenire","10":"product_beauty-purificare","11":"product_beauty-riequilibrare","12":"product_skin-tutte-le-pelli","13":"product_kind-i-rimedi-dalla-natura","14":"product_kind-trattamenti-mani-e-piedi","15":"product_kind-trattamenti-speciali","16":"product_kind-tutte-le-creme-corpo","17":"product_lines-i-rimedi-dalla-natura","18":"product_cat-viso-de","19":"product_cat-mani-e-piedi-de","20":"product_cat-corpo-de","21":"pa_size-30-de","23":"first","24":"instock","25":"taxable","26":"shipping-taxable","27":"purchasable","28":"product-type-simple"},"acf":[],"yoast_head":"<!-- This site is optimized with the Yoast SEO plugin v24.6 - https:\/\/yoast.com\/wordpress\/plugins\/seo\/ -->\n<title>Thymian \u2013 30 ml - Uniest<\/title>\n<meta name=\"robots\" content=\"index, follow, max-snippet:-1, max-image-preview:large, max-video-preview:-1\" \/>\n<link rel=\"canonical\" href=\"https:\/\/uniest.it\/prodotto\/thymian-30-ml\/\" \/>\n<meta property=\"og:locale\" content=\"de_DE\" \/>\n<meta property=\"og:type\" content=\"article\" \/>\n<meta property=\"og:title\" content=\"Thymian \u2013 30 ml - Uniest\" \/>\n<meta property=\"og:description\" content=\"Thymian ist eine weiche Creme, sehr streichf\u00e4hig, schmierend, aber nicht fettend und mit hervorragender Penetration, auch ideal f\u00fcr alle Arten von Massagen. Es enth\u00e4lt 100 % nat\u00fcrliche \u00e4therische \u00d6le mit tonisierender, balsamischer, erfrischender und anregender Wirkung, die es besonders in der Wintersaison f\u00fcr die ganze Familie unverzichtbar machen. Es verf\u00fcgt \u00fcber mehrere Eigenschaften und ist [&hellip;]\" \/>\n<meta property=\"og:url\" content=\"https:\/\/uniest.it\/prodotto\/thymian-30-ml\/\" \/>\n<meta property=\"og:site_name\" content=\"Uniest\" \/>\n<meta name=\"twitter:card\" content=\"summary_large_image\" \/>\n<script type=\"application\/ld+json\" class=\"yoast-schema-graph\">{\"@context\":\"https:\/\/schema.org\",\"@graph\":[{\"@type\":\"WebPage\",\"@id\":\"https:\/\/uniest.it\/prodotto\/thymian-30-ml\/\",\"url\":\"https:\/\/uniest.it\/prodotto\/thymian-30-ml\/\",\"name\":\"Thymian \u2013 30 ml - Uniest\",\"isPartOf\":{\"@id\":\"https:\/\/uniest.it\/#website\"},\"primaryImageOfPage\":{\"@id\":\"https:\/\/uniest.it\/prodotto\/thymian-30-ml\/#primaryimage\"},\"image\":{\"@id\":\"https:\/\/uniest.it\/prodotto\/thymian-30-ml\/#primaryimage\"},\"thumbnailUrl\":\"https:\/\/uniest.it\/wp-content\/uploads\/2020\/11\/005AAE.png\",\"datePublished\":\"2024-10-29T17:55:07+00:00\",\"breadcrumb\":{\"@id\":\"https:\/\/uniest.it\/prodotto\/thymian-30-ml\/#breadcrumb\"},\"inLanguage\":\"de\",\"potentialAction\":[{\"@type\":\"ReadAction\",\"target\":[\"https:\/\/uniest.it\/prodotto\/thymian-30-ml\/\"]}]},{\"@type\":\"ImageObject\",\"inLanguage\":\"de\",\"@id\":\"https:\/\/uniest.it\/prodotto\/thymian-30-ml\/#primaryimage\",\"url\":\"https:\/\/uniest.it\/wp-content\/uploads\/2020\/11\/005AAE.png\",\"contentUrl\":\"https:\/\/uniest.it\/wp-content\/uploads\/2020\/11\/005AAE.png\",\"width\":1283,\"height\":2000},{\"@type\":\"BreadcrumbList\",\"@id\":\"https:\/\/uniest.it\/prodotto\/thymian-30-ml\/#breadcrumb\",\"itemListElement\":[{\"@type\":\"ListItem\",\"position\":1,\"name\":\"Home\",\"item\":\"https:\/\/uniest.it\/de\/\"},{\"@type\":\"ListItem\",\"position\":2,\"name\":\"Shop\",\"item\":\"https:\/\/uniest.it\/shop\/\"},{\"@type\":\"ListItem\",\"position\":3,\"name\":\"Thymian \u2013 30 ml\"}]},{\"@type\":\"WebSite\",\"@id\":\"https:\/\/uniest.it\/#website\",\"url\":\"https:\/\/uniest.it\/\",\"name\":\"Uniest\",\"description\":\"Cosmetici Naturali e Bio\",\"potentialAction\":[{\"@type\":\"SearchAction\",\"target\":{\"@type\":\"EntryPoint\",\"urlTemplate\":\"https:\/\/uniest.it\/?s={search_term_string}\"},\"query-input\":{\"@type\":\"PropertyValueSpecification\",\"valueRequired\":true,\"valueName\":\"search_term_string\"}}],\"inLanguage\":\"de\"}]}<\/script>\n<!-- \/ Yoast SEO plugin. -->","yoast_head_json":{"title":"Thymian \u2013 30 ml - Uniest","robots":{"index":"index","follow":"follow","max-snippet":"max-snippet:-1","max-image-preview":"max-image-preview:large","max-video-preview":"max-video-preview:-1"},"canonical":"https:\/\/uniest.it\/prodotto\/thymian-30-ml\/","og_locale":"de_DE","og_type":"article","og_title":"Thymian \u2013 30 ml - Uniest","og_description":"Thymian ist eine weiche Creme, sehr streichf\u00e4hig, schmierend, aber nicht fettend und mit hervorragender Penetration, auch ideal f\u00fcr alle Arten von Massagen. Es enth\u00e4lt 100 % nat\u00fcrliche \u00e4therische \u00d6le mit tonisierender, balsamischer, erfrischender und anregender Wirkung, die es besonders in der Wintersaison f\u00fcr die ganze Familie unverzichtbar machen. Es verf\u00fcgt \u00fcber mehrere Eigenschaften und ist [&hellip;]","og_url":"https:\/\/uniest.it\/prodotto\/thymian-30-ml\/","og_site_name":"Uniest","twitter_card":"summary_large_image","schema":{"@context":"https:\/\/schema.org","@graph":[{"@type":"WebPage","@id":"https:\/\/uniest.it\/prodotto\/thymian-30-ml\/","url":"https:\/\/uniest.it\/prodotto\/thymian-30-ml\/","name":"Thymian \u2013 30 ml - Uniest","isPartOf":{"@id":"https:\/\/uniest.it\/#website"},"primaryImageOfPage":{"@id":"https:\/\/uniest.it\/prodotto\/thymian-30-ml\/#primaryimage"},"image":{"@id":"https:\/\/uniest.it\/prodotto\/thymian-30-ml\/#primaryimage"},"thumbnailUrl":"https:\/\/uniest.it\/wp-content\/uploads\/2020\/11\/005AAE.png","datePublished":"2024-10-29T17:55:07+00:00","breadcrumb":{"@id":"https:\/\/uniest.it\/prodotto\/thymian-30-ml\/#breadcrumb"},"inLanguage":"de","potentialAction":[{"@type":"ReadAction","target":["https:\/\/uniest.it\/prodotto\/thymian-30-ml\/"]}]},{"@type":"ImageObject","inLanguage":"de","@id":"https:\/\/uniest.it\/prodotto\/thymian-30-ml\/#primaryimage","url":"https:\/\/uniest.it\/wp-content\/uploads\/2020\/11\/005AAE.png","contentUrl":"https:\/\/uniest.it\/wp-content\/uploads\/2020\/11\/005AAE.png","width":1283,"height":2000},{"@type":"BreadcrumbList","@id":"https:\/\/uniest.it\/prodotto\/thymian-30-ml\/#breadcrumb","itemListElement":[{"@type":"ListItem","position":1,"name":"Home","item":"https:\/\/uniest.it\/de\/"},{"@type":"ListItem","position":2,"name":"Shop","item":"https:\/\/uniest.it\/shop\/"},{"@type":"ListItem","position":3,"name":"Thymian \u2013 30 ml"}]},{"@type":"WebSite","@id":"https:\/\/uniest.it\/#website","url":"https:\/\/uniest.it\/","name":"Uniest","description":"Cosmetici Naturali e Bio","potentialAction":[{"@type":"SearchAction","target":{"@type":"EntryPoint","urlTemplate":"https:\/\/uniest.it\/?s={search_term_string}"},"query-input":{"@type":"PropertyValueSpecification","valueRequired":true,"valueName":"search_term_string"}}],"inLanguage":"de"}]}},"_links":{"self":[{"href":"https:\/\/uniest.it\/de\/wp-json\/wp\/v2\/product\/6780","targetHints":{"allow":["GET"]}}],"collection":[{"href":"https:\/\/uniest.it\/de\/wp-json\/wp\/v2\/product"}],"about":[{"href":"https:\/\/uniest.it\/de\/wp-json\/wp\/v2\/types\/product"}],"wp:featuredmedia":[{"embeddable":true,"href":"https:\/\/uniest.it\/de\/wp-json\/wp\/v2\/media\/6781"}],"wp:attachment":[{"href":"https:\/\/uniest.it\/de\/wp-json\/wp\/v2\/media?parent=6780"}],"wp:term":[{"taxonomy":"product_brand","embeddable":true,"href":"https:\/\/uniest.it\/de\/wp-json\/wp\/v2\/product_brand?post=6780"},{"taxonomy":"product_cat","embeddable":true,"href":"https:\/\/uniest.it\/de\/wp-json\/wp\/v2\/product_cat?post=6780"},{"taxonomy":"product_tag","embeddable":true,"href":"https:\/\/uniest.it\/de\/wp-json\/wp\/v2\/product_tag?post=6780"}],"curies":[{"name":"wp","href":"https:\/\/api.w.org\/{rel}","templated":true}]}}