{"id":6789,"date":"2024-10-29T18:55:08","date_gmt":"2024-10-29T17:55:08","guid":{"rendered":"https:\/\/uniest.it\/prodotto\/bolle-baby-ultra-delicate-reinigungsmousse\/"},"modified":"2024-10-29T18:55:08","modified_gmt":"2024-10-29T17:55:08","slug":"bolle-baby-ultra-delicate-reinigungsmousse","status":"publish","type":"product","link":"https:\/\/uniest.it\/de\/prodotto\/bolle-baby-ultra-delicate-reinigungsmousse\/","title":{"rendered":"Bolle Baby Ultra Delicate Reinigungsmousse"},"content":{"rendered":"<p>Ultrazartes Reinigungsmousse Bolle Baby: Neue Formel speziell f\u00fcr alle Hauttypen, auch f\u00fcr die empfindlichsten, basierend auf nat\u00fcrlichen Tensiden aus Kokosnuss- und Oliven\u00f6l. Dieses weiche Mousse hat eine reinigende Wirkung, respektiert den physiologischen pH-Wert und hinterl\u00e4sst die Haut weich, hydratisiert und angenehm duftend. Bio-Ringelblumen- und Hamamelis-Extrakte mit beruhigenden Eigenschaften sch\u00fctzen die Haut sanft. Mousse-Duschgel, besonders geeignet f\u00fcr die t\u00e4gliche Reinigung und allgemein empfohlen f\u00fcr die Hygiene und K\u00f6rperpflege von Neugeborenen, Kindern und Erwachsenen mit empfindlicher Haut. Auch hervorragend f\u00fcr empfindliche, intolerante oder zu Allergien neigende Haut geeignet, au\u00dferdem eignet es sich f\u00fcr die Intimhygiene. Besteht aus einer feinen Mischung nat\u00fcrlich gewonnener Tenside, um Austrocknung und Trockenheit durch herk\u00f6mmliche Reinigungsmittel zu verhindern. Dank des speziellen Spenders stellt es die optimale L\u00f6sung dar, um das Produkt auf praktische und funktionelle Weise ausreichend auf der empfindlichen Haut des Babys zu verteilen.<\/p>\n","protected":false},"excerpt":{"rendered":"<p>Ultrazartes Reinigungsmousse Bolle Baby: Neue Formel speziell f\u00fcr alle Hauttypen, auch f\u00fcr die empfindlichsten, basierend auf nat\u00fcrlichen Tensiden aus Kokosnuss- und Oliven\u00f6l. Dieses weiche Mousse hat eine reinigende Wirkung, respektiert den physiologischen pH-Wert und hinterl\u00e4sst die Haut weich, hydratisiert und angenehm duftend. Bio-Ringelblumen- und Hamamelis-Extrakte mit beruhigenden Eigenschaften sch\u00fctzen die Haut sanft. Mousse-Duschgel, besonders geeignet [&hellip;]<\/p>\n","protected":false},"featured_media":6790,"template":"","meta":{"_acf_changed":false,"inline_featured_image":false},"product_brand":[],"product_cat":[1491],"product_tag":[],"class_list":{"0":"post-6789","1":"product","2":"type-product","3":"status-publish","4":"has-post-thumbnail","6":"product_beauty-aromatizzare-e-profumare","7":"product_beauty-detergere","8":"product_beauty-idratare","9":"product_beauty-nutrire-e-rgenerare","10":"product_skin-pelli-delicate-e-sensibili","11":"product_skin-pelli-giovani-e-prime-rughe","12":"product_skin-pelli-grasse-e-miste","13":"product_skin-pelli-mature-e-rughe","14":"product_skin-pelli-secche-e-normali","15":"product_skin-tutte-le-pelli","16":"product_kind-bagno","17":"product_kind-doccia","18":"product_kind-shampoo-e-detergenza","19":"product_lines-baby-mamy","20":"product_cat-famiglia-e-pet-de","21":"pa_size-200-de","23":"first","24":"outofstock","25":"taxable","26":"shipping-taxable","27":"purchasable","28":"product-type-simple"},"acf":[],"yoast_head":"<!-- This site is optimized with the Yoast SEO plugin v24.6 - https:\/\/yoast.com\/wordpress\/plugins\/seo\/ -->\n<title>Bolle Baby Ultra Delicate Reinigungsmousse - Uniest<\/title>\n<meta name=\"robots\" content=\"index, follow, max-snippet:-1, max-image-preview:large, max-video-preview:-1\" \/>\n<link rel=\"canonical\" href=\"https:\/\/uniest.it\/prodotto\/bolle-baby-ultra-delicate-reinigungsmousse\/\" \/>\n<meta property=\"og:locale\" content=\"de_DE\" \/>\n<meta property=\"og:type\" content=\"article\" \/>\n<meta property=\"og:title\" content=\"Bolle Baby Ultra Delicate Reinigungsmousse - Uniest\" \/>\n<meta property=\"og:description\" content=\"Ultrazartes Reinigungsmousse Bolle Baby: Neue Formel speziell f\u00fcr alle Hauttypen, auch f\u00fcr die empfindlichsten, basierend auf nat\u00fcrlichen Tensiden aus Kokosnuss- und Oliven\u00f6l. Dieses weiche Mousse hat eine reinigende Wirkung, respektiert den physiologischen pH-Wert und hinterl\u00e4sst die Haut weich, hydratisiert und angenehm duftend. Bio-Ringelblumen- und Hamamelis-Extrakte mit beruhigenden Eigenschaften sch\u00fctzen die Haut sanft. Mousse-Duschgel, besonders geeignet [&hellip;]\" \/>\n<meta property=\"og:url\" content=\"https:\/\/uniest.it\/prodotto\/bolle-baby-ultra-delicate-reinigungsmousse\/\" \/>\n<meta property=\"og:site_name\" content=\"Uniest\" \/>\n<meta name=\"twitter:card\" content=\"summary_large_image\" \/>\n<meta name=\"twitter:label1\" content=\"Gesch\u00e4tzte Lesezeit\" \/>\n\t<meta name=\"twitter:data1\" content=\"1\u00a0Minute\" \/>\n<script type=\"application\/ld+json\" class=\"yoast-schema-graph\">{\"@context\":\"https:\/\/schema.org\",\"@graph\":[{\"@type\":\"WebPage\",\"@id\":\"https:\/\/uniest.it\/prodotto\/bolle-baby-ultra-delicate-reinigungsmousse\/\",\"url\":\"https:\/\/uniest.it\/prodotto\/bolle-baby-ultra-delicate-reinigungsmousse\/\",\"name\":\"Bolle Baby Ultra Delicate Reinigungsmousse - Uniest\",\"isPartOf\":{\"@id\":\"https:\/\/uniest.it\/#website\"},\"primaryImageOfPage\":{\"@id\":\"https:\/\/uniest.it\/prodotto\/bolle-baby-ultra-delicate-reinigungsmousse\/#primaryimage\"},\"image\":{\"@id\":\"https:\/\/uniest.it\/prodotto\/bolle-baby-ultra-delicate-reinigungsmousse\/#primaryimage\"},\"thumbnailUrl\":\"https:\/\/uniest.it\/wp-content\/uploads\/2020\/11\/006AAA.png\",\"datePublished\":\"2024-10-29T17:55:08+00:00\",\"breadcrumb\":{\"@id\":\"https:\/\/uniest.it\/prodotto\/bolle-baby-ultra-delicate-reinigungsmousse\/#breadcrumb\"},\"inLanguage\":\"de\",\"potentialAction\":[{\"@type\":\"ReadAction\",\"target\":[\"https:\/\/uniest.it\/prodotto\/bolle-baby-ultra-delicate-reinigungsmousse\/\"]}]},{\"@type\":\"ImageObject\",\"inLanguage\":\"de\",\"@id\":\"https:\/\/uniest.it\/prodotto\/bolle-baby-ultra-delicate-reinigungsmousse\/#primaryimage\",\"url\":\"https:\/\/uniest.it\/wp-content\/uploads\/2020\/11\/006AAA.png\",\"contentUrl\":\"https:\/\/uniest.it\/wp-content\/uploads\/2020\/11\/006AAA.png\",\"width\":1283,\"height\":2000},{\"@type\":\"BreadcrumbList\",\"@id\":\"https:\/\/uniest.it\/prodotto\/bolle-baby-ultra-delicate-reinigungsmousse\/#breadcrumb\",\"itemListElement\":[{\"@type\":\"ListItem\",\"position\":1,\"name\":\"Home\",\"item\":\"https:\/\/uniest.it\/de\/\"},{\"@type\":\"ListItem\",\"position\":2,\"name\":\"Shop\",\"item\":\"https:\/\/uniest.it\/shop\/\"},{\"@type\":\"ListItem\",\"position\":3,\"name\":\"Bolle Baby Ultra Delicate Reinigungsmousse\"}]},{\"@type\":\"WebSite\",\"@id\":\"https:\/\/uniest.it\/#website\",\"url\":\"https:\/\/uniest.it\/\",\"name\":\"Uniest\",\"description\":\"Cosmetici Naturali e Bio\",\"potentialAction\":[{\"@type\":\"SearchAction\",\"target\":{\"@type\":\"EntryPoint\",\"urlTemplate\":\"https:\/\/uniest.it\/?s={search_term_string}\"},\"query-input\":{\"@type\":\"PropertyValueSpecification\",\"valueRequired\":true,\"valueName\":\"search_term_string\"}}],\"inLanguage\":\"de\"}]}<\/script>\n<!-- \/ Yoast SEO plugin. -->","yoast_head_json":{"title":"Bolle Baby Ultra Delicate Reinigungsmousse - Uniest","robots":{"index":"index","follow":"follow","max-snippet":"max-snippet:-1","max-image-preview":"max-image-preview:large","max-video-preview":"max-video-preview:-1"},"canonical":"https:\/\/uniest.it\/prodotto\/bolle-baby-ultra-delicate-reinigungsmousse\/","og_locale":"de_DE","og_type":"article","og_title":"Bolle Baby Ultra Delicate Reinigungsmousse - Uniest","og_description":"Ultrazartes Reinigungsmousse Bolle Baby: Neue Formel speziell f\u00fcr alle Hauttypen, auch f\u00fcr die empfindlichsten, basierend auf nat\u00fcrlichen Tensiden aus Kokosnuss- und Oliven\u00f6l. Dieses weiche Mousse hat eine reinigende Wirkung, respektiert den physiologischen pH-Wert und hinterl\u00e4sst die Haut weich, hydratisiert und angenehm duftend. Bio-Ringelblumen- und Hamamelis-Extrakte mit beruhigenden Eigenschaften sch\u00fctzen die Haut sanft. Mousse-Duschgel, besonders geeignet [&hellip;]","og_url":"https:\/\/uniest.it\/prodotto\/bolle-baby-ultra-delicate-reinigungsmousse\/","og_site_name":"Uniest","twitter_card":"summary_large_image","twitter_misc":{"Gesch\u00e4tzte Lesezeit":"1\u00a0Minute"},"schema":{"@context":"https:\/\/schema.org","@graph":[{"@type":"WebPage","@id":"https:\/\/uniest.it\/prodotto\/bolle-baby-ultra-delicate-reinigungsmousse\/","url":"https:\/\/uniest.it\/prodotto\/bolle-baby-ultra-delicate-reinigungsmousse\/","name":"Bolle Baby Ultra Delicate Reinigungsmousse - Uniest","isPartOf":{"@id":"https:\/\/uniest.it\/#website"},"primaryImageOfPage":{"@id":"https:\/\/uniest.it\/prodotto\/bolle-baby-ultra-delicate-reinigungsmousse\/#primaryimage"},"image":{"@id":"https:\/\/uniest.it\/prodotto\/bolle-baby-ultra-delicate-reinigungsmousse\/#primaryimage"},"thumbnailUrl":"https:\/\/uniest.it\/wp-content\/uploads\/2020\/11\/006AAA.png","datePublished":"2024-10-29T17:55:08+00:00","breadcrumb":{"@id":"https:\/\/uniest.it\/prodotto\/bolle-baby-ultra-delicate-reinigungsmousse\/#breadcrumb"},"inLanguage":"de","potentialAction":[{"@type":"ReadAction","target":["https:\/\/uniest.it\/prodotto\/bolle-baby-ultra-delicate-reinigungsmousse\/"]}]},{"@type":"ImageObject","inLanguage":"de","@id":"https:\/\/uniest.it\/prodotto\/bolle-baby-ultra-delicate-reinigungsmousse\/#primaryimage","url":"https:\/\/uniest.it\/wp-content\/uploads\/2020\/11\/006AAA.png","contentUrl":"https:\/\/uniest.it\/wp-content\/uploads\/2020\/11\/006AAA.png","width":1283,"height":2000},{"@type":"BreadcrumbList","@id":"https:\/\/uniest.it\/prodotto\/bolle-baby-ultra-delicate-reinigungsmousse\/#breadcrumb","itemListElement":[{"@type":"ListItem","position":1,"name":"Home","item":"https:\/\/uniest.it\/de\/"},{"@type":"ListItem","position":2,"name":"Shop","item":"https:\/\/uniest.it\/shop\/"},{"@type":"ListItem","position":3,"name":"Bolle Baby Ultra Delicate Reinigungsmousse"}]},{"@type":"WebSite","@id":"https:\/\/uniest.it\/#website","url":"https:\/\/uniest.it\/","name":"Uniest","description":"Cosmetici Naturali e Bio","potentialAction":[{"@type":"SearchAction","target":{"@type":"EntryPoint","urlTemplate":"https:\/\/uniest.it\/?s={search_term_string}"},"query-input":{"@type":"PropertyValueSpecification","valueRequired":true,"valueName":"search_term_string"}}],"inLanguage":"de"}]}},"_links":{"self":[{"href":"https:\/\/uniest.it\/de\/wp-json\/wp\/v2\/product\/6789","targetHints":{"allow":["GET"]}}],"collection":[{"href":"https:\/\/uniest.it\/de\/wp-json\/wp\/v2\/product"}],"about":[{"href":"https:\/\/uniest.it\/de\/wp-json\/wp\/v2\/types\/product"}],"wp:featuredmedia":[{"embeddable":true,"href":"https:\/\/uniest.it\/de\/wp-json\/wp\/v2\/media\/6790"}],"wp:attachment":[{"href":"https:\/\/uniest.it\/de\/wp-json\/wp\/v2\/media?parent=6789"}],"wp:term":[{"taxonomy":"product_brand","embeddable":true,"href":"https:\/\/uniest.it\/de\/wp-json\/wp\/v2\/product_brand?post=6789"},{"taxonomy":"product_cat","embeddable":true,"href":"https:\/\/uniest.it\/de\/wp-json\/wp\/v2\/product_cat?post=6789"},{"taxonomy":"product_tag","embeddable":true,"href":"https:\/\/uniest.it\/de\/wp-json\/wp\/v2\/product_tag?post=6789"}],"curies":[{"name":"wp","href":"https:\/\/api.w.org\/{rel}","templated":true}]}}