{"id":6795,"date":"2021-02-04T12:56:17","date_gmt":"2024-10-29T17:55:09","guid":{"rendered":"https:\/\/uniest.it\/prodotto\/saeuerndes-pflanzliches-tonikum\/"},"modified":"2024-10-29T18:55:09","modified_gmt":"2024-10-29T17:55:09","slug":"saeuerndes-pflanzliches-tonikum","status":"publish","type":"product","link":"https:\/\/uniest.it\/de\/prodotto\/saeuerndes-pflanzliches-tonikum\/","title":{"rendered":"S\u00e4uerndes pflanzliches Tonikum"},"content":{"rendered":"<p>Das s\u00e4uernde Pflanzentonikum ist eine Lotion, die reich an wertvollen Salzen aus dem Toten Meer ist. Es ist in der Lage, dem Gesicht dabei zu helfen, das richtige Ma\u00df an Mineralien aufrechtzuerhalten, die durch Schwitzen oder aufgrund klimatischer Ursachen (Wind, Sonne) verloren gehen, und somit eine korrektere Feuchtigkeitsversorgung sicherzustellen. Weizenkeimproteine n\u00e4hren die Haut, die dank der Pflanzenextrakte aus Bio-Aloe, Echinacea und Bio-Schafgarbe erfrischt, entspannt und weich wird. Nicht jeder wei\u00df, dass unsere Haut einen sauren pH-Wert hat, aber meistens \u00e4ndert sich dieser je nach t\u00e4glich verwendetem Waschmittel oder Kosmetika. Dies kann auf lange Sicht die Epidermis sch\u00e4digen, sie stumpf und matt machen, R\u00f6tungen verursachen oder sie gl\u00e4nzend und fettig erscheinen lassen. Toner ist ein Produkt in Form einer Lotion mit einer sehr fl\u00fcssigen, wasser\u00e4hnlichen Textur. Seine Funktion besteht darin, den nat\u00fcrlichen S\u00e4uregehalt der Haut unter Ber\u00fccksichtigung der H\u00e4rte des Leitungswassers, das sehr kalkhaltig ist, wieder ins Gleichgewicht zu bringen. &nbsp;<\/p>\n","protected":false},"excerpt":{"rendered":"<p>Das s\u00e4uernde Pflanzentonikum ist eine Lotion, die reich an wertvollen Salzen aus dem Toten Meer ist. Es ist in der Lage, dem Gesicht dabei zu helfen, das richtige Ma\u00df an Mineralien aufrechtzuerhalten, die durch Schwitzen oder aufgrund klimatischer Ursachen (Wind, Sonne) verloren gehen, und somit eine korrektere Feuchtigkeitsversorgung sicherzustellen. Weizenkeimproteine n\u00e4hren die Haut, die dank [&hellip;]<\/p>\n","protected":false},"featured_media":6796,"template":"","meta":{"_acf_changed":false,"inline_featured_image":false},"product_brand":[],"product_cat":[1497],"product_tag":[],"class_list":{"0":"post-6795","1":"product","2":"type-product","3":"status-publish","4":"has-post-thumbnail","6":"product_beauty-idratare","7":"product_beauty-purificare","8":"product_beauty-rassodare-e-tonificare","9":"product_beauty-riequilibrare","10":"product_skin-pelli-giovani-e-prime-rughe","11":"product_skin-pelli-secche-e-normali","12":"product_kind-tonici-e-lozioni-viso","13":"product_lines-pelli-normali-e-prime-rughe","14":"product_cat-viso-de","15":"pa_size-200-de","17":"first","18":"instock","19":"taxable","20":"shipping-taxable","21":"purchasable","22":"product-type-simple"},"acf":[],"yoast_head":"<!-- This site is optimized with the Yoast SEO plugin v24.6 - https:\/\/yoast.com\/wordpress\/plugins\/seo\/ -->\n<title>S\u00e4uerndes pflanzliches Tonikum - Uniest<\/title>\n<meta name=\"robots\" content=\"index, follow, max-snippet:-1, max-image-preview:large, max-video-preview:-1\" \/>\n<link rel=\"canonical\" href=\"https:\/\/uniest.it\/prodotto\/tonico-vegetale-acidificante\/\" \/>\n<meta property=\"og:locale\" content=\"de_DE\" \/>\n<meta property=\"og:type\" content=\"article\" \/>\n<meta property=\"og:title\" content=\"S\u00e4uerndes pflanzliches Tonikum - Uniest\" \/>\n<meta property=\"og:description\" content=\"Das s\u00e4uernde Pflanzentonikum ist eine Lotion, die reich an wertvollen Salzen aus dem Toten Meer ist. Es ist in der Lage, dem Gesicht dabei zu helfen, das richtige Ma\u00df an Mineralien aufrechtzuerhalten, die durch Schwitzen oder aufgrund klimatischer Ursachen (Wind, Sonne) verloren gehen, und somit eine korrektere Feuchtigkeitsversorgung sicherzustellen. Weizenkeimproteine n\u00e4hren die Haut, die dank [&hellip;]\" \/>\n<meta property=\"og:url\" content=\"https:\/\/uniest.it\/prodotto\/tonico-vegetale-acidificante\/\" \/>\n<meta property=\"og:site_name\" content=\"Uniest\" \/>\n<meta property=\"og:image\" content=\"https:\/\/uniest.it\/wp-content\/uploads\/2020\/11\/006AAE.png\" \/>\n\t<meta property=\"og:image:width\" content=\"1283\" \/>\n\t<meta property=\"og:image:height\" content=\"2000\" \/>\n\t<meta property=\"og:image:type\" content=\"image\/png\" \/>\n<meta name=\"twitter:card\" content=\"summary_large_image\" \/>\n<meta name=\"twitter:label1\" content=\"Gesch\u00e4tzte Lesezeit\" \/>\n\t<meta name=\"twitter:data1\" content=\"1\u00a0Minute\" \/>\n<script type=\"application\/ld+json\" class=\"yoast-schema-graph\">{\"@context\":\"https:\/\/schema.org\",\"@graph\":[{\"@type\":\"WebPage\",\"@id\":\"https:\/\/uniest.it\/prodotto\/tonico-vegetale-acidificante\/\",\"url\":\"https:\/\/uniest.it\/prodotto\/tonico-vegetale-acidificante\/\",\"name\":\"S\u00e4uerndes pflanzliches Tonikum - Uniest\",\"isPartOf\":{\"@id\":\"https:\/\/uniest.it\/#website\"},\"primaryImageOfPage\":{\"@id\":\"https:\/\/uniest.it\/prodotto\/tonico-vegetale-acidificante\/#primaryimage\"},\"image\":{\"@id\":\"https:\/\/uniest.it\/prodotto\/tonico-vegetale-acidificante\/#primaryimage\"},\"thumbnailUrl\":\"https:\/\/uniest.it\/wp-content\/uploads\/2020\/11\/006AAE.png\",\"datePublished\":\"2024-10-29T17:55:09+00:00\",\"breadcrumb\":{\"@id\":\"https:\/\/uniest.it\/prodotto\/tonico-vegetale-acidificante\/#breadcrumb\"},\"inLanguage\":\"de\",\"potentialAction\":[{\"@type\":\"ReadAction\",\"target\":[\"https:\/\/uniest.it\/prodotto\/tonico-vegetale-acidificante\/\"]}]},{\"@type\":\"ImageObject\",\"inLanguage\":\"de\",\"@id\":\"https:\/\/uniest.it\/prodotto\/tonico-vegetale-acidificante\/#primaryimage\",\"url\":\"https:\/\/uniest.it\/wp-content\/uploads\/2020\/11\/006AAE.png\",\"contentUrl\":\"https:\/\/uniest.it\/wp-content\/uploads\/2020\/11\/006AAE.png\",\"width\":1283,\"height\":2000},{\"@type\":\"BreadcrumbList\",\"@id\":\"https:\/\/uniest.it\/prodotto\/tonico-vegetale-acidificante\/#breadcrumb\",\"itemListElement\":[{\"@type\":\"ListItem\",\"position\":1,\"name\":\"Home\",\"item\":\"https:\/\/uniest.it\/de\/\"},{\"@type\":\"ListItem\",\"position\":2,\"name\":\"Shop\",\"item\":\"https:\/\/uniest.it\/shop\/\"},{\"@type\":\"ListItem\",\"position\":3,\"name\":\"S\u00e4uerndes pflanzliches Tonikum\"}]},{\"@type\":\"WebSite\",\"@id\":\"https:\/\/uniest.it\/#website\",\"url\":\"https:\/\/uniest.it\/\",\"name\":\"Uniest\",\"description\":\"Cosmetici Naturali e Bio\",\"potentialAction\":[{\"@type\":\"SearchAction\",\"target\":{\"@type\":\"EntryPoint\",\"urlTemplate\":\"https:\/\/uniest.it\/?s={search_term_string}\"},\"query-input\":{\"@type\":\"PropertyValueSpecification\",\"valueRequired\":true,\"valueName\":\"search_term_string\"}}],\"inLanguage\":\"de\"}]}<\/script>\n<!-- \/ Yoast SEO plugin. -->","yoast_head_json":{"title":"S\u00e4uerndes pflanzliches Tonikum - Uniest","robots":{"index":"index","follow":"follow","max-snippet":"max-snippet:-1","max-image-preview":"max-image-preview:large","max-video-preview":"max-video-preview:-1"},"canonical":"https:\/\/uniest.it\/prodotto\/tonico-vegetale-acidificante\/","og_locale":"de_DE","og_type":"article","og_title":"S\u00e4uerndes pflanzliches Tonikum - Uniest","og_description":"Das s\u00e4uernde Pflanzentonikum ist eine Lotion, die reich an wertvollen Salzen aus dem Toten Meer ist. Es ist in der Lage, dem Gesicht dabei zu helfen, das richtige Ma\u00df an Mineralien aufrechtzuerhalten, die durch Schwitzen oder aufgrund klimatischer Ursachen (Wind, Sonne) verloren gehen, und somit eine korrektere Feuchtigkeitsversorgung sicherzustellen. Weizenkeimproteine n\u00e4hren die Haut, die dank [&hellip;]","og_url":"https:\/\/uniest.it\/prodotto\/tonico-vegetale-acidificante\/","og_site_name":"Uniest","og_image":[{"width":1283,"height":2000,"url":"https:\/\/uniest.it\/wp-content\/uploads\/2020\/11\/006AAE.png","type":"image\/png"}],"twitter_card":"summary_large_image","twitter_misc":{"Gesch\u00e4tzte Lesezeit":"1\u00a0Minute"},"schema":{"@context":"https:\/\/schema.org","@graph":[{"@type":"WebPage","@id":"https:\/\/uniest.it\/prodotto\/tonico-vegetale-acidificante\/","url":"https:\/\/uniest.it\/prodotto\/tonico-vegetale-acidificante\/","name":"S\u00e4uerndes pflanzliches Tonikum - Uniest","isPartOf":{"@id":"https:\/\/uniest.it\/#website"},"primaryImageOfPage":{"@id":"https:\/\/uniest.it\/prodotto\/tonico-vegetale-acidificante\/#primaryimage"},"image":{"@id":"https:\/\/uniest.it\/prodotto\/tonico-vegetale-acidificante\/#primaryimage"},"thumbnailUrl":"https:\/\/uniest.it\/wp-content\/uploads\/2020\/11\/006AAE.png","datePublished":"2024-10-29T17:55:09+00:00","breadcrumb":{"@id":"https:\/\/uniest.it\/prodotto\/tonico-vegetale-acidificante\/#breadcrumb"},"inLanguage":"de","potentialAction":[{"@type":"ReadAction","target":["https:\/\/uniest.it\/prodotto\/tonico-vegetale-acidificante\/"]}]},{"@type":"ImageObject","inLanguage":"de","@id":"https:\/\/uniest.it\/prodotto\/tonico-vegetale-acidificante\/#primaryimage","url":"https:\/\/uniest.it\/wp-content\/uploads\/2020\/11\/006AAE.png","contentUrl":"https:\/\/uniest.it\/wp-content\/uploads\/2020\/11\/006AAE.png","width":1283,"height":2000},{"@type":"BreadcrumbList","@id":"https:\/\/uniest.it\/prodotto\/tonico-vegetale-acidificante\/#breadcrumb","itemListElement":[{"@type":"ListItem","position":1,"name":"Home","item":"https:\/\/uniest.it\/de\/"},{"@type":"ListItem","position":2,"name":"Shop","item":"https:\/\/uniest.it\/shop\/"},{"@type":"ListItem","position":3,"name":"S\u00e4uerndes pflanzliches Tonikum"}]},{"@type":"WebSite","@id":"https:\/\/uniest.it\/#website","url":"https:\/\/uniest.it\/","name":"Uniest","description":"Cosmetici Naturali e Bio","potentialAction":[{"@type":"SearchAction","target":{"@type":"EntryPoint","urlTemplate":"https:\/\/uniest.it\/?s={search_term_string}"},"query-input":{"@type":"PropertyValueSpecification","valueRequired":true,"valueName":"search_term_string"}}],"inLanguage":"de"}]}},"_links":{"self":[{"href":"https:\/\/uniest.it\/de\/wp-json\/wp\/v2\/product\/6795","targetHints":{"allow":["GET"]}}],"collection":[{"href":"https:\/\/uniest.it\/de\/wp-json\/wp\/v2\/product"}],"about":[{"href":"https:\/\/uniest.it\/de\/wp-json\/wp\/v2\/types\/product"}],"wp:featuredmedia":[{"embeddable":true,"href":"https:\/\/uniest.it\/de\/wp-json\/wp\/v2\/media\/6796"}],"wp:attachment":[{"href":"https:\/\/uniest.it\/de\/wp-json\/wp\/v2\/media?parent=6795"}],"wp:term":[{"taxonomy":"product_brand","embeddable":true,"href":"https:\/\/uniest.it\/de\/wp-json\/wp\/v2\/product_brand?post=6795"},{"taxonomy":"product_cat","embeddable":true,"href":"https:\/\/uniest.it\/de\/wp-json\/wp\/v2\/product_cat?post=6795"},{"taxonomy":"product_tag","embeddable":true,"href":"https:\/\/uniest.it\/de\/wp-json\/wp\/v2\/product_tag?post=6795"}],"curies":[{"name":"wp","href":"https:\/\/api.w.org\/{rel}","templated":true}]}}