{"id":6798,"date":"2021-02-04T12:56:17","date_gmt":"2024-10-29T17:55:09","guid":{"rendered":"https:\/\/uniest.it\/prodotto\/schutz-vor-sonnen-und-regenwasser\/"},"modified":"2024-10-29T18:55:09","modified_gmt":"2024-10-29T17:55:09","slug":"schutz-vor-sonnen-und-regenwasser","status":"publish","type":"product","link":"https:\/\/uniest.it\/de\/prodotto\/schutz-vor-sonnen-und-regenwasser\/","title":{"rendered":"Schutz vor Sonnen- und Regenwasser"},"content":{"rendered":"<p>Sun Rain ist ein Solarwasser, das sich durch eine Mischung wohltuender Substanzen auszeichnet, die der der Sonne ausgesetzten Haut die richtige Feuchtigkeit spenden und eine angenehm beruhigende Wirkung haben. Angereichert mit Aloe Vera-Pflanzenextrakt mit sehr hoher beruhigender und r\u00f6tungshemmender Wirkung, spendet es unserer Haut nicht nur gr\u00fcndlich Feuchtigkeit, sondern verhindert auch die Bildung freier Radikale. Dank der erfrischenden, tonisierenden und beruhigenden Wirkung der \u00e4therischen \u00d6le Menthol und Kampfer verleiht es der Haut sofort ein Gef\u00fchl von Frische und Feuchtigkeit. Die Wirkung der Bio-Pflanzenextrakte Aloe und Johanniskraut, nat\u00fcrliche Filter der Sonnenstrahlen, verst\u00e4rkt durch den Sonnenfilter, garantiert Schutz vor UV-Strahlen. Die Formel enth\u00e4lt au\u00dferdem Sorbitol, einen feuchtigkeitsspendenden Faktor, der eine durch Hitze verursachte Austrocknung der Haut verhindert und die Haut weich und samtig h\u00e4lt.<\/p>\n","protected":false},"excerpt":{"rendered":"<p>Sun Rain ist ein Solarwasser, das sich durch eine Mischung wohltuender Substanzen auszeichnet, die der der Sonne ausgesetzten Haut die richtige Feuchtigkeit spenden und eine angenehm beruhigende Wirkung haben. Angereichert mit Aloe Vera-Pflanzenextrakt mit sehr hoher beruhigender und r\u00f6tungshemmender Wirkung, spendet es unserer Haut nicht nur gr\u00fcndlich Feuchtigkeit, sondern verhindert auch die Bildung freier Radikale. [&hellip;]<\/p>\n","protected":false},"featured_media":6799,"template":"","meta":{"_acf_changed":false,"inline_featured_image":false},"product_brand":[],"product_cat":[1489,1495],"product_tag":[],"class_list":{"0":"post-6798","1":"product","2":"type-product","3":"status-publish","4":"has-post-thumbnail","6":"product_beauty-idratare","7":"product_beauty-lenire","8":"product_beauty-proteggere","9":"product_skin-tutte-le-pelli","10":"product_kind-protezione-solare","11":"product_kind-tonici-e-lozioni-corpo","12":"product_lines-solari","13":"product_cat-corpo-de","14":"product_cat-solar","15":"pa_size-400-de","17":"first","18":"instock","19":"taxable","20":"shipping-taxable","21":"purchasable","22":"product-type-simple"},"acf":[],"yoast_head":"<!-- This site is optimized with the Yoast SEO plugin v24.6 - https:\/\/yoast.com\/wordpress\/plugins\/seo\/ -->\n<title>Schutz vor Sonnen- und Regenwasser - Uniest<\/title>\n<meta name=\"robots\" content=\"index, follow, max-snippet:-1, max-image-preview:large, max-video-preview:-1\" \/>\n<link rel=\"canonical\" href=\"https:\/\/uniest.it\/prodotto\/schutz-vor-sonnen-und-regenwasser\/\" \/>\n<meta property=\"og:locale\" content=\"de_DE\" \/>\n<meta property=\"og:type\" content=\"article\" \/>\n<meta property=\"og:title\" content=\"Schutz vor Sonnen- und Regenwasser - Uniest\" \/>\n<meta property=\"og:description\" content=\"Sun Rain ist ein Solarwasser, das sich durch eine Mischung wohltuender Substanzen auszeichnet, die der der Sonne ausgesetzten Haut die richtige Feuchtigkeit spenden und eine angenehm beruhigende Wirkung haben. Angereichert mit Aloe Vera-Pflanzenextrakt mit sehr hoher beruhigender und r\u00f6tungshemmender Wirkung, spendet es unserer Haut nicht nur gr\u00fcndlich Feuchtigkeit, sondern verhindert auch die Bildung freier Radikale. [&hellip;]\" \/>\n<meta property=\"og:url\" content=\"https:\/\/uniest.it\/prodotto\/schutz-vor-sonnen-und-regenwasser\/\" \/>\n<meta property=\"og:site_name\" content=\"Uniest\" \/>\n<meta name=\"twitter:card\" content=\"summary_large_image\" \/>\n<meta name=\"twitter:label1\" content=\"Gesch\u00e4tzte Lesezeit\" \/>\n\t<meta name=\"twitter:data1\" content=\"1\u00a0Minute\" \/>\n<script type=\"application\/ld+json\" class=\"yoast-schema-graph\">{\"@context\":\"https:\/\/schema.org\",\"@graph\":[{\"@type\":\"WebPage\",\"@id\":\"https:\/\/uniest.it\/prodotto\/schutz-vor-sonnen-und-regenwasser\/\",\"url\":\"https:\/\/uniest.it\/prodotto\/schutz-vor-sonnen-und-regenwasser\/\",\"name\":\"Schutz vor Sonnen- und Regenwasser - Uniest\",\"isPartOf\":{\"@id\":\"https:\/\/uniest.it\/#website\"},\"primaryImageOfPage\":{\"@id\":\"https:\/\/uniest.it\/prodotto\/schutz-vor-sonnen-und-regenwasser\/#primaryimage\"},\"image\":{\"@id\":\"https:\/\/uniest.it\/prodotto\/schutz-vor-sonnen-und-regenwasser\/#primaryimage\"},\"thumbnailUrl\":\"https:\/\/uniest.it\/wp-content\/uploads\/2020\/11\/006AAS.png\",\"datePublished\":\"2024-10-29T17:55:09+00:00\",\"breadcrumb\":{\"@id\":\"https:\/\/uniest.it\/prodotto\/schutz-vor-sonnen-und-regenwasser\/#breadcrumb\"},\"inLanguage\":\"de\",\"potentialAction\":[{\"@type\":\"ReadAction\",\"target\":[\"https:\/\/uniest.it\/prodotto\/schutz-vor-sonnen-und-regenwasser\/\"]}]},{\"@type\":\"ImageObject\",\"inLanguage\":\"de\",\"@id\":\"https:\/\/uniest.it\/prodotto\/schutz-vor-sonnen-und-regenwasser\/#primaryimage\",\"url\":\"https:\/\/uniest.it\/wp-content\/uploads\/2020\/11\/006AAS.png\",\"contentUrl\":\"https:\/\/uniest.it\/wp-content\/uploads\/2020\/11\/006AAS.png\",\"width\":1283,\"height\":2000},{\"@type\":\"BreadcrumbList\",\"@id\":\"https:\/\/uniest.it\/prodotto\/schutz-vor-sonnen-und-regenwasser\/#breadcrumb\",\"itemListElement\":[{\"@type\":\"ListItem\",\"position\":1,\"name\":\"Home\",\"item\":\"https:\/\/uniest.it\/de\/\"},{\"@type\":\"ListItem\",\"position\":2,\"name\":\"Shop\",\"item\":\"https:\/\/uniest.it\/shop\/\"},{\"@type\":\"ListItem\",\"position\":3,\"name\":\"Schutz vor Sonnen- und Regenwasser\"}]},{\"@type\":\"WebSite\",\"@id\":\"https:\/\/uniest.it\/#website\",\"url\":\"https:\/\/uniest.it\/\",\"name\":\"Uniest\",\"description\":\"Cosmetici Naturali e Bio\",\"potentialAction\":[{\"@type\":\"SearchAction\",\"target\":{\"@type\":\"EntryPoint\",\"urlTemplate\":\"https:\/\/uniest.it\/?s={search_term_string}\"},\"query-input\":{\"@type\":\"PropertyValueSpecification\",\"valueRequired\":true,\"valueName\":\"search_term_string\"}}],\"inLanguage\":\"de\"}]}<\/script>\n<!-- \/ Yoast SEO plugin. -->","yoast_head_json":{"title":"Schutz vor Sonnen- und Regenwasser - Uniest","robots":{"index":"index","follow":"follow","max-snippet":"max-snippet:-1","max-image-preview":"max-image-preview:large","max-video-preview":"max-video-preview:-1"},"canonical":"https:\/\/uniest.it\/prodotto\/schutz-vor-sonnen-und-regenwasser\/","og_locale":"de_DE","og_type":"article","og_title":"Schutz vor Sonnen- und Regenwasser - Uniest","og_description":"Sun Rain ist ein Solarwasser, das sich durch eine Mischung wohltuender Substanzen auszeichnet, die der der Sonne ausgesetzten Haut die richtige Feuchtigkeit spenden und eine angenehm beruhigende Wirkung haben. Angereichert mit Aloe Vera-Pflanzenextrakt mit sehr hoher beruhigender und r\u00f6tungshemmender Wirkung, spendet es unserer Haut nicht nur gr\u00fcndlich Feuchtigkeit, sondern verhindert auch die Bildung freier Radikale. [&hellip;]","og_url":"https:\/\/uniest.it\/prodotto\/schutz-vor-sonnen-und-regenwasser\/","og_site_name":"Uniest","twitter_card":"summary_large_image","twitter_misc":{"Gesch\u00e4tzte Lesezeit":"1\u00a0Minute"},"schema":{"@context":"https:\/\/schema.org","@graph":[{"@type":"WebPage","@id":"https:\/\/uniest.it\/prodotto\/schutz-vor-sonnen-und-regenwasser\/","url":"https:\/\/uniest.it\/prodotto\/schutz-vor-sonnen-und-regenwasser\/","name":"Schutz vor Sonnen- und Regenwasser - Uniest","isPartOf":{"@id":"https:\/\/uniest.it\/#website"},"primaryImageOfPage":{"@id":"https:\/\/uniest.it\/prodotto\/schutz-vor-sonnen-und-regenwasser\/#primaryimage"},"image":{"@id":"https:\/\/uniest.it\/prodotto\/schutz-vor-sonnen-und-regenwasser\/#primaryimage"},"thumbnailUrl":"https:\/\/uniest.it\/wp-content\/uploads\/2020\/11\/006AAS.png","datePublished":"2024-10-29T17:55:09+00:00","breadcrumb":{"@id":"https:\/\/uniest.it\/prodotto\/schutz-vor-sonnen-und-regenwasser\/#breadcrumb"},"inLanguage":"de","potentialAction":[{"@type":"ReadAction","target":["https:\/\/uniest.it\/prodotto\/schutz-vor-sonnen-und-regenwasser\/"]}]},{"@type":"ImageObject","inLanguage":"de","@id":"https:\/\/uniest.it\/prodotto\/schutz-vor-sonnen-und-regenwasser\/#primaryimage","url":"https:\/\/uniest.it\/wp-content\/uploads\/2020\/11\/006AAS.png","contentUrl":"https:\/\/uniest.it\/wp-content\/uploads\/2020\/11\/006AAS.png","width":1283,"height":2000},{"@type":"BreadcrumbList","@id":"https:\/\/uniest.it\/prodotto\/schutz-vor-sonnen-und-regenwasser\/#breadcrumb","itemListElement":[{"@type":"ListItem","position":1,"name":"Home","item":"https:\/\/uniest.it\/de\/"},{"@type":"ListItem","position":2,"name":"Shop","item":"https:\/\/uniest.it\/shop\/"},{"@type":"ListItem","position":3,"name":"Schutz vor Sonnen- und Regenwasser"}]},{"@type":"WebSite","@id":"https:\/\/uniest.it\/#website","url":"https:\/\/uniest.it\/","name":"Uniest","description":"Cosmetici Naturali e Bio","potentialAction":[{"@type":"SearchAction","target":{"@type":"EntryPoint","urlTemplate":"https:\/\/uniest.it\/?s={search_term_string}"},"query-input":{"@type":"PropertyValueSpecification","valueRequired":true,"valueName":"search_term_string"}}],"inLanguage":"de"}]}},"_links":{"self":[{"href":"https:\/\/uniest.it\/de\/wp-json\/wp\/v2\/product\/6798","targetHints":{"allow":["GET"]}}],"collection":[{"href":"https:\/\/uniest.it\/de\/wp-json\/wp\/v2\/product"}],"about":[{"href":"https:\/\/uniest.it\/de\/wp-json\/wp\/v2\/types\/product"}],"wp:featuredmedia":[{"embeddable":true,"href":"https:\/\/uniest.it\/de\/wp-json\/wp\/v2\/media\/6799"}],"wp:attachment":[{"href":"https:\/\/uniest.it\/de\/wp-json\/wp\/v2\/media?parent=6798"}],"wp:term":[{"taxonomy":"product_brand","embeddable":true,"href":"https:\/\/uniest.it\/de\/wp-json\/wp\/v2\/product_brand?post=6798"},{"taxonomy":"product_cat","embeddable":true,"href":"https:\/\/uniest.it\/de\/wp-json\/wp\/v2\/product_cat?post=6798"},{"taxonomy":"product_tag","embeddable":true,"href":"https:\/\/uniest.it\/de\/wp-json\/wp\/v2\/product_tag?post=6798"}],"curies":[{"name":"wp","href":"https:\/\/api.w.org\/{rel}","templated":true}]}}