{"id":6801,"date":"2024-10-29T18:55:10","date_gmt":"2024-10-29T17:55:10","guid":{"rendered":"https:\/\/uniest.it\/prodotto\/desinfizierende-handwaschseife\/"},"modified":"2024-10-29T18:55:10","modified_gmt":"2024-10-29T17:55:10","slug":"desinfizierende-handwaschseife","status":"publish","type":"product","link":"https:\/\/uniest.it\/de\/prodotto\/desinfizierende-handwaschseife\/","title":{"rendered":"Desinfizierende Handwaschseife"},"content":{"rendered":"<p>Sanitizing Hand Wash Soap ist ein sanftes Produkt mit desinfizierender Wirkung, das speziell f\u00fcr die Reinigung der H\u00e4nde entwickelt wurde, zart duftet und angenehm in der Anwendung ist. Um die desinfizierende Wirkung von Natriumhypochlorit zu verst\u00e4rken, wurde es mit reinem \u00e4therischem Teebaum\u00f6l mit bekannten nat\u00fcrlichen antiseptischen und antibakteriellen Eigenschaften angereichert. Dank des nat\u00fcrlichen Pflanzenextrakts aus Bio-Ringelblume* und Bio-Aloe* ist es besonders zart, beruhigt die Haut und spendet tiefe Feuchtigkeit, die die Haut weich und hydratisiert macht. Die desinfizierende Handwaschseife reinigt sanft und respektiert dabei den physiologischen pH-Wert der Haut.<\/p>\n","protected":false},"excerpt":{"rendered":"<p>Sanitizing Hand Wash Soap ist ein sanftes Produkt mit desinfizierender Wirkung, das speziell f\u00fcr die Reinigung der H\u00e4nde entwickelt wurde, zart duftet und angenehm in der Anwendung ist. Um die desinfizierende Wirkung von Natriumhypochlorit zu verst\u00e4rken, wurde es mit reinem \u00e4therischem Teebaum\u00f6l mit bekannten nat\u00fcrlichen antiseptischen und antibakteriellen Eigenschaften angereichert. Dank des nat\u00fcrlichen Pflanzenextrakts aus [&hellip;]<\/p>\n","protected":false},"featured_media":6802,"template":"","meta":{"_acf_changed":false,"inline_featured_image":false},"product_brand":[],"product_cat":[1491,1493,1489,1496],"product_tag":[],"class_list":{"0":"post-6801","1":"product","2":"type-product","3":"status-publish","4":"has-post-thumbnail","6":"product_beauty-detergere","7":"product_beauty-idratare","8":"product_beauty-proteggere","9":"product_skin-pelli-delicate-e-sensibili","10":"product_skin-pelli-giovani-e-prime-rughe","11":"product_skin-pelli-grasse-e-miste","12":"product_skin-pelli-mature-e-rughe","13":"product_skin-pelli-secche-e-normali","14":"product_skin-tutte-le-pelli","15":"product_kind-bagno","16":"product_kind-doccia","17":"product_kind-shampoo-e-detergenza","18":"product_lines-igiene-e-protezione","19":"product_cat-famiglia-e-pet-de","20":"product_cat-mani-e-piedi-de","21":"product_cat-corpo-de","22":"product_cat-uomo-de","23":"pa_size-300-de","25":"first","26":"instock","27":"taxable","28":"shipping-taxable","29":"purchasable","30":"product-type-simple"},"acf":[],"yoast_head":"<!-- This site is optimized with the Yoast SEO plugin v24.6 - https:\/\/yoast.com\/wordpress\/plugins\/seo\/ -->\n<title>Desinfizierende Handwaschseife - Uniest<\/title>\n<meta name=\"robots\" content=\"index, follow, max-snippet:-1, max-image-preview:large, max-video-preview:-1\" \/>\n<link rel=\"canonical\" href=\"https:\/\/uniest.it\/prodotto\/desinfizierende-handwaschseife\/\" \/>\n<meta property=\"og:locale\" content=\"de_DE\" \/>\n<meta property=\"og:type\" content=\"article\" \/>\n<meta property=\"og:title\" content=\"Desinfizierende Handwaschseife - Uniest\" \/>\n<meta property=\"og:description\" content=\"Sanitizing Hand Wash Soap ist ein sanftes Produkt mit desinfizierender Wirkung, das speziell f\u00fcr die Reinigung der H\u00e4nde entwickelt wurde, zart duftet und angenehm in der Anwendung ist. Um die desinfizierende Wirkung von Natriumhypochlorit zu verst\u00e4rken, wurde es mit reinem \u00e4therischem Teebaum\u00f6l mit bekannten nat\u00fcrlichen antiseptischen und antibakteriellen Eigenschaften angereichert. Dank des nat\u00fcrlichen Pflanzenextrakts aus [&hellip;]\" \/>\n<meta property=\"og:url\" content=\"https:\/\/uniest.it\/prodotto\/desinfizierende-handwaschseife\/\" \/>\n<meta property=\"og:site_name\" content=\"Uniest\" \/>\n<meta name=\"twitter:card\" content=\"summary_large_image\" \/>\n<script type=\"application\/ld+json\" class=\"yoast-schema-graph\">{\"@context\":\"https:\/\/schema.org\",\"@graph\":[{\"@type\":\"WebPage\",\"@id\":\"https:\/\/uniest.it\/prodotto\/desinfizierende-handwaschseife\/\",\"url\":\"https:\/\/uniest.it\/prodotto\/desinfizierende-handwaschseife\/\",\"name\":\"Desinfizierende Handwaschseife - Uniest\",\"isPartOf\":{\"@id\":\"https:\/\/uniest.it\/#website\"},\"primaryImageOfPage\":{\"@id\":\"https:\/\/uniest.it\/prodotto\/desinfizierende-handwaschseife\/#primaryimage\"},\"image\":{\"@id\":\"https:\/\/uniest.it\/prodotto\/desinfizierende-handwaschseife\/#primaryimage\"},\"thumbnailUrl\":\"https:\/\/uniest.it\/wp-content\/uploads\/2020\/11\/006IGI.png\",\"datePublished\":\"2024-10-29T17:55:10+00:00\",\"breadcrumb\":{\"@id\":\"https:\/\/uniest.it\/prodotto\/desinfizierende-handwaschseife\/#breadcrumb\"},\"inLanguage\":\"de\",\"potentialAction\":[{\"@type\":\"ReadAction\",\"target\":[\"https:\/\/uniest.it\/prodotto\/desinfizierende-handwaschseife\/\"]}]},{\"@type\":\"ImageObject\",\"inLanguage\":\"de\",\"@id\":\"https:\/\/uniest.it\/prodotto\/desinfizierende-handwaschseife\/#primaryimage\",\"url\":\"https:\/\/uniest.it\/wp-content\/uploads\/2020\/11\/006IGI.png\",\"contentUrl\":\"https:\/\/uniest.it\/wp-content\/uploads\/2020\/11\/006IGI.png\",\"width\":1283,\"height\":2000},{\"@type\":\"BreadcrumbList\",\"@id\":\"https:\/\/uniest.it\/prodotto\/desinfizierende-handwaschseife\/#breadcrumb\",\"itemListElement\":[{\"@type\":\"ListItem\",\"position\":1,\"name\":\"Home\",\"item\":\"https:\/\/uniest.it\/de\/\"},{\"@type\":\"ListItem\",\"position\":2,\"name\":\"Shop\",\"item\":\"https:\/\/uniest.it\/shop\/\"},{\"@type\":\"ListItem\",\"position\":3,\"name\":\"Desinfizierende Handwaschseife\"}]},{\"@type\":\"WebSite\",\"@id\":\"https:\/\/uniest.it\/#website\",\"url\":\"https:\/\/uniest.it\/\",\"name\":\"Uniest\",\"description\":\"Cosmetici Naturali e Bio\",\"potentialAction\":[{\"@type\":\"SearchAction\",\"target\":{\"@type\":\"EntryPoint\",\"urlTemplate\":\"https:\/\/uniest.it\/?s={search_term_string}\"},\"query-input\":{\"@type\":\"PropertyValueSpecification\",\"valueRequired\":true,\"valueName\":\"search_term_string\"}}],\"inLanguage\":\"de\"}]}<\/script>\n<!-- \/ Yoast SEO plugin. -->","yoast_head_json":{"title":"Desinfizierende Handwaschseife - Uniest","robots":{"index":"index","follow":"follow","max-snippet":"max-snippet:-1","max-image-preview":"max-image-preview:large","max-video-preview":"max-video-preview:-1"},"canonical":"https:\/\/uniest.it\/prodotto\/desinfizierende-handwaschseife\/","og_locale":"de_DE","og_type":"article","og_title":"Desinfizierende Handwaschseife - Uniest","og_description":"Sanitizing Hand Wash Soap ist ein sanftes Produkt mit desinfizierender Wirkung, das speziell f\u00fcr die Reinigung der H\u00e4nde entwickelt wurde, zart duftet und angenehm in der Anwendung ist. Um die desinfizierende Wirkung von Natriumhypochlorit zu verst\u00e4rken, wurde es mit reinem \u00e4therischem Teebaum\u00f6l mit bekannten nat\u00fcrlichen antiseptischen und antibakteriellen Eigenschaften angereichert. Dank des nat\u00fcrlichen Pflanzenextrakts aus [&hellip;]","og_url":"https:\/\/uniest.it\/prodotto\/desinfizierende-handwaschseife\/","og_site_name":"Uniest","twitter_card":"summary_large_image","schema":{"@context":"https:\/\/schema.org","@graph":[{"@type":"WebPage","@id":"https:\/\/uniest.it\/prodotto\/desinfizierende-handwaschseife\/","url":"https:\/\/uniest.it\/prodotto\/desinfizierende-handwaschseife\/","name":"Desinfizierende Handwaschseife - Uniest","isPartOf":{"@id":"https:\/\/uniest.it\/#website"},"primaryImageOfPage":{"@id":"https:\/\/uniest.it\/prodotto\/desinfizierende-handwaschseife\/#primaryimage"},"image":{"@id":"https:\/\/uniest.it\/prodotto\/desinfizierende-handwaschseife\/#primaryimage"},"thumbnailUrl":"https:\/\/uniest.it\/wp-content\/uploads\/2020\/11\/006IGI.png","datePublished":"2024-10-29T17:55:10+00:00","breadcrumb":{"@id":"https:\/\/uniest.it\/prodotto\/desinfizierende-handwaschseife\/#breadcrumb"},"inLanguage":"de","potentialAction":[{"@type":"ReadAction","target":["https:\/\/uniest.it\/prodotto\/desinfizierende-handwaschseife\/"]}]},{"@type":"ImageObject","inLanguage":"de","@id":"https:\/\/uniest.it\/prodotto\/desinfizierende-handwaschseife\/#primaryimage","url":"https:\/\/uniest.it\/wp-content\/uploads\/2020\/11\/006IGI.png","contentUrl":"https:\/\/uniest.it\/wp-content\/uploads\/2020\/11\/006IGI.png","width":1283,"height":2000},{"@type":"BreadcrumbList","@id":"https:\/\/uniest.it\/prodotto\/desinfizierende-handwaschseife\/#breadcrumb","itemListElement":[{"@type":"ListItem","position":1,"name":"Home","item":"https:\/\/uniest.it\/de\/"},{"@type":"ListItem","position":2,"name":"Shop","item":"https:\/\/uniest.it\/shop\/"},{"@type":"ListItem","position":3,"name":"Desinfizierende Handwaschseife"}]},{"@type":"WebSite","@id":"https:\/\/uniest.it\/#website","url":"https:\/\/uniest.it\/","name":"Uniest","description":"Cosmetici Naturali e Bio","potentialAction":[{"@type":"SearchAction","target":{"@type":"EntryPoint","urlTemplate":"https:\/\/uniest.it\/?s={search_term_string}"},"query-input":{"@type":"PropertyValueSpecification","valueRequired":true,"valueName":"search_term_string"}}],"inLanguage":"de"}]}},"_links":{"self":[{"href":"https:\/\/uniest.it\/de\/wp-json\/wp\/v2\/product\/6801","targetHints":{"allow":["GET"]}}],"collection":[{"href":"https:\/\/uniest.it\/de\/wp-json\/wp\/v2\/product"}],"about":[{"href":"https:\/\/uniest.it\/de\/wp-json\/wp\/v2\/types\/product"}],"wp:featuredmedia":[{"embeddable":true,"href":"https:\/\/uniest.it\/de\/wp-json\/wp\/v2\/media\/6802"}],"wp:attachment":[{"href":"https:\/\/uniest.it\/de\/wp-json\/wp\/v2\/media?parent=6801"}],"wp:term":[{"taxonomy":"product_brand","embeddable":true,"href":"https:\/\/uniest.it\/de\/wp-json\/wp\/v2\/product_brand?post=6801"},{"taxonomy":"product_cat","embeddable":true,"href":"https:\/\/uniest.it\/de\/wp-json\/wp\/v2\/product_cat?post=6801"},{"taxonomy":"product_tag","embeddable":true,"href":"https:\/\/uniest.it\/de\/wp-json\/wp\/v2\/product_tag?post=6801"}],"curies":[{"name":"wp","href":"https:\/\/api.w.org\/{rel}","templated":true}]}}