{"id":6807,"date":"2024-10-29T18:55:11","date_gmt":"2024-10-29T17:55:11","guid":{"rendered":"https:\/\/uniest.it\/prodotto\/johanniskraut\/"},"modified":"2024-10-29T18:55:11","modified_gmt":"2024-10-29T17:55:11","slug":"johanniskraut","status":"publish","type":"product","link":"https:\/\/uniest.it\/de\/prodotto\/johanniskraut\/","title":{"rendered":"Johanniskraut"},"content":{"rendered":"<p>Pianta del \u201cBuon Umore\u201d contro depressione, ansia e insonnia.<br \/>\nSicuramente tra le propriet\u00e0 pi\u00f9 note dell\u2019Iperico c\u2019\u00e8 la sua capacit\u00e0 di combattere gli stati depressivi e ansiosi. L\u2019erba di San Giovanni \u00e8 infatti considerata un potente antidepressivo naturale e utilizzata sola o in combinazione con altri rimedi naturali (come ad esempio la passiflora o la valeriana) in caso oltre a problemi legati all\u2019umore ci siano anche contemporaneamente disturbi come insonnia o ansia.<br \/>\nNei tempi passati l\u2019Iperico veniva utilizzato poi come disinfettante per le sue doti antibiotiche, antivirali, antimicotiche e antisettiche, o come antidolorifico da applicare in caso di dolori o ferite.<br \/>\nGrazie alla sua azione naturalmente sedativa e antidepressiva nei confronti del sistema nervoso, l\u2019iperico pu\u00f2 essere un ottimo rimedio nei periodi di grande stress in cui magari ci si sente gi\u00f9 a livello psicologico ed emotivo, ancor di pi\u00f9 se oltre al malumore si \u00e8 soggetti anche ad attacchi d\u2019ansia. Dato che l\u2019iperico aiuta ad avere un atteggiamento mentale positivo, questa pianta viene spesso consigliata come sostegno per l\u2019umore quando si decide di smettere di fumare.<br \/>\nIn questo caso vengono consigliate, nei casi pi\u00f9 leggeri, tisane a base di iperico e altre piante dal potere calmante e sedativo. Se invece la situazione \u00e8 pi\u00f9 importante o si ha bisogno di un\u2019azione pi\u00f9 forte ed immediata si ricorre a dei veri e propri integratori, prodotti in cui i principi attivi della pianta risultano essere pi\u00f9 concentrati. Dato il potere antinfiammatorio, l\u2019iperico pu\u00f2 essere consigliato anche in caso di gastrite o ulcera gastrica.<\/p>\n","protected":false},"excerpt":{"rendered":"<p>Pianta del \u201cBuon Umore\u201d contro depressione, ansia e insonnia. Sicuramente tra le propriet\u00e0 pi\u00f9 note dell\u2019Iperico c\u2019\u00e8 la sua capacit\u00e0 di combattere gli stati depressivi e ansiosi. L\u2019erba di San Giovanni \u00e8 infatti considerata un potente antidepressivo naturale e utilizzata sola o in combinazione con altri rimedi naturali (come ad esempio la passiflora o la [&hellip;]<\/p>\n","protected":false},"featured_media":6808,"template":"","meta":{"_acf_changed":false,"inline_featured_image":false},"product_brand":[],"product_cat":[1486],"product_tag":[],"class_list":{"0":"post-6807","1":"product","2":"type-product","3":"status-publish","4":"has-post-thumbnail","6":"product_beauty-tratto-urinario","7":"product_beauty-umore","8":"product_beauty-vie-respiratorie","9":"product_kind-integrazione-alimentare","10":"product_lines-benessere","11":"product_cat-benessere-de","12":"pa_size-50-de","14":"first","15":"outofstock","16":"taxable","17":"shipping-taxable","18":"purchasable","19":"product-type-simple"},"acf":[],"yoast_head":"<!-- This site is optimized with the Yoast SEO plugin v24.6 - https:\/\/yoast.com\/wordpress\/plugins\/seo\/ -->\n<title>Johanniskraut - Uniest<\/title>\n<meta name=\"robots\" content=\"index, follow, max-snippet:-1, max-image-preview:large, max-video-preview:-1\" \/>\n<link rel=\"canonical\" href=\"https:\/\/uniest.it\/prodotto\/johanniskraut\/\" \/>\n<meta property=\"og:locale\" content=\"de_DE\" \/>\n<meta property=\"og:type\" content=\"article\" \/>\n<meta property=\"og:title\" content=\"Johanniskraut - Uniest\" \/>\n<meta property=\"og:description\" content=\"Pianta del \u201cBuon Umore\u201d contro depressione, ansia e insonnia. Sicuramente tra le propriet\u00e0 pi\u00f9 note dell\u2019Iperico c\u2019\u00e8 la sua capacit\u00e0 di combattere gli stati depressivi e ansiosi. L\u2019erba di San Giovanni \u00e8 infatti considerata un potente antidepressivo naturale e utilizzata sola o in combinazione con altri rimedi naturali (come ad esempio la passiflora o la [&hellip;]\" \/>\n<meta property=\"og:url\" content=\"https:\/\/uniest.it\/prodotto\/johanniskraut\/\" \/>\n<meta property=\"og:site_name\" content=\"Uniest\" \/>\n<meta name=\"twitter:card\" content=\"summary_large_image\" \/>\n<meta name=\"twitter:label1\" content=\"Gesch\u00e4tzte Lesezeit\" \/>\n\t<meta name=\"twitter:data1\" content=\"1\u00a0Minute\" \/>\n<script type=\"application\/ld+json\" class=\"yoast-schema-graph\">{\"@context\":\"https:\/\/schema.org\",\"@graph\":[{\"@type\":\"WebPage\",\"@id\":\"https:\/\/uniest.it\/prodotto\/johanniskraut\/\",\"url\":\"https:\/\/uniest.it\/prodotto\/johanniskraut\/\",\"name\":\"Johanniskraut - Uniest\",\"isPartOf\":{\"@id\":\"https:\/\/uniest.it\/#website\"},\"primaryImageOfPage\":{\"@id\":\"https:\/\/uniest.it\/prodotto\/johanniskraut\/#primaryimage\"},\"image\":{\"@id\":\"https:\/\/uniest.it\/prodotto\/johanniskraut\/#primaryimage\"},\"thumbnailUrl\":\"https:\/\/uniest.it\/wp-content\/uploads\/2020\/12\/006ZTM.png\",\"datePublished\":\"2024-10-29T17:55:11+00:00\",\"breadcrumb\":{\"@id\":\"https:\/\/uniest.it\/prodotto\/johanniskraut\/#breadcrumb\"},\"inLanguage\":\"de\",\"potentialAction\":[{\"@type\":\"ReadAction\",\"target\":[\"https:\/\/uniest.it\/prodotto\/johanniskraut\/\"]}]},{\"@type\":\"ImageObject\",\"inLanguage\":\"de\",\"@id\":\"https:\/\/uniest.it\/prodotto\/johanniskraut\/#primaryimage\",\"url\":\"https:\/\/uniest.it\/wp-content\/uploads\/2020\/12\/006ZTM.png\",\"contentUrl\":\"https:\/\/uniest.it\/wp-content\/uploads\/2020\/12\/006ZTM.png\",\"width\":1283,\"height\":2000},{\"@type\":\"BreadcrumbList\",\"@id\":\"https:\/\/uniest.it\/prodotto\/johanniskraut\/#breadcrumb\",\"itemListElement\":[{\"@type\":\"ListItem\",\"position\":1,\"name\":\"Home\",\"item\":\"https:\/\/uniest.it\/de\/\"},{\"@type\":\"ListItem\",\"position\":2,\"name\":\"Shop\",\"item\":\"https:\/\/uniest.it\/shop\/\"},{\"@type\":\"ListItem\",\"position\":3,\"name\":\"Johanniskraut\"}]},{\"@type\":\"WebSite\",\"@id\":\"https:\/\/uniest.it\/#website\",\"url\":\"https:\/\/uniest.it\/\",\"name\":\"Uniest\",\"description\":\"Cosmetici Naturali e Bio\",\"potentialAction\":[{\"@type\":\"SearchAction\",\"target\":{\"@type\":\"EntryPoint\",\"urlTemplate\":\"https:\/\/uniest.it\/?s={search_term_string}\"},\"query-input\":{\"@type\":\"PropertyValueSpecification\",\"valueRequired\":true,\"valueName\":\"search_term_string\"}}],\"inLanguage\":\"de\"}]}<\/script>\n<!-- \/ Yoast SEO plugin. -->","yoast_head_json":{"title":"Johanniskraut - Uniest","robots":{"index":"index","follow":"follow","max-snippet":"max-snippet:-1","max-image-preview":"max-image-preview:large","max-video-preview":"max-video-preview:-1"},"canonical":"https:\/\/uniest.it\/prodotto\/johanniskraut\/","og_locale":"de_DE","og_type":"article","og_title":"Johanniskraut - Uniest","og_description":"Pianta del \u201cBuon Umore\u201d contro depressione, ansia e insonnia. Sicuramente tra le propriet\u00e0 pi\u00f9 note dell\u2019Iperico c\u2019\u00e8 la sua capacit\u00e0 di combattere gli stati depressivi e ansiosi. L\u2019erba di San Giovanni \u00e8 infatti considerata un potente antidepressivo naturale e utilizzata sola o in combinazione con altri rimedi naturali (come ad esempio la passiflora o la [&hellip;]","og_url":"https:\/\/uniest.it\/prodotto\/johanniskraut\/","og_site_name":"Uniest","twitter_card":"summary_large_image","twitter_misc":{"Gesch\u00e4tzte Lesezeit":"1\u00a0Minute"},"schema":{"@context":"https:\/\/schema.org","@graph":[{"@type":"WebPage","@id":"https:\/\/uniest.it\/prodotto\/johanniskraut\/","url":"https:\/\/uniest.it\/prodotto\/johanniskraut\/","name":"Johanniskraut - Uniest","isPartOf":{"@id":"https:\/\/uniest.it\/#website"},"primaryImageOfPage":{"@id":"https:\/\/uniest.it\/prodotto\/johanniskraut\/#primaryimage"},"image":{"@id":"https:\/\/uniest.it\/prodotto\/johanniskraut\/#primaryimage"},"thumbnailUrl":"https:\/\/uniest.it\/wp-content\/uploads\/2020\/12\/006ZTM.png","datePublished":"2024-10-29T17:55:11+00:00","breadcrumb":{"@id":"https:\/\/uniest.it\/prodotto\/johanniskraut\/#breadcrumb"},"inLanguage":"de","potentialAction":[{"@type":"ReadAction","target":["https:\/\/uniest.it\/prodotto\/johanniskraut\/"]}]},{"@type":"ImageObject","inLanguage":"de","@id":"https:\/\/uniest.it\/prodotto\/johanniskraut\/#primaryimage","url":"https:\/\/uniest.it\/wp-content\/uploads\/2020\/12\/006ZTM.png","contentUrl":"https:\/\/uniest.it\/wp-content\/uploads\/2020\/12\/006ZTM.png","width":1283,"height":2000},{"@type":"BreadcrumbList","@id":"https:\/\/uniest.it\/prodotto\/johanniskraut\/#breadcrumb","itemListElement":[{"@type":"ListItem","position":1,"name":"Home","item":"https:\/\/uniest.it\/de\/"},{"@type":"ListItem","position":2,"name":"Shop","item":"https:\/\/uniest.it\/shop\/"},{"@type":"ListItem","position":3,"name":"Johanniskraut"}]},{"@type":"WebSite","@id":"https:\/\/uniest.it\/#website","url":"https:\/\/uniest.it\/","name":"Uniest","description":"Cosmetici Naturali e Bio","potentialAction":[{"@type":"SearchAction","target":{"@type":"EntryPoint","urlTemplate":"https:\/\/uniest.it\/?s={search_term_string}"},"query-input":{"@type":"PropertyValueSpecification","valueRequired":true,"valueName":"search_term_string"}}],"inLanguage":"de"}]}},"_links":{"self":[{"href":"https:\/\/uniest.it\/de\/wp-json\/wp\/v2\/product\/6807","targetHints":{"allow":["GET"]}}],"collection":[{"href":"https:\/\/uniest.it\/de\/wp-json\/wp\/v2\/product"}],"about":[{"href":"https:\/\/uniest.it\/de\/wp-json\/wp\/v2\/types\/product"}],"wp:featuredmedia":[{"embeddable":true,"href":"https:\/\/uniest.it\/de\/wp-json\/wp\/v2\/media\/6808"}],"wp:attachment":[{"href":"https:\/\/uniest.it\/de\/wp-json\/wp\/v2\/media?parent=6807"}],"wp:term":[{"taxonomy":"product_brand","embeddable":true,"href":"https:\/\/uniest.it\/de\/wp-json\/wp\/v2\/product_brand?post=6807"},{"taxonomy":"product_cat","embeddable":true,"href":"https:\/\/uniest.it\/de\/wp-json\/wp\/v2\/product_cat?post=6807"},{"taxonomy":"product_tag","embeddable":true,"href":"https:\/\/uniest.it\/de\/wp-json\/wp\/v2\/product_tag?post=6807"}],"curies":[{"name":"wp","href":"https:\/\/api.w.org\/{rel}","templated":true}]}}