{"id":6816,"date":"2021-02-04T12:56:39","date_gmt":"2024-10-29T17:55:12","guid":{"rendered":"https:\/\/uniest.it\/prodotto\/natuerlicher-desinfektionsspray-parfuemierer-fuer-stoffe-oberflaechen-und-umgebungen-freesie-und-bergamotte\/"},"modified":"2024-10-29T18:55:12","modified_gmt":"2024-10-29T17:55:12","slug":"natuerlicher-desinfektionsspray-parfuemierer-fuer-stoffe-oberflaechen-und-umgebungen-freesie-und-bergamotte","status":"publish","type":"product","link":"https:\/\/uniest.it\/de\/prodotto\/natuerlicher-desinfektionsspray-parfuemierer-fuer-stoffe-oberflaechen-und-umgebungen-freesie-und-bergamotte\/","title":{"rendered":"Nat\u00fcrlicher Desinfektionsspray-Parf\u00fcmierer f\u00fcr Stoffe, Oberfl\u00e4chen und Umgebungen, Freesie und Bergamotte"},"content":{"rendered":"<p>Profumatore igienizzante spray per tessuti superfici &amp; ambienti \u00e8 un ausilio di nuova generazione, su base alcolica, con alcool naturale di derivazione da barbabietole da zucchero, (pi\u00f9 del 70% Vol) piacevolmente profumato e arricchito con Oli Essenziali di Limone e Tea Tree Oil, che contribuiscono ad igienizzare in modo del tutto naturale e togliere cattivi odori da tessuti, superfici e ambienti. Grazie al pratico nebulizzatore pu\u00f2 essere utilizzato per numerose tipologie di superfici sia in casa, sia in auto che in ambienti lavorativi; tessuti, tappeti, vestiti, tendaggi, scarpe, divani, cuscini, sedili dell\u2019auto e via dicendo.<\/p>\n","protected":false},"excerpt":{"rendered":"<p>Profumatore igienizzante spray per tessuti superfici &amp; ambienti \u00e8 un ausilio di nuova generazione, su base alcolica, con alcool naturale di derivazione da barbabietole da zucchero, (pi\u00f9 del 70% Vol) piacevolmente profumato e arricchito con Oli Essenziali di Limone e Tea Tree Oil, che contribuiscono ad igienizzare in modo del tutto naturale e togliere cattivi [&hellip;]<\/p>\n","protected":false},"featured_media":6817,"template":"","meta":{"_acf_changed":false,"inline_featured_image":false},"product_brand":[],"product_cat":[1488],"product_tag":[],"class_list":{"0":"post-6816","1":"product","2":"type-product","3":"status-publish","4":"has-post-thumbnail","6":"product_beauty-aromatizzare-e-profumare","7":"product_kind-aromaterapia-e-profumi","8":"product_kind_pets-aromaterapia-e-profumi","9":"product_kind_pets-detergenti","10":"product_kind_pets-igienizzanti","11":"product_lines-casa-e-ambiente","12":"product_cat-casa-e-ambiente-de","13":"pa_size-200-de","15":"first","16":"outofstock","17":"taxable","18":"shipping-taxable","19":"purchasable","20":"product-type-simple"},"acf":[],"yoast_head":"<!-- This site is optimized with the Yoast SEO plugin v24.6 - https:\/\/yoast.com\/wordpress\/plugins\/seo\/ -->\n<title>Nat\u00fcrlicher Desinfektionsspray-Parf\u00fcmierer f\u00fcr Stoffe, Oberfl\u00e4chen und Umgebungen, Freesie und Bergamotte - Uniest<\/title>\n<meta name=\"robots\" content=\"index, follow, max-snippet:-1, max-image-preview:large, max-video-preview:-1\" \/>\n<link rel=\"canonical\" href=\"https:\/\/uniest.it\/prodotto\/natuerlicher-desinfektionsspray-parfuemierer-fuer-stoffe-oberflaechen-und-umgebungen-freesie-und-bergamotte\/\" \/>\n<meta property=\"og:locale\" content=\"de_DE\" \/>\n<meta property=\"og:type\" content=\"article\" \/>\n<meta property=\"og:title\" content=\"Nat\u00fcrlicher Desinfektionsspray-Parf\u00fcmierer f\u00fcr Stoffe, Oberfl\u00e4chen und Umgebungen, Freesie und Bergamotte - Uniest\" \/>\n<meta property=\"og:description\" content=\"Profumatore igienizzante spray per tessuti superfici &amp; ambienti \u00e8 un ausilio di nuova generazione, su base alcolica, con alcool naturale di derivazione da barbabietole da zucchero, (pi\u00f9 del 70% Vol) piacevolmente profumato e arricchito con Oli Essenziali di Limone e Tea Tree Oil, che contribuiscono ad igienizzare in modo del tutto naturale e togliere cattivi [&hellip;]\" \/>\n<meta property=\"og:url\" content=\"https:\/\/uniest.it\/prodotto\/natuerlicher-desinfektionsspray-parfuemierer-fuer-stoffe-oberflaechen-und-umgebungen-freesie-und-bergamotte\/\" \/>\n<meta property=\"og:site_name\" content=\"Uniest\" \/>\n<meta name=\"twitter:card\" content=\"summary_large_image\" \/>\n<script type=\"application\/ld+json\" class=\"yoast-schema-graph\">{\"@context\":\"https:\/\/schema.org\",\"@graph\":[{\"@type\":\"WebPage\",\"@id\":\"https:\/\/uniest.it\/prodotto\/natuerlicher-desinfektionsspray-parfuemierer-fuer-stoffe-oberflaechen-und-umgebungen-freesie-und-bergamotte\/\",\"url\":\"https:\/\/uniest.it\/prodotto\/natuerlicher-desinfektionsspray-parfuemierer-fuer-stoffe-oberflaechen-und-umgebungen-freesie-und-bergamotte\/\",\"name\":\"Nat\u00fcrlicher Desinfektionsspray-Parf\u00fcmierer f\u00fcr Stoffe, Oberfl\u00e4chen und Umgebungen, Freesie und Bergamotte - Uniest\",\"isPartOf\":{\"@id\":\"https:\/\/uniest.it\/#website\"},\"primaryImageOfPage\":{\"@id\":\"https:\/\/uniest.it\/prodotto\/natuerlicher-desinfektionsspray-parfuemierer-fuer-stoffe-oberflaechen-und-umgebungen-freesie-und-bergamotte\/#primaryimage\"},\"image\":{\"@id\":\"https:\/\/uniest.it\/prodotto\/natuerlicher-desinfektionsspray-parfuemierer-fuer-stoffe-oberflaechen-und-umgebungen-freesie-und-bergamotte\/#primaryimage\"},\"thumbnailUrl\":\"https:\/\/uniest.it\/wp-content\/uploads\/2020\/12\/007AAZ.png\",\"datePublished\":\"2024-10-29T17:55:12+00:00\",\"breadcrumb\":{\"@id\":\"https:\/\/uniest.it\/prodotto\/natuerlicher-desinfektionsspray-parfuemierer-fuer-stoffe-oberflaechen-und-umgebungen-freesie-und-bergamotte\/#breadcrumb\"},\"inLanguage\":\"de\",\"potentialAction\":[{\"@type\":\"ReadAction\",\"target\":[\"https:\/\/uniest.it\/prodotto\/natuerlicher-desinfektionsspray-parfuemierer-fuer-stoffe-oberflaechen-und-umgebungen-freesie-und-bergamotte\/\"]}]},{\"@type\":\"ImageObject\",\"inLanguage\":\"de\",\"@id\":\"https:\/\/uniest.it\/prodotto\/natuerlicher-desinfektionsspray-parfuemierer-fuer-stoffe-oberflaechen-und-umgebungen-freesie-und-bergamotte\/#primaryimage\",\"url\":\"https:\/\/uniest.it\/wp-content\/uploads\/2020\/12\/007AAZ.png\",\"contentUrl\":\"https:\/\/uniest.it\/wp-content\/uploads\/2020\/12\/007AAZ.png\",\"width\":1283,\"height\":2000},{\"@type\":\"BreadcrumbList\",\"@id\":\"https:\/\/uniest.it\/prodotto\/natuerlicher-desinfektionsspray-parfuemierer-fuer-stoffe-oberflaechen-und-umgebungen-freesie-und-bergamotte\/#breadcrumb\",\"itemListElement\":[{\"@type\":\"ListItem\",\"position\":1,\"name\":\"Home\",\"item\":\"https:\/\/uniest.it\/de\/\"},{\"@type\":\"ListItem\",\"position\":2,\"name\":\"Shop\",\"item\":\"https:\/\/uniest.it\/shop\/\"},{\"@type\":\"ListItem\",\"position\":3,\"name\":\"Nat\u00fcrlicher Desinfektionsspray-Parf\u00fcmierer f\u00fcr Stoffe, Oberfl\u00e4chen und Umgebungen, Freesie und Bergamotte\"}]},{\"@type\":\"WebSite\",\"@id\":\"https:\/\/uniest.it\/#website\",\"url\":\"https:\/\/uniest.it\/\",\"name\":\"Uniest\",\"description\":\"Cosmetici Naturali e Bio\",\"potentialAction\":[{\"@type\":\"SearchAction\",\"target\":{\"@type\":\"EntryPoint\",\"urlTemplate\":\"https:\/\/uniest.it\/?s={search_term_string}\"},\"query-input\":{\"@type\":\"PropertyValueSpecification\",\"valueRequired\":true,\"valueName\":\"search_term_string\"}}],\"inLanguage\":\"de\"}]}<\/script>\n<!-- \/ Yoast SEO plugin. -->","yoast_head_json":{"title":"Nat\u00fcrlicher Desinfektionsspray-Parf\u00fcmierer f\u00fcr Stoffe, Oberfl\u00e4chen und Umgebungen, Freesie und Bergamotte - Uniest","robots":{"index":"index","follow":"follow","max-snippet":"max-snippet:-1","max-image-preview":"max-image-preview:large","max-video-preview":"max-video-preview:-1"},"canonical":"https:\/\/uniest.it\/prodotto\/natuerlicher-desinfektionsspray-parfuemierer-fuer-stoffe-oberflaechen-und-umgebungen-freesie-und-bergamotte\/","og_locale":"de_DE","og_type":"article","og_title":"Nat\u00fcrlicher Desinfektionsspray-Parf\u00fcmierer f\u00fcr Stoffe, Oberfl\u00e4chen und Umgebungen, Freesie und Bergamotte - Uniest","og_description":"Profumatore igienizzante spray per tessuti superfici &amp; ambienti \u00e8 un ausilio di nuova generazione, su base alcolica, con alcool naturale di derivazione da barbabietole da zucchero, (pi\u00f9 del 70% Vol) piacevolmente profumato e arricchito con Oli Essenziali di Limone e Tea Tree Oil, che contribuiscono ad igienizzare in modo del tutto naturale e togliere cattivi [&hellip;]","og_url":"https:\/\/uniest.it\/prodotto\/natuerlicher-desinfektionsspray-parfuemierer-fuer-stoffe-oberflaechen-und-umgebungen-freesie-und-bergamotte\/","og_site_name":"Uniest","twitter_card":"summary_large_image","schema":{"@context":"https:\/\/schema.org","@graph":[{"@type":"WebPage","@id":"https:\/\/uniest.it\/prodotto\/natuerlicher-desinfektionsspray-parfuemierer-fuer-stoffe-oberflaechen-und-umgebungen-freesie-und-bergamotte\/","url":"https:\/\/uniest.it\/prodotto\/natuerlicher-desinfektionsspray-parfuemierer-fuer-stoffe-oberflaechen-und-umgebungen-freesie-und-bergamotte\/","name":"Nat\u00fcrlicher Desinfektionsspray-Parf\u00fcmierer f\u00fcr Stoffe, Oberfl\u00e4chen und Umgebungen, Freesie und Bergamotte - Uniest","isPartOf":{"@id":"https:\/\/uniest.it\/#website"},"primaryImageOfPage":{"@id":"https:\/\/uniest.it\/prodotto\/natuerlicher-desinfektionsspray-parfuemierer-fuer-stoffe-oberflaechen-und-umgebungen-freesie-und-bergamotte\/#primaryimage"},"image":{"@id":"https:\/\/uniest.it\/prodotto\/natuerlicher-desinfektionsspray-parfuemierer-fuer-stoffe-oberflaechen-und-umgebungen-freesie-und-bergamotte\/#primaryimage"},"thumbnailUrl":"https:\/\/uniest.it\/wp-content\/uploads\/2020\/12\/007AAZ.png","datePublished":"2024-10-29T17:55:12+00:00","breadcrumb":{"@id":"https:\/\/uniest.it\/prodotto\/natuerlicher-desinfektionsspray-parfuemierer-fuer-stoffe-oberflaechen-und-umgebungen-freesie-und-bergamotte\/#breadcrumb"},"inLanguage":"de","potentialAction":[{"@type":"ReadAction","target":["https:\/\/uniest.it\/prodotto\/natuerlicher-desinfektionsspray-parfuemierer-fuer-stoffe-oberflaechen-und-umgebungen-freesie-und-bergamotte\/"]}]},{"@type":"ImageObject","inLanguage":"de","@id":"https:\/\/uniest.it\/prodotto\/natuerlicher-desinfektionsspray-parfuemierer-fuer-stoffe-oberflaechen-und-umgebungen-freesie-und-bergamotte\/#primaryimage","url":"https:\/\/uniest.it\/wp-content\/uploads\/2020\/12\/007AAZ.png","contentUrl":"https:\/\/uniest.it\/wp-content\/uploads\/2020\/12\/007AAZ.png","width":1283,"height":2000},{"@type":"BreadcrumbList","@id":"https:\/\/uniest.it\/prodotto\/natuerlicher-desinfektionsspray-parfuemierer-fuer-stoffe-oberflaechen-und-umgebungen-freesie-und-bergamotte\/#breadcrumb","itemListElement":[{"@type":"ListItem","position":1,"name":"Home","item":"https:\/\/uniest.it\/de\/"},{"@type":"ListItem","position":2,"name":"Shop","item":"https:\/\/uniest.it\/shop\/"},{"@type":"ListItem","position":3,"name":"Nat\u00fcrlicher Desinfektionsspray-Parf\u00fcmierer f\u00fcr Stoffe, Oberfl\u00e4chen und Umgebungen, Freesie und Bergamotte"}]},{"@type":"WebSite","@id":"https:\/\/uniest.it\/#website","url":"https:\/\/uniest.it\/","name":"Uniest","description":"Cosmetici Naturali e Bio","potentialAction":[{"@type":"SearchAction","target":{"@type":"EntryPoint","urlTemplate":"https:\/\/uniest.it\/?s={search_term_string}"},"query-input":{"@type":"PropertyValueSpecification","valueRequired":true,"valueName":"search_term_string"}}],"inLanguage":"de"}]}},"_links":{"self":[{"href":"https:\/\/uniest.it\/de\/wp-json\/wp\/v2\/product\/6816","targetHints":{"allow":["GET"]}}],"collection":[{"href":"https:\/\/uniest.it\/de\/wp-json\/wp\/v2\/product"}],"about":[{"href":"https:\/\/uniest.it\/de\/wp-json\/wp\/v2\/types\/product"}],"wp:featuredmedia":[{"embeddable":true,"href":"https:\/\/uniest.it\/de\/wp-json\/wp\/v2\/media\/6817"}],"wp:attachment":[{"href":"https:\/\/uniest.it\/de\/wp-json\/wp\/v2\/media?parent=6816"}],"wp:term":[{"taxonomy":"product_brand","embeddable":true,"href":"https:\/\/uniest.it\/de\/wp-json\/wp\/v2\/product_brand?post=6816"},{"taxonomy":"product_cat","embeddable":true,"href":"https:\/\/uniest.it\/de\/wp-json\/wp\/v2\/product_cat?post=6816"},{"taxonomy":"product_tag","embeddable":true,"href":"https:\/\/uniest.it\/de\/wp-json\/wp\/v2\/product_tag?post=6816"}],"curies":[{"name":"wp","href":"https:\/\/api.w.org\/{rel}","templated":true}]}}