{"id":6819,"date":"2024-10-29T18:55:13","date_gmt":"2024-10-29T17:55:13","guid":{"rendered":"https:\/\/uniest.it\/prodotto\/fucus\/"},"modified":"2024-10-29T18:55:13","modified_gmt":"2024-10-29T17:55:13","slug":"fucus","status":"publish","type":"product","link":"https:\/\/uniest.it\/de\/prodotto\/fucus\/","title":{"rendered":"Fucus"},"content":{"rendered":"<p>Del Fucus si utilizza il tallo che contiene Mucopolisaccaridi, Polifenoli, Vitamine B1, C, E, Tannini, Steroli Vegetali, Pigmenti Vegetali e Sali Minerali.<br \/>\nNei paesi Orientali, specialmente in Cina, viene spesso utilizzata come rimedio contro la perdita dei capelli.<br \/>\nTra le sue propriet\u00e0 pi\u00f9 conosciute e apprezzate troviamo quella di stimolare la ghiandola della tiroide quando \u00e8 pigra.<br \/>\nLe alghe come questa sono infatti ricche di Iodio, un elemento essenziale per stimolare la funzionalit\u00e0 di questa ghiandola.<br \/>\nAumentando il metabolismo si bruciano pi\u00f9 in fretta i grassi e si facilita l\u2019eliminazione dei ristagni di liquidi.<br \/>\n\u00c8 un ottimo coadiuvante per contrastare gli stati di obesit\u00e0, la ritenzione idrica e nei trattamenti della cellulite.<br \/>\nUn\u2019interessante propriet\u00e0 del Fucus Vesiculosus \u00e8 la capacit\u00e0 di assorbire l\u2019acido dello stomaco in eccesso.<br \/>\nPu\u00f2 quindi tornare utile come aiuto per chi soffre di bruciori di stomaco o reflusso gastroesofageo.<\/p>\n","protected":false},"excerpt":{"rendered":"<p>Del Fucus si utilizza il tallo che contiene Mucopolisaccaridi, Polifenoli, Vitamine B1, C, E, Tannini, Steroli Vegetali, Pigmenti Vegetali e Sali Minerali. Nei paesi Orientali, specialmente in Cina, viene spesso utilizzata come rimedio contro la perdita dei capelli. Tra le sue propriet\u00e0 pi\u00f9 conosciute e apprezzate troviamo quella di stimolare la ghiandola della tiroide quando [&hellip;]<\/p>\n","protected":false},"featured_media":6820,"template":"","meta":{"_acf_changed":false,"inline_featured_image":false},"product_brand":[],"product_cat":[1486],"product_tag":[],"class_list":{"0":"post-6819","1":"product","2":"type-product","3":"status-publish","4":"has-post-thumbnail","6":"product_beauty-capelli","7":"product_beauty-cellulite","8":"product_beauty-colesterolo","9":"product_beauty-intestino","10":"product_beauty-menopausa","11":"product_beauty-mesturazioni","12":"product_beauty-metabolismo","13":"product_beauty-perdita-peso","14":"product_beauty-unghie","15":"product_kind-integrazione-alimentare","16":"product_lines-benessere","17":"product_cat-benessere-de","18":"pa_size-50-de","20":"first","21":"outofstock","22":"taxable","23":"shipping-taxable","24":"purchasable","25":"product-type-simple"},"acf":[],"yoast_head":"<!-- This site is optimized with the Yoast SEO plugin v24.6 - https:\/\/yoast.com\/wordpress\/plugins\/seo\/ -->\n<title>Fucus - Uniest<\/title>\n<meta name=\"robots\" content=\"index, follow, max-snippet:-1, max-image-preview:large, max-video-preview:-1\" \/>\n<link rel=\"canonical\" href=\"https:\/\/uniest.it\/prodotto\/fucus\/\" \/>\n<meta property=\"og:locale\" content=\"de_DE\" \/>\n<meta property=\"og:type\" content=\"article\" \/>\n<meta property=\"og:title\" content=\"Fucus - Uniest\" \/>\n<meta property=\"og:description\" content=\"Del Fucus si utilizza il tallo che contiene Mucopolisaccaridi, Polifenoli, Vitamine B1, C, E, Tannini, Steroli Vegetali, Pigmenti Vegetali e Sali Minerali. Nei paesi Orientali, specialmente in Cina, viene spesso utilizzata come rimedio contro la perdita dei capelli. Tra le sue propriet\u00e0 pi\u00f9 conosciute e apprezzate troviamo quella di stimolare la ghiandola della tiroide quando [&hellip;]\" \/>\n<meta property=\"og:url\" content=\"https:\/\/uniest.it\/prodotto\/fucus\/\" \/>\n<meta property=\"og:site_name\" content=\"Uniest\" \/>\n<meta name=\"twitter:card\" content=\"summary_large_image\" \/>\n<meta name=\"twitter:label1\" content=\"Gesch\u00e4tzte Lesezeit\" \/>\n\t<meta name=\"twitter:data1\" content=\"1\u00a0Minute\" \/>\n<script type=\"application\/ld+json\" class=\"yoast-schema-graph\">{\"@context\":\"https:\/\/schema.org\",\"@graph\":[{\"@type\":\"WebPage\",\"@id\":\"https:\/\/uniest.it\/prodotto\/fucus\/\",\"url\":\"https:\/\/uniest.it\/prodotto\/fucus\/\",\"name\":\"Fucus - Uniest\",\"isPartOf\":{\"@id\":\"https:\/\/uniest.it\/#website\"},\"primaryImageOfPage\":{\"@id\":\"https:\/\/uniest.it\/prodotto\/fucus\/#primaryimage\"},\"image\":{\"@id\":\"https:\/\/uniest.it\/prodotto\/fucus\/#primaryimage\"},\"thumbnailUrl\":\"https:\/\/uniest.it\/wp-content\/uploads\/2020\/12\/007ZTM.png\",\"datePublished\":\"2024-10-29T17:55:13+00:00\",\"breadcrumb\":{\"@id\":\"https:\/\/uniest.it\/prodotto\/fucus\/#breadcrumb\"},\"inLanguage\":\"de\",\"potentialAction\":[{\"@type\":\"ReadAction\",\"target\":[\"https:\/\/uniest.it\/prodotto\/fucus\/\"]}]},{\"@type\":\"ImageObject\",\"inLanguage\":\"de\",\"@id\":\"https:\/\/uniest.it\/prodotto\/fucus\/#primaryimage\",\"url\":\"https:\/\/uniest.it\/wp-content\/uploads\/2020\/12\/007ZTM.png\",\"contentUrl\":\"https:\/\/uniest.it\/wp-content\/uploads\/2020\/12\/007ZTM.png\",\"width\":1283,\"height\":2000},{\"@type\":\"BreadcrumbList\",\"@id\":\"https:\/\/uniest.it\/prodotto\/fucus\/#breadcrumb\",\"itemListElement\":[{\"@type\":\"ListItem\",\"position\":1,\"name\":\"Home\",\"item\":\"https:\/\/uniest.it\/de\/\"},{\"@type\":\"ListItem\",\"position\":2,\"name\":\"Shop\",\"item\":\"https:\/\/uniest.it\/shop\/\"},{\"@type\":\"ListItem\",\"position\":3,\"name\":\"Fucus\"}]},{\"@type\":\"WebSite\",\"@id\":\"https:\/\/uniest.it\/#website\",\"url\":\"https:\/\/uniest.it\/\",\"name\":\"Uniest\",\"description\":\"Cosmetici Naturali e Bio\",\"potentialAction\":[{\"@type\":\"SearchAction\",\"target\":{\"@type\":\"EntryPoint\",\"urlTemplate\":\"https:\/\/uniest.it\/?s={search_term_string}\"},\"query-input\":{\"@type\":\"PropertyValueSpecification\",\"valueRequired\":true,\"valueName\":\"search_term_string\"}}],\"inLanguage\":\"de\"}]}<\/script>\n<!-- \/ Yoast SEO plugin. -->","yoast_head_json":{"title":"Fucus - Uniest","robots":{"index":"index","follow":"follow","max-snippet":"max-snippet:-1","max-image-preview":"max-image-preview:large","max-video-preview":"max-video-preview:-1"},"canonical":"https:\/\/uniest.it\/prodotto\/fucus\/","og_locale":"de_DE","og_type":"article","og_title":"Fucus - Uniest","og_description":"Del Fucus si utilizza il tallo che contiene Mucopolisaccaridi, Polifenoli, Vitamine B1, C, E, Tannini, Steroli Vegetali, Pigmenti Vegetali e Sali Minerali. Nei paesi Orientali, specialmente in Cina, viene spesso utilizzata come rimedio contro la perdita dei capelli. Tra le sue propriet\u00e0 pi\u00f9 conosciute e apprezzate troviamo quella di stimolare la ghiandola della tiroide quando [&hellip;]","og_url":"https:\/\/uniest.it\/prodotto\/fucus\/","og_site_name":"Uniest","twitter_card":"summary_large_image","twitter_misc":{"Gesch\u00e4tzte Lesezeit":"1\u00a0Minute"},"schema":{"@context":"https:\/\/schema.org","@graph":[{"@type":"WebPage","@id":"https:\/\/uniest.it\/prodotto\/fucus\/","url":"https:\/\/uniest.it\/prodotto\/fucus\/","name":"Fucus - Uniest","isPartOf":{"@id":"https:\/\/uniest.it\/#website"},"primaryImageOfPage":{"@id":"https:\/\/uniest.it\/prodotto\/fucus\/#primaryimage"},"image":{"@id":"https:\/\/uniest.it\/prodotto\/fucus\/#primaryimage"},"thumbnailUrl":"https:\/\/uniest.it\/wp-content\/uploads\/2020\/12\/007ZTM.png","datePublished":"2024-10-29T17:55:13+00:00","breadcrumb":{"@id":"https:\/\/uniest.it\/prodotto\/fucus\/#breadcrumb"},"inLanguage":"de","potentialAction":[{"@type":"ReadAction","target":["https:\/\/uniest.it\/prodotto\/fucus\/"]}]},{"@type":"ImageObject","inLanguage":"de","@id":"https:\/\/uniest.it\/prodotto\/fucus\/#primaryimage","url":"https:\/\/uniest.it\/wp-content\/uploads\/2020\/12\/007ZTM.png","contentUrl":"https:\/\/uniest.it\/wp-content\/uploads\/2020\/12\/007ZTM.png","width":1283,"height":2000},{"@type":"BreadcrumbList","@id":"https:\/\/uniest.it\/prodotto\/fucus\/#breadcrumb","itemListElement":[{"@type":"ListItem","position":1,"name":"Home","item":"https:\/\/uniest.it\/de\/"},{"@type":"ListItem","position":2,"name":"Shop","item":"https:\/\/uniest.it\/shop\/"},{"@type":"ListItem","position":3,"name":"Fucus"}]},{"@type":"WebSite","@id":"https:\/\/uniest.it\/#website","url":"https:\/\/uniest.it\/","name":"Uniest","description":"Cosmetici Naturali e Bio","potentialAction":[{"@type":"SearchAction","target":{"@type":"EntryPoint","urlTemplate":"https:\/\/uniest.it\/?s={search_term_string}"},"query-input":{"@type":"PropertyValueSpecification","valueRequired":true,"valueName":"search_term_string"}}],"inLanguage":"de"}]}},"_links":{"self":[{"href":"https:\/\/uniest.it\/de\/wp-json\/wp\/v2\/product\/6819","targetHints":{"allow":["GET"]}}],"collection":[{"href":"https:\/\/uniest.it\/de\/wp-json\/wp\/v2\/product"}],"about":[{"href":"https:\/\/uniest.it\/de\/wp-json\/wp\/v2\/types\/product"}],"wp:featuredmedia":[{"embeddable":true,"href":"https:\/\/uniest.it\/de\/wp-json\/wp\/v2\/media\/6820"}],"wp:attachment":[{"href":"https:\/\/uniest.it\/de\/wp-json\/wp\/v2\/media?parent=6819"}],"wp:term":[{"taxonomy":"product_brand","embeddable":true,"href":"https:\/\/uniest.it\/de\/wp-json\/wp\/v2\/product_brand?post=6819"},{"taxonomy":"product_cat","embeddable":true,"href":"https:\/\/uniest.it\/de\/wp-json\/wp\/v2\/product_cat?post=6819"},{"taxonomy":"product_tag","embeddable":true,"href":"https:\/\/uniest.it\/de\/wp-json\/wp\/v2\/product_tag?post=6819"}],"curies":[{"name":"wp","href":"https:\/\/api.w.org\/{rel}","templated":true}]}}