{"id":6828,"date":"2021-02-04T12:56:39","date_gmt":"2024-10-29T17:55:14","guid":{"rendered":"https:\/\/uniest.it\/prodotto\/jugend-koerpermilch-6-in-1-wein\/"},"modified":"2024-12-17T00:02:10","modified_gmt":"2024-12-16T23:02:10","slug":"jugend-koerpermilch-6-in-1-wein","status":"publish","type":"product","link":"https:\/\/uniest.it\/de\/prodotto\/jugend-koerpermilch-6-in-1-wein\/","title":{"rendered":"Jugend-K\u00f6rpermilch 6 in 1 Wein"},"content":{"rendered":"<p>Weiche Jugend-K\u00f6rpermilch, die speziell entwickelt wurde, um den ganzen Tag \u00fcber eine gute Ern\u00e4hrung und gute Fl\u00fcssigkeitszufuhr zu erm\u00f6glichen. F\u00fcr jedes Alter und jeden Hauttyp geeignet. Natives Oliven\u00f6l extra gilt als echtes \u201eNutrazeutikum\u201c und ist reich an den Vitaminen A, E, F, B, Lecithin, Mineralsalzen und Enzymen, w\u00e4hrend Rotwein aufgrund seiner vielf\u00e4ltigen Wirkung reich an Alphahydroxys\u00e4uren, Polyphenolen, Zuckern und Lipiden ist Sie wirken auf unsere Haut und gelten als starker Verb\u00fcndeter der Sch\u00f6nheit.<\/p>\n","protected":false},"excerpt":{"rendered":"<p>Weiche Jugend-K\u00f6rpermilch, die speziell entwickelt wurde, um den ganzen Tag \u00fcber eine gute Ern\u00e4hrung und gute Fl\u00fcssigkeitszufuhr zu erm\u00f6glichen. F\u00fcr jedes Alter und jeden Hauttyp geeignet. Natives Oliven\u00f6l extra gilt als echtes \u201eNutrazeutikum\u201c und ist reich an den Vitaminen A, E, F, B, Lecithin, Mineralsalzen und Enzymen, w\u00e4hrend Rotwein aufgrund seiner vielf\u00e4ltigen Wirkung reich an [&hellip;]<\/p>\n","protected":false},"featured_media":6829,"template":"","meta":{"_acf_changed":false,"inline_featured_image":false},"product_brand":[],"product_cat":[1492,1489],"product_tag":[],"class_list":{"0":"post-6828","1":"product","2":"type-product","3":"status-publish","4":"has-post-thumbnail","6":"product_beauty-aromatizzare-e-profumare","7":"product_beauty-idratare","8":"product_beauty-lenire","9":"product_beauty-nutrire-e-rigenerare","10":"product_beauty-proteggere","11":"product_beauty-rassodare-e-tonificare","12":"product_skin-tutte-le-pelli","13":"product_kind-trattamenti-speciali","14":"product_kind-tutte-le-creme-corpo","15":"product_lines-garda-lake-beauty","16":"product_cat-garda-lake-beauty-de","17":"product_cat-corpo-de","18":"pa_size-150-de","20":"first","21":"instock","22":"taxable","23":"shipping-taxable","24":"purchasable","25":"product-type-simple"},"acf":[],"yoast_head":"<!-- This site is optimized with the Yoast SEO plugin v24.6 - https:\/\/yoast.com\/wordpress\/plugins\/seo\/ -->\n<title>Jugend-K\u00f6rpermilch 6 in 1 Wein - Uniest<\/title>\n<meta name=\"robots\" content=\"index, follow, max-snippet:-1, max-image-preview:large, max-video-preview:-1\" \/>\n<link rel=\"canonical\" href=\"https:\/\/uniest.it\/prodotto\/latte-corpo-giovinezza-6-in-1\/\" \/>\n<meta property=\"og:locale\" content=\"de_DE\" \/>\n<meta property=\"og:type\" content=\"article\" \/>\n<meta property=\"og:title\" content=\"Jugend-K\u00f6rpermilch 6 in 1 Wein - Uniest\" \/>\n<meta property=\"og:description\" content=\"Weiche Jugend-K\u00f6rpermilch, die speziell entwickelt wurde, um den ganzen Tag \u00fcber eine gute Ern\u00e4hrung und gute Fl\u00fcssigkeitszufuhr zu erm\u00f6glichen. F\u00fcr jedes Alter und jeden Hauttyp geeignet. Natives Oliven\u00f6l extra gilt als echtes \u201eNutrazeutikum\u201c und ist reich an den Vitaminen A, E, F, B, Lecithin, Mineralsalzen und Enzymen, w\u00e4hrend Rotwein aufgrund seiner vielf\u00e4ltigen Wirkung reich an [&hellip;]\" \/>\n<meta property=\"og:url\" content=\"https:\/\/uniest.it\/prodotto\/latte-corpo-giovinezza-6-in-1\/\" \/>\n<meta property=\"og:site_name\" content=\"Uniest\" \/>\n<meta property=\"article:modified_time\" content=\"2024-12-16T23:02:10+00:00\" \/>\n<meta property=\"og:image\" content=\"https:\/\/uniest.it\/wp-content\/uploads\/2020\/11\/008LGB.png\" \/>\n\t<meta property=\"og:image:width\" content=\"1283\" \/>\n\t<meta property=\"og:image:height\" content=\"2000\" \/>\n\t<meta property=\"og:image:type\" content=\"image\/png\" \/>\n<meta name=\"twitter:card\" content=\"summary_large_image\" \/>\n<script type=\"application\/ld+json\" class=\"yoast-schema-graph\">{\"@context\":\"https:\/\/schema.org\",\"@graph\":[{\"@type\":\"WebPage\",\"@id\":\"https:\/\/uniest.it\/prodotto\/latte-corpo-giovinezza-6-in-1\/\",\"url\":\"https:\/\/uniest.it\/prodotto\/latte-corpo-giovinezza-6-in-1\/\",\"name\":\"Jugend-K\u00f6rpermilch 6 in 1 Wein - Uniest\",\"isPartOf\":{\"@id\":\"https:\/\/uniest.it\/#website\"},\"primaryImageOfPage\":{\"@id\":\"https:\/\/uniest.it\/prodotto\/latte-corpo-giovinezza-6-in-1\/#primaryimage\"},\"image\":{\"@id\":\"https:\/\/uniest.it\/prodotto\/latte-corpo-giovinezza-6-in-1\/#primaryimage\"},\"thumbnailUrl\":\"https:\/\/uniest.it\/wp-content\/uploads\/2020\/11\/008LGB.png\",\"datePublished\":\"2024-10-29T17:55:14+00:00\",\"dateModified\":\"2024-12-16T23:02:10+00:00\",\"breadcrumb\":{\"@id\":\"https:\/\/uniest.it\/prodotto\/latte-corpo-giovinezza-6-in-1\/#breadcrumb\"},\"inLanguage\":\"de\",\"potentialAction\":[{\"@type\":\"ReadAction\",\"target\":[\"https:\/\/uniest.it\/prodotto\/latte-corpo-giovinezza-6-in-1\/\"]}]},{\"@type\":\"ImageObject\",\"inLanguage\":\"de\",\"@id\":\"https:\/\/uniest.it\/prodotto\/latte-corpo-giovinezza-6-in-1\/#primaryimage\",\"url\":\"https:\/\/uniest.it\/wp-content\/uploads\/2020\/11\/008LGB.png\",\"contentUrl\":\"https:\/\/uniest.it\/wp-content\/uploads\/2020\/11\/008LGB.png\",\"width\":1283,\"height\":2000},{\"@type\":\"BreadcrumbList\",\"@id\":\"https:\/\/uniest.it\/prodotto\/latte-corpo-giovinezza-6-in-1\/#breadcrumb\",\"itemListElement\":[{\"@type\":\"ListItem\",\"position\":1,\"name\":\"Home\",\"item\":\"https:\/\/uniest.it\/de\/\"},{\"@type\":\"ListItem\",\"position\":2,\"name\":\"Shop\",\"item\":\"https:\/\/uniest.it\/shop\/\"},{\"@type\":\"ListItem\",\"position\":3,\"name\":\"Jugend-K\u00f6rpermilch 6 in 1 Wein\"}]},{\"@type\":\"WebSite\",\"@id\":\"https:\/\/uniest.it\/#website\",\"url\":\"https:\/\/uniest.it\/\",\"name\":\"Uniest\",\"description\":\"Cosmetici Naturali e Bio\",\"potentialAction\":[{\"@type\":\"SearchAction\",\"target\":{\"@type\":\"EntryPoint\",\"urlTemplate\":\"https:\/\/uniest.it\/?s={search_term_string}\"},\"query-input\":{\"@type\":\"PropertyValueSpecification\",\"valueRequired\":true,\"valueName\":\"search_term_string\"}}],\"inLanguage\":\"de\"}]}<\/script>\n<!-- \/ Yoast SEO plugin. -->","yoast_head_json":{"title":"Jugend-K\u00f6rpermilch 6 in 1 Wein - Uniest","robots":{"index":"index","follow":"follow","max-snippet":"max-snippet:-1","max-image-preview":"max-image-preview:large","max-video-preview":"max-video-preview:-1"},"canonical":"https:\/\/uniest.it\/prodotto\/latte-corpo-giovinezza-6-in-1\/","og_locale":"de_DE","og_type":"article","og_title":"Jugend-K\u00f6rpermilch 6 in 1 Wein - Uniest","og_description":"Weiche Jugend-K\u00f6rpermilch, die speziell entwickelt wurde, um den ganzen Tag \u00fcber eine gute Ern\u00e4hrung und gute Fl\u00fcssigkeitszufuhr zu erm\u00f6glichen. F\u00fcr jedes Alter und jeden Hauttyp geeignet. Natives Oliven\u00f6l extra gilt als echtes \u201eNutrazeutikum\u201c und ist reich an den Vitaminen A, E, F, B, Lecithin, Mineralsalzen und Enzymen, w\u00e4hrend Rotwein aufgrund seiner vielf\u00e4ltigen Wirkung reich an [&hellip;]","og_url":"https:\/\/uniest.it\/prodotto\/latte-corpo-giovinezza-6-in-1\/","og_site_name":"Uniest","article_modified_time":"2024-12-16T23:02:10+00:00","og_image":[{"width":1283,"height":2000,"url":"https:\/\/uniest.it\/wp-content\/uploads\/2020\/11\/008LGB.png","type":"image\/png"}],"twitter_card":"summary_large_image","schema":{"@context":"https:\/\/schema.org","@graph":[{"@type":"WebPage","@id":"https:\/\/uniest.it\/prodotto\/latte-corpo-giovinezza-6-in-1\/","url":"https:\/\/uniest.it\/prodotto\/latte-corpo-giovinezza-6-in-1\/","name":"Jugend-K\u00f6rpermilch 6 in 1 Wein - Uniest","isPartOf":{"@id":"https:\/\/uniest.it\/#website"},"primaryImageOfPage":{"@id":"https:\/\/uniest.it\/prodotto\/latte-corpo-giovinezza-6-in-1\/#primaryimage"},"image":{"@id":"https:\/\/uniest.it\/prodotto\/latte-corpo-giovinezza-6-in-1\/#primaryimage"},"thumbnailUrl":"https:\/\/uniest.it\/wp-content\/uploads\/2020\/11\/008LGB.png","datePublished":"2024-10-29T17:55:14+00:00","dateModified":"2024-12-16T23:02:10+00:00","breadcrumb":{"@id":"https:\/\/uniest.it\/prodotto\/latte-corpo-giovinezza-6-in-1\/#breadcrumb"},"inLanguage":"de","potentialAction":[{"@type":"ReadAction","target":["https:\/\/uniest.it\/prodotto\/latte-corpo-giovinezza-6-in-1\/"]}]},{"@type":"ImageObject","inLanguage":"de","@id":"https:\/\/uniest.it\/prodotto\/latte-corpo-giovinezza-6-in-1\/#primaryimage","url":"https:\/\/uniest.it\/wp-content\/uploads\/2020\/11\/008LGB.png","contentUrl":"https:\/\/uniest.it\/wp-content\/uploads\/2020\/11\/008LGB.png","width":1283,"height":2000},{"@type":"BreadcrumbList","@id":"https:\/\/uniest.it\/prodotto\/latte-corpo-giovinezza-6-in-1\/#breadcrumb","itemListElement":[{"@type":"ListItem","position":1,"name":"Home","item":"https:\/\/uniest.it\/de\/"},{"@type":"ListItem","position":2,"name":"Shop","item":"https:\/\/uniest.it\/shop\/"},{"@type":"ListItem","position":3,"name":"Jugend-K\u00f6rpermilch 6 in 1 Wein"}]},{"@type":"WebSite","@id":"https:\/\/uniest.it\/#website","url":"https:\/\/uniest.it\/","name":"Uniest","description":"Cosmetici Naturali e Bio","potentialAction":[{"@type":"SearchAction","target":{"@type":"EntryPoint","urlTemplate":"https:\/\/uniest.it\/?s={search_term_string}"},"query-input":{"@type":"PropertyValueSpecification","valueRequired":true,"valueName":"search_term_string"}}],"inLanguage":"de"}]}},"_links":{"self":[{"href":"https:\/\/uniest.it\/de\/wp-json\/wp\/v2\/product\/6828","targetHints":{"allow":["GET"]}}],"collection":[{"href":"https:\/\/uniest.it\/de\/wp-json\/wp\/v2\/product"}],"about":[{"href":"https:\/\/uniest.it\/de\/wp-json\/wp\/v2\/types\/product"}],"wp:featuredmedia":[{"embeddable":true,"href":"https:\/\/uniest.it\/de\/wp-json\/wp\/v2\/media\/6829"}],"wp:attachment":[{"href":"https:\/\/uniest.it\/de\/wp-json\/wp\/v2\/media?parent=6828"}],"wp:term":[{"taxonomy":"product_brand","embeddable":true,"href":"https:\/\/uniest.it\/de\/wp-json\/wp\/v2\/product_brand?post=6828"},{"taxonomy":"product_cat","embeddable":true,"href":"https:\/\/uniest.it\/de\/wp-json\/wp\/v2\/product_cat?post=6828"},{"taxonomy":"product_tag","embeddable":true,"href":"https:\/\/uniest.it\/de\/wp-json\/wp\/v2\/product_tag?post=6828"}],"curies":[{"name":"wp","href":"https:\/\/api.w.org\/{rel}","templated":true}]}}