{"id":6831,"date":"2024-10-29T18:55:15","date_gmt":"2024-10-29T17:55:15","guid":{"rendered":"https:\/\/uniest.it\/prodotto\/rosskastanie\/"},"modified":"2024-10-29T18:55:15","modified_gmt":"2024-10-29T17:55:15","slug":"rosskastanie","status":"publish","type":"product","link":"https:\/\/uniest.it\/de\/prodotto\/rosskastanie\/","title":{"rendered":"Rosskastanie"},"content":{"rendered":"<p>Das DOP-Oliven\u00f6l Extra Vergine und der DOC-Wein stammen beide vom Gardasee und haben nachweislich blutdrucksenkende, antioxidative, aufhellende, Anti-Aging- und sch\u00fctzende Eigenschaften. Angereichert mit Bio-Sheabutter*, um die n\u00e4hrende, feuchtigkeitsspendende und faltenhemmende Wirkung zu verst\u00e4rken. Dank seiner nat\u00fcrlichen Vielseitigkeit ist es zart duftend und eignet sich sowohl f\u00fcr die Anwendung nach dem Baden oder Duschen als auch f\u00fcr alle anderen Gelegenheiten, bei denen Sie sich eine glatte, weiche und samtige Haut w\u00fcnschen.<\/p>\n","protected":false},"excerpt":{"rendered":"<p>Das DOP-Oliven\u00f6l Extra Vergine und der DOC-Wein stammen beide vom Gardasee und haben nachweislich blutdrucksenkende, antioxidative, aufhellende, Anti-Aging- und sch\u00fctzende Eigenschaften. Angereichert mit Bio-Sheabutter*, um die n\u00e4hrende, feuchtigkeitsspendende und faltenhemmende Wirkung zu verst\u00e4rken. Dank seiner nat\u00fcrlichen Vielseitigkeit ist es zart duftend und eignet sich sowohl f\u00fcr die Anwendung nach dem Baden oder Duschen als auch [&hellip;]<\/p>\n","protected":false},"featured_media":6832,"template":"","meta":{"_acf_changed":false,"inline_featured_image":false},"product_brand":[],"product_cat":[1486],"product_tag":[],"class_list":{"0":"post-6831","1":"product","2":"type-product","3":"status-publish","4":"has-post-thumbnail","6":"product_beauty-cellulite","7":"product_beauty-circolazione","8":"product_beauty-insufficienza-venosa","9":"product_kind-integrazione-alimentare","10":"product_lines-benessere","11":"product_cat-benessere-de","12":"pa_size-50-de","14":"first","15":"outofstock","16":"taxable","17":"shipping-taxable","18":"purchasable","19":"product-type-simple"},"acf":[],"yoast_head":"<!-- This site is optimized with the Yoast SEO plugin v24.6 - https:\/\/yoast.com\/wordpress\/plugins\/seo\/ -->\n<title>Rosskastanie - Uniest<\/title>\n<meta name=\"robots\" content=\"index, follow, max-snippet:-1, max-image-preview:large, max-video-preview:-1\" \/>\n<link rel=\"canonical\" href=\"https:\/\/uniest.it\/prodotto\/rosskastanie\/\" \/>\n<meta property=\"og:locale\" content=\"de_DE\" \/>\n<meta property=\"og:type\" content=\"article\" \/>\n<meta property=\"og:title\" content=\"Rosskastanie - Uniest\" \/>\n<meta property=\"og:description\" content=\"Das DOP-Oliven\u00f6l Extra Vergine und der DOC-Wein stammen beide vom Gardasee und haben nachweislich blutdrucksenkende, antioxidative, aufhellende, Anti-Aging- und sch\u00fctzende Eigenschaften. Angereichert mit Bio-Sheabutter*, um die n\u00e4hrende, feuchtigkeitsspendende und faltenhemmende Wirkung zu verst\u00e4rken. Dank seiner nat\u00fcrlichen Vielseitigkeit ist es zart duftend und eignet sich sowohl f\u00fcr die Anwendung nach dem Baden oder Duschen als auch [&hellip;]\" \/>\n<meta property=\"og:url\" content=\"https:\/\/uniest.it\/prodotto\/rosskastanie\/\" \/>\n<meta property=\"og:site_name\" content=\"Uniest\" \/>\n<meta name=\"twitter:card\" content=\"summary_large_image\" \/>\n<script type=\"application\/ld+json\" class=\"yoast-schema-graph\">{\"@context\":\"https:\/\/schema.org\",\"@graph\":[{\"@type\":\"WebPage\",\"@id\":\"https:\/\/uniest.it\/prodotto\/rosskastanie\/\",\"url\":\"https:\/\/uniest.it\/prodotto\/rosskastanie\/\",\"name\":\"Rosskastanie - Uniest\",\"isPartOf\":{\"@id\":\"https:\/\/uniest.it\/#website\"},\"primaryImageOfPage\":{\"@id\":\"https:\/\/uniest.it\/prodotto\/rosskastanie\/#primaryimage\"},\"image\":{\"@id\":\"https:\/\/uniest.it\/prodotto\/rosskastanie\/#primaryimage\"},\"thumbnailUrl\":\"https:\/\/uniest.it\/wp-content\/uploads\/2020\/12\/008ZTM.png\",\"datePublished\":\"2024-10-29T17:55:15+00:00\",\"breadcrumb\":{\"@id\":\"https:\/\/uniest.it\/prodotto\/rosskastanie\/#breadcrumb\"},\"inLanguage\":\"de\",\"potentialAction\":[{\"@type\":\"ReadAction\",\"target\":[\"https:\/\/uniest.it\/prodotto\/rosskastanie\/\"]}]},{\"@type\":\"ImageObject\",\"inLanguage\":\"de\",\"@id\":\"https:\/\/uniest.it\/prodotto\/rosskastanie\/#primaryimage\",\"url\":\"https:\/\/uniest.it\/wp-content\/uploads\/2020\/12\/008ZTM.png\",\"contentUrl\":\"https:\/\/uniest.it\/wp-content\/uploads\/2020\/12\/008ZTM.png\",\"width\":1283,\"height\":2000},{\"@type\":\"BreadcrumbList\",\"@id\":\"https:\/\/uniest.it\/prodotto\/rosskastanie\/#breadcrumb\",\"itemListElement\":[{\"@type\":\"ListItem\",\"position\":1,\"name\":\"Home\",\"item\":\"https:\/\/uniest.it\/de\/\"},{\"@type\":\"ListItem\",\"position\":2,\"name\":\"Shop\",\"item\":\"https:\/\/uniest.it\/shop\/\"},{\"@type\":\"ListItem\",\"position\":3,\"name\":\"Rosskastanie\"}]},{\"@type\":\"WebSite\",\"@id\":\"https:\/\/uniest.it\/#website\",\"url\":\"https:\/\/uniest.it\/\",\"name\":\"Uniest\",\"description\":\"Cosmetici Naturali e Bio\",\"potentialAction\":[{\"@type\":\"SearchAction\",\"target\":{\"@type\":\"EntryPoint\",\"urlTemplate\":\"https:\/\/uniest.it\/?s={search_term_string}\"},\"query-input\":{\"@type\":\"PropertyValueSpecification\",\"valueRequired\":true,\"valueName\":\"search_term_string\"}}],\"inLanguage\":\"de\"}]}<\/script>\n<!-- \/ Yoast SEO plugin. -->","yoast_head_json":{"title":"Rosskastanie - Uniest","robots":{"index":"index","follow":"follow","max-snippet":"max-snippet:-1","max-image-preview":"max-image-preview:large","max-video-preview":"max-video-preview:-1"},"canonical":"https:\/\/uniest.it\/prodotto\/rosskastanie\/","og_locale":"de_DE","og_type":"article","og_title":"Rosskastanie - Uniest","og_description":"Das DOP-Oliven\u00f6l Extra Vergine und der DOC-Wein stammen beide vom Gardasee und haben nachweislich blutdrucksenkende, antioxidative, aufhellende, Anti-Aging- und sch\u00fctzende Eigenschaften. Angereichert mit Bio-Sheabutter*, um die n\u00e4hrende, feuchtigkeitsspendende und faltenhemmende Wirkung zu verst\u00e4rken. Dank seiner nat\u00fcrlichen Vielseitigkeit ist es zart duftend und eignet sich sowohl f\u00fcr die Anwendung nach dem Baden oder Duschen als auch [&hellip;]","og_url":"https:\/\/uniest.it\/prodotto\/rosskastanie\/","og_site_name":"Uniest","twitter_card":"summary_large_image","schema":{"@context":"https:\/\/schema.org","@graph":[{"@type":"WebPage","@id":"https:\/\/uniest.it\/prodotto\/rosskastanie\/","url":"https:\/\/uniest.it\/prodotto\/rosskastanie\/","name":"Rosskastanie - Uniest","isPartOf":{"@id":"https:\/\/uniest.it\/#website"},"primaryImageOfPage":{"@id":"https:\/\/uniest.it\/prodotto\/rosskastanie\/#primaryimage"},"image":{"@id":"https:\/\/uniest.it\/prodotto\/rosskastanie\/#primaryimage"},"thumbnailUrl":"https:\/\/uniest.it\/wp-content\/uploads\/2020\/12\/008ZTM.png","datePublished":"2024-10-29T17:55:15+00:00","breadcrumb":{"@id":"https:\/\/uniest.it\/prodotto\/rosskastanie\/#breadcrumb"},"inLanguage":"de","potentialAction":[{"@type":"ReadAction","target":["https:\/\/uniest.it\/prodotto\/rosskastanie\/"]}]},{"@type":"ImageObject","inLanguage":"de","@id":"https:\/\/uniest.it\/prodotto\/rosskastanie\/#primaryimage","url":"https:\/\/uniest.it\/wp-content\/uploads\/2020\/12\/008ZTM.png","contentUrl":"https:\/\/uniest.it\/wp-content\/uploads\/2020\/12\/008ZTM.png","width":1283,"height":2000},{"@type":"BreadcrumbList","@id":"https:\/\/uniest.it\/prodotto\/rosskastanie\/#breadcrumb","itemListElement":[{"@type":"ListItem","position":1,"name":"Home","item":"https:\/\/uniest.it\/de\/"},{"@type":"ListItem","position":2,"name":"Shop","item":"https:\/\/uniest.it\/shop\/"},{"@type":"ListItem","position":3,"name":"Rosskastanie"}]},{"@type":"WebSite","@id":"https:\/\/uniest.it\/#website","url":"https:\/\/uniest.it\/","name":"Uniest","description":"Cosmetici Naturali e Bio","potentialAction":[{"@type":"SearchAction","target":{"@type":"EntryPoint","urlTemplate":"https:\/\/uniest.it\/?s={search_term_string}"},"query-input":{"@type":"PropertyValueSpecification","valueRequired":true,"valueName":"search_term_string"}}],"inLanguage":"de"}]}},"_links":{"self":[{"href":"https:\/\/uniest.it\/de\/wp-json\/wp\/v2\/product\/6831","targetHints":{"allow":["GET"]}}],"collection":[{"href":"https:\/\/uniest.it\/de\/wp-json\/wp\/v2\/product"}],"about":[{"href":"https:\/\/uniest.it\/de\/wp-json\/wp\/v2\/types\/product"}],"wp:featuredmedia":[{"embeddable":true,"href":"https:\/\/uniest.it\/de\/wp-json\/wp\/v2\/media\/6832"}],"wp:attachment":[{"href":"https:\/\/uniest.it\/de\/wp-json\/wp\/v2\/media?parent=6831"}],"wp:term":[{"taxonomy":"product_brand","embeddable":true,"href":"https:\/\/uniest.it\/de\/wp-json\/wp\/v2\/product_brand?post=6831"},{"taxonomy":"product_cat","embeddable":true,"href":"https:\/\/uniest.it\/de\/wp-json\/wp\/v2\/product_cat?post=6831"},{"taxonomy":"product_tag","embeddable":true,"href":"https:\/\/uniest.it\/de\/wp-json\/wp\/v2\/product_tag?post=6831"}],"curies":[{"name":"wp","href":"https:\/\/api.w.org\/{rel}","templated":true}]}}