{"id":6852,"date":"2024-10-29T18:55:18","date_gmt":"2024-10-29T17:55:18","guid":{"rendered":"https:\/\/uniest.it\/prodotto\/aufhellendes-mizellenwasser\/"},"modified":"2024-10-29T18:55:18","modified_gmt":"2024-10-29T17:55:18","slug":"aufhellendes-mizellenwasser","status":"publish","type":"product","link":"https:\/\/uniest.it\/de\/prodotto\/aufhellendes-mizellenwasser\/","title":{"rendered":"Aufhellendes Mizellenwasser"},"content":{"rendered":"<p>*E&#8216; possibile che la confezione possa essere diversa dalla fotografia.<\/p>\n<p>Acqua Micellare Schiarente \u00e8 stata appositamente studiata per le pelli sensibili e quelle couperosiche che, a causa della loro delicatezza, necessitano, di un trattamento di pulizia quotidiana delicato, protettivo e non aggressivo.<br \/>\nL\u2019 Acqua Micellare Schiarente consente, grazie alla sua ricercata formulazione, di rispettare e di ripristinare la funzionalit\u00e0 di queste tipologie di pelle, cos\u00ec sensibili e tendenti agli arrossamenti.<br \/>\nAcqua Micellare Schiarente \u00e8 un prodotto di concezione evoluta, permettendo una detersione profonda ma delicata della pelle e mantenendo il pieno rispetto del pH fisiologico, sapientemente arricchita con Principio Attivo Schiarente, estratto dall\u2019alga marina atlantica, permette di ottenere una pelle chiara, luminosa e dermopurificata.<br \/>\nSi tratta di una innovativa lozione a base di preziosi Estratti Vegetali Naturali di Aloe Biologica*, Calendula Biologica*, Amamelide, Limone, Malva e Rosa Canina, in grado di donare una piacevole sensazione di freschezza e tonicit\u00e0 alla cute, lasciandola idratata, detersa dalle impurit\u00e0 e lenita sino in profondit\u00e0.<br \/>\nGrazie alla micella vegetale contenuta \u00e8 in grado di catturare ed asportare anche il trucco pi\u00f9 difficile senza necessit\u00e0 di sfregamenti.<\/p>\n","protected":false},"excerpt":{"rendered":"<p>*E&#8216; possibile che la confezione possa essere diversa dalla fotografia. Acqua Micellare Schiarente \u00e8 stata appositamente studiata per le pelli sensibili e quelle couperosiche che, a causa della loro delicatezza, necessitano, di un trattamento di pulizia quotidiana delicato, protettivo e non aggressivo. L\u2019 Acqua Micellare Schiarente consente, grazie alla sua ricercata formulazione, di rispettare e [&hellip;]<\/p>\n","protected":false},"featured_media":6853,"template":"","meta":{"_acf_changed":false,"inline_featured_image":false},"product_brand":[],"product_cat":[1497],"product_tag":[],"class_list":{"0":"post-6852","1":"product","2":"type-product","3":"status-publish","4":"has-post-thumbnail","6":"product_beauty-detergere","7":"product_beauty-idratare","8":"product_beauty-purificare","9":"product_beauty-schiarire","10":"product_skin-pelli-delicate-e-sensibili","11":"product_skin-pelli-mature-e-rughe","12":"product_kind-detergenti-e-struccanti-viso","13":"product_lines-pelli-delicate-e-sensibili","14":"product_cat-viso-de","15":"pa_size-200-de","17":"first","18":"instock","19":"taxable","20":"shipping-taxable","21":"purchasable","22":"product-type-simple"},"acf":[],"yoast_head":"<!-- This site is optimized with the Yoast SEO plugin v24.6 - https:\/\/yoast.com\/wordpress\/plugins\/seo\/ -->\n<title>Aufhellendes Mizellenwasser - Uniest<\/title>\n<meta name=\"robots\" content=\"index, follow, max-snippet:-1, max-image-preview:large, max-video-preview:-1\" \/>\n<link rel=\"canonical\" href=\"https:\/\/uniest.it\/prodotto\/aufhellendes-mizellenwasser\/\" \/>\n<meta property=\"og:locale\" content=\"de_DE\" \/>\n<meta property=\"og:type\" content=\"article\" \/>\n<meta property=\"og:title\" content=\"Aufhellendes Mizellenwasser - Uniest\" \/>\n<meta property=\"og:description\" content=\"*E&#8216; possibile che la confezione possa essere diversa dalla fotografia. Acqua Micellare Schiarente \u00e8 stata appositamente studiata per le pelli sensibili e quelle couperosiche che, a causa della loro delicatezza, necessitano, di un trattamento di pulizia quotidiana delicato, protettivo e non aggressivo. L\u2019 Acqua Micellare Schiarente consente, grazie alla sua ricercata formulazione, di rispettare e [&hellip;]\" \/>\n<meta property=\"og:url\" content=\"https:\/\/uniest.it\/prodotto\/aufhellendes-mizellenwasser\/\" \/>\n<meta property=\"og:site_name\" content=\"Uniest\" \/>\n<meta name=\"twitter:card\" content=\"summary_large_image\" \/>\n<meta name=\"twitter:label1\" content=\"Gesch\u00e4tzte Lesezeit\" \/>\n\t<meta name=\"twitter:data1\" content=\"1\u00a0Minute\" \/>\n<script type=\"application\/ld+json\" class=\"yoast-schema-graph\">{\"@context\":\"https:\/\/schema.org\",\"@graph\":[{\"@type\":\"WebPage\",\"@id\":\"https:\/\/uniest.it\/prodotto\/aufhellendes-mizellenwasser\/\",\"url\":\"https:\/\/uniest.it\/prodotto\/aufhellendes-mizellenwasser\/\",\"name\":\"Aufhellendes Mizellenwasser - Uniest\",\"isPartOf\":{\"@id\":\"https:\/\/uniest.it\/#website\"},\"primaryImageOfPage\":{\"@id\":\"https:\/\/uniest.it\/prodotto\/aufhellendes-mizellenwasser\/#primaryimage\"},\"image\":{\"@id\":\"https:\/\/uniest.it\/prodotto\/aufhellendes-mizellenwasser\/#primaryimage\"},\"thumbnailUrl\":\"https:\/\/uniest.it\/wp-content\/uploads\/2020\/11\/010AAE.png\",\"datePublished\":\"2024-10-29T17:55:18+00:00\",\"breadcrumb\":{\"@id\":\"https:\/\/uniest.it\/prodotto\/aufhellendes-mizellenwasser\/#breadcrumb\"},\"inLanguage\":\"de\",\"potentialAction\":[{\"@type\":\"ReadAction\",\"target\":[\"https:\/\/uniest.it\/prodotto\/aufhellendes-mizellenwasser\/\"]}]},{\"@type\":\"ImageObject\",\"inLanguage\":\"de\",\"@id\":\"https:\/\/uniest.it\/prodotto\/aufhellendes-mizellenwasser\/#primaryimage\",\"url\":\"https:\/\/uniest.it\/wp-content\/uploads\/2020\/11\/010AAE.png\",\"contentUrl\":\"https:\/\/uniest.it\/wp-content\/uploads\/2020\/11\/010AAE.png\",\"width\":1283,\"height\":2001},{\"@type\":\"BreadcrumbList\",\"@id\":\"https:\/\/uniest.it\/prodotto\/aufhellendes-mizellenwasser\/#breadcrumb\",\"itemListElement\":[{\"@type\":\"ListItem\",\"position\":1,\"name\":\"Home\",\"item\":\"https:\/\/uniest.it\/de\/\"},{\"@type\":\"ListItem\",\"position\":2,\"name\":\"Shop\",\"item\":\"https:\/\/uniest.it\/shop\/\"},{\"@type\":\"ListItem\",\"position\":3,\"name\":\"Aufhellendes Mizellenwasser\"}]},{\"@type\":\"WebSite\",\"@id\":\"https:\/\/uniest.it\/#website\",\"url\":\"https:\/\/uniest.it\/\",\"name\":\"Uniest\",\"description\":\"Cosmetici Naturali e Bio\",\"potentialAction\":[{\"@type\":\"SearchAction\",\"target\":{\"@type\":\"EntryPoint\",\"urlTemplate\":\"https:\/\/uniest.it\/?s={search_term_string}\"},\"query-input\":{\"@type\":\"PropertyValueSpecification\",\"valueRequired\":true,\"valueName\":\"search_term_string\"}}],\"inLanguage\":\"de\"}]}<\/script>\n<!-- \/ Yoast SEO plugin. -->","yoast_head_json":{"title":"Aufhellendes Mizellenwasser - Uniest","robots":{"index":"index","follow":"follow","max-snippet":"max-snippet:-1","max-image-preview":"max-image-preview:large","max-video-preview":"max-video-preview:-1"},"canonical":"https:\/\/uniest.it\/prodotto\/aufhellendes-mizellenwasser\/","og_locale":"de_DE","og_type":"article","og_title":"Aufhellendes Mizellenwasser - Uniest","og_description":"*E&#8216; possibile che la confezione possa essere diversa dalla fotografia. Acqua Micellare Schiarente \u00e8 stata appositamente studiata per le pelli sensibili e quelle couperosiche che, a causa della loro delicatezza, necessitano, di un trattamento di pulizia quotidiana delicato, protettivo e non aggressivo. L\u2019 Acqua Micellare Schiarente consente, grazie alla sua ricercata formulazione, di rispettare e [&hellip;]","og_url":"https:\/\/uniest.it\/prodotto\/aufhellendes-mizellenwasser\/","og_site_name":"Uniest","twitter_card":"summary_large_image","twitter_misc":{"Gesch\u00e4tzte Lesezeit":"1\u00a0Minute"},"schema":{"@context":"https:\/\/schema.org","@graph":[{"@type":"WebPage","@id":"https:\/\/uniest.it\/prodotto\/aufhellendes-mizellenwasser\/","url":"https:\/\/uniest.it\/prodotto\/aufhellendes-mizellenwasser\/","name":"Aufhellendes Mizellenwasser - Uniest","isPartOf":{"@id":"https:\/\/uniest.it\/#website"},"primaryImageOfPage":{"@id":"https:\/\/uniest.it\/prodotto\/aufhellendes-mizellenwasser\/#primaryimage"},"image":{"@id":"https:\/\/uniest.it\/prodotto\/aufhellendes-mizellenwasser\/#primaryimage"},"thumbnailUrl":"https:\/\/uniest.it\/wp-content\/uploads\/2020\/11\/010AAE.png","datePublished":"2024-10-29T17:55:18+00:00","breadcrumb":{"@id":"https:\/\/uniest.it\/prodotto\/aufhellendes-mizellenwasser\/#breadcrumb"},"inLanguage":"de","potentialAction":[{"@type":"ReadAction","target":["https:\/\/uniest.it\/prodotto\/aufhellendes-mizellenwasser\/"]}]},{"@type":"ImageObject","inLanguage":"de","@id":"https:\/\/uniest.it\/prodotto\/aufhellendes-mizellenwasser\/#primaryimage","url":"https:\/\/uniest.it\/wp-content\/uploads\/2020\/11\/010AAE.png","contentUrl":"https:\/\/uniest.it\/wp-content\/uploads\/2020\/11\/010AAE.png","width":1283,"height":2001},{"@type":"BreadcrumbList","@id":"https:\/\/uniest.it\/prodotto\/aufhellendes-mizellenwasser\/#breadcrumb","itemListElement":[{"@type":"ListItem","position":1,"name":"Home","item":"https:\/\/uniest.it\/de\/"},{"@type":"ListItem","position":2,"name":"Shop","item":"https:\/\/uniest.it\/shop\/"},{"@type":"ListItem","position":3,"name":"Aufhellendes Mizellenwasser"}]},{"@type":"WebSite","@id":"https:\/\/uniest.it\/#website","url":"https:\/\/uniest.it\/","name":"Uniest","description":"Cosmetici Naturali e Bio","potentialAction":[{"@type":"SearchAction","target":{"@type":"EntryPoint","urlTemplate":"https:\/\/uniest.it\/?s={search_term_string}"},"query-input":{"@type":"PropertyValueSpecification","valueRequired":true,"valueName":"search_term_string"}}],"inLanguage":"de"}]}},"_links":{"self":[{"href":"https:\/\/uniest.it\/de\/wp-json\/wp\/v2\/product\/6852","targetHints":{"allow":["GET"]}}],"collection":[{"href":"https:\/\/uniest.it\/de\/wp-json\/wp\/v2\/product"}],"about":[{"href":"https:\/\/uniest.it\/de\/wp-json\/wp\/v2\/types\/product"}],"wp:featuredmedia":[{"embeddable":true,"href":"https:\/\/uniest.it\/de\/wp-json\/wp\/v2\/media\/6853"}],"wp:attachment":[{"href":"https:\/\/uniest.it\/de\/wp-json\/wp\/v2\/media?parent=6852"}],"wp:term":[{"taxonomy":"product_brand","embeddable":true,"href":"https:\/\/uniest.it\/de\/wp-json\/wp\/v2\/product_brand?post=6852"},{"taxonomy":"product_cat","embeddable":true,"href":"https:\/\/uniest.it\/de\/wp-json\/wp\/v2\/product_cat?post=6852"},{"taxonomy":"product_tag","embeddable":true,"href":"https:\/\/uniest.it\/de\/wp-json\/wp\/v2\/product_tag?post=6852"}],"curies":[{"name":"wp","href":"https:\/\/api.w.org\/{rel}","templated":true}]}}