{"id":6867,"date":"2024-10-29T18:55:20","date_gmt":"2024-10-29T17:55:20","guid":{"rendered":"https:\/\/uniest.it\/prodotto\/pilosella\/"},"modified":"2024-10-29T18:55:20","modified_gmt":"2024-10-29T17:55:20","slug":"pilosella","status":"publish","type":"product","link":"https:\/\/uniest.it\/de\/prodotto\/pilosella\/","title":{"rendered":"Pilosella"},"content":{"rendered":"<p>Le sue propriet\u00e0 pi\u00f9 apprezzate sono quelle che la vedono in prima linea nel favorire l\u2019eliminazione dei liquidi del corpo in eccesso e le tossine.<br \/>\nLa pianta \u00e8 ricca di tannini, flavonoidi e triterpeni, ma il principio attivo pi\u00f9 apprezzato \u00e8 l\u2019umbelliferone, un composto dalle forti propriet\u00e0 antisettiche e antibiotiche<br \/>\nQuesta caratteristica ha fatto della Pilosella una pianta molto sfruttata nella farmacologia tradizionale.<br \/>\nI suoi estratti sono spesso presenti in medicinali diuretici o per la cura della pelle.<br \/>\nEd \u00e8 proprio in fatto di diuresi che il fiore trova la sua area d\u2019elezione: favorisce la minzione e l\u2019espulsione delle tossine.<br \/>\nAiuta a combattere la ritenzione idrica, l\u2019accumulo di adipe, cellulite, pelle a buccia d\u2019arancia e molto altro ancora.<br \/>\nLa Pilosella, contiene anche l\u2019acido caffeico, che, oltre ad essere un antiradicalico, rallenta la produzione di acido urico.<\/p>\n","protected":false},"excerpt":{"rendered":"<p>Le sue propriet\u00e0 pi\u00f9 apprezzate sono quelle che la vedono in prima linea nel favorire l\u2019eliminazione dei liquidi del corpo in eccesso e le tossine. La pianta \u00e8 ricca di tannini, flavonoidi e triterpeni, ma il principio attivo pi\u00f9 apprezzato \u00e8 l\u2019umbelliferone, un composto dalle forti propriet\u00e0 antisettiche e antibiotiche Questa caratteristica ha fatto della [&hellip;]<\/p>\n","protected":false},"featured_media":6868,"template":"","meta":{"_acf_changed":false,"inline_featured_image":false},"product_brand":[],"product_cat":[1486],"product_tag":[],"class_list":{"0":"post-6867","1":"product","2":"type-product","3":"status-publish","4":"has-post-thumbnail","6":"product_beauty-antiossidante","7":"product_beauty-cellulite","8":"product_beauty-circolazione","9":"product_beauty-detox-e-dren","10":"product_beauty-diuretico","11":"product_beauty-drenante","12":"product_beauty-insufficienza-venosa","13":"product_beauty-intestino","14":"product_beauty-metabolismo","15":"product_beauty-perdita-peso","16":"product_beauty-pressione","17":"product_beauty-tratto-urinario","18":"product_kind-integrazione-alimentare","19":"product_lines-benessere","20":"product_cat-benessere-de","21":"pa_size-50-de","23":"first","24":"outofstock","25":"taxable","26":"shipping-taxable","27":"purchasable","28":"product-type-simple"},"acf":[],"yoast_head":"<!-- This site is optimized with the Yoast SEO plugin v24.6 - https:\/\/yoast.com\/wordpress\/plugins\/seo\/ -->\n<title>Pilosella - Uniest<\/title>\n<meta name=\"robots\" content=\"index, follow, max-snippet:-1, max-image-preview:large, max-video-preview:-1\" \/>\n<link rel=\"canonical\" href=\"https:\/\/uniest.it\/prodotto\/pilosella\/\" \/>\n<meta property=\"og:locale\" content=\"de_DE\" \/>\n<meta property=\"og:type\" content=\"article\" \/>\n<meta property=\"og:title\" content=\"Pilosella - Uniest\" \/>\n<meta property=\"og:description\" content=\"Le sue propriet\u00e0 pi\u00f9 apprezzate sono quelle che la vedono in prima linea nel favorire l\u2019eliminazione dei liquidi del corpo in eccesso e le tossine. La pianta \u00e8 ricca di tannini, flavonoidi e triterpeni, ma il principio attivo pi\u00f9 apprezzato \u00e8 l\u2019umbelliferone, un composto dalle forti propriet\u00e0 antisettiche e antibiotiche Questa caratteristica ha fatto della [&hellip;]\" \/>\n<meta property=\"og:url\" content=\"https:\/\/uniest.it\/prodotto\/pilosella\/\" \/>\n<meta property=\"og:site_name\" content=\"Uniest\" \/>\n<meta name=\"twitter:card\" content=\"summary_large_image\" \/>\n<meta name=\"twitter:label1\" content=\"Gesch\u00e4tzte Lesezeit\" \/>\n\t<meta name=\"twitter:data1\" content=\"1\u00a0Minute\" \/>\n<script type=\"application\/ld+json\" class=\"yoast-schema-graph\">{\"@context\":\"https:\/\/schema.org\",\"@graph\":[{\"@type\":\"WebPage\",\"@id\":\"https:\/\/uniest.it\/prodotto\/pilosella\/\",\"url\":\"https:\/\/uniest.it\/prodotto\/pilosella\/\",\"name\":\"Pilosella - Uniest\",\"isPartOf\":{\"@id\":\"https:\/\/uniest.it\/#website\"},\"primaryImageOfPage\":{\"@id\":\"https:\/\/uniest.it\/prodotto\/pilosella\/#primaryimage\"},\"image\":{\"@id\":\"https:\/\/uniest.it\/prodotto\/pilosella\/#primaryimage\"},\"thumbnailUrl\":\"https:\/\/uniest.it\/wp-content\/uploads\/2020\/12\/010ZTM.png\",\"datePublished\":\"2024-10-29T17:55:20+00:00\",\"breadcrumb\":{\"@id\":\"https:\/\/uniest.it\/prodotto\/pilosella\/#breadcrumb\"},\"inLanguage\":\"de\",\"potentialAction\":[{\"@type\":\"ReadAction\",\"target\":[\"https:\/\/uniest.it\/prodotto\/pilosella\/\"]}]},{\"@type\":\"ImageObject\",\"inLanguage\":\"de\",\"@id\":\"https:\/\/uniest.it\/prodotto\/pilosella\/#primaryimage\",\"url\":\"https:\/\/uniest.it\/wp-content\/uploads\/2020\/12\/010ZTM.png\",\"contentUrl\":\"https:\/\/uniest.it\/wp-content\/uploads\/2020\/12\/010ZTM.png\",\"width\":1283,\"height\":2000},{\"@type\":\"BreadcrumbList\",\"@id\":\"https:\/\/uniest.it\/prodotto\/pilosella\/#breadcrumb\",\"itemListElement\":[{\"@type\":\"ListItem\",\"position\":1,\"name\":\"Home\",\"item\":\"https:\/\/uniest.it\/de\/\"},{\"@type\":\"ListItem\",\"position\":2,\"name\":\"Shop\",\"item\":\"https:\/\/uniest.it\/shop\/\"},{\"@type\":\"ListItem\",\"position\":3,\"name\":\"Pilosella\"}]},{\"@type\":\"WebSite\",\"@id\":\"https:\/\/uniest.it\/#website\",\"url\":\"https:\/\/uniest.it\/\",\"name\":\"Uniest\",\"description\":\"Cosmetici Naturali e Bio\",\"potentialAction\":[{\"@type\":\"SearchAction\",\"target\":{\"@type\":\"EntryPoint\",\"urlTemplate\":\"https:\/\/uniest.it\/?s={search_term_string}\"},\"query-input\":{\"@type\":\"PropertyValueSpecification\",\"valueRequired\":true,\"valueName\":\"search_term_string\"}}],\"inLanguage\":\"de\"}]}<\/script>\n<!-- \/ Yoast SEO plugin. -->","yoast_head_json":{"title":"Pilosella - Uniest","robots":{"index":"index","follow":"follow","max-snippet":"max-snippet:-1","max-image-preview":"max-image-preview:large","max-video-preview":"max-video-preview:-1"},"canonical":"https:\/\/uniest.it\/prodotto\/pilosella\/","og_locale":"de_DE","og_type":"article","og_title":"Pilosella - Uniest","og_description":"Le sue propriet\u00e0 pi\u00f9 apprezzate sono quelle che la vedono in prima linea nel favorire l\u2019eliminazione dei liquidi del corpo in eccesso e le tossine. La pianta \u00e8 ricca di tannini, flavonoidi e triterpeni, ma il principio attivo pi\u00f9 apprezzato \u00e8 l\u2019umbelliferone, un composto dalle forti propriet\u00e0 antisettiche e antibiotiche Questa caratteristica ha fatto della [&hellip;]","og_url":"https:\/\/uniest.it\/prodotto\/pilosella\/","og_site_name":"Uniest","twitter_card":"summary_large_image","twitter_misc":{"Gesch\u00e4tzte Lesezeit":"1\u00a0Minute"},"schema":{"@context":"https:\/\/schema.org","@graph":[{"@type":"WebPage","@id":"https:\/\/uniest.it\/prodotto\/pilosella\/","url":"https:\/\/uniest.it\/prodotto\/pilosella\/","name":"Pilosella - Uniest","isPartOf":{"@id":"https:\/\/uniest.it\/#website"},"primaryImageOfPage":{"@id":"https:\/\/uniest.it\/prodotto\/pilosella\/#primaryimage"},"image":{"@id":"https:\/\/uniest.it\/prodotto\/pilosella\/#primaryimage"},"thumbnailUrl":"https:\/\/uniest.it\/wp-content\/uploads\/2020\/12\/010ZTM.png","datePublished":"2024-10-29T17:55:20+00:00","breadcrumb":{"@id":"https:\/\/uniest.it\/prodotto\/pilosella\/#breadcrumb"},"inLanguage":"de","potentialAction":[{"@type":"ReadAction","target":["https:\/\/uniest.it\/prodotto\/pilosella\/"]}]},{"@type":"ImageObject","inLanguage":"de","@id":"https:\/\/uniest.it\/prodotto\/pilosella\/#primaryimage","url":"https:\/\/uniest.it\/wp-content\/uploads\/2020\/12\/010ZTM.png","contentUrl":"https:\/\/uniest.it\/wp-content\/uploads\/2020\/12\/010ZTM.png","width":1283,"height":2000},{"@type":"BreadcrumbList","@id":"https:\/\/uniest.it\/prodotto\/pilosella\/#breadcrumb","itemListElement":[{"@type":"ListItem","position":1,"name":"Home","item":"https:\/\/uniest.it\/de\/"},{"@type":"ListItem","position":2,"name":"Shop","item":"https:\/\/uniest.it\/shop\/"},{"@type":"ListItem","position":3,"name":"Pilosella"}]},{"@type":"WebSite","@id":"https:\/\/uniest.it\/#website","url":"https:\/\/uniest.it\/","name":"Uniest","description":"Cosmetici Naturali e Bio","potentialAction":[{"@type":"SearchAction","target":{"@type":"EntryPoint","urlTemplate":"https:\/\/uniest.it\/?s={search_term_string}"},"query-input":{"@type":"PropertyValueSpecification","valueRequired":true,"valueName":"search_term_string"}}],"inLanguage":"de"}]}},"_links":{"self":[{"href":"https:\/\/uniest.it\/de\/wp-json\/wp\/v2\/product\/6867","targetHints":{"allow":["GET"]}}],"collection":[{"href":"https:\/\/uniest.it\/de\/wp-json\/wp\/v2\/product"}],"about":[{"href":"https:\/\/uniest.it\/de\/wp-json\/wp\/v2\/types\/product"}],"wp:featuredmedia":[{"embeddable":true,"href":"https:\/\/uniest.it\/de\/wp-json\/wp\/v2\/media\/6868"}],"wp:attachment":[{"href":"https:\/\/uniest.it\/de\/wp-json\/wp\/v2\/media?parent=6867"}],"wp:term":[{"taxonomy":"product_brand","embeddable":true,"href":"https:\/\/uniest.it\/de\/wp-json\/wp\/v2\/product_brand?post=6867"},{"taxonomy":"product_cat","embeddable":true,"href":"https:\/\/uniest.it\/de\/wp-json\/wp\/v2\/product_cat?post=6867"},{"taxonomy":"product_tag","embeddable":true,"href":"https:\/\/uniest.it\/de\/wp-json\/wp\/v2\/product_tag?post=6867"}],"curies":[{"name":"wp","href":"https:\/\/api.w.org\/{rel}","templated":true}]}}