{"id":6885,"date":"2024-10-29T18:55:23","date_gmt":"2024-10-29T17:55:23","guid":{"rendered":"https:\/\/uniest.it\/prodotto\/schachtelhalm\/"},"modified":"2024-10-29T18:55:23","modified_gmt":"2024-10-29T17:55:23","slug":"schachtelhalm","status":"publish","type":"product","link":"https:\/\/uniest.it\/de\/prodotto\/schachtelhalm\/","title":{"rendered":"Schachtelhalm"},"content":{"rendered":"<p>Sebbene sia considerata una pianta infestante dai contadini, essa \u00e8 ricca di propriet\u00e0 che ne fanno una pianta particolarmente ricercata in medicina naturale.<br \/>\nL\u2019Equiseto risulta essere ricco di sali minerali quali: silice, calcio, magnesio, potassio, ma anche di saponine, fitosteroli, tannini e flavonoidi. Proprio l\u2019alto contenuto di questi sali minerali ne spiega le doti principalmente diuretiche e disinfettanti, ma pu\u00f2 anche tornare utile per remineralizzare il tessuto osseo, rendendolo pi\u00f9 forte e resistente.<br \/>\nAllo stesso modo, pu\u00f2 influire sulla salute della dentatura, ma anche di capelli e unghie.<br \/>\nNon \u00e8 per\u00f2 tutto, perch\u00e9 l\u2019Equiseto trova anche una lunga serie di applicazioni estetiche, dalla riduzione delle cicatrici alle smagliature, date le propriet\u00e0 essenzialmente leviganti. Infine, possiede delle peculiarit\u00e0 blandamente astringenti, che possono essere sfruttate per contenere i gonfiori locali, sia dovuti a traumi che a ritenzione idrica.<br \/>\nPosologia: l\u2019assunzione \u00e8 consigliata di 30 gocce per tre volte al giorno. Il suo impiego non \u00e8 indicato in gravidanza e\/o durante l\u2019allattamento.<\/p>\n","protected":false},"excerpt":{"rendered":"<p>Sebbene sia considerata una pianta infestante dai contadini, essa \u00e8 ricca di propriet\u00e0 che ne fanno una pianta particolarmente ricercata in medicina naturale. L\u2019Equiseto risulta essere ricco di sali minerali quali: silice, calcio, magnesio, potassio, ma anche di saponine, fitosteroli, tannini e flavonoidi. Proprio l\u2019alto contenuto di questi sali minerali ne spiega le doti principalmente [&hellip;]<\/p>\n","protected":false},"featured_media":6886,"template":"","meta":{"_acf_changed":false,"inline_featured_image":false},"product_brand":[],"product_cat":[1486],"product_tag":[],"class_list":{"0":"post-6885","1":"product","2":"type-product","3":"status-publish","4":"has-post-thumbnail","6":"product_beauty-antinfiammatoria","7":"product_beauty-capelli","8":"product_beauty-denti","9":"product_beauty-diuretico","10":"product_beauty-drenante","11":"product_beauty-lenitivo","12":"product_beauty-ossa","13":"product_beauty-tratto-urinario","14":"product_beauty-unghie","15":"product_kind-integrazione-alimentare","16":"product_lines-benessere","17":"product_cat-benessere-de","18":"pa_size-50-de","20":"first","21":"outofstock","22":"taxable","23":"shipping-taxable","24":"purchasable","25":"product-type-simple"},"acf":[],"yoast_head":"<!-- This site is optimized with the Yoast SEO plugin v24.6 - https:\/\/yoast.com\/wordpress\/plugins\/seo\/ -->\n<title>Schachtelhalm - Uniest<\/title>\n<meta name=\"robots\" content=\"index, follow, max-snippet:-1, max-image-preview:large, max-video-preview:-1\" \/>\n<link rel=\"canonical\" href=\"https:\/\/uniest.it\/prodotto\/schachtelhalm\/\" \/>\n<meta property=\"og:locale\" content=\"de_DE\" \/>\n<meta property=\"og:type\" content=\"article\" \/>\n<meta property=\"og:title\" content=\"Schachtelhalm - Uniest\" \/>\n<meta property=\"og:description\" content=\"Sebbene sia considerata una pianta infestante dai contadini, essa \u00e8 ricca di propriet\u00e0 che ne fanno una pianta particolarmente ricercata in medicina naturale. L\u2019Equiseto risulta essere ricco di sali minerali quali: silice, calcio, magnesio, potassio, ma anche di saponine, fitosteroli, tannini e flavonoidi. Proprio l\u2019alto contenuto di questi sali minerali ne spiega le doti principalmente [&hellip;]\" \/>\n<meta property=\"og:url\" content=\"https:\/\/uniest.it\/prodotto\/schachtelhalm\/\" \/>\n<meta property=\"og:site_name\" content=\"Uniest\" \/>\n<meta name=\"twitter:card\" content=\"summary_large_image\" \/>\n<meta name=\"twitter:label1\" content=\"Gesch\u00e4tzte Lesezeit\" \/>\n\t<meta name=\"twitter:data1\" content=\"1\u00a0Minute\" \/>\n<script type=\"application\/ld+json\" class=\"yoast-schema-graph\">{\"@context\":\"https:\/\/schema.org\",\"@graph\":[{\"@type\":\"WebPage\",\"@id\":\"https:\/\/uniest.it\/prodotto\/schachtelhalm\/\",\"url\":\"https:\/\/uniest.it\/prodotto\/schachtelhalm\/\",\"name\":\"Schachtelhalm - Uniest\",\"isPartOf\":{\"@id\":\"https:\/\/uniest.it\/#website\"},\"primaryImageOfPage\":{\"@id\":\"https:\/\/uniest.it\/prodotto\/schachtelhalm\/#primaryimage\"},\"image\":{\"@id\":\"https:\/\/uniest.it\/prodotto\/schachtelhalm\/#primaryimage\"},\"thumbnailUrl\":\"https:\/\/uniest.it\/wp-content\/uploads\/2020\/12\/011ZTM.png\",\"datePublished\":\"2024-10-29T17:55:23+00:00\",\"breadcrumb\":{\"@id\":\"https:\/\/uniest.it\/prodotto\/schachtelhalm\/#breadcrumb\"},\"inLanguage\":\"de\",\"potentialAction\":[{\"@type\":\"ReadAction\",\"target\":[\"https:\/\/uniest.it\/prodotto\/schachtelhalm\/\"]}]},{\"@type\":\"ImageObject\",\"inLanguage\":\"de\",\"@id\":\"https:\/\/uniest.it\/prodotto\/schachtelhalm\/#primaryimage\",\"url\":\"https:\/\/uniest.it\/wp-content\/uploads\/2020\/12\/011ZTM.png\",\"contentUrl\":\"https:\/\/uniest.it\/wp-content\/uploads\/2020\/12\/011ZTM.png\",\"width\":1283,\"height\":2000},{\"@type\":\"BreadcrumbList\",\"@id\":\"https:\/\/uniest.it\/prodotto\/schachtelhalm\/#breadcrumb\",\"itemListElement\":[{\"@type\":\"ListItem\",\"position\":1,\"name\":\"Home\",\"item\":\"https:\/\/uniest.it\/de\/\"},{\"@type\":\"ListItem\",\"position\":2,\"name\":\"Shop\",\"item\":\"https:\/\/uniest.it\/shop\/\"},{\"@type\":\"ListItem\",\"position\":3,\"name\":\"Schachtelhalm\"}]},{\"@type\":\"WebSite\",\"@id\":\"https:\/\/uniest.it\/#website\",\"url\":\"https:\/\/uniest.it\/\",\"name\":\"Uniest\",\"description\":\"Cosmetici Naturali e Bio\",\"potentialAction\":[{\"@type\":\"SearchAction\",\"target\":{\"@type\":\"EntryPoint\",\"urlTemplate\":\"https:\/\/uniest.it\/?s={search_term_string}\"},\"query-input\":{\"@type\":\"PropertyValueSpecification\",\"valueRequired\":true,\"valueName\":\"search_term_string\"}}],\"inLanguage\":\"de\"}]}<\/script>\n<!-- \/ Yoast SEO plugin. -->","yoast_head_json":{"title":"Schachtelhalm - Uniest","robots":{"index":"index","follow":"follow","max-snippet":"max-snippet:-1","max-image-preview":"max-image-preview:large","max-video-preview":"max-video-preview:-1"},"canonical":"https:\/\/uniest.it\/prodotto\/schachtelhalm\/","og_locale":"de_DE","og_type":"article","og_title":"Schachtelhalm - Uniest","og_description":"Sebbene sia considerata una pianta infestante dai contadini, essa \u00e8 ricca di propriet\u00e0 che ne fanno una pianta particolarmente ricercata in medicina naturale. L\u2019Equiseto risulta essere ricco di sali minerali quali: silice, calcio, magnesio, potassio, ma anche di saponine, fitosteroli, tannini e flavonoidi. Proprio l\u2019alto contenuto di questi sali minerali ne spiega le doti principalmente [&hellip;]","og_url":"https:\/\/uniest.it\/prodotto\/schachtelhalm\/","og_site_name":"Uniest","twitter_card":"summary_large_image","twitter_misc":{"Gesch\u00e4tzte Lesezeit":"1\u00a0Minute"},"schema":{"@context":"https:\/\/schema.org","@graph":[{"@type":"WebPage","@id":"https:\/\/uniest.it\/prodotto\/schachtelhalm\/","url":"https:\/\/uniest.it\/prodotto\/schachtelhalm\/","name":"Schachtelhalm - Uniest","isPartOf":{"@id":"https:\/\/uniest.it\/#website"},"primaryImageOfPage":{"@id":"https:\/\/uniest.it\/prodotto\/schachtelhalm\/#primaryimage"},"image":{"@id":"https:\/\/uniest.it\/prodotto\/schachtelhalm\/#primaryimage"},"thumbnailUrl":"https:\/\/uniest.it\/wp-content\/uploads\/2020\/12\/011ZTM.png","datePublished":"2024-10-29T17:55:23+00:00","breadcrumb":{"@id":"https:\/\/uniest.it\/prodotto\/schachtelhalm\/#breadcrumb"},"inLanguage":"de","potentialAction":[{"@type":"ReadAction","target":["https:\/\/uniest.it\/prodotto\/schachtelhalm\/"]}]},{"@type":"ImageObject","inLanguage":"de","@id":"https:\/\/uniest.it\/prodotto\/schachtelhalm\/#primaryimage","url":"https:\/\/uniest.it\/wp-content\/uploads\/2020\/12\/011ZTM.png","contentUrl":"https:\/\/uniest.it\/wp-content\/uploads\/2020\/12\/011ZTM.png","width":1283,"height":2000},{"@type":"BreadcrumbList","@id":"https:\/\/uniest.it\/prodotto\/schachtelhalm\/#breadcrumb","itemListElement":[{"@type":"ListItem","position":1,"name":"Home","item":"https:\/\/uniest.it\/de\/"},{"@type":"ListItem","position":2,"name":"Shop","item":"https:\/\/uniest.it\/shop\/"},{"@type":"ListItem","position":3,"name":"Schachtelhalm"}]},{"@type":"WebSite","@id":"https:\/\/uniest.it\/#website","url":"https:\/\/uniest.it\/","name":"Uniest","description":"Cosmetici Naturali e Bio","potentialAction":[{"@type":"SearchAction","target":{"@type":"EntryPoint","urlTemplate":"https:\/\/uniest.it\/?s={search_term_string}"},"query-input":{"@type":"PropertyValueSpecification","valueRequired":true,"valueName":"search_term_string"}}],"inLanguage":"de"}]}},"_links":{"self":[{"href":"https:\/\/uniest.it\/de\/wp-json\/wp\/v2\/product\/6885","targetHints":{"allow":["GET"]}}],"collection":[{"href":"https:\/\/uniest.it\/de\/wp-json\/wp\/v2\/product"}],"about":[{"href":"https:\/\/uniest.it\/de\/wp-json\/wp\/v2\/types\/product"}],"wp:featuredmedia":[{"embeddable":true,"href":"https:\/\/uniest.it\/de\/wp-json\/wp\/v2\/media\/6886"}],"wp:attachment":[{"href":"https:\/\/uniest.it\/de\/wp-json\/wp\/v2\/media?parent=6885"}],"wp:term":[{"taxonomy":"product_brand","embeddable":true,"href":"https:\/\/uniest.it\/de\/wp-json\/wp\/v2\/product_brand?post=6885"},{"taxonomy":"product_cat","embeddable":true,"href":"https:\/\/uniest.it\/de\/wp-json\/wp\/v2\/product_cat?post=6885"},{"taxonomy":"product_tag","embeddable":true,"href":"https:\/\/uniest.it\/de\/wp-json\/wp\/v2\/product_tag?post=6885"}],"curies":[{"name":"wp","href":"https:\/\/api.w.org\/{rel}","templated":true}]}}