{"id":6888,"date":"2024-10-29T18:55:23","date_gmt":"2024-10-29T17:55:23","guid":{"rendered":"https:\/\/uniest.it\/prodotto\/desinfektionsspray-parfuemierer-fuer-zwinger-katzentoiletten-umgebungen-und-oberflaechen\/"},"modified":"2024-10-29T18:55:23","modified_gmt":"2024-10-29T17:55:23","slug":"desinfektionsspray-parfuemierer-fuer-zwinger-katzentoiletten-umgebungen-und-oberflaechen","status":"publish","type":"product","link":"https:\/\/uniest.it\/de\/prodotto\/desinfektionsspray-parfuemierer-fuer-zwinger-katzentoiletten-umgebungen-und-oberflaechen\/","title":{"rendered":"Desinfektionsspray-Parf\u00fcmierer f\u00fcr Zwinger, Katzentoiletten, Umgebungen und Oberfl\u00e4chen"},"content":{"rendered":"<p>Rotwein ist reich an Alpha-Hydroxys\u00e4uren, Polyphenolen, Zuckern und Lipiden, die dank ihrer vielf\u00e4ltigen Wirkung auf unsere Haut als starker Verb\u00fcndeter f\u00fcr die Sch\u00f6nheit gelten.<\/p>\n","protected":false},"excerpt":{"rendered":"<p>Rotwein ist reich an Alpha-Hydroxys\u00e4uren, Polyphenolen, Zuckern und Lipiden, die dank ihrer vielf\u00e4ltigen Wirkung auf unsere Haut als starker Verb\u00fcndeter f\u00fcr die Sch\u00f6nheit gelten.<\/p>\n","protected":false},"featured_media":6889,"template":"","meta":{"_acf_changed":false,"inline_featured_image":false},"product_brand":[],"product_cat":[1491],"product_tag":[],"class_list":{"0":"post-6888","1":"product","2":"type-product","3":"status-publish","4":"has-post-thumbnail","6":"product_beauty-aromatizzare-e-profumare","7":"product_beauty-detergere","8":"product_skin-tutti-gli-animali","9":"product_kind-aromaterapia-e-profumi","10":"product_kind_pets-aromaterapia-e-profumi","11":"product_kind_pets-detergenti","12":"product_kind_pets-igienizzanti","13":"product_lines-animal-care","14":"product_cat-famiglia-e-pet-de","15":"pa_size-200-de","17":"first","18":"instock","19":"taxable","20":"shipping-taxable","21":"purchasable","22":"product-type-simple"},"acf":[],"yoast_head":"<!-- This site is optimized with the Yoast SEO plugin v24.6 - https:\/\/yoast.com\/wordpress\/plugins\/seo\/ -->\n<title>Desinfektionsspray-Parf\u00fcmierer f\u00fcr Zwinger, Katzentoiletten, Umgebungen und Oberfl\u00e4chen - Uniest<\/title>\n<meta name=\"robots\" content=\"index, follow, max-snippet:-1, max-image-preview:large, max-video-preview:-1\" \/>\n<link rel=\"canonical\" href=\"https:\/\/uniest.it\/prodotto\/desinfektionsspray-parfuemierer-fuer-zwinger-katzentoiletten-umgebungen-und-oberflaechen\/\" \/>\n<meta property=\"og:locale\" content=\"de_DE\" \/>\n<meta property=\"og:type\" content=\"article\" \/>\n<meta property=\"og:title\" content=\"Desinfektionsspray-Parf\u00fcmierer f\u00fcr Zwinger, Katzentoiletten, Umgebungen und Oberfl\u00e4chen - Uniest\" \/>\n<meta property=\"og:description\" content=\"Rotwein ist reich an Alpha-Hydroxys\u00e4uren, Polyphenolen, Zuckern und Lipiden, die dank ihrer vielf\u00e4ltigen Wirkung auf unsere Haut als starker Verb\u00fcndeter f\u00fcr die Sch\u00f6nheit gelten.\" \/>\n<meta property=\"og:url\" content=\"https:\/\/uniest.it\/prodotto\/desinfektionsspray-parfuemierer-fuer-zwinger-katzentoiletten-umgebungen-und-oberflaechen\/\" \/>\n<meta property=\"og:site_name\" content=\"Uniest\" \/>\n<meta name=\"twitter:card\" content=\"summary_large_image\" \/>\n<script type=\"application\/ld+json\" class=\"yoast-schema-graph\">{\"@context\":\"https:\/\/schema.org\",\"@graph\":[{\"@type\":\"WebPage\",\"@id\":\"https:\/\/uniest.it\/prodotto\/desinfektionsspray-parfuemierer-fuer-zwinger-katzentoiletten-umgebungen-und-oberflaechen\/\",\"url\":\"https:\/\/uniest.it\/prodotto\/desinfektionsspray-parfuemierer-fuer-zwinger-katzentoiletten-umgebungen-und-oberflaechen\/\",\"name\":\"Desinfektionsspray-Parf\u00fcmierer f\u00fcr Zwinger, Katzentoiletten, Umgebungen und Oberfl\u00e4chen - Uniest\",\"isPartOf\":{\"@id\":\"https:\/\/uniest.it\/#website\"},\"primaryImageOfPage\":{\"@id\":\"https:\/\/uniest.it\/prodotto\/desinfektionsspray-parfuemierer-fuer-zwinger-katzentoiletten-umgebungen-und-oberflaechen\/#primaryimage\"},\"image\":{\"@id\":\"https:\/\/uniest.it\/prodotto\/desinfektionsspray-parfuemierer-fuer-zwinger-katzentoiletten-umgebungen-und-oberflaechen\/#primaryimage\"},\"thumbnailUrl\":\"https:\/\/uniest.it\/wp-content\/uploads\/2020\/12\/012AAC.png\",\"datePublished\":\"2024-10-29T17:55:23+00:00\",\"breadcrumb\":{\"@id\":\"https:\/\/uniest.it\/prodotto\/desinfektionsspray-parfuemierer-fuer-zwinger-katzentoiletten-umgebungen-und-oberflaechen\/#breadcrumb\"},\"inLanguage\":\"de\",\"potentialAction\":[{\"@type\":\"ReadAction\",\"target\":[\"https:\/\/uniest.it\/prodotto\/desinfektionsspray-parfuemierer-fuer-zwinger-katzentoiletten-umgebungen-und-oberflaechen\/\"]}]},{\"@type\":\"ImageObject\",\"inLanguage\":\"de\",\"@id\":\"https:\/\/uniest.it\/prodotto\/desinfektionsspray-parfuemierer-fuer-zwinger-katzentoiletten-umgebungen-und-oberflaechen\/#primaryimage\",\"url\":\"https:\/\/uniest.it\/wp-content\/uploads\/2020\/12\/012AAC.png\",\"contentUrl\":\"https:\/\/uniest.it\/wp-content\/uploads\/2020\/12\/012AAC.png\",\"width\":1283,\"height\":2000},{\"@type\":\"BreadcrumbList\",\"@id\":\"https:\/\/uniest.it\/prodotto\/desinfektionsspray-parfuemierer-fuer-zwinger-katzentoiletten-umgebungen-und-oberflaechen\/#breadcrumb\",\"itemListElement\":[{\"@type\":\"ListItem\",\"position\":1,\"name\":\"Home\",\"item\":\"https:\/\/uniest.it\/de\/\"},{\"@type\":\"ListItem\",\"position\":2,\"name\":\"Shop\",\"item\":\"https:\/\/uniest.it\/shop\/\"},{\"@type\":\"ListItem\",\"position\":3,\"name\":\"Desinfektionsspray-Parf\u00fcmierer f\u00fcr Zwinger, Katzentoiletten, Umgebungen und Oberfl\u00e4chen\"}]},{\"@type\":\"WebSite\",\"@id\":\"https:\/\/uniest.it\/#website\",\"url\":\"https:\/\/uniest.it\/\",\"name\":\"Uniest\",\"description\":\"Cosmetici Naturali e Bio\",\"potentialAction\":[{\"@type\":\"SearchAction\",\"target\":{\"@type\":\"EntryPoint\",\"urlTemplate\":\"https:\/\/uniest.it\/?s={search_term_string}\"},\"query-input\":{\"@type\":\"PropertyValueSpecification\",\"valueRequired\":true,\"valueName\":\"search_term_string\"}}],\"inLanguage\":\"de\"}]}<\/script>\n<!-- \/ Yoast SEO plugin. -->","yoast_head_json":{"title":"Desinfektionsspray-Parf\u00fcmierer f\u00fcr Zwinger, Katzentoiletten, Umgebungen und Oberfl\u00e4chen - Uniest","robots":{"index":"index","follow":"follow","max-snippet":"max-snippet:-1","max-image-preview":"max-image-preview:large","max-video-preview":"max-video-preview:-1"},"canonical":"https:\/\/uniest.it\/prodotto\/desinfektionsspray-parfuemierer-fuer-zwinger-katzentoiletten-umgebungen-und-oberflaechen\/","og_locale":"de_DE","og_type":"article","og_title":"Desinfektionsspray-Parf\u00fcmierer f\u00fcr Zwinger, Katzentoiletten, Umgebungen und Oberfl\u00e4chen - Uniest","og_description":"Rotwein ist reich an Alpha-Hydroxys\u00e4uren, Polyphenolen, Zuckern und Lipiden, die dank ihrer vielf\u00e4ltigen Wirkung auf unsere Haut als starker Verb\u00fcndeter f\u00fcr die Sch\u00f6nheit gelten.","og_url":"https:\/\/uniest.it\/prodotto\/desinfektionsspray-parfuemierer-fuer-zwinger-katzentoiletten-umgebungen-und-oberflaechen\/","og_site_name":"Uniest","twitter_card":"summary_large_image","schema":{"@context":"https:\/\/schema.org","@graph":[{"@type":"WebPage","@id":"https:\/\/uniest.it\/prodotto\/desinfektionsspray-parfuemierer-fuer-zwinger-katzentoiletten-umgebungen-und-oberflaechen\/","url":"https:\/\/uniest.it\/prodotto\/desinfektionsspray-parfuemierer-fuer-zwinger-katzentoiletten-umgebungen-und-oberflaechen\/","name":"Desinfektionsspray-Parf\u00fcmierer f\u00fcr Zwinger, Katzentoiletten, Umgebungen und Oberfl\u00e4chen - Uniest","isPartOf":{"@id":"https:\/\/uniest.it\/#website"},"primaryImageOfPage":{"@id":"https:\/\/uniest.it\/prodotto\/desinfektionsspray-parfuemierer-fuer-zwinger-katzentoiletten-umgebungen-und-oberflaechen\/#primaryimage"},"image":{"@id":"https:\/\/uniest.it\/prodotto\/desinfektionsspray-parfuemierer-fuer-zwinger-katzentoiletten-umgebungen-und-oberflaechen\/#primaryimage"},"thumbnailUrl":"https:\/\/uniest.it\/wp-content\/uploads\/2020\/12\/012AAC.png","datePublished":"2024-10-29T17:55:23+00:00","breadcrumb":{"@id":"https:\/\/uniest.it\/prodotto\/desinfektionsspray-parfuemierer-fuer-zwinger-katzentoiletten-umgebungen-und-oberflaechen\/#breadcrumb"},"inLanguage":"de","potentialAction":[{"@type":"ReadAction","target":["https:\/\/uniest.it\/prodotto\/desinfektionsspray-parfuemierer-fuer-zwinger-katzentoiletten-umgebungen-und-oberflaechen\/"]}]},{"@type":"ImageObject","inLanguage":"de","@id":"https:\/\/uniest.it\/prodotto\/desinfektionsspray-parfuemierer-fuer-zwinger-katzentoiletten-umgebungen-und-oberflaechen\/#primaryimage","url":"https:\/\/uniest.it\/wp-content\/uploads\/2020\/12\/012AAC.png","contentUrl":"https:\/\/uniest.it\/wp-content\/uploads\/2020\/12\/012AAC.png","width":1283,"height":2000},{"@type":"BreadcrumbList","@id":"https:\/\/uniest.it\/prodotto\/desinfektionsspray-parfuemierer-fuer-zwinger-katzentoiletten-umgebungen-und-oberflaechen\/#breadcrumb","itemListElement":[{"@type":"ListItem","position":1,"name":"Home","item":"https:\/\/uniest.it\/de\/"},{"@type":"ListItem","position":2,"name":"Shop","item":"https:\/\/uniest.it\/shop\/"},{"@type":"ListItem","position":3,"name":"Desinfektionsspray-Parf\u00fcmierer f\u00fcr Zwinger, Katzentoiletten, Umgebungen und Oberfl\u00e4chen"}]},{"@type":"WebSite","@id":"https:\/\/uniest.it\/#website","url":"https:\/\/uniest.it\/","name":"Uniest","description":"Cosmetici Naturali e Bio","potentialAction":[{"@type":"SearchAction","target":{"@type":"EntryPoint","urlTemplate":"https:\/\/uniest.it\/?s={search_term_string}"},"query-input":{"@type":"PropertyValueSpecification","valueRequired":true,"valueName":"search_term_string"}}],"inLanguage":"de"}]}},"_links":{"self":[{"href":"https:\/\/uniest.it\/de\/wp-json\/wp\/v2\/product\/6888","targetHints":{"allow":["GET"]}}],"collection":[{"href":"https:\/\/uniest.it\/de\/wp-json\/wp\/v2\/product"}],"about":[{"href":"https:\/\/uniest.it\/de\/wp-json\/wp\/v2\/types\/product"}],"wp:featuredmedia":[{"embeddable":true,"href":"https:\/\/uniest.it\/de\/wp-json\/wp\/v2\/media\/6889"}],"wp:attachment":[{"href":"https:\/\/uniest.it\/de\/wp-json\/wp\/v2\/media?parent=6888"}],"wp:term":[{"taxonomy":"product_brand","embeddable":true,"href":"https:\/\/uniest.it\/de\/wp-json\/wp\/v2\/product_brand?post=6888"},{"taxonomy":"product_cat","embeddable":true,"href":"https:\/\/uniest.it\/de\/wp-json\/wp\/v2\/product_cat?post=6888"},{"taxonomy":"product_tag","embeddable":true,"href":"https:\/\/uniest.it\/de\/wp-json\/wp\/v2\/product_tag?post=6888"}],"curies":[{"name":"wp","href":"https:\/\/api.w.org\/{rel}","templated":true}]}}