{"id":6897,"date":"2021-02-04T12:57:02","date_gmt":"2024-10-29T17:55:25","guid":{"rendered":"https:\/\/uniest.it\/prodotto\/regenerierende-creme\/"},"modified":"2025-01-21T00:02:12","modified_gmt":"2025-01-20T23:02:12","slug":"regenerierende-creme","status":"publish","type":"product","link":"https:\/\/uniest.it\/de\/prodotto\/regenerierende-creme\/","title":{"rendered":"Regenerierende Creme"},"content":{"rendered":"<p>Zarte regenerierende Creme, speziell entwickelt f\u00fcr die Konturen von Augen, Lippen und Dekollet\u00e9, die am st\u00e4rksten von M\u00fcdigkeit und Mimikfalten betroffen sind.<\/p>\n","protected":false},"excerpt":{"rendered":"<p>Zarte regenerierende Creme, speziell entwickelt f\u00fcr die Konturen von Augen, Lippen und Dekollet\u00e9, die am st\u00e4rksten von M\u00fcdigkeit und Mimikfalten betroffen sind.<\/p>\n","protected":false},"featured_media":6898,"template":"","meta":{"_acf_changed":false,"inline_featured_image":false},"product_brand":[],"product_cat":[1492,1497],"product_tag":[],"class_list":{"0":"post-6897","1":"product","2":"type-product","3":"status-publish","4":"has-post-thumbnail","6":"product_beauty-antirughe","7":"product_beauty-idratare","8":"product_beauty-nutrire-e-rigenerare","9":"product_beauty-proteggere","10":"product_beauty-rassodare-e-tonificare","11":"product_skin-pelli-delicate-e-sensibili","12":"product_skin-pelli-giovani-e-prime-rughe","13":"product_skin-pelli-grasse-e-miste","14":"product_skin-pelli-mature-e-rughe","15":"product_skin-pelli-secche-e-normali","16":"product_skin-tutte-le-pelli","17":"product_kind-creme-antieta-e-prime-rughe","18":"product_kind-occhi-e-labbra","19":"product_kind-tutte-le-creme-viso","20":"product_lines-garda-lake-beauty","21":"product_cat-garda-lake-beauty-de","22":"product_cat-viso-de","23":"pa_size-50-de","25":"first","26":"instock","27":"taxable","28":"shipping-taxable","29":"purchasable","30":"product-type-simple"},"acf":[],"yoast_head":"<!-- This site is optimized with the Yoast SEO plugin v24.6 - https:\/\/yoast.com\/wordpress\/plugins\/seo\/ -->\n<title>Regenerierende Creme - Uniest<\/title>\n<meta name=\"description\" content=\"Delicata crema rigenerante, appositamente studiata per il contorno degli occhi, delle labbra e del decollet\u00e9.\" \/>\n<meta name=\"robots\" content=\"index, follow, max-snippet:-1, max-image-preview:large, max-video-preview:-1\" \/>\n<link rel=\"canonical\" href=\"https:\/\/uniest.it\/prodotto\/crema-rigenerante-occhi-labbra-decollete\/\" \/>\n<meta property=\"og:locale\" content=\"de_DE\" \/>\n<meta property=\"og:type\" content=\"article\" \/>\n<meta property=\"og:title\" content=\"Regenerierende Creme - Uniest\" \/>\n<meta property=\"og:description\" content=\"Delicata crema rigenerante, appositamente studiata per il contorno degli occhi, delle labbra e del decollet\u00e9.\" \/>\n<meta property=\"og:url\" content=\"https:\/\/uniest.it\/prodotto\/crema-rigenerante-occhi-labbra-decollete\/\" \/>\n<meta property=\"og:site_name\" content=\"Uniest\" \/>\n<meta property=\"article:modified_time\" content=\"2025-01-20T23:02:12+00:00\" \/>\n<meta property=\"og:image\" content=\"https:\/\/uniest.it\/wp-content\/uploads\/2020\/11\/012LGB.png\" \/>\n\t<meta property=\"og:image:width\" content=\"1283\" \/>\n\t<meta property=\"og:image:height\" content=\"2000\" \/>\n\t<meta property=\"og:image:type\" content=\"image\/png\" \/>\n<meta name=\"twitter:card\" content=\"summary_large_image\" \/>\n<script type=\"application\/ld+json\" class=\"yoast-schema-graph\">{\"@context\":\"https:\/\/schema.org\",\"@graph\":[{\"@type\":\"WebPage\",\"@id\":\"https:\/\/uniest.it\/prodotto\/crema-rigenerante-occhi-labbra-decollete\/\",\"url\":\"https:\/\/uniest.it\/prodotto\/crema-rigenerante-occhi-labbra-decollete\/\",\"name\":\"Regenerierende Creme - Uniest\",\"isPartOf\":{\"@id\":\"https:\/\/uniest.it\/#website\"},\"primaryImageOfPage\":{\"@id\":\"https:\/\/uniest.it\/prodotto\/crema-rigenerante-occhi-labbra-decollete\/#primaryimage\"},\"image\":{\"@id\":\"https:\/\/uniest.it\/prodotto\/crema-rigenerante-occhi-labbra-decollete\/#primaryimage\"},\"thumbnailUrl\":\"https:\/\/uniest.it\/wp-content\/uploads\/2020\/11\/012LGB.png\",\"datePublished\":\"2024-10-29T17:55:25+00:00\",\"dateModified\":\"2025-01-20T23:02:12+00:00\",\"description\":\"Delicata crema rigenerante, appositamente studiata per il contorno degli occhi, delle labbra e del decollet\u00e9.\",\"breadcrumb\":{\"@id\":\"https:\/\/uniest.it\/prodotto\/crema-rigenerante-occhi-labbra-decollete\/#breadcrumb\"},\"inLanguage\":\"de\",\"potentialAction\":[{\"@type\":\"ReadAction\",\"target\":[\"https:\/\/uniest.it\/prodotto\/crema-rigenerante-occhi-labbra-decollete\/\"]}]},{\"@type\":\"ImageObject\",\"inLanguage\":\"de\",\"@id\":\"https:\/\/uniest.it\/prodotto\/crema-rigenerante-occhi-labbra-decollete\/#primaryimage\",\"url\":\"https:\/\/uniest.it\/wp-content\/uploads\/2020\/11\/012LGB.png\",\"contentUrl\":\"https:\/\/uniest.it\/wp-content\/uploads\/2020\/11\/012LGB.png\",\"width\":1283,\"height\":2000},{\"@type\":\"BreadcrumbList\",\"@id\":\"https:\/\/uniest.it\/prodotto\/crema-rigenerante-occhi-labbra-decollete\/#breadcrumb\",\"itemListElement\":[{\"@type\":\"ListItem\",\"position\":1,\"name\":\"Home\",\"item\":\"https:\/\/uniest.it\/de\/\"},{\"@type\":\"ListItem\",\"position\":2,\"name\":\"Shop\",\"item\":\"https:\/\/uniest.it\/shop\/\"},{\"@type\":\"ListItem\",\"position\":3,\"name\":\"Regenerierende Creme\"}]},{\"@type\":\"WebSite\",\"@id\":\"https:\/\/uniest.it\/#website\",\"url\":\"https:\/\/uniest.it\/\",\"name\":\"Uniest\",\"description\":\"Cosmetici Naturali e Bio\",\"potentialAction\":[{\"@type\":\"SearchAction\",\"target\":{\"@type\":\"EntryPoint\",\"urlTemplate\":\"https:\/\/uniest.it\/?s={search_term_string}\"},\"query-input\":{\"@type\":\"PropertyValueSpecification\",\"valueRequired\":true,\"valueName\":\"search_term_string\"}}],\"inLanguage\":\"de\"}]}<\/script>\n<!-- \/ Yoast SEO plugin. -->","yoast_head_json":{"title":"Regenerierende Creme - Uniest","description":"Delicata crema rigenerante, appositamente studiata per il contorno degli occhi, delle labbra e del decollet\u00e9.","robots":{"index":"index","follow":"follow","max-snippet":"max-snippet:-1","max-image-preview":"max-image-preview:large","max-video-preview":"max-video-preview:-1"},"canonical":"https:\/\/uniest.it\/prodotto\/crema-rigenerante-occhi-labbra-decollete\/","og_locale":"de_DE","og_type":"article","og_title":"Regenerierende Creme - Uniest","og_description":"Delicata crema rigenerante, appositamente studiata per il contorno degli occhi, delle labbra e del decollet\u00e9.","og_url":"https:\/\/uniest.it\/prodotto\/crema-rigenerante-occhi-labbra-decollete\/","og_site_name":"Uniest","article_modified_time":"2025-01-20T23:02:12+00:00","og_image":[{"width":1283,"height":2000,"url":"https:\/\/uniest.it\/wp-content\/uploads\/2020\/11\/012LGB.png","type":"image\/png"}],"twitter_card":"summary_large_image","schema":{"@context":"https:\/\/schema.org","@graph":[{"@type":"WebPage","@id":"https:\/\/uniest.it\/prodotto\/crema-rigenerante-occhi-labbra-decollete\/","url":"https:\/\/uniest.it\/prodotto\/crema-rigenerante-occhi-labbra-decollete\/","name":"Regenerierende Creme - Uniest","isPartOf":{"@id":"https:\/\/uniest.it\/#website"},"primaryImageOfPage":{"@id":"https:\/\/uniest.it\/prodotto\/crema-rigenerante-occhi-labbra-decollete\/#primaryimage"},"image":{"@id":"https:\/\/uniest.it\/prodotto\/crema-rigenerante-occhi-labbra-decollete\/#primaryimage"},"thumbnailUrl":"https:\/\/uniest.it\/wp-content\/uploads\/2020\/11\/012LGB.png","datePublished":"2024-10-29T17:55:25+00:00","dateModified":"2025-01-20T23:02:12+00:00","description":"Delicata crema rigenerante, appositamente studiata per il contorno degli occhi, delle labbra e del decollet\u00e9.","breadcrumb":{"@id":"https:\/\/uniest.it\/prodotto\/crema-rigenerante-occhi-labbra-decollete\/#breadcrumb"},"inLanguage":"de","potentialAction":[{"@type":"ReadAction","target":["https:\/\/uniest.it\/prodotto\/crema-rigenerante-occhi-labbra-decollete\/"]}]},{"@type":"ImageObject","inLanguage":"de","@id":"https:\/\/uniest.it\/prodotto\/crema-rigenerante-occhi-labbra-decollete\/#primaryimage","url":"https:\/\/uniest.it\/wp-content\/uploads\/2020\/11\/012LGB.png","contentUrl":"https:\/\/uniest.it\/wp-content\/uploads\/2020\/11\/012LGB.png","width":1283,"height":2000},{"@type":"BreadcrumbList","@id":"https:\/\/uniest.it\/prodotto\/crema-rigenerante-occhi-labbra-decollete\/#breadcrumb","itemListElement":[{"@type":"ListItem","position":1,"name":"Home","item":"https:\/\/uniest.it\/de\/"},{"@type":"ListItem","position":2,"name":"Shop","item":"https:\/\/uniest.it\/shop\/"},{"@type":"ListItem","position":3,"name":"Regenerierende Creme"}]},{"@type":"WebSite","@id":"https:\/\/uniest.it\/#website","url":"https:\/\/uniest.it\/","name":"Uniest","description":"Cosmetici Naturali e Bio","potentialAction":[{"@type":"SearchAction","target":{"@type":"EntryPoint","urlTemplate":"https:\/\/uniest.it\/?s={search_term_string}"},"query-input":{"@type":"PropertyValueSpecification","valueRequired":true,"valueName":"search_term_string"}}],"inLanguage":"de"}]}},"_links":{"self":[{"href":"https:\/\/uniest.it\/de\/wp-json\/wp\/v2\/product\/6897","targetHints":{"allow":["GET"]}}],"collection":[{"href":"https:\/\/uniest.it\/de\/wp-json\/wp\/v2\/product"}],"about":[{"href":"https:\/\/uniest.it\/de\/wp-json\/wp\/v2\/types\/product"}],"wp:featuredmedia":[{"embeddable":true,"href":"https:\/\/uniest.it\/de\/wp-json\/wp\/v2\/media\/6898"}],"wp:attachment":[{"href":"https:\/\/uniest.it\/de\/wp-json\/wp\/v2\/media?parent=6897"}],"wp:term":[{"taxonomy":"product_brand","embeddable":true,"href":"https:\/\/uniest.it\/de\/wp-json\/wp\/v2\/product_brand?post=6897"},{"taxonomy":"product_cat","embeddable":true,"href":"https:\/\/uniest.it\/de\/wp-json\/wp\/v2\/product_cat?post=6897"},{"taxonomy":"product_tag","embeddable":true,"href":"https:\/\/uniest.it\/de\/wp-json\/wp\/v2\/product_tag?post=6897"}],"curies":[{"name":"wp","href":"https:\/\/api.w.org\/{rel}","templated":true}]}}