{"id":6919,"date":"2021-02-04T12:57:22","date_gmt":"2024-10-29T17:55:28","guid":{"rendered":"https:\/\/uniest.it\/prodotto\/jugend-handcreme-6-in-1\/"},"modified":"2024-11-26T00:00:06","modified_gmt":"2024-11-25T23:00:06","slug":"jugend-handcreme-6-in-1","status":"publish","type":"product","link":"https:\/\/uniest.it\/de\/prodotto\/jugend-handcreme-6-in-1\/","title":{"rendered":"Jugend-Handcreme 6 in 1"},"content":{"rendered":"<p>Phytokosmetische Creme f\u00fcr das Bed\u00fcrfnis nach Wohlbefinden und Sch\u00f6nheit der H\u00e4nde, die heutzutage eine besondere gesellschaftliche Bedeutung haben. Die H\u00e4nde werden durch ungeeignete chemische, physikalische und klimatische Einwirkungen gesch\u00e4digt; Da sie st\u00e4ndigem Waschen ausgesetzt sind, sind sie nicht in der Lage, ihre epidermalen Abwehrkr\u00e4fte in kurzer Zeit wieder aufzubauen, was h\u00e4ufig zu Trockenheit, Rissbildung und schmerzhaften Rissen f\u00fchrt. Natives Oliven\u00f6l extra gilt als echtes \u201eNutrazeutikum\u201c und ist reich an den Vitaminen A, E, F, B, Lecithin, Mineralsalzen und Enzymen, w\u00e4hrend Rotwein aufgrund seiner vielf\u00e4ltigen Wirkung reich an Alphahydroxys\u00e4uren, Polyphenolen, Zuckern und Lipiden ist Sie wirken auf unsere Haut und gelten als starker Verb\u00fcndeter der Sch\u00f6nheit. Das DOP-Oliven\u00f6l Extra Vergine und der DOC-Wein stammen beide vom Gardasee und haben nachweislich blutdrucksenkende, antioxidative, aufhellende, Anti-Aging- und sch\u00fctzende Eigenschaften. Das Vorhandensein n\u00e4hrender und erweichender Substanzen wie Reiskleie\u00f6l in seiner Formulierung erm\u00f6glicht die Wiederherstellung der nat\u00fcrlichen Abwehrkr\u00e4fte der Epidermis, w\u00e4hrend Vitamin C in Kombination mit dem aufhellenden Wirkstoff hilft, Hautunreinheiten entgegenzuwirken und sie aufzuhellen.<\/p>\n","protected":false},"excerpt":{"rendered":"<p>Phytokosmetische Creme f\u00fcr das Bed\u00fcrfnis nach Wohlbefinden und Sch\u00f6nheit der H\u00e4nde, die heutzutage eine besondere gesellschaftliche Bedeutung haben. Die H\u00e4nde werden durch ungeeignete chemische, physikalische und klimatische Einwirkungen gesch\u00e4digt; Da sie st\u00e4ndigem Waschen ausgesetzt sind, sind sie nicht in der Lage, ihre epidermalen Abwehrkr\u00e4fte in kurzer Zeit wieder aufzubauen, was h\u00e4ufig zu Trockenheit, Rissbildung und [&hellip;]<\/p>\n","protected":false},"featured_media":6920,"template":"","meta":{"_acf_changed":false,"inline_featured_image":false},"product_brand":[],"product_cat":[1492,1493,1489],"product_tag":[],"class_list":{"0":"post-6919","1":"product","2":"type-product","3":"status-publish","4":"has-post-thumbnail","6":"product_beauty-antirughe","7":"product_beauty-idratare","8":"product_beauty-lenire","9":"product_beauty-nutrire-e-rigenerare","10":"product_beauty-proteggere","11":"product_beauty-riequilibrare","12":"product_beauty-schiarire","13":"product_skin-tutte-le-pelli","14":"product_kind-trattamenti-mani-e-piedi","15":"product_kind-tutte-le-creme-corpo","16":"product_lines-garda-lake-beauty","17":"product_cat-garda-lake-beauty-de","18":"product_cat-mani-e-piedi-de","19":"product_cat-corpo-de","20":"pa_size-30-de","22":"first","23":"instock","24":"taxable","25":"shipping-taxable","26":"purchasable","27":"product-type-simple"},"acf":[],"yoast_head":"<!-- This site is optimized with the Yoast SEO plugin v24.6 - https:\/\/yoast.com\/wordpress\/plugins\/seo\/ -->\n<title>Jugend-Handcreme 6 in 1 - Uniest<\/title>\n<meta name=\"robots\" content=\"index, follow, max-snippet:-1, max-image-preview:large, max-video-preview:-1\" \/>\n<link rel=\"canonical\" href=\"https:\/\/uniest.it\/prodotto\/jugend-handcreme-6-in-1\/\" \/>\n<meta property=\"og:locale\" content=\"de_DE\" \/>\n<meta property=\"og:type\" content=\"article\" \/>\n<meta property=\"og:title\" content=\"Jugend-Handcreme 6 in 1 - Uniest\" \/>\n<meta property=\"og:description\" content=\"Phytokosmetische Creme f\u00fcr das Bed\u00fcrfnis nach Wohlbefinden und Sch\u00f6nheit der H\u00e4nde, die heutzutage eine besondere gesellschaftliche Bedeutung haben. Die H\u00e4nde werden durch ungeeignete chemische, physikalische und klimatische Einwirkungen gesch\u00e4digt; Da sie st\u00e4ndigem Waschen ausgesetzt sind, sind sie nicht in der Lage, ihre epidermalen Abwehrkr\u00e4fte in kurzer Zeit wieder aufzubauen, was h\u00e4ufig zu Trockenheit, Rissbildung und [&hellip;]\" \/>\n<meta property=\"og:url\" content=\"https:\/\/uniest.it\/prodotto\/jugend-handcreme-6-in-1\/\" \/>\n<meta property=\"og:site_name\" content=\"Uniest\" \/>\n<meta property=\"article:modified_time\" content=\"2024-11-25T23:00:06+00:00\" \/>\n<meta name=\"twitter:card\" content=\"summary_large_image\" \/>\n<meta name=\"twitter:label1\" content=\"Gesch\u00e4tzte Lesezeit\" \/>\n\t<meta name=\"twitter:data1\" content=\"1\u00a0Minute\" \/>\n<script type=\"application\/ld+json\" class=\"yoast-schema-graph\">{\"@context\":\"https:\/\/schema.org\",\"@graph\":[{\"@type\":\"WebPage\",\"@id\":\"https:\/\/uniest.it\/prodotto\/jugend-handcreme-6-in-1\/\",\"url\":\"https:\/\/uniest.it\/prodotto\/jugend-handcreme-6-in-1\/\",\"name\":\"Jugend-Handcreme 6 in 1 - Uniest\",\"isPartOf\":{\"@id\":\"https:\/\/uniest.it\/#website\"},\"primaryImageOfPage\":{\"@id\":\"https:\/\/uniest.it\/prodotto\/jugend-handcreme-6-in-1\/#primaryimage\"},\"image\":{\"@id\":\"https:\/\/uniest.it\/prodotto\/jugend-handcreme-6-in-1\/#primaryimage\"},\"thumbnailUrl\":\"https:\/\/uniest.it\/wp-content\/uploads\/2020\/11\/014LGB.png\",\"datePublished\":\"2024-10-29T17:55:28+00:00\",\"dateModified\":\"2024-11-25T23:00:06+00:00\",\"breadcrumb\":{\"@id\":\"https:\/\/uniest.it\/prodotto\/jugend-handcreme-6-in-1\/#breadcrumb\"},\"inLanguage\":\"de\",\"potentialAction\":[{\"@type\":\"ReadAction\",\"target\":[\"https:\/\/uniest.it\/prodotto\/jugend-handcreme-6-in-1\/\"]}]},{\"@type\":\"ImageObject\",\"inLanguage\":\"de\",\"@id\":\"https:\/\/uniest.it\/prodotto\/jugend-handcreme-6-in-1\/#primaryimage\",\"url\":\"https:\/\/uniest.it\/wp-content\/uploads\/2020\/11\/014LGB.png\",\"contentUrl\":\"https:\/\/uniest.it\/wp-content\/uploads\/2020\/11\/014LGB.png\",\"width\":1283,\"height\":2000},{\"@type\":\"BreadcrumbList\",\"@id\":\"https:\/\/uniest.it\/prodotto\/jugend-handcreme-6-in-1\/#breadcrumb\",\"itemListElement\":[{\"@type\":\"ListItem\",\"position\":1,\"name\":\"Home\",\"item\":\"https:\/\/uniest.it\/de\/\"},{\"@type\":\"ListItem\",\"position\":2,\"name\":\"Shop\",\"item\":\"https:\/\/uniest.it\/shop\/\"},{\"@type\":\"ListItem\",\"position\":3,\"name\":\"Jugend-Handcreme 6 in 1\"}]},{\"@type\":\"WebSite\",\"@id\":\"https:\/\/uniest.it\/#website\",\"url\":\"https:\/\/uniest.it\/\",\"name\":\"Uniest\",\"description\":\"Cosmetici Naturali e Bio\",\"potentialAction\":[{\"@type\":\"SearchAction\",\"target\":{\"@type\":\"EntryPoint\",\"urlTemplate\":\"https:\/\/uniest.it\/?s={search_term_string}\"},\"query-input\":{\"@type\":\"PropertyValueSpecification\",\"valueRequired\":true,\"valueName\":\"search_term_string\"}}],\"inLanguage\":\"de\"}]}<\/script>\n<!-- \/ Yoast SEO plugin. -->","yoast_head_json":{"title":"Jugend-Handcreme 6 in 1 - Uniest","robots":{"index":"index","follow":"follow","max-snippet":"max-snippet:-1","max-image-preview":"max-image-preview:large","max-video-preview":"max-video-preview:-1"},"canonical":"https:\/\/uniest.it\/prodotto\/jugend-handcreme-6-in-1\/","og_locale":"de_DE","og_type":"article","og_title":"Jugend-Handcreme 6 in 1 - Uniest","og_description":"Phytokosmetische Creme f\u00fcr das Bed\u00fcrfnis nach Wohlbefinden und Sch\u00f6nheit der H\u00e4nde, die heutzutage eine besondere gesellschaftliche Bedeutung haben. Die H\u00e4nde werden durch ungeeignete chemische, physikalische und klimatische Einwirkungen gesch\u00e4digt; Da sie st\u00e4ndigem Waschen ausgesetzt sind, sind sie nicht in der Lage, ihre epidermalen Abwehrkr\u00e4fte in kurzer Zeit wieder aufzubauen, was h\u00e4ufig zu Trockenheit, Rissbildung und [&hellip;]","og_url":"https:\/\/uniest.it\/prodotto\/jugend-handcreme-6-in-1\/","og_site_name":"Uniest","article_modified_time":"2024-11-25T23:00:06+00:00","twitter_card":"summary_large_image","twitter_misc":{"Gesch\u00e4tzte Lesezeit":"1\u00a0Minute"},"schema":{"@context":"https:\/\/schema.org","@graph":[{"@type":"WebPage","@id":"https:\/\/uniest.it\/prodotto\/jugend-handcreme-6-in-1\/","url":"https:\/\/uniest.it\/prodotto\/jugend-handcreme-6-in-1\/","name":"Jugend-Handcreme 6 in 1 - Uniest","isPartOf":{"@id":"https:\/\/uniest.it\/#website"},"primaryImageOfPage":{"@id":"https:\/\/uniest.it\/prodotto\/jugend-handcreme-6-in-1\/#primaryimage"},"image":{"@id":"https:\/\/uniest.it\/prodotto\/jugend-handcreme-6-in-1\/#primaryimage"},"thumbnailUrl":"https:\/\/uniest.it\/wp-content\/uploads\/2020\/11\/014LGB.png","datePublished":"2024-10-29T17:55:28+00:00","dateModified":"2024-11-25T23:00:06+00:00","breadcrumb":{"@id":"https:\/\/uniest.it\/prodotto\/jugend-handcreme-6-in-1\/#breadcrumb"},"inLanguage":"de","potentialAction":[{"@type":"ReadAction","target":["https:\/\/uniest.it\/prodotto\/jugend-handcreme-6-in-1\/"]}]},{"@type":"ImageObject","inLanguage":"de","@id":"https:\/\/uniest.it\/prodotto\/jugend-handcreme-6-in-1\/#primaryimage","url":"https:\/\/uniest.it\/wp-content\/uploads\/2020\/11\/014LGB.png","contentUrl":"https:\/\/uniest.it\/wp-content\/uploads\/2020\/11\/014LGB.png","width":1283,"height":2000},{"@type":"BreadcrumbList","@id":"https:\/\/uniest.it\/prodotto\/jugend-handcreme-6-in-1\/#breadcrumb","itemListElement":[{"@type":"ListItem","position":1,"name":"Home","item":"https:\/\/uniest.it\/de\/"},{"@type":"ListItem","position":2,"name":"Shop","item":"https:\/\/uniest.it\/shop\/"},{"@type":"ListItem","position":3,"name":"Jugend-Handcreme 6 in 1"}]},{"@type":"WebSite","@id":"https:\/\/uniest.it\/#website","url":"https:\/\/uniest.it\/","name":"Uniest","description":"Cosmetici Naturali e Bio","potentialAction":[{"@type":"SearchAction","target":{"@type":"EntryPoint","urlTemplate":"https:\/\/uniest.it\/?s={search_term_string}"},"query-input":{"@type":"PropertyValueSpecification","valueRequired":true,"valueName":"search_term_string"}}],"inLanguage":"de"}]}},"_links":{"self":[{"href":"https:\/\/uniest.it\/de\/wp-json\/wp\/v2\/product\/6919","targetHints":{"allow":["GET"]}}],"collection":[{"href":"https:\/\/uniest.it\/de\/wp-json\/wp\/v2\/product"}],"about":[{"href":"https:\/\/uniest.it\/de\/wp-json\/wp\/v2\/types\/product"}],"wp:featuredmedia":[{"embeddable":true,"href":"https:\/\/uniest.it\/de\/wp-json\/wp\/v2\/media\/6920"}],"wp:attachment":[{"href":"https:\/\/uniest.it\/de\/wp-json\/wp\/v2\/media?parent=6919"}],"wp:term":[{"taxonomy":"product_brand","embeddable":true,"href":"https:\/\/uniest.it\/de\/wp-json\/wp\/v2\/product_brand?post=6919"},{"taxonomy":"product_cat","embeddable":true,"href":"https:\/\/uniest.it\/de\/wp-json\/wp\/v2\/product_cat?post=6919"},{"taxonomy":"product_tag","embeddable":true,"href":"https:\/\/uniest.it\/de\/wp-json\/wp\/v2\/product_tag?post=6919"}],"curies":[{"name":"wp","href":"https:\/\/api.w.org\/{rel}","templated":true}]}}