{"id":6935,"date":"2024-10-29T18:55:31","date_gmt":"2024-10-29T17:55:31","guid":{"rendered":"https:\/\/uniest.it\/prodotto\/mariendistel\/"},"modified":"2024-10-29T18:55:31","modified_gmt":"2024-10-29T17:55:31","slug":"mariendistel","status":"publish","type":"product","link":"https:\/\/uniest.it\/de\/prodotto\/mariendistel\/","title":{"rendered":"Mariendistel"},"content":{"rendered":"<p>Mariendistel-Urtinktur: Sie wird haupts\u00e4chlich zur Leberbehandlung verwendet. Tats\u00e4chlich ist die Wirkung der Distel auf die Leber bemerkenswert. Einer seiner Wirkstoffe (Silymarin genannt) wurde ausf\u00fchrlich untersucht und weist tats\u00e4chlich drei Aktivit\u00e4ten auf; stabilisiert die Zellmembranen der Leberzellen und erschwert so den Zugang von Toxinen zu ihnen; es hat eine wichtige Schutzwirkung gegen freie Radikale; und stimuliert schlie\u00dflich die Proteinsynthese in Leberzellen und f\u00f6rdert so deren Regeneration. Unter den Heilpflanzen nimmt die Mariendistel einen sehr respektablen Platz ein, insbesondere wenn es um Heilmittel geht, die sich f\u00fcr das Wohlbefinden der Leber eignen, einem besonders wichtigen Organ zur Reinigung unseres K\u00f6rpers von Giftstoffen. Diese wilde krautige Pflanze, botanisch bekannt als Silybum marianum, w\u00e4chst spontan im gesamten Mittelmeerraum und ihre Fr\u00fcchte werden seit der Antike wegen ihrer wohltuenden Wirkung gesch\u00e4tzt und zu Heilzwecken verwendet.<\/p>\n","protected":false},"excerpt":{"rendered":"<p>Mariendistel-Urtinktur: Sie wird haupts\u00e4chlich zur Leberbehandlung verwendet. Tats\u00e4chlich ist die Wirkung der Distel auf die Leber bemerkenswert. Einer seiner Wirkstoffe (Silymarin genannt) wurde ausf\u00fchrlich untersucht und weist tats\u00e4chlich drei Aktivit\u00e4ten auf; stabilisiert die Zellmembranen der Leberzellen und erschwert so den Zugang von Toxinen zu ihnen; es hat eine wichtige Schutzwirkung gegen freie Radikale; und stimuliert [&hellip;]<\/p>\n","protected":false},"featured_media":6936,"template":"","meta":{"_acf_changed":false,"inline_featured_image":false},"product_brand":[],"product_cat":[1486],"product_tag":[],"class_list":{"0":"post-6935","1":"product","2":"type-product","3":"status-publish","4":"has-post-thumbnail","6":"product_beauty-antiossidante","7":"product_beauty-energia","8":"product_beauty-epatoprotettore","9":"product_beauty-tono","10":"product_kind-integrazione-alimentare","11":"product_lines-benessere","12":"product_cat-benessere-de","13":"pa_size-50-de","15":"first","16":"outofstock","17":"taxable","18":"shipping-taxable","19":"purchasable","20":"product-type-simple"},"acf":[],"yoast_head":"<!-- This site is optimized with the Yoast SEO plugin v24.6 - https:\/\/yoast.com\/wordpress\/plugins\/seo\/ -->\n<title>Mariendistel - Uniest<\/title>\n<meta name=\"robots\" content=\"index, follow, max-snippet:-1, max-image-preview:large, max-video-preview:-1\" \/>\n<link rel=\"canonical\" href=\"https:\/\/uniest.it\/prodotto\/mariendistel\/\" \/>\n<meta property=\"og:locale\" content=\"de_DE\" \/>\n<meta property=\"og:type\" content=\"article\" \/>\n<meta property=\"og:title\" content=\"Mariendistel - Uniest\" \/>\n<meta property=\"og:description\" content=\"Mariendistel-Urtinktur: Sie wird haupts\u00e4chlich zur Leberbehandlung verwendet. Tats\u00e4chlich ist die Wirkung der Distel auf die Leber bemerkenswert. Einer seiner Wirkstoffe (Silymarin genannt) wurde ausf\u00fchrlich untersucht und weist tats\u00e4chlich drei Aktivit\u00e4ten auf; stabilisiert die Zellmembranen der Leberzellen und erschwert so den Zugang von Toxinen zu ihnen; es hat eine wichtige Schutzwirkung gegen freie Radikale; und stimuliert [&hellip;]\" \/>\n<meta property=\"og:url\" content=\"https:\/\/uniest.it\/prodotto\/mariendistel\/\" \/>\n<meta property=\"og:site_name\" content=\"Uniest\" \/>\n<meta name=\"twitter:card\" content=\"summary_large_image\" \/>\n<meta name=\"twitter:label1\" content=\"Gesch\u00e4tzte Lesezeit\" \/>\n\t<meta name=\"twitter:data1\" content=\"1\u00a0Minute\" \/>\n<script type=\"application\/ld+json\" class=\"yoast-schema-graph\">{\"@context\":\"https:\/\/schema.org\",\"@graph\":[{\"@type\":\"WebPage\",\"@id\":\"https:\/\/uniest.it\/prodotto\/mariendistel\/\",\"url\":\"https:\/\/uniest.it\/prodotto\/mariendistel\/\",\"name\":\"Mariendistel - Uniest\",\"isPartOf\":{\"@id\":\"https:\/\/uniest.it\/#website\"},\"primaryImageOfPage\":{\"@id\":\"https:\/\/uniest.it\/prodotto\/mariendistel\/#primaryimage\"},\"image\":{\"@id\":\"https:\/\/uniest.it\/prodotto\/mariendistel\/#primaryimage\"},\"thumbnailUrl\":\"https:\/\/uniest.it\/wp-content\/uploads\/2020\/12\/015ZTM.png\",\"datePublished\":\"2024-10-29T17:55:31+00:00\",\"breadcrumb\":{\"@id\":\"https:\/\/uniest.it\/prodotto\/mariendistel\/#breadcrumb\"},\"inLanguage\":\"de\",\"potentialAction\":[{\"@type\":\"ReadAction\",\"target\":[\"https:\/\/uniest.it\/prodotto\/mariendistel\/\"]}]},{\"@type\":\"ImageObject\",\"inLanguage\":\"de\",\"@id\":\"https:\/\/uniest.it\/prodotto\/mariendistel\/#primaryimage\",\"url\":\"https:\/\/uniest.it\/wp-content\/uploads\/2020\/12\/015ZTM.png\",\"contentUrl\":\"https:\/\/uniest.it\/wp-content\/uploads\/2020\/12\/015ZTM.png\",\"width\":1283,\"height\":2000},{\"@type\":\"BreadcrumbList\",\"@id\":\"https:\/\/uniest.it\/prodotto\/mariendistel\/#breadcrumb\",\"itemListElement\":[{\"@type\":\"ListItem\",\"position\":1,\"name\":\"Home\",\"item\":\"https:\/\/uniest.it\/de\/\"},{\"@type\":\"ListItem\",\"position\":2,\"name\":\"Shop\",\"item\":\"https:\/\/uniest.it\/shop\/\"},{\"@type\":\"ListItem\",\"position\":3,\"name\":\"Mariendistel\"}]},{\"@type\":\"WebSite\",\"@id\":\"https:\/\/uniest.it\/#website\",\"url\":\"https:\/\/uniest.it\/\",\"name\":\"Uniest\",\"description\":\"Cosmetici Naturali e Bio\",\"potentialAction\":[{\"@type\":\"SearchAction\",\"target\":{\"@type\":\"EntryPoint\",\"urlTemplate\":\"https:\/\/uniest.it\/?s={search_term_string}\"},\"query-input\":{\"@type\":\"PropertyValueSpecification\",\"valueRequired\":true,\"valueName\":\"search_term_string\"}}],\"inLanguage\":\"de\"}]}<\/script>\n<!-- \/ Yoast SEO plugin. -->","yoast_head_json":{"title":"Mariendistel - Uniest","robots":{"index":"index","follow":"follow","max-snippet":"max-snippet:-1","max-image-preview":"max-image-preview:large","max-video-preview":"max-video-preview:-1"},"canonical":"https:\/\/uniest.it\/prodotto\/mariendistel\/","og_locale":"de_DE","og_type":"article","og_title":"Mariendistel - Uniest","og_description":"Mariendistel-Urtinktur: Sie wird haupts\u00e4chlich zur Leberbehandlung verwendet. Tats\u00e4chlich ist die Wirkung der Distel auf die Leber bemerkenswert. Einer seiner Wirkstoffe (Silymarin genannt) wurde ausf\u00fchrlich untersucht und weist tats\u00e4chlich drei Aktivit\u00e4ten auf; stabilisiert die Zellmembranen der Leberzellen und erschwert so den Zugang von Toxinen zu ihnen; es hat eine wichtige Schutzwirkung gegen freie Radikale; und stimuliert [&hellip;]","og_url":"https:\/\/uniest.it\/prodotto\/mariendistel\/","og_site_name":"Uniest","twitter_card":"summary_large_image","twitter_misc":{"Gesch\u00e4tzte Lesezeit":"1\u00a0Minute"},"schema":{"@context":"https:\/\/schema.org","@graph":[{"@type":"WebPage","@id":"https:\/\/uniest.it\/prodotto\/mariendistel\/","url":"https:\/\/uniest.it\/prodotto\/mariendistel\/","name":"Mariendistel - Uniest","isPartOf":{"@id":"https:\/\/uniest.it\/#website"},"primaryImageOfPage":{"@id":"https:\/\/uniest.it\/prodotto\/mariendistel\/#primaryimage"},"image":{"@id":"https:\/\/uniest.it\/prodotto\/mariendistel\/#primaryimage"},"thumbnailUrl":"https:\/\/uniest.it\/wp-content\/uploads\/2020\/12\/015ZTM.png","datePublished":"2024-10-29T17:55:31+00:00","breadcrumb":{"@id":"https:\/\/uniest.it\/prodotto\/mariendistel\/#breadcrumb"},"inLanguage":"de","potentialAction":[{"@type":"ReadAction","target":["https:\/\/uniest.it\/prodotto\/mariendistel\/"]}]},{"@type":"ImageObject","inLanguage":"de","@id":"https:\/\/uniest.it\/prodotto\/mariendistel\/#primaryimage","url":"https:\/\/uniest.it\/wp-content\/uploads\/2020\/12\/015ZTM.png","contentUrl":"https:\/\/uniest.it\/wp-content\/uploads\/2020\/12\/015ZTM.png","width":1283,"height":2000},{"@type":"BreadcrumbList","@id":"https:\/\/uniest.it\/prodotto\/mariendistel\/#breadcrumb","itemListElement":[{"@type":"ListItem","position":1,"name":"Home","item":"https:\/\/uniest.it\/de\/"},{"@type":"ListItem","position":2,"name":"Shop","item":"https:\/\/uniest.it\/shop\/"},{"@type":"ListItem","position":3,"name":"Mariendistel"}]},{"@type":"WebSite","@id":"https:\/\/uniest.it\/#website","url":"https:\/\/uniest.it\/","name":"Uniest","description":"Cosmetici Naturali e Bio","potentialAction":[{"@type":"SearchAction","target":{"@type":"EntryPoint","urlTemplate":"https:\/\/uniest.it\/?s={search_term_string}"},"query-input":{"@type":"PropertyValueSpecification","valueRequired":true,"valueName":"search_term_string"}}],"inLanguage":"de"}]}},"_links":{"self":[{"href":"https:\/\/uniest.it\/de\/wp-json\/wp\/v2\/product\/6935","targetHints":{"allow":["GET"]}}],"collection":[{"href":"https:\/\/uniest.it\/de\/wp-json\/wp\/v2\/product"}],"about":[{"href":"https:\/\/uniest.it\/de\/wp-json\/wp\/v2\/types\/product"}],"wp:featuredmedia":[{"embeddable":true,"href":"https:\/\/uniest.it\/de\/wp-json\/wp\/v2\/media\/6936"}],"wp:attachment":[{"href":"https:\/\/uniest.it\/de\/wp-json\/wp\/v2\/media?parent=6935"}],"wp:term":[{"taxonomy":"product_brand","embeddable":true,"href":"https:\/\/uniest.it\/de\/wp-json\/wp\/v2\/product_brand?post=6935"},{"taxonomy":"product_cat","embeddable":true,"href":"https:\/\/uniest.it\/de\/wp-json\/wp\/v2\/product_cat?post=6935"},{"taxonomy":"product_tag","embeddable":true,"href":"https:\/\/uniest.it\/de\/wp-json\/wp\/v2\/product_tag?post=6935"}],"curies":[{"name":"wp","href":"https:\/\/api.w.org\/{rel}","templated":true}]}}