{"id":6938,"date":"2021-02-04T12:57:44","date_gmt":"2024-10-29T17:55:31","guid":{"rendered":"https:\/\/uniest.it\/prodotto\/lippen-auffuellen-wangenknochen-und-augenkontur-aufpolstern\/"},"modified":"2024-10-29T18:55:31","modified_gmt":"2024-10-29T17:55:31","slug":"lippen-auffuellen-wangenknochen-und-augenkontur-aufpolstern","status":"publish","type":"product","link":"https:\/\/uniest.it\/de\/prodotto\/lippen-auffuellen-wangenknochen-und-augenkontur-aufpolstern\/","title":{"rendered":"Lippen auff\u00fcllen, Wangenknochen und Augenkontur aufpolstern"},"content":{"rendered":"<p>*Es ist m\u00f6glich, dass die Verpackung vom Foto abweicht. F\u00fcllende Creme f\u00fcr Augen, Lippen und Konturen Wangenknochen. Kostbare Creme zum Aufpolstern der sehr empfindlichen, zarten und d\u00fcnnen Bereiche um Augen und Lippen. Filler-Up-Creme zur Konturierung von Augen, Lippen und Lippen. Wangenknochen, spendet Feuchtigkeit und liefert wertvolle essentielle Substanzen, um der Haut F\u00fclle und Elastizit\u00e4t zu verleihen. Die enthaltenen Wirkstoffe wirken sowohl bei \u201eG\u00e4nsehaut\u201c und Falten, vorbeugend als auch bei Schwellungen, Augenringen und Trockenheit. Glykosaminoglykane unterst\u00fctzen und sch\u00fctzen die Haut, die in Kombination mit Bio-S\u00fc\u00dfmandel\u00f6l*, Reiskleie\u00f6l, Bio-Sheabutter* und Sojalecithin der Haut wertvolle, f\u00fcr ihr Wohlbefinden unverzichtbare Elemente verleihen. Durch die Zugabe des aufpolsternden Wirkstoffs werden Falten sichtbar gemildert, indem er sie aufpolstert, dadurch gl\u00e4ttet und die Haut dadurch elastischer macht. Besonderer Nutzen kommt der feuchtigkeitsspendenden Wirkung von Sorbitol und den adstringierenden Eigenschaften des wertvollen Hagebuttenextrakts zugute. Angereichert mit nat\u00fcrlichen Extrakten aus Efeu und Rosskastanie, die zusammen mit \u00e4therischem Eukalyptus\u00f6l dabei helfen, \u00fcbersch\u00fcssige Fl\u00fcssigkeiten abzuleiten. Seine sanfte Formel verursacht keine Augenprobleme.<\/p>\n","protected":false},"excerpt":{"rendered":"<p>*Es ist m\u00f6glich, dass die Verpackung vom Foto abweicht. F\u00fcllende Creme f\u00fcr Augen, Lippen und Konturen Wangenknochen. Kostbare Creme zum Aufpolstern der sehr empfindlichen, zarten und d\u00fcnnen Bereiche um Augen und Lippen. Filler-Up-Creme zur Konturierung von Augen, Lippen und Lippen. Wangenknochen, spendet Feuchtigkeit und liefert wertvolle essentielle Substanzen, um der Haut F\u00fclle und Elastizit\u00e4t zu [&hellip;]<\/p>\n","protected":false},"featured_media":6939,"template":"","meta":{"_acf_changed":false,"inline_featured_image":false},"product_brand":[],"product_cat":[1497],"product_tag":[],"class_list":{"0":"post-6938","1":"product","2":"type-product","3":"status-publish","4":"has-post-thumbnail","6":"product_beauty-antirughe","7":"product_beauty-idratare","8":"product_beauty-rassodare-e-tonificare","9":"product_skin-pelli-delicate-e-sensibili","10":"product_skin-pelli-giovani-e-prime-rughe","11":"product_skin-pelli-grasse-e-miste","12":"product_skin-pelli-mature-e-rughe","13":"product_skin-pelli-secche-e-normali","14":"product_skin-tutte-le-pelli","15":"product_kind-creme-antieta-e-prime-rughe","16":"product_kind-occhi-e-labbra","17":"product_kind-tutte-le-creme-viso","18":"product_lines-pelli-normali-e-prime-rughe","19":"product_cat-viso-de","20":"pa_size-15-de","22":"first","23":"instock","24":"taxable","25":"shipping-taxable","26":"purchasable","27":"product-type-simple"},"acf":[],"yoast_head":"<!-- This site is optimized with the Yoast SEO plugin v24.6 - https:\/\/yoast.com\/wordpress\/plugins\/seo\/ -->\n<title>Lippen auff\u00fcllen, Wangenknochen und Augenkontur aufpolstern - Uniest<\/title>\n<meta name=\"robots\" content=\"index, follow, max-snippet:-1, max-image-preview:large, max-video-preview:-1\" \/>\n<link rel=\"canonical\" href=\"https:\/\/uniest.it\/de\/prodotto\/lippen-auffuellen-wangenknochen-und-augenkontur-aufpolstern\/\" \/>\n<meta property=\"og:locale\" content=\"de_DE\" \/>\n<meta property=\"og:type\" content=\"article\" \/>\n<meta property=\"og:title\" content=\"Lippen auff\u00fcllen, Wangenknochen und Augenkontur aufpolstern - Uniest\" \/>\n<meta property=\"og:description\" content=\"*Es ist m\u00f6glich, dass die Verpackung vom Foto abweicht. F\u00fcllende Creme f\u00fcr Augen, Lippen und Konturen Wangenknochen. Kostbare Creme zum Aufpolstern der sehr empfindlichen, zarten und d\u00fcnnen Bereiche um Augen und Lippen. Filler-Up-Creme zur Konturierung von Augen, Lippen und Lippen. Wangenknochen, spendet Feuchtigkeit und liefert wertvolle essentielle Substanzen, um der Haut F\u00fclle und Elastizit\u00e4t zu [&hellip;]\" \/>\n<meta property=\"og:url\" content=\"https:\/\/uniest.it\/de\/prodotto\/lippen-auffuellen-wangenknochen-und-augenkontur-aufpolstern\/\" \/>\n<meta property=\"og:site_name\" content=\"Uniest\" \/>\n<meta property=\"og:image\" content=\"https:\/\/uniest.it\/wp-content\/uploads\/2020\/11\/016AAE.png\" \/>\n\t<meta property=\"og:image:width\" content=\"1283\" \/>\n\t<meta property=\"og:image:height\" content=\"2001\" \/>\n\t<meta property=\"og:image:type\" content=\"image\/png\" \/>\n<meta name=\"twitter:card\" content=\"summary_large_image\" \/>\n<meta name=\"twitter:label1\" content=\"Gesch\u00e4tzte Lesezeit\" \/>\n\t<meta name=\"twitter:data1\" content=\"1\u00a0Minute\" \/>\n<script type=\"application\/ld+json\" class=\"yoast-schema-graph\">{\"@context\":\"https:\/\/schema.org\",\"@graph\":[{\"@type\":\"WebPage\",\"@id\":\"https:\/\/uniest.it\/de\/prodotto\/lippen-auffuellen-wangenknochen-und-augenkontur-aufpolstern\/\",\"url\":\"https:\/\/uniest.it\/de\/prodotto\/lippen-auffuellen-wangenknochen-und-augenkontur-aufpolstern\/\",\"name\":\"Lippen auff\u00fcllen, Wangenknochen und Augenkontur aufpolstern - Uniest\",\"isPartOf\":{\"@id\":\"https:\/\/uniest.it\/#website\"},\"primaryImageOfPage\":{\"@id\":\"https:\/\/uniest.it\/de\/prodotto\/lippen-auffuellen-wangenknochen-und-augenkontur-aufpolstern\/#primaryimage\"},\"image\":{\"@id\":\"https:\/\/uniest.it\/de\/prodotto\/lippen-auffuellen-wangenknochen-und-augenkontur-aufpolstern\/#primaryimage\"},\"thumbnailUrl\":\"https:\/\/uniest.it\/wp-content\/uploads\/2020\/11\/016AAE.png\",\"datePublished\":\"2024-10-29T17:55:31+00:00\",\"breadcrumb\":{\"@id\":\"https:\/\/uniest.it\/de\/prodotto\/lippen-auffuellen-wangenknochen-und-augenkontur-aufpolstern\/#breadcrumb\"},\"inLanguage\":\"de\",\"potentialAction\":[{\"@type\":\"ReadAction\",\"target\":[\"https:\/\/uniest.it\/de\/prodotto\/lippen-auffuellen-wangenknochen-und-augenkontur-aufpolstern\/\"]}]},{\"@type\":\"ImageObject\",\"inLanguage\":\"de\",\"@id\":\"https:\/\/uniest.it\/de\/prodotto\/lippen-auffuellen-wangenknochen-und-augenkontur-aufpolstern\/#primaryimage\",\"url\":\"https:\/\/uniest.it\/wp-content\/uploads\/2020\/11\/016AAE.png\",\"contentUrl\":\"https:\/\/uniest.it\/wp-content\/uploads\/2020\/11\/016AAE.png\",\"width\":1283,\"height\":2001},{\"@type\":\"BreadcrumbList\",\"@id\":\"https:\/\/uniest.it\/de\/prodotto\/lippen-auffuellen-wangenknochen-und-augenkontur-aufpolstern\/#breadcrumb\",\"itemListElement\":[{\"@type\":\"ListItem\",\"position\":1,\"name\":\"Home\",\"item\":\"https:\/\/uniest.it\/de\/\"},{\"@type\":\"ListItem\",\"position\":2,\"name\":\"Shop\",\"item\":\"https:\/\/uniest.it\/shop\/\"},{\"@type\":\"ListItem\",\"position\":3,\"name\":\"Lippen auff\u00fcllen, Wangenknochen und Augenkontur aufpolstern\"}]},{\"@type\":\"WebSite\",\"@id\":\"https:\/\/uniest.it\/#website\",\"url\":\"https:\/\/uniest.it\/\",\"name\":\"Uniest\",\"description\":\"Cosmetici Naturali e Bio\",\"potentialAction\":[{\"@type\":\"SearchAction\",\"target\":{\"@type\":\"EntryPoint\",\"urlTemplate\":\"https:\/\/uniest.it\/?s={search_term_string}\"},\"query-input\":{\"@type\":\"PropertyValueSpecification\",\"valueRequired\":true,\"valueName\":\"search_term_string\"}}],\"inLanguage\":\"de\"}]}<\/script>\n<!-- \/ Yoast SEO plugin. -->","yoast_head_json":{"title":"Lippen auff\u00fcllen, Wangenknochen und Augenkontur aufpolstern - Uniest","robots":{"index":"index","follow":"follow","max-snippet":"max-snippet:-1","max-image-preview":"max-image-preview:large","max-video-preview":"max-video-preview:-1"},"canonical":"https:\/\/uniest.it\/de\/prodotto\/lippen-auffuellen-wangenknochen-und-augenkontur-aufpolstern\/","og_locale":"de_DE","og_type":"article","og_title":"Lippen auff\u00fcllen, Wangenknochen und Augenkontur aufpolstern - Uniest","og_description":"*Es ist m\u00f6glich, dass die Verpackung vom Foto abweicht. F\u00fcllende Creme f\u00fcr Augen, Lippen und Konturen Wangenknochen. Kostbare Creme zum Aufpolstern der sehr empfindlichen, zarten und d\u00fcnnen Bereiche um Augen und Lippen. Filler-Up-Creme zur Konturierung von Augen, Lippen und Lippen. Wangenknochen, spendet Feuchtigkeit und liefert wertvolle essentielle Substanzen, um der Haut F\u00fclle und Elastizit\u00e4t zu [&hellip;]","og_url":"https:\/\/uniest.it\/de\/prodotto\/lippen-auffuellen-wangenknochen-und-augenkontur-aufpolstern\/","og_site_name":"Uniest","og_image":[{"width":1283,"height":2001,"url":"https:\/\/uniest.it\/wp-content\/uploads\/2020\/11\/016AAE.png","type":"image\/png"}],"twitter_card":"summary_large_image","twitter_misc":{"Gesch\u00e4tzte Lesezeit":"1\u00a0Minute"},"schema":{"@context":"https:\/\/schema.org","@graph":[{"@type":"WebPage","@id":"https:\/\/uniest.it\/de\/prodotto\/lippen-auffuellen-wangenknochen-und-augenkontur-aufpolstern\/","url":"https:\/\/uniest.it\/de\/prodotto\/lippen-auffuellen-wangenknochen-und-augenkontur-aufpolstern\/","name":"Lippen auff\u00fcllen, Wangenknochen und Augenkontur aufpolstern - Uniest","isPartOf":{"@id":"https:\/\/uniest.it\/#website"},"primaryImageOfPage":{"@id":"https:\/\/uniest.it\/de\/prodotto\/lippen-auffuellen-wangenknochen-und-augenkontur-aufpolstern\/#primaryimage"},"image":{"@id":"https:\/\/uniest.it\/de\/prodotto\/lippen-auffuellen-wangenknochen-und-augenkontur-aufpolstern\/#primaryimage"},"thumbnailUrl":"https:\/\/uniest.it\/wp-content\/uploads\/2020\/11\/016AAE.png","datePublished":"2024-10-29T17:55:31+00:00","breadcrumb":{"@id":"https:\/\/uniest.it\/de\/prodotto\/lippen-auffuellen-wangenknochen-und-augenkontur-aufpolstern\/#breadcrumb"},"inLanguage":"de","potentialAction":[{"@type":"ReadAction","target":["https:\/\/uniest.it\/de\/prodotto\/lippen-auffuellen-wangenknochen-und-augenkontur-aufpolstern\/"]}]},{"@type":"ImageObject","inLanguage":"de","@id":"https:\/\/uniest.it\/de\/prodotto\/lippen-auffuellen-wangenknochen-und-augenkontur-aufpolstern\/#primaryimage","url":"https:\/\/uniest.it\/wp-content\/uploads\/2020\/11\/016AAE.png","contentUrl":"https:\/\/uniest.it\/wp-content\/uploads\/2020\/11\/016AAE.png","width":1283,"height":2001},{"@type":"BreadcrumbList","@id":"https:\/\/uniest.it\/de\/prodotto\/lippen-auffuellen-wangenknochen-und-augenkontur-aufpolstern\/#breadcrumb","itemListElement":[{"@type":"ListItem","position":1,"name":"Home","item":"https:\/\/uniest.it\/de\/"},{"@type":"ListItem","position":2,"name":"Shop","item":"https:\/\/uniest.it\/shop\/"},{"@type":"ListItem","position":3,"name":"Lippen auff\u00fcllen, Wangenknochen und Augenkontur aufpolstern"}]},{"@type":"WebSite","@id":"https:\/\/uniest.it\/#website","url":"https:\/\/uniest.it\/","name":"Uniest","description":"Cosmetici Naturali e Bio","potentialAction":[{"@type":"SearchAction","target":{"@type":"EntryPoint","urlTemplate":"https:\/\/uniest.it\/?s={search_term_string}"},"query-input":{"@type":"PropertyValueSpecification","valueRequired":true,"valueName":"search_term_string"}}],"inLanguage":"de"}]}},"_links":{"self":[{"href":"https:\/\/uniest.it\/de\/wp-json\/wp\/v2\/product\/6938","targetHints":{"allow":["GET"]}}],"collection":[{"href":"https:\/\/uniest.it\/de\/wp-json\/wp\/v2\/product"}],"about":[{"href":"https:\/\/uniest.it\/de\/wp-json\/wp\/v2\/types\/product"}],"wp:featuredmedia":[{"embeddable":true,"href":"https:\/\/uniest.it\/de\/wp-json\/wp\/v2\/media\/6939"}],"wp:attachment":[{"href":"https:\/\/uniest.it\/de\/wp-json\/wp\/v2\/media?parent=6938"}],"wp:term":[{"taxonomy":"product_brand","embeddable":true,"href":"https:\/\/uniest.it\/de\/wp-json\/wp\/v2\/product_brand?post=6938"},{"taxonomy":"product_cat","embeddable":true,"href":"https:\/\/uniest.it\/de\/wp-json\/wp\/v2\/product_cat?post=6938"},{"taxonomy":"product_tag","embeddable":true,"href":"https:\/\/uniest.it\/de\/wp-json\/wp\/v2\/product_tag?post=6938"}],"curies":[{"name":"wp","href":"https:\/\/api.w.org\/{rel}","templated":true}]}}