{"id":6944,"date":"2024-10-29T18:55:32","date_gmt":"2024-10-29T17:55:32","guid":{"rendered":"https:\/\/uniest.it\/prodotto\/artischocke\/"},"modified":"2024-10-29T18:55:32","modified_gmt":"2024-10-29T17:55:32","slug":"artischocke","status":"publish","type":"product","link":"https:\/\/uniest.it\/de\/prodotto\/artischocke\/","title":{"rendered":"Artischocke"},"content":{"rendered":"<p>Die Artischocke: In Form einer Urtinktur ist sie bequem anzuwenden und gut f\u00fcr die Gesundheit, insbesondere f\u00fcr Frauen: Sie entschlackt, macht schlank, entgiftet und ist ein hervorragender Verb\u00fcndeter von Magen und Darm. Artischocken-Urtinktur ist ein entgiftendes und reinigendes Pr\u00e4parat, das bei Verdauungsproblemen, f\u00fcr die Lebergesundheit und gegen Tachykardie und Bluthochdruck n\u00fctzlich ist.<\/p>\n","protected":false},"excerpt":{"rendered":"<p>Die Artischocke: In Form einer Urtinktur ist sie bequem anzuwenden und gut f\u00fcr die Gesundheit, insbesondere f\u00fcr Frauen: Sie entschlackt, macht schlank, entgiftet und ist ein hervorragender Verb\u00fcndeter von Magen und Darm. Artischocken-Urtinktur ist ein entgiftendes und reinigendes Pr\u00e4parat, das bei Verdauungsproblemen, f\u00fcr die Lebergesundheit und gegen Tachykardie und Bluthochdruck n\u00fctzlich ist.<\/p>\n","protected":false},"featured_media":6945,"template":"","meta":{"_acf_changed":false,"inline_featured_image":false},"product_brand":[],"product_cat":[1486],"product_tag":[],"class_list":{"0":"post-6944","1":"product","2":"type-product","3":"status-publish","4":"has-post-thumbnail","6":"product_beauty-anemia","7":"product_beauty-antiossidante","8":"product_beauty-antireumatiche","9":"product_beauty-attivatore-abbronzatura","10":"product_beauty-cellulite","11":"product_beauty-colesterolo","12":"product_beauty-denti","13":"product_beauty-detox-e-dren","14":"product_beauty-diabete","15":"product_beauty-digestivo","16":"product_beauty-diuretico","17":"product_beauty-drenante","18":"product_beauty-energia","19":"product_beauty-epatoprotettore","20":"product_beauty-intestino","21":"product_beauty-mineralizzante","22":"product_beauty-multivitaminico","23":"product_beauty-ossa","24":"product_beauty-tono","25":"product_beauty-vista","26":"product_kind-integrazione-alimentare","27":"product_lines-benessere","28":"product_cat-benessere-de","29":"pa_size-50-de","31":"first","32":"outofstock","33":"taxable","34":"shipping-taxable","35":"purchasable","36":"product-type-simple"},"acf":[],"yoast_head":"<!-- This site is optimized with the Yoast SEO plugin v24.6 - https:\/\/yoast.com\/wordpress\/plugins\/seo\/ -->\n<title>Artischocke - Uniest<\/title>\n<meta name=\"robots\" content=\"index, follow, max-snippet:-1, max-image-preview:large, max-video-preview:-1\" \/>\n<link rel=\"canonical\" href=\"https:\/\/uniest.it\/prodotto\/artischocke\/\" \/>\n<meta property=\"og:locale\" content=\"de_DE\" \/>\n<meta property=\"og:type\" content=\"article\" \/>\n<meta property=\"og:title\" content=\"Artischocke - Uniest\" \/>\n<meta property=\"og:description\" content=\"Die Artischocke: In Form einer Urtinktur ist sie bequem anzuwenden und gut f\u00fcr die Gesundheit, insbesondere f\u00fcr Frauen: Sie entschlackt, macht schlank, entgiftet und ist ein hervorragender Verb\u00fcndeter von Magen und Darm. Artischocken-Urtinktur ist ein entgiftendes und reinigendes Pr\u00e4parat, das bei Verdauungsproblemen, f\u00fcr die Lebergesundheit und gegen Tachykardie und Bluthochdruck n\u00fctzlich ist.\" \/>\n<meta property=\"og:url\" content=\"https:\/\/uniest.it\/prodotto\/artischocke\/\" \/>\n<meta property=\"og:site_name\" content=\"Uniest\" \/>\n<meta name=\"twitter:card\" content=\"summary_large_image\" \/>\n<script type=\"application\/ld+json\" class=\"yoast-schema-graph\">{\"@context\":\"https:\/\/schema.org\",\"@graph\":[{\"@type\":\"WebPage\",\"@id\":\"https:\/\/uniest.it\/prodotto\/artischocke\/\",\"url\":\"https:\/\/uniest.it\/prodotto\/artischocke\/\",\"name\":\"Artischocke - Uniest\",\"isPartOf\":{\"@id\":\"https:\/\/uniest.it\/#website\"},\"primaryImageOfPage\":{\"@id\":\"https:\/\/uniest.it\/prodotto\/artischocke\/#primaryimage\"},\"image\":{\"@id\":\"https:\/\/uniest.it\/prodotto\/artischocke\/#primaryimage\"},\"thumbnailUrl\":\"https:\/\/uniest.it\/wp-content\/uploads\/2020\/12\/016ZTM.png\",\"datePublished\":\"2024-10-29T17:55:32+00:00\",\"breadcrumb\":{\"@id\":\"https:\/\/uniest.it\/prodotto\/artischocke\/#breadcrumb\"},\"inLanguage\":\"de\",\"potentialAction\":[{\"@type\":\"ReadAction\",\"target\":[\"https:\/\/uniest.it\/prodotto\/artischocke\/\"]}]},{\"@type\":\"ImageObject\",\"inLanguage\":\"de\",\"@id\":\"https:\/\/uniest.it\/prodotto\/artischocke\/#primaryimage\",\"url\":\"https:\/\/uniest.it\/wp-content\/uploads\/2020\/12\/016ZTM.png\",\"contentUrl\":\"https:\/\/uniest.it\/wp-content\/uploads\/2020\/12\/016ZTM.png\",\"width\":1283,\"height\":2000},{\"@type\":\"BreadcrumbList\",\"@id\":\"https:\/\/uniest.it\/prodotto\/artischocke\/#breadcrumb\",\"itemListElement\":[{\"@type\":\"ListItem\",\"position\":1,\"name\":\"Home\",\"item\":\"https:\/\/uniest.it\/de\/\"},{\"@type\":\"ListItem\",\"position\":2,\"name\":\"Shop\",\"item\":\"https:\/\/uniest.it\/shop\/\"},{\"@type\":\"ListItem\",\"position\":3,\"name\":\"Artischocke\"}]},{\"@type\":\"WebSite\",\"@id\":\"https:\/\/uniest.it\/#website\",\"url\":\"https:\/\/uniest.it\/\",\"name\":\"Uniest\",\"description\":\"Cosmetici Naturali e Bio\",\"potentialAction\":[{\"@type\":\"SearchAction\",\"target\":{\"@type\":\"EntryPoint\",\"urlTemplate\":\"https:\/\/uniest.it\/?s={search_term_string}\"},\"query-input\":{\"@type\":\"PropertyValueSpecification\",\"valueRequired\":true,\"valueName\":\"search_term_string\"}}],\"inLanguage\":\"de\"}]}<\/script>\n<!-- \/ Yoast SEO plugin. -->","yoast_head_json":{"title":"Artischocke - Uniest","robots":{"index":"index","follow":"follow","max-snippet":"max-snippet:-1","max-image-preview":"max-image-preview:large","max-video-preview":"max-video-preview:-1"},"canonical":"https:\/\/uniest.it\/prodotto\/artischocke\/","og_locale":"de_DE","og_type":"article","og_title":"Artischocke - Uniest","og_description":"Die Artischocke: In Form einer Urtinktur ist sie bequem anzuwenden und gut f\u00fcr die Gesundheit, insbesondere f\u00fcr Frauen: Sie entschlackt, macht schlank, entgiftet und ist ein hervorragender Verb\u00fcndeter von Magen und Darm. Artischocken-Urtinktur ist ein entgiftendes und reinigendes Pr\u00e4parat, das bei Verdauungsproblemen, f\u00fcr die Lebergesundheit und gegen Tachykardie und Bluthochdruck n\u00fctzlich ist.","og_url":"https:\/\/uniest.it\/prodotto\/artischocke\/","og_site_name":"Uniest","twitter_card":"summary_large_image","schema":{"@context":"https:\/\/schema.org","@graph":[{"@type":"WebPage","@id":"https:\/\/uniest.it\/prodotto\/artischocke\/","url":"https:\/\/uniest.it\/prodotto\/artischocke\/","name":"Artischocke - Uniest","isPartOf":{"@id":"https:\/\/uniest.it\/#website"},"primaryImageOfPage":{"@id":"https:\/\/uniest.it\/prodotto\/artischocke\/#primaryimage"},"image":{"@id":"https:\/\/uniest.it\/prodotto\/artischocke\/#primaryimage"},"thumbnailUrl":"https:\/\/uniest.it\/wp-content\/uploads\/2020\/12\/016ZTM.png","datePublished":"2024-10-29T17:55:32+00:00","breadcrumb":{"@id":"https:\/\/uniest.it\/prodotto\/artischocke\/#breadcrumb"},"inLanguage":"de","potentialAction":[{"@type":"ReadAction","target":["https:\/\/uniest.it\/prodotto\/artischocke\/"]}]},{"@type":"ImageObject","inLanguage":"de","@id":"https:\/\/uniest.it\/prodotto\/artischocke\/#primaryimage","url":"https:\/\/uniest.it\/wp-content\/uploads\/2020\/12\/016ZTM.png","contentUrl":"https:\/\/uniest.it\/wp-content\/uploads\/2020\/12\/016ZTM.png","width":1283,"height":2000},{"@type":"BreadcrumbList","@id":"https:\/\/uniest.it\/prodotto\/artischocke\/#breadcrumb","itemListElement":[{"@type":"ListItem","position":1,"name":"Home","item":"https:\/\/uniest.it\/de\/"},{"@type":"ListItem","position":2,"name":"Shop","item":"https:\/\/uniest.it\/shop\/"},{"@type":"ListItem","position":3,"name":"Artischocke"}]},{"@type":"WebSite","@id":"https:\/\/uniest.it\/#website","url":"https:\/\/uniest.it\/","name":"Uniest","description":"Cosmetici Naturali e Bio","potentialAction":[{"@type":"SearchAction","target":{"@type":"EntryPoint","urlTemplate":"https:\/\/uniest.it\/?s={search_term_string}"},"query-input":{"@type":"PropertyValueSpecification","valueRequired":true,"valueName":"search_term_string"}}],"inLanguage":"de"}]}},"_links":{"self":[{"href":"https:\/\/uniest.it\/de\/wp-json\/wp\/v2\/product\/6944","targetHints":{"allow":["GET"]}}],"collection":[{"href":"https:\/\/uniest.it\/de\/wp-json\/wp\/v2\/product"}],"about":[{"href":"https:\/\/uniest.it\/de\/wp-json\/wp\/v2\/types\/product"}],"wp:featuredmedia":[{"embeddable":true,"href":"https:\/\/uniest.it\/de\/wp-json\/wp\/v2\/media\/6945"}],"wp:attachment":[{"href":"https:\/\/uniest.it\/de\/wp-json\/wp\/v2\/media?parent=6944"}],"wp:term":[{"taxonomy":"product_brand","embeddable":true,"href":"https:\/\/uniest.it\/de\/wp-json\/wp\/v2\/product_brand?post=6944"},{"taxonomy":"product_cat","embeddable":true,"href":"https:\/\/uniest.it\/de\/wp-json\/wp\/v2\/product_cat?post=6944"},{"taxonomy":"product_tag","embeddable":true,"href":"https:\/\/uniest.it\/de\/wp-json\/wp\/v2\/product_tag?post=6944"}],"curies":[{"name":"wp","href":"https:\/\/api.w.org\/{rel}","templated":true}]}}