{"id":6949,"date":"2021-02-04T12:57:44","date_gmt":"2024-10-29T17:55:33","guid":{"rendered":"https:\/\/uniest.it\/prodotto\/stueck-seife-mit-teebaumoel\/"},"modified":"2024-10-29T18:55:33","modified_gmt":"2024-10-29T17:55:33","slug":"stueck-seife-mit-teebaumoel","status":"publish","type":"product","link":"https:\/\/uniest.it\/de\/prodotto\/stueck-seife-mit-teebaumoel\/","title":{"rendered":"St\u00fcck Seife mit Teebaum\u00f6l"},"content":{"rendered":"<p>100 % pflanzliche Teebaumseife: mit reinem Kokos\u00f6l, hergestellt im klassischen Kaltmischverfahren. Ohne tierische Fette, Konservierungsstoffe und Allergene. N\u00e4gel sind h\u00e4ufig anf\u00e4llig f\u00fcr Pilzbefall. Das \u00e4therische Teebaum\u00f6l stellt dank seiner antimykotischen Eigenschaften eine wertvolle Hilfe dar. Angereichert mit Teebaum\u00f6l, das der Seife nicht nur die reinigenden Eigenschaften verleiht, sondern auch dermopurifizierende, nat\u00fcrliche antiseptische und desinfizierende Eigenschaften. Dem \u00e4therischen Teebaum\u00f6l wird eine bemerkenswerte antimikrobielle Breitbandwirkung zugeschrieben, die in der Lage ist, Bakterien, Pilze und sogar Viren zu neutralisieren, sowie eine immunstimulierende und entz\u00fcndungshemmende Wirkung, die es bei Dermatitis, Juckreiz und leichten Verbrennungen geeignet macht. Bei Mischhaut, die zu fettiger Haut neigt, hat es eine reinigende Wirkung und eignet sich zur Reduzierung von durch Akne verursachten Hautunreinheiten.<\/p>\n","protected":false},"excerpt":{"rendered":"<p>100 % pflanzliche Teebaumseife: mit reinem Kokos\u00f6l, hergestellt im klassischen Kaltmischverfahren. Ohne tierische Fette, Konservierungsstoffe und Allergene. N\u00e4gel sind h\u00e4ufig anf\u00e4llig f\u00fcr Pilzbefall. Das \u00e4therische Teebaum\u00f6l stellt dank seiner antimykotischen Eigenschaften eine wertvolle Hilfe dar. Angereichert mit Teebaum\u00f6l, das der Seife nicht nur die reinigenden Eigenschaften verleiht, sondern auch dermopurifizierende, nat\u00fcrliche antiseptische und desinfizierende Eigenschaften. [&hellip;]<\/p>\n","protected":false},"featured_media":6950,"template":"","meta":{"_acf_changed":false,"inline_featured_image":false},"product_brand":[],"product_cat":[1497,1493,1489],"product_tag":[],"class_list":{"0":"post-6949","1":"product","2":"type-product","3":"status-publish","4":"has-post-thumbnail","6":"product_beauty-aromatizzare-e-profumare","7":"product_beauty-detergere","8":"product_beauty-idratare","9":"product_skin-tutte-le-pelli","10":"product_kind-bagno","11":"product_kind-doccia","12":"product_kind-shampoo-e-detergenza","13":"product_lines-saponi-vegetali","14":"product_cat-viso-de","15":"product_cat-mani-e-piedi-de","16":"product_cat-corpo-de","17":"pa_size-100-gr-de","19":"first","20":"instock","21":"taxable","22":"shipping-taxable","23":"purchasable","24":"product-type-simple"},"acf":[],"yoast_head":"<!-- This site is optimized with the Yoast SEO plugin v24.6 - https:\/\/yoast.com\/wordpress\/plugins\/seo\/ -->\n<title>St\u00fcck Seife mit Teebaum\u00f6l - Uniest<\/title>\n<meta name=\"robots\" content=\"index, follow, max-snippet:-1, max-image-preview:large, max-video-preview:-1\" \/>\n<link rel=\"canonical\" href=\"https:\/\/uniest.it\/prodotto\/stueck-seife-mit-teebaumoel\/\" \/>\n<meta property=\"og:locale\" content=\"de_DE\" \/>\n<meta property=\"og:type\" content=\"article\" \/>\n<meta property=\"og:title\" content=\"St\u00fcck Seife mit Teebaum\u00f6l - Uniest\" \/>\n<meta property=\"og:description\" content=\"100 % pflanzliche Teebaumseife: mit reinem Kokos\u00f6l, hergestellt im klassischen Kaltmischverfahren. Ohne tierische Fette, Konservierungsstoffe und Allergene. N\u00e4gel sind h\u00e4ufig anf\u00e4llig f\u00fcr Pilzbefall. Das \u00e4therische Teebaum\u00f6l stellt dank seiner antimykotischen Eigenschaften eine wertvolle Hilfe dar. Angereichert mit Teebaum\u00f6l, das der Seife nicht nur die reinigenden Eigenschaften verleiht, sondern auch dermopurifizierende, nat\u00fcrliche antiseptische und desinfizierende Eigenschaften. [&hellip;]\" \/>\n<meta property=\"og:url\" content=\"https:\/\/uniest.it\/prodotto\/stueck-seife-mit-teebaumoel\/\" \/>\n<meta property=\"og:site_name\" content=\"Uniest\" \/>\n<meta name=\"twitter:card\" content=\"summary_large_image\" \/>\n<meta name=\"twitter:label1\" content=\"Gesch\u00e4tzte Lesezeit\" \/>\n\t<meta name=\"twitter:data1\" content=\"1\u00a0Minute\" \/>\n<script type=\"application\/ld+json\" class=\"yoast-schema-graph\">{\"@context\":\"https:\/\/schema.org\",\"@graph\":[{\"@type\":\"WebPage\",\"@id\":\"https:\/\/uniest.it\/prodotto\/stueck-seife-mit-teebaumoel\/\",\"url\":\"https:\/\/uniest.it\/prodotto\/stueck-seife-mit-teebaumoel\/\",\"name\":\"St\u00fcck Seife mit Teebaum\u00f6l - Uniest\",\"isPartOf\":{\"@id\":\"https:\/\/uniest.it\/#website\"},\"primaryImageOfPage\":{\"@id\":\"https:\/\/uniest.it\/prodotto\/stueck-seife-mit-teebaumoel\/#primaryimage\"},\"image\":{\"@id\":\"https:\/\/uniest.it\/prodotto\/stueck-seife-mit-teebaumoel\/#primaryimage\"},\"thumbnailUrl\":\"https:\/\/uniest.it\/wp-content\/uploads\/2020\/11\/017ZSA.png\",\"datePublished\":\"2024-10-29T17:55:33+00:00\",\"breadcrumb\":{\"@id\":\"https:\/\/uniest.it\/prodotto\/stueck-seife-mit-teebaumoel\/#breadcrumb\"},\"inLanguage\":\"de\",\"potentialAction\":[{\"@type\":\"ReadAction\",\"target\":[\"https:\/\/uniest.it\/prodotto\/stueck-seife-mit-teebaumoel\/\"]}]},{\"@type\":\"ImageObject\",\"inLanguage\":\"de\",\"@id\":\"https:\/\/uniest.it\/prodotto\/stueck-seife-mit-teebaumoel\/#primaryimage\",\"url\":\"https:\/\/uniest.it\/wp-content\/uploads\/2020\/11\/017ZSA.png\",\"contentUrl\":\"https:\/\/uniest.it\/wp-content\/uploads\/2020\/11\/017ZSA.png\",\"width\":1283,\"height\":2000},{\"@type\":\"BreadcrumbList\",\"@id\":\"https:\/\/uniest.it\/prodotto\/stueck-seife-mit-teebaumoel\/#breadcrumb\",\"itemListElement\":[{\"@type\":\"ListItem\",\"position\":1,\"name\":\"Home\",\"item\":\"https:\/\/uniest.it\/de\/\"},{\"@type\":\"ListItem\",\"position\":2,\"name\":\"Shop\",\"item\":\"https:\/\/uniest.it\/shop\/\"},{\"@type\":\"ListItem\",\"position\":3,\"name\":\"St\u00fcck Seife mit Teebaum\u00f6l\"}]},{\"@type\":\"WebSite\",\"@id\":\"https:\/\/uniest.it\/#website\",\"url\":\"https:\/\/uniest.it\/\",\"name\":\"Uniest\",\"description\":\"Cosmetici Naturali e Bio\",\"potentialAction\":[{\"@type\":\"SearchAction\",\"target\":{\"@type\":\"EntryPoint\",\"urlTemplate\":\"https:\/\/uniest.it\/?s={search_term_string}\"},\"query-input\":{\"@type\":\"PropertyValueSpecification\",\"valueRequired\":true,\"valueName\":\"search_term_string\"}}],\"inLanguage\":\"de\"}]}<\/script>\n<!-- \/ Yoast SEO plugin. -->","yoast_head_json":{"title":"St\u00fcck Seife mit Teebaum\u00f6l - Uniest","robots":{"index":"index","follow":"follow","max-snippet":"max-snippet:-1","max-image-preview":"max-image-preview:large","max-video-preview":"max-video-preview:-1"},"canonical":"https:\/\/uniest.it\/prodotto\/stueck-seife-mit-teebaumoel\/","og_locale":"de_DE","og_type":"article","og_title":"St\u00fcck Seife mit Teebaum\u00f6l - Uniest","og_description":"100 % pflanzliche Teebaumseife: mit reinem Kokos\u00f6l, hergestellt im klassischen Kaltmischverfahren. Ohne tierische Fette, Konservierungsstoffe und Allergene. N\u00e4gel sind h\u00e4ufig anf\u00e4llig f\u00fcr Pilzbefall. Das \u00e4therische Teebaum\u00f6l stellt dank seiner antimykotischen Eigenschaften eine wertvolle Hilfe dar. Angereichert mit Teebaum\u00f6l, das der Seife nicht nur die reinigenden Eigenschaften verleiht, sondern auch dermopurifizierende, nat\u00fcrliche antiseptische und desinfizierende Eigenschaften. [&hellip;]","og_url":"https:\/\/uniest.it\/prodotto\/stueck-seife-mit-teebaumoel\/","og_site_name":"Uniest","twitter_card":"summary_large_image","twitter_misc":{"Gesch\u00e4tzte Lesezeit":"1\u00a0Minute"},"schema":{"@context":"https:\/\/schema.org","@graph":[{"@type":"WebPage","@id":"https:\/\/uniest.it\/prodotto\/stueck-seife-mit-teebaumoel\/","url":"https:\/\/uniest.it\/prodotto\/stueck-seife-mit-teebaumoel\/","name":"St\u00fcck Seife mit Teebaum\u00f6l - Uniest","isPartOf":{"@id":"https:\/\/uniest.it\/#website"},"primaryImageOfPage":{"@id":"https:\/\/uniest.it\/prodotto\/stueck-seife-mit-teebaumoel\/#primaryimage"},"image":{"@id":"https:\/\/uniest.it\/prodotto\/stueck-seife-mit-teebaumoel\/#primaryimage"},"thumbnailUrl":"https:\/\/uniest.it\/wp-content\/uploads\/2020\/11\/017ZSA.png","datePublished":"2024-10-29T17:55:33+00:00","breadcrumb":{"@id":"https:\/\/uniest.it\/prodotto\/stueck-seife-mit-teebaumoel\/#breadcrumb"},"inLanguage":"de","potentialAction":[{"@type":"ReadAction","target":["https:\/\/uniest.it\/prodotto\/stueck-seife-mit-teebaumoel\/"]}]},{"@type":"ImageObject","inLanguage":"de","@id":"https:\/\/uniest.it\/prodotto\/stueck-seife-mit-teebaumoel\/#primaryimage","url":"https:\/\/uniest.it\/wp-content\/uploads\/2020\/11\/017ZSA.png","contentUrl":"https:\/\/uniest.it\/wp-content\/uploads\/2020\/11\/017ZSA.png","width":1283,"height":2000},{"@type":"BreadcrumbList","@id":"https:\/\/uniest.it\/prodotto\/stueck-seife-mit-teebaumoel\/#breadcrumb","itemListElement":[{"@type":"ListItem","position":1,"name":"Home","item":"https:\/\/uniest.it\/de\/"},{"@type":"ListItem","position":2,"name":"Shop","item":"https:\/\/uniest.it\/shop\/"},{"@type":"ListItem","position":3,"name":"St\u00fcck Seife mit Teebaum\u00f6l"}]},{"@type":"WebSite","@id":"https:\/\/uniest.it\/#website","url":"https:\/\/uniest.it\/","name":"Uniest","description":"Cosmetici Naturali e Bio","potentialAction":[{"@type":"SearchAction","target":{"@type":"EntryPoint","urlTemplate":"https:\/\/uniest.it\/?s={search_term_string}"},"query-input":{"@type":"PropertyValueSpecification","valueRequired":true,"valueName":"search_term_string"}}],"inLanguage":"de"}]}},"_links":{"self":[{"href":"https:\/\/uniest.it\/de\/wp-json\/wp\/v2\/product\/6949","targetHints":{"allow":["GET"]}}],"collection":[{"href":"https:\/\/uniest.it\/de\/wp-json\/wp\/v2\/product"}],"about":[{"href":"https:\/\/uniest.it\/de\/wp-json\/wp\/v2\/types\/product"}],"wp:featuredmedia":[{"embeddable":true,"href":"https:\/\/uniest.it\/de\/wp-json\/wp\/v2\/media\/6950"}],"wp:attachment":[{"href":"https:\/\/uniest.it\/de\/wp-json\/wp\/v2\/media?parent=6949"}],"wp:term":[{"taxonomy":"product_brand","embeddable":true,"href":"https:\/\/uniest.it\/de\/wp-json\/wp\/v2\/product_brand?post=6949"},{"taxonomy":"product_cat","embeddable":true,"href":"https:\/\/uniest.it\/de\/wp-json\/wp\/v2\/product_cat?post=6949"},{"taxonomy":"product_tag","embeddable":true,"href":"https:\/\/uniest.it\/de\/wp-json\/wp\/v2\/product_tag?post=6949"}],"curies":[{"name":"wp","href":"https:\/\/api.w.org\/{rel}","templated":true}]}}