{"id":6952,"date":"2024-10-29T18:55:33","date_gmt":"2024-10-29T17:55:33","guid":{"rendered":"https:\/\/uniest.it\/prodotto\/bockshornklee\/"},"modified":"2024-10-29T18:55:33","modified_gmt":"2024-10-29T17:55:33","slug":"bockshornklee","status":"publish","type":"product","link":"https:\/\/uniest.it\/de\/prodotto\/bockshornklee\/","title":{"rendered":"Bockshornklee"},"content":{"rendered":"<p>Bockshornklee: Es ist antiseptisch und entz\u00fcndungshemmend, hat erweichende und schleiml\u00f6sende Eigenschaften. Es ist st\u00e4rkend, tonisierend und beruhigend. Es ist auch eine Vitaminquelle, insbesondere enth\u00e4lt es Vitamin A, Vitamin C und Vitamine der Gruppe B. Es ist antiseptisch und entz\u00fcndungshemmend, hat erweichende und schleiml\u00f6sende Eigenschaften. Es ist erholsam, st\u00e4rkend und beruhigend. Bekannt als ausgezeichnetes nat\u00fcrliches St\u00e4rkungsmittel, bietet es in Wirklichkeit aber zahlreiche weitere Vorteile.<\/p>\n","protected":false},"excerpt":{"rendered":"<p>Bockshornklee: Es ist antiseptisch und entz\u00fcndungshemmend, hat erweichende und schleiml\u00f6sende Eigenschaften. Es ist st\u00e4rkend, tonisierend und beruhigend. Es ist auch eine Vitaminquelle, insbesondere enth\u00e4lt es Vitamin A, Vitamin C und Vitamine der Gruppe B. Es ist antiseptisch und entz\u00fcndungshemmend, hat erweichende und schleiml\u00f6sende Eigenschaften. Es ist erholsam, st\u00e4rkend und beruhigend. Bekannt als ausgezeichnetes nat\u00fcrliches St\u00e4rkungsmittel, [&hellip;]<\/p>\n","protected":false},"featured_media":6953,"template":"","meta":{"_acf_changed":false,"inline_featured_image":false},"product_brand":[],"product_cat":[1486],"product_tag":[],"class_list":{"0":"post-6952","1":"product","2":"type-product","3":"status-publish","4":"has-post-thumbnail","6":"product_beauty-anemia","7":"product_beauty-antinfiammatoria","8":"product_beauty-capelli","9":"product_beauty-cellulite","10":"product_beauty-colesterolo","11":"product_beauty-denti","12":"product_beauty-diabete","13":"product_beauty-insonnia","14":"product_beauty-intestino","15":"product_beauty-lenitivo","16":"product_beauty-menopausa","17":"product_beauty-mesturazioni","18":"product_beauty-metabolismo","19":"product_beauty-mineralizzante","20":"product_beauty-multivitaminico","21":"product_beauty-ossa","22":"product_beauty-perdita-peso","23":"product_beauty-rilassante","24":"product_beauty-sport","25":"product_beauty-stress","26":"product_beauty-unghie","27":"product_kind-integrazione-alimentare","28":"product_lines-benessere","29":"product_cat-benessere-de","30":"pa_size-50-de","32":"first","33":"outofstock","34":"taxable","35":"shipping-taxable","36":"purchasable","37":"product-type-simple"},"acf":[],"yoast_head":"<!-- This site is optimized with the Yoast SEO plugin v24.6 - https:\/\/yoast.com\/wordpress\/plugins\/seo\/ -->\n<title>Bockshornklee - Uniest<\/title>\n<meta name=\"robots\" content=\"index, follow, max-snippet:-1, max-image-preview:large, max-video-preview:-1\" \/>\n<link rel=\"canonical\" href=\"https:\/\/uniest.it\/prodotto\/bockshornklee\/\" \/>\n<meta property=\"og:locale\" content=\"de_DE\" \/>\n<meta property=\"og:type\" content=\"article\" \/>\n<meta property=\"og:title\" content=\"Bockshornklee - Uniest\" \/>\n<meta property=\"og:description\" content=\"Bockshornklee: Es ist antiseptisch und entz\u00fcndungshemmend, hat erweichende und schleiml\u00f6sende Eigenschaften. Es ist st\u00e4rkend, tonisierend und beruhigend. Es ist auch eine Vitaminquelle, insbesondere enth\u00e4lt es Vitamin A, Vitamin C und Vitamine der Gruppe B. Es ist antiseptisch und entz\u00fcndungshemmend, hat erweichende und schleiml\u00f6sende Eigenschaften. Es ist erholsam, st\u00e4rkend und beruhigend. Bekannt als ausgezeichnetes nat\u00fcrliches St\u00e4rkungsmittel, [&hellip;]\" \/>\n<meta property=\"og:url\" content=\"https:\/\/uniest.it\/prodotto\/bockshornklee\/\" \/>\n<meta property=\"og:site_name\" content=\"Uniest\" \/>\n<meta name=\"twitter:card\" content=\"summary_large_image\" \/>\n<script type=\"application\/ld+json\" class=\"yoast-schema-graph\">{\"@context\":\"https:\/\/schema.org\",\"@graph\":[{\"@type\":\"WebPage\",\"@id\":\"https:\/\/uniest.it\/prodotto\/bockshornklee\/\",\"url\":\"https:\/\/uniest.it\/prodotto\/bockshornklee\/\",\"name\":\"Bockshornklee - Uniest\",\"isPartOf\":{\"@id\":\"https:\/\/uniest.it\/#website\"},\"primaryImageOfPage\":{\"@id\":\"https:\/\/uniest.it\/prodotto\/bockshornklee\/#primaryimage\"},\"image\":{\"@id\":\"https:\/\/uniest.it\/prodotto\/bockshornklee\/#primaryimage\"},\"thumbnailUrl\":\"https:\/\/uniest.it\/wp-content\/uploads\/2020\/12\/017ZTM.png\",\"datePublished\":\"2024-10-29T17:55:33+00:00\",\"breadcrumb\":{\"@id\":\"https:\/\/uniest.it\/prodotto\/bockshornklee\/#breadcrumb\"},\"inLanguage\":\"de\",\"potentialAction\":[{\"@type\":\"ReadAction\",\"target\":[\"https:\/\/uniest.it\/prodotto\/bockshornklee\/\"]}]},{\"@type\":\"ImageObject\",\"inLanguage\":\"de\",\"@id\":\"https:\/\/uniest.it\/prodotto\/bockshornklee\/#primaryimage\",\"url\":\"https:\/\/uniest.it\/wp-content\/uploads\/2020\/12\/017ZTM.png\",\"contentUrl\":\"https:\/\/uniest.it\/wp-content\/uploads\/2020\/12\/017ZTM.png\",\"width\":1283,\"height\":2000},{\"@type\":\"BreadcrumbList\",\"@id\":\"https:\/\/uniest.it\/prodotto\/bockshornklee\/#breadcrumb\",\"itemListElement\":[{\"@type\":\"ListItem\",\"position\":1,\"name\":\"Home\",\"item\":\"https:\/\/uniest.it\/de\/\"},{\"@type\":\"ListItem\",\"position\":2,\"name\":\"Shop\",\"item\":\"https:\/\/uniest.it\/shop\/\"},{\"@type\":\"ListItem\",\"position\":3,\"name\":\"Bockshornklee\"}]},{\"@type\":\"WebSite\",\"@id\":\"https:\/\/uniest.it\/#website\",\"url\":\"https:\/\/uniest.it\/\",\"name\":\"Uniest\",\"description\":\"Cosmetici Naturali e Bio\",\"potentialAction\":[{\"@type\":\"SearchAction\",\"target\":{\"@type\":\"EntryPoint\",\"urlTemplate\":\"https:\/\/uniest.it\/?s={search_term_string}\"},\"query-input\":{\"@type\":\"PropertyValueSpecification\",\"valueRequired\":true,\"valueName\":\"search_term_string\"}}],\"inLanguage\":\"de\"}]}<\/script>\n<!-- \/ Yoast SEO plugin. -->","yoast_head_json":{"title":"Bockshornklee - Uniest","robots":{"index":"index","follow":"follow","max-snippet":"max-snippet:-1","max-image-preview":"max-image-preview:large","max-video-preview":"max-video-preview:-1"},"canonical":"https:\/\/uniest.it\/prodotto\/bockshornklee\/","og_locale":"de_DE","og_type":"article","og_title":"Bockshornklee - Uniest","og_description":"Bockshornklee: Es ist antiseptisch und entz\u00fcndungshemmend, hat erweichende und schleiml\u00f6sende Eigenschaften. Es ist st\u00e4rkend, tonisierend und beruhigend. Es ist auch eine Vitaminquelle, insbesondere enth\u00e4lt es Vitamin A, Vitamin C und Vitamine der Gruppe B. Es ist antiseptisch und entz\u00fcndungshemmend, hat erweichende und schleiml\u00f6sende Eigenschaften. Es ist erholsam, st\u00e4rkend und beruhigend. Bekannt als ausgezeichnetes nat\u00fcrliches St\u00e4rkungsmittel, [&hellip;]","og_url":"https:\/\/uniest.it\/prodotto\/bockshornklee\/","og_site_name":"Uniest","twitter_card":"summary_large_image","schema":{"@context":"https:\/\/schema.org","@graph":[{"@type":"WebPage","@id":"https:\/\/uniest.it\/prodotto\/bockshornklee\/","url":"https:\/\/uniest.it\/prodotto\/bockshornklee\/","name":"Bockshornklee - Uniest","isPartOf":{"@id":"https:\/\/uniest.it\/#website"},"primaryImageOfPage":{"@id":"https:\/\/uniest.it\/prodotto\/bockshornklee\/#primaryimage"},"image":{"@id":"https:\/\/uniest.it\/prodotto\/bockshornklee\/#primaryimage"},"thumbnailUrl":"https:\/\/uniest.it\/wp-content\/uploads\/2020\/12\/017ZTM.png","datePublished":"2024-10-29T17:55:33+00:00","breadcrumb":{"@id":"https:\/\/uniest.it\/prodotto\/bockshornklee\/#breadcrumb"},"inLanguage":"de","potentialAction":[{"@type":"ReadAction","target":["https:\/\/uniest.it\/prodotto\/bockshornklee\/"]}]},{"@type":"ImageObject","inLanguage":"de","@id":"https:\/\/uniest.it\/prodotto\/bockshornklee\/#primaryimage","url":"https:\/\/uniest.it\/wp-content\/uploads\/2020\/12\/017ZTM.png","contentUrl":"https:\/\/uniest.it\/wp-content\/uploads\/2020\/12\/017ZTM.png","width":1283,"height":2000},{"@type":"BreadcrumbList","@id":"https:\/\/uniest.it\/prodotto\/bockshornklee\/#breadcrumb","itemListElement":[{"@type":"ListItem","position":1,"name":"Home","item":"https:\/\/uniest.it\/de\/"},{"@type":"ListItem","position":2,"name":"Shop","item":"https:\/\/uniest.it\/shop\/"},{"@type":"ListItem","position":3,"name":"Bockshornklee"}]},{"@type":"WebSite","@id":"https:\/\/uniest.it\/#website","url":"https:\/\/uniest.it\/","name":"Uniest","description":"Cosmetici Naturali e Bio","potentialAction":[{"@type":"SearchAction","target":{"@type":"EntryPoint","urlTemplate":"https:\/\/uniest.it\/?s={search_term_string}"},"query-input":{"@type":"PropertyValueSpecification","valueRequired":true,"valueName":"search_term_string"}}],"inLanguage":"de"}]}},"_links":{"self":[{"href":"https:\/\/uniest.it\/de\/wp-json\/wp\/v2\/product\/6952","targetHints":{"allow":["GET"]}}],"collection":[{"href":"https:\/\/uniest.it\/de\/wp-json\/wp\/v2\/product"}],"about":[{"href":"https:\/\/uniest.it\/de\/wp-json\/wp\/v2\/types\/product"}],"wp:featuredmedia":[{"embeddable":true,"href":"https:\/\/uniest.it\/de\/wp-json\/wp\/v2\/media\/6953"}],"wp:attachment":[{"href":"https:\/\/uniest.it\/de\/wp-json\/wp\/v2\/media?parent=6952"}],"wp:term":[{"taxonomy":"product_brand","embeddable":true,"href":"https:\/\/uniest.it\/de\/wp-json\/wp\/v2\/product_brand?post=6952"},{"taxonomy":"product_cat","embeddable":true,"href":"https:\/\/uniest.it\/de\/wp-json\/wp\/v2\/product_cat?post=6952"},{"taxonomy":"product_tag","embeddable":true,"href":"https:\/\/uniest.it\/de\/wp-json\/wp\/v2\/product_tag?post=6952"}],"curies":[{"name":"wp","href":"https:\/\/api.w.org\/{rel}","templated":true}]}}