{"id":6958,"date":"2024-10-29T18:55:34","date_gmt":"2024-10-29T17:55:34","guid":{"rendered":"https:\/\/uniest.it\/prodotto\/blaubeere\/"},"modified":"2024-10-29T18:55:34","modified_gmt":"2024-10-29T17:55:34","slug":"blaubeere","status":"publish","type":"product","link":"https:\/\/uniest.it\/de\/prodotto\/blaubeere\/","title":{"rendered":"Blaubeere"},"content":{"rendered":"<p>Blaubeer-Urtinktur hilft bei Durchblutungsst\u00f6rungen und Kapillarbr\u00fcchigkeit sowie bei Seh- und Darmst\u00f6rungen. Dank ihrer antioxidativen, entz\u00fcndungshemmenden und gef\u00e4\u00dferweiternden Eigenschaften hilft Heidelbeere bei der Behandlung von Erkrankungen des Herz-Kreislauf-Systems. In der Kr\u00e4utermedizin und Phytotherapie werden verschiedene Teile verwendet; Zur Herstellung der Blaubeer-Urtinktur werden frische Beeren und Bl\u00e4tter verwendet. Heidelbeeren enthalten viele organische S\u00e4uren (\u00c4pfels\u00e4ure, Zitronens\u00e4ure usw.), Zucker, Tannine, Pektin, die Vitamine A, C und in geringeren Mengen die Vitamine B1, B2, PP und Anthocyan-Glykoside (Myrtillin). Schlie\u00dflich finden wir f\u00fcr unseren K\u00f6rper lebenswichtige Mineralsalze (Kalzium, Phosphor, Eisen, Natrium und Kalium), die die antioxidative Wirkung verst\u00e4rken. Die kapillarsch\u00fctzende Eigenschaft kommt genau dank der Anthocyane zum Ausdruck, wobei die Blaubeere dabei mitwirkt, die Aktivit\u00e4t einiger Enzyme zu blockieren, die Kollagen und das elastische Gewebe der Kapillaren und Gef\u00e4\u00dfe des peripheren Kreislaufsystems zerst\u00f6ren und diese sch\u00fctzen. Diese Substanzen beg\u00fcnstigen und beschleunigen auch die Regenerationsgeschwindigkeit der retinalen Purpura der Augen, dem Pigment der Netzhaut, das f\u00fcr das Sehen bei schlechten Lichtverh\u00e4ltnissen unerl\u00e4sslich ist, und sch\u00e4rfen das Sehverm\u00f6gen insbesondere abends, wenn wenig Licht vorhanden ist. Schlie\u00dflich haben sie eine antiseptische Wirkung, die bei der Behandlung von Durchfall, Koliken und Blasenentz\u00fcndung n\u00fctzlich ist.<\/p>\n","protected":false},"excerpt":{"rendered":"<p>Blaubeer-Urtinktur hilft bei Durchblutungsst\u00f6rungen und Kapillarbr\u00fcchigkeit sowie bei Seh- und Darmst\u00f6rungen. Dank ihrer antioxidativen, entz\u00fcndungshemmenden und gef\u00e4\u00dferweiternden Eigenschaften hilft Heidelbeere bei der Behandlung von Erkrankungen des Herz-Kreislauf-Systems. In der Kr\u00e4utermedizin und Phytotherapie werden verschiedene Teile verwendet; Zur Herstellung der Blaubeer-Urtinktur werden frische Beeren und Bl\u00e4tter verwendet. Heidelbeeren enthalten viele organische S\u00e4uren (\u00c4pfels\u00e4ure, Zitronens\u00e4ure usw.), Zucker, [&hellip;]<\/p>\n","protected":false},"featured_media":6959,"template":"","meta":{"_acf_changed":false,"inline_featured_image":false},"product_brand":[],"product_cat":[1486],"product_tag":[],"class_list":{"0":"post-6958","1":"product","2":"type-product","3":"status-publish","4":"has-post-thumbnail","6":"product_beauty-allergia","7":"product_beauty-antinfiammatoria","8":"product_beauty-antiossidante","9":"product_beauty-capelli","10":"product_beauty-cellulite","11":"product_beauty-circolazione","12":"product_beauty-digestivo","13":"product_beauty-insufficienza-venosa","14":"product_beauty-intestino","15":"product_beauty-lenitivo","16":"product_beauty-memoria","17":"product_beauty-mineralizzante","18":"product_beauty-multivitaminico","19":"product_beauty-perdita-peso","20":"product_beauty-pressione","21":"product_beauty-tratto-urinario","22":"product_beauty-unghie","23":"product_beauty-vista","24":"product_kind-integrazione-alimentare","25":"product_lines-benessere","26":"product_cat-benessere-de","27":"pa_size-50-de","29":"first","30":"outofstock","31":"taxable","32":"shipping-taxable","33":"purchasable","34":"product-type-simple"},"acf":[],"yoast_head":"<!-- This site is optimized with the Yoast SEO plugin v24.6 - https:\/\/yoast.com\/wordpress\/plugins\/seo\/ -->\n<title>Blaubeere - Uniest<\/title>\n<meta name=\"robots\" content=\"index, follow, max-snippet:-1, max-image-preview:large, max-video-preview:-1\" \/>\n<link rel=\"canonical\" href=\"https:\/\/uniest.it\/prodotto\/blaubeere\/\" \/>\n<meta property=\"og:locale\" content=\"de_DE\" \/>\n<meta property=\"og:type\" content=\"article\" \/>\n<meta property=\"og:title\" content=\"Blaubeere - Uniest\" \/>\n<meta property=\"og:description\" content=\"Blaubeer-Urtinktur hilft bei Durchblutungsst\u00f6rungen und Kapillarbr\u00fcchigkeit sowie bei Seh- und Darmst\u00f6rungen. Dank ihrer antioxidativen, entz\u00fcndungshemmenden und gef\u00e4\u00dferweiternden Eigenschaften hilft Heidelbeere bei der Behandlung von Erkrankungen des Herz-Kreislauf-Systems. In der Kr\u00e4utermedizin und Phytotherapie werden verschiedene Teile verwendet; Zur Herstellung der Blaubeer-Urtinktur werden frische Beeren und Bl\u00e4tter verwendet. Heidelbeeren enthalten viele organische S\u00e4uren (\u00c4pfels\u00e4ure, Zitronens\u00e4ure usw.), Zucker, [&hellip;]\" \/>\n<meta property=\"og:url\" content=\"https:\/\/uniest.it\/prodotto\/blaubeere\/\" \/>\n<meta property=\"og:site_name\" content=\"Uniest\" \/>\n<meta name=\"twitter:card\" content=\"summary_large_image\" \/>\n<meta name=\"twitter:label1\" content=\"Gesch\u00e4tzte Lesezeit\" \/>\n\t<meta name=\"twitter:data1\" content=\"1\u00a0Minute\" \/>\n<script type=\"application\/ld+json\" class=\"yoast-schema-graph\">{\"@context\":\"https:\/\/schema.org\",\"@graph\":[{\"@type\":\"WebPage\",\"@id\":\"https:\/\/uniest.it\/prodotto\/blaubeere\/\",\"url\":\"https:\/\/uniest.it\/prodotto\/blaubeere\/\",\"name\":\"Blaubeere - Uniest\",\"isPartOf\":{\"@id\":\"https:\/\/uniest.it\/#website\"},\"primaryImageOfPage\":{\"@id\":\"https:\/\/uniest.it\/prodotto\/blaubeere\/#primaryimage\"},\"image\":{\"@id\":\"https:\/\/uniest.it\/prodotto\/blaubeere\/#primaryimage\"},\"thumbnailUrl\":\"https:\/\/uniest.it\/wp-content\/uploads\/2020\/12\/018ZTM.png\",\"datePublished\":\"2024-10-29T17:55:34+00:00\",\"breadcrumb\":{\"@id\":\"https:\/\/uniest.it\/prodotto\/blaubeere\/#breadcrumb\"},\"inLanguage\":\"de\",\"potentialAction\":[{\"@type\":\"ReadAction\",\"target\":[\"https:\/\/uniest.it\/prodotto\/blaubeere\/\"]}]},{\"@type\":\"ImageObject\",\"inLanguage\":\"de\",\"@id\":\"https:\/\/uniest.it\/prodotto\/blaubeere\/#primaryimage\",\"url\":\"https:\/\/uniest.it\/wp-content\/uploads\/2020\/12\/018ZTM.png\",\"contentUrl\":\"https:\/\/uniest.it\/wp-content\/uploads\/2020\/12\/018ZTM.png\",\"width\":1283,\"height\":2000},{\"@type\":\"BreadcrumbList\",\"@id\":\"https:\/\/uniest.it\/prodotto\/blaubeere\/#breadcrumb\",\"itemListElement\":[{\"@type\":\"ListItem\",\"position\":1,\"name\":\"Home\",\"item\":\"https:\/\/uniest.it\/de\/\"},{\"@type\":\"ListItem\",\"position\":2,\"name\":\"Shop\",\"item\":\"https:\/\/uniest.it\/shop\/\"},{\"@type\":\"ListItem\",\"position\":3,\"name\":\"Blaubeere\"}]},{\"@type\":\"WebSite\",\"@id\":\"https:\/\/uniest.it\/#website\",\"url\":\"https:\/\/uniest.it\/\",\"name\":\"Uniest\",\"description\":\"Cosmetici Naturali e Bio\",\"potentialAction\":[{\"@type\":\"SearchAction\",\"target\":{\"@type\":\"EntryPoint\",\"urlTemplate\":\"https:\/\/uniest.it\/?s={search_term_string}\"},\"query-input\":{\"@type\":\"PropertyValueSpecification\",\"valueRequired\":true,\"valueName\":\"search_term_string\"}}],\"inLanguage\":\"de\"}]}<\/script>\n<!-- \/ Yoast SEO plugin. -->","yoast_head_json":{"title":"Blaubeere - Uniest","robots":{"index":"index","follow":"follow","max-snippet":"max-snippet:-1","max-image-preview":"max-image-preview:large","max-video-preview":"max-video-preview:-1"},"canonical":"https:\/\/uniest.it\/prodotto\/blaubeere\/","og_locale":"de_DE","og_type":"article","og_title":"Blaubeere - Uniest","og_description":"Blaubeer-Urtinktur hilft bei Durchblutungsst\u00f6rungen und Kapillarbr\u00fcchigkeit sowie bei Seh- und Darmst\u00f6rungen. Dank ihrer antioxidativen, entz\u00fcndungshemmenden und gef\u00e4\u00dferweiternden Eigenschaften hilft Heidelbeere bei der Behandlung von Erkrankungen des Herz-Kreislauf-Systems. In der Kr\u00e4utermedizin und Phytotherapie werden verschiedene Teile verwendet; Zur Herstellung der Blaubeer-Urtinktur werden frische Beeren und Bl\u00e4tter verwendet. Heidelbeeren enthalten viele organische S\u00e4uren (\u00c4pfels\u00e4ure, Zitronens\u00e4ure usw.), Zucker, [&hellip;]","og_url":"https:\/\/uniest.it\/prodotto\/blaubeere\/","og_site_name":"Uniest","twitter_card":"summary_large_image","twitter_misc":{"Gesch\u00e4tzte Lesezeit":"1\u00a0Minute"},"schema":{"@context":"https:\/\/schema.org","@graph":[{"@type":"WebPage","@id":"https:\/\/uniest.it\/prodotto\/blaubeere\/","url":"https:\/\/uniest.it\/prodotto\/blaubeere\/","name":"Blaubeere - Uniest","isPartOf":{"@id":"https:\/\/uniest.it\/#website"},"primaryImageOfPage":{"@id":"https:\/\/uniest.it\/prodotto\/blaubeere\/#primaryimage"},"image":{"@id":"https:\/\/uniest.it\/prodotto\/blaubeere\/#primaryimage"},"thumbnailUrl":"https:\/\/uniest.it\/wp-content\/uploads\/2020\/12\/018ZTM.png","datePublished":"2024-10-29T17:55:34+00:00","breadcrumb":{"@id":"https:\/\/uniest.it\/prodotto\/blaubeere\/#breadcrumb"},"inLanguage":"de","potentialAction":[{"@type":"ReadAction","target":["https:\/\/uniest.it\/prodotto\/blaubeere\/"]}]},{"@type":"ImageObject","inLanguage":"de","@id":"https:\/\/uniest.it\/prodotto\/blaubeere\/#primaryimage","url":"https:\/\/uniest.it\/wp-content\/uploads\/2020\/12\/018ZTM.png","contentUrl":"https:\/\/uniest.it\/wp-content\/uploads\/2020\/12\/018ZTM.png","width":1283,"height":2000},{"@type":"BreadcrumbList","@id":"https:\/\/uniest.it\/prodotto\/blaubeere\/#breadcrumb","itemListElement":[{"@type":"ListItem","position":1,"name":"Home","item":"https:\/\/uniest.it\/de\/"},{"@type":"ListItem","position":2,"name":"Shop","item":"https:\/\/uniest.it\/shop\/"},{"@type":"ListItem","position":3,"name":"Blaubeere"}]},{"@type":"WebSite","@id":"https:\/\/uniest.it\/#website","url":"https:\/\/uniest.it\/","name":"Uniest","description":"Cosmetici Naturali e Bio","potentialAction":[{"@type":"SearchAction","target":{"@type":"EntryPoint","urlTemplate":"https:\/\/uniest.it\/?s={search_term_string}"},"query-input":{"@type":"PropertyValueSpecification","valueRequired":true,"valueName":"search_term_string"}}],"inLanguage":"de"}]}},"_links":{"self":[{"href":"https:\/\/uniest.it\/de\/wp-json\/wp\/v2\/product\/6958","targetHints":{"allow":["GET"]}}],"collection":[{"href":"https:\/\/uniest.it\/de\/wp-json\/wp\/v2\/product"}],"about":[{"href":"https:\/\/uniest.it\/de\/wp-json\/wp\/v2\/types\/product"}],"wp:featuredmedia":[{"embeddable":true,"href":"https:\/\/uniest.it\/de\/wp-json\/wp\/v2\/media\/6959"}],"wp:attachment":[{"href":"https:\/\/uniest.it\/de\/wp-json\/wp\/v2\/media?parent=6958"}],"wp:term":[{"taxonomy":"product_brand","embeddable":true,"href":"https:\/\/uniest.it\/de\/wp-json\/wp\/v2\/product_brand?post=6958"},{"taxonomy":"product_cat","embeddable":true,"href":"https:\/\/uniest.it\/de\/wp-json\/wp\/v2\/product_cat?post=6958"},{"taxonomy":"product_tag","embeddable":true,"href":"https:\/\/uniest.it\/de\/wp-json\/wp\/v2\/product_tag?post=6958"}],"curies":[{"name":"wp","href":"https:\/\/api.w.org\/{rel}","templated":true}]}}