{"id":6961,"date":"2021-02-04T12:57:44","date_gmt":"2024-10-29T17:55:35","guid":{"rendered":"https:\/\/uniest.it\/prodotto\/ingwer-revitalisierungscreme-30-ml\/"},"modified":"2024-10-29T18:55:35","modified_gmt":"2024-10-29T17:55:35","slug":"ingwer-revitalisierungscreme-30-ml","status":"publish","type":"product","link":"https:\/\/uniest.it\/de\/prodotto\/ingwer-revitalisierungscreme-30-ml\/","title":{"rendered":"Ingwer-Revitalisierungscreme \u2013 30 ml"},"content":{"rendered":"<p>Zarte Creme auf Basis des wertvollen Ingwer-Pflanzenextrakts und reinem \u00e4therischen Ingwer\u00f6l. Ingwer ist ein wertvoller Helfer bei allen Muskelschmerzen, R\u00fcckenschmerzen und\/oder Schmerzen durch Zerrungen oder Verstauchungen, da er die Muskeln entspannt und gleichzeitig die Haut strafft, ohne sie fettig zu machen. Seine Verwendung in kalten Klimazonen dient dazu, das Wachstum von Frostbeulen zu verhindern; w\u00e4hrend seine t\u00e4gliche Anwendung die allgemeine Verbesserung von Flecken und Narben im Gesicht f\u00f6rdert. Daher besonders f\u00fcr gestresste und zu Akne neigende Hauttypen zu empfehlen.<\/p>\n","protected":false},"excerpt":{"rendered":"<p>Zarte Creme auf Basis des wertvollen Ingwer-Pflanzenextrakts und reinem \u00e4therischen Ingwer\u00f6l. Ingwer ist ein wertvoller Helfer bei allen Muskelschmerzen, R\u00fcckenschmerzen und\/oder Schmerzen durch Zerrungen oder Verstauchungen, da er die Muskeln entspannt und gleichzeitig die Haut strafft, ohne sie fettig zu machen. Seine Verwendung in kalten Klimazonen dient dazu, das Wachstum von Frostbeulen zu verhindern; w\u00e4hrend [&hellip;]<\/p>\n","protected":false},"featured_media":6962,"template":"","meta":{"_acf_changed":false,"inline_featured_image":false},"product_brand":[],"product_cat":[1497,1493,1489,1496],"product_tag":[],"class_list":{"0":"post-6961","1":"product","2":"type-product","3":"status-publish","4":"has-post-thumbnail","6":"product_beauty-antirughe","7":"product_beauty-idratare","8":"product_beauty-nutrire-e-rigenerare","9":"product_skin-tutte-le-pelli","10":"product_kind-creme-antieta-e-prime-rughe","11":"product_kind-i-rimedi-dalla-natura","12":"product_kind-trattamenti-speciali","13":"product_kind-tutte-le-creme-corpo","14":"product_kind-tutte-le-creme-viso","15":"product_lines-i-rimedi-dalla-natura","16":"product_cat-viso-de","17":"product_cat-mani-e-piedi-de","18":"product_cat-corpo-de","19":"product_cat-uomo-de","20":"pa_size-30-de","22":"first","23":"instock","24":"taxable","25":"shipping-taxable","26":"purchasable","27":"product-type-simple"},"acf":[],"yoast_head":"<!-- This site is optimized with the Yoast SEO plugin v24.6 - https:\/\/yoast.com\/wordpress\/plugins\/seo\/ -->\n<title>Ingwer-Revitalisierungscreme \u2013 30 ml - Uniest<\/title>\n<meta name=\"robots\" content=\"index, follow, max-snippet:-1, max-image-preview:large, max-video-preview:-1\" \/>\n<link rel=\"canonical\" href=\"https:\/\/uniest.it\/prodotto\/ingwer-revitalisierungscreme-30-ml\/\" \/>\n<meta property=\"og:locale\" content=\"de_DE\" \/>\n<meta property=\"og:type\" content=\"article\" \/>\n<meta property=\"og:title\" content=\"Ingwer-Revitalisierungscreme \u2013 30 ml - Uniest\" \/>\n<meta property=\"og:description\" content=\"Zarte Creme auf Basis des wertvollen Ingwer-Pflanzenextrakts und reinem \u00e4therischen Ingwer\u00f6l. Ingwer ist ein wertvoller Helfer bei allen Muskelschmerzen, R\u00fcckenschmerzen und\/oder Schmerzen durch Zerrungen oder Verstauchungen, da er die Muskeln entspannt und gleichzeitig die Haut strafft, ohne sie fettig zu machen. Seine Verwendung in kalten Klimazonen dient dazu, das Wachstum von Frostbeulen zu verhindern; w\u00e4hrend [&hellip;]\" \/>\n<meta property=\"og:url\" content=\"https:\/\/uniest.it\/prodotto\/ingwer-revitalisierungscreme-30-ml\/\" \/>\n<meta property=\"og:site_name\" content=\"Uniest\" \/>\n<meta name=\"twitter:card\" content=\"summary_large_image\" \/>\n<script type=\"application\/ld+json\" class=\"yoast-schema-graph\">{\"@context\":\"https:\/\/schema.org\",\"@graph\":[{\"@type\":\"WebPage\",\"@id\":\"https:\/\/uniest.it\/prodotto\/ingwer-revitalisierungscreme-30-ml\/\",\"url\":\"https:\/\/uniest.it\/prodotto\/ingwer-revitalisierungscreme-30-ml\/\",\"name\":\"Ingwer-Revitalisierungscreme \u2013 30 ml - Uniest\",\"isPartOf\":{\"@id\":\"https:\/\/uniest.it\/#website\"},\"primaryImageOfPage\":{\"@id\":\"https:\/\/uniest.it\/prodotto\/ingwer-revitalisierungscreme-30-ml\/#primaryimage\"},\"image\":{\"@id\":\"https:\/\/uniest.it\/prodotto\/ingwer-revitalisierungscreme-30-ml\/#primaryimage\"},\"thumbnailUrl\":\"https:\/\/uniest.it\/wp-content\/uploads\/2021\/01\/019AAE.png\",\"datePublished\":\"2024-10-29T17:55:35+00:00\",\"breadcrumb\":{\"@id\":\"https:\/\/uniest.it\/prodotto\/ingwer-revitalisierungscreme-30-ml\/#breadcrumb\"},\"inLanguage\":\"de\",\"potentialAction\":[{\"@type\":\"ReadAction\",\"target\":[\"https:\/\/uniest.it\/prodotto\/ingwer-revitalisierungscreme-30-ml\/\"]}]},{\"@type\":\"ImageObject\",\"inLanguage\":\"de\",\"@id\":\"https:\/\/uniest.it\/prodotto\/ingwer-revitalisierungscreme-30-ml\/#primaryimage\",\"url\":\"https:\/\/uniest.it\/wp-content\/uploads\/2021\/01\/019AAE.png\",\"contentUrl\":\"https:\/\/uniest.it\/wp-content\/uploads\/2021\/01\/019AAE.png\",\"width\":1283,\"height\":2000},{\"@type\":\"BreadcrumbList\",\"@id\":\"https:\/\/uniest.it\/prodotto\/ingwer-revitalisierungscreme-30-ml\/#breadcrumb\",\"itemListElement\":[{\"@type\":\"ListItem\",\"position\":1,\"name\":\"Home\",\"item\":\"https:\/\/uniest.it\/de\/\"},{\"@type\":\"ListItem\",\"position\":2,\"name\":\"Shop\",\"item\":\"https:\/\/uniest.it\/shop\/\"},{\"@type\":\"ListItem\",\"position\":3,\"name\":\"Ingwer-Revitalisierungscreme \u2013 30 ml\"}]},{\"@type\":\"WebSite\",\"@id\":\"https:\/\/uniest.it\/#website\",\"url\":\"https:\/\/uniest.it\/\",\"name\":\"Uniest\",\"description\":\"Cosmetici Naturali e Bio\",\"potentialAction\":[{\"@type\":\"SearchAction\",\"target\":{\"@type\":\"EntryPoint\",\"urlTemplate\":\"https:\/\/uniest.it\/?s={search_term_string}\"},\"query-input\":{\"@type\":\"PropertyValueSpecification\",\"valueRequired\":true,\"valueName\":\"search_term_string\"}}],\"inLanguage\":\"de\"}]}<\/script>\n<!-- \/ Yoast SEO plugin. -->","yoast_head_json":{"title":"Ingwer-Revitalisierungscreme \u2013 30 ml - Uniest","robots":{"index":"index","follow":"follow","max-snippet":"max-snippet:-1","max-image-preview":"max-image-preview:large","max-video-preview":"max-video-preview:-1"},"canonical":"https:\/\/uniest.it\/prodotto\/ingwer-revitalisierungscreme-30-ml\/","og_locale":"de_DE","og_type":"article","og_title":"Ingwer-Revitalisierungscreme \u2013 30 ml - Uniest","og_description":"Zarte Creme auf Basis des wertvollen Ingwer-Pflanzenextrakts und reinem \u00e4therischen Ingwer\u00f6l. Ingwer ist ein wertvoller Helfer bei allen Muskelschmerzen, R\u00fcckenschmerzen und\/oder Schmerzen durch Zerrungen oder Verstauchungen, da er die Muskeln entspannt und gleichzeitig die Haut strafft, ohne sie fettig zu machen. Seine Verwendung in kalten Klimazonen dient dazu, das Wachstum von Frostbeulen zu verhindern; w\u00e4hrend [&hellip;]","og_url":"https:\/\/uniest.it\/prodotto\/ingwer-revitalisierungscreme-30-ml\/","og_site_name":"Uniest","twitter_card":"summary_large_image","schema":{"@context":"https:\/\/schema.org","@graph":[{"@type":"WebPage","@id":"https:\/\/uniest.it\/prodotto\/ingwer-revitalisierungscreme-30-ml\/","url":"https:\/\/uniest.it\/prodotto\/ingwer-revitalisierungscreme-30-ml\/","name":"Ingwer-Revitalisierungscreme \u2013 30 ml - Uniest","isPartOf":{"@id":"https:\/\/uniest.it\/#website"},"primaryImageOfPage":{"@id":"https:\/\/uniest.it\/prodotto\/ingwer-revitalisierungscreme-30-ml\/#primaryimage"},"image":{"@id":"https:\/\/uniest.it\/prodotto\/ingwer-revitalisierungscreme-30-ml\/#primaryimage"},"thumbnailUrl":"https:\/\/uniest.it\/wp-content\/uploads\/2021\/01\/019AAE.png","datePublished":"2024-10-29T17:55:35+00:00","breadcrumb":{"@id":"https:\/\/uniest.it\/prodotto\/ingwer-revitalisierungscreme-30-ml\/#breadcrumb"},"inLanguage":"de","potentialAction":[{"@type":"ReadAction","target":["https:\/\/uniest.it\/prodotto\/ingwer-revitalisierungscreme-30-ml\/"]}]},{"@type":"ImageObject","inLanguage":"de","@id":"https:\/\/uniest.it\/prodotto\/ingwer-revitalisierungscreme-30-ml\/#primaryimage","url":"https:\/\/uniest.it\/wp-content\/uploads\/2021\/01\/019AAE.png","contentUrl":"https:\/\/uniest.it\/wp-content\/uploads\/2021\/01\/019AAE.png","width":1283,"height":2000},{"@type":"BreadcrumbList","@id":"https:\/\/uniest.it\/prodotto\/ingwer-revitalisierungscreme-30-ml\/#breadcrumb","itemListElement":[{"@type":"ListItem","position":1,"name":"Home","item":"https:\/\/uniest.it\/de\/"},{"@type":"ListItem","position":2,"name":"Shop","item":"https:\/\/uniest.it\/shop\/"},{"@type":"ListItem","position":3,"name":"Ingwer-Revitalisierungscreme \u2013 30 ml"}]},{"@type":"WebSite","@id":"https:\/\/uniest.it\/#website","url":"https:\/\/uniest.it\/","name":"Uniest","description":"Cosmetici Naturali e Bio","potentialAction":[{"@type":"SearchAction","target":{"@type":"EntryPoint","urlTemplate":"https:\/\/uniest.it\/?s={search_term_string}"},"query-input":{"@type":"PropertyValueSpecification","valueRequired":true,"valueName":"search_term_string"}}],"inLanguage":"de"}]}},"_links":{"self":[{"href":"https:\/\/uniest.it\/de\/wp-json\/wp\/v2\/product\/6961","targetHints":{"allow":["GET"]}}],"collection":[{"href":"https:\/\/uniest.it\/de\/wp-json\/wp\/v2\/product"}],"about":[{"href":"https:\/\/uniest.it\/de\/wp-json\/wp\/v2\/types\/product"}],"wp:featuredmedia":[{"embeddable":true,"href":"https:\/\/uniest.it\/de\/wp-json\/wp\/v2\/media\/6962"}],"wp:attachment":[{"href":"https:\/\/uniest.it\/de\/wp-json\/wp\/v2\/media?parent=6961"}],"wp:term":[{"taxonomy":"product_brand","embeddable":true,"href":"https:\/\/uniest.it\/de\/wp-json\/wp\/v2\/product_brand?post=6961"},{"taxonomy":"product_cat","embeddable":true,"href":"https:\/\/uniest.it\/de\/wp-json\/wp\/v2\/product_cat?post=6961"},{"taxonomy":"product_tag","embeddable":true,"href":"https:\/\/uniest.it\/de\/wp-json\/wp\/v2\/product_tag?post=6961"}],"curies":[{"name":"wp","href":"https:\/\/api.w.org\/{rel}","templated":true}]}}