{"id":6963,"date":"2021-02-04T12:57:44","date_gmt":"2024-10-29T17:55:35","guid":{"rendered":"https:\/\/uniest.it\/prodotto\/weisses-moschus-seifenstueck\/"},"modified":"2024-10-29T18:55:35","modified_gmt":"2024-10-29T17:55:35","slug":"weisses-moschus-seifenstueck","status":"publish","type":"product","link":"https:\/\/uniest.it\/de\/prodotto\/weisses-moschus-seifenstueck\/","title":{"rendered":"Wei\u00dfes Moschus-Seifenst\u00fcck"},"content":{"rendered":"<p>100 % pflanzliche Seife mit wei\u00dfem Moschus, reinem Kokos\u00f6l, hergestellt im klassischen Kaltmischverfahren. Diese Methode erm\u00f6glicht es, dank der niedrigen Temperatur, die Wirkstoffe der verwendeten Substanzen unver\u00e4ndert zu lassen. Zarte Naturseife mit reinigenden, pflegenden und beruhigenden Eigenschaften. Mit seinem zarten Duft nach der Essenz von wei\u00dfem Moschus eignet es sich perfekt f\u00fcr Gesicht und K\u00f6rper, ist reich an Schaum und macht die Haut weich und samtig. F\u00fcr alle Hauttypen geeignet; f\u00fcr diejenigen, die ein Reinigungsprodukt mit nicht aggressiver Wirkung suchen; f\u00fcr diejenigen, die den Duft von wei\u00dfem Moschus lieben.<\/p>\n","protected":false},"excerpt":{"rendered":"<p>100 % pflanzliche Seife mit wei\u00dfem Moschus, reinem Kokos\u00f6l, hergestellt im klassischen Kaltmischverfahren. Diese Methode erm\u00f6glicht es, dank der niedrigen Temperatur, die Wirkstoffe der verwendeten Substanzen unver\u00e4ndert zu lassen. Zarte Naturseife mit reinigenden, pflegenden und beruhigenden Eigenschaften. Mit seinem zarten Duft nach der Essenz von wei\u00dfem Moschus eignet es sich perfekt f\u00fcr Gesicht und K\u00f6rper, [&hellip;]<\/p>\n","protected":false},"featured_media":6964,"template":"","meta":{"_acf_changed":false,"inline_featured_image":false},"product_brand":[],"product_cat":[1497,1493,1489],"product_tag":[],"class_list":{"0":"post-6963","1":"product","2":"type-product","3":"status-publish","4":"has-post-thumbnail","6":"product_beauty-aromatizzare-e-profumare","7":"product_beauty-detergere","8":"product_beauty-idratare","9":"product_skin-tutte-le-pelli","10":"product_kind-bagno","11":"product_kind-doccia","12":"product_kind-shampoo-e-detergenza","13":"product_lines-saponi-vegetali","14":"product_cat-viso-de","15":"product_cat-mani-e-piedi-de","16":"product_cat-corpo-de","17":"pa_size-100-gr-de","19":"first","20":"outofstock","21":"taxable","22":"shipping-taxable","23":"purchasable","24":"product-type-simple"},"acf":[],"yoast_head":"<!-- This site is optimized with the Yoast SEO plugin v24.6 - https:\/\/yoast.com\/wordpress\/plugins\/seo\/ -->\n<title>Wei\u00dfes Moschus-Seifenst\u00fcck - Uniest<\/title>\n<meta name=\"robots\" content=\"index, follow, max-snippet:-1, max-image-preview:large, max-video-preview:-1\" \/>\n<link rel=\"canonical\" href=\"https:\/\/uniest.it\/prodotto\/weisses-moschus-seifenstueck\/\" \/>\n<meta property=\"og:locale\" content=\"de_DE\" \/>\n<meta property=\"og:type\" content=\"article\" \/>\n<meta property=\"og:title\" content=\"Wei\u00dfes Moschus-Seifenst\u00fcck - Uniest\" \/>\n<meta property=\"og:description\" content=\"100 % pflanzliche Seife mit wei\u00dfem Moschus, reinem Kokos\u00f6l, hergestellt im klassischen Kaltmischverfahren. Diese Methode erm\u00f6glicht es, dank der niedrigen Temperatur, die Wirkstoffe der verwendeten Substanzen unver\u00e4ndert zu lassen. Zarte Naturseife mit reinigenden, pflegenden und beruhigenden Eigenschaften. Mit seinem zarten Duft nach der Essenz von wei\u00dfem Moschus eignet es sich perfekt f\u00fcr Gesicht und K\u00f6rper, [&hellip;]\" \/>\n<meta property=\"og:url\" content=\"https:\/\/uniest.it\/prodotto\/weisses-moschus-seifenstueck\/\" \/>\n<meta property=\"og:site_name\" content=\"Uniest\" \/>\n<meta name=\"twitter:card\" content=\"summary_large_image\" \/>\n<script type=\"application\/ld+json\" class=\"yoast-schema-graph\">{\"@context\":\"https:\/\/schema.org\",\"@graph\":[{\"@type\":\"WebPage\",\"@id\":\"https:\/\/uniest.it\/prodotto\/weisses-moschus-seifenstueck\/\",\"url\":\"https:\/\/uniest.it\/prodotto\/weisses-moschus-seifenstueck\/\",\"name\":\"Wei\u00dfes Moschus-Seifenst\u00fcck - Uniest\",\"isPartOf\":{\"@id\":\"https:\/\/uniest.it\/#website\"},\"primaryImageOfPage\":{\"@id\":\"https:\/\/uniest.it\/prodotto\/weisses-moschus-seifenstueck\/#primaryimage\"},\"image\":{\"@id\":\"https:\/\/uniest.it\/prodotto\/weisses-moschus-seifenstueck\/#primaryimage\"},\"thumbnailUrl\":\"https:\/\/uniest.it\/wp-content\/uploads\/2020\/11\/019ZSA.png\",\"datePublished\":\"2024-10-29T17:55:35+00:00\",\"breadcrumb\":{\"@id\":\"https:\/\/uniest.it\/prodotto\/weisses-moschus-seifenstueck\/#breadcrumb\"},\"inLanguage\":\"de\",\"potentialAction\":[{\"@type\":\"ReadAction\",\"target\":[\"https:\/\/uniest.it\/prodotto\/weisses-moschus-seifenstueck\/\"]}]},{\"@type\":\"ImageObject\",\"inLanguage\":\"de\",\"@id\":\"https:\/\/uniest.it\/prodotto\/weisses-moschus-seifenstueck\/#primaryimage\",\"url\":\"https:\/\/uniest.it\/wp-content\/uploads\/2020\/11\/019ZSA.png\",\"contentUrl\":\"https:\/\/uniest.it\/wp-content\/uploads\/2020\/11\/019ZSA.png\",\"width\":1283,\"height\":2000},{\"@type\":\"BreadcrumbList\",\"@id\":\"https:\/\/uniest.it\/prodotto\/weisses-moschus-seifenstueck\/#breadcrumb\",\"itemListElement\":[{\"@type\":\"ListItem\",\"position\":1,\"name\":\"Home\",\"item\":\"https:\/\/uniest.it\/de\/\"},{\"@type\":\"ListItem\",\"position\":2,\"name\":\"Shop\",\"item\":\"https:\/\/uniest.it\/shop\/\"},{\"@type\":\"ListItem\",\"position\":3,\"name\":\"Wei\u00dfes Moschus-Seifenst\u00fcck\"}]},{\"@type\":\"WebSite\",\"@id\":\"https:\/\/uniest.it\/#website\",\"url\":\"https:\/\/uniest.it\/\",\"name\":\"Uniest\",\"description\":\"Cosmetici Naturali e Bio\",\"potentialAction\":[{\"@type\":\"SearchAction\",\"target\":{\"@type\":\"EntryPoint\",\"urlTemplate\":\"https:\/\/uniest.it\/?s={search_term_string}\"},\"query-input\":{\"@type\":\"PropertyValueSpecification\",\"valueRequired\":true,\"valueName\":\"search_term_string\"}}],\"inLanguage\":\"de\"}]}<\/script>\n<!-- \/ Yoast SEO plugin. -->","yoast_head_json":{"title":"Wei\u00dfes Moschus-Seifenst\u00fcck - Uniest","robots":{"index":"index","follow":"follow","max-snippet":"max-snippet:-1","max-image-preview":"max-image-preview:large","max-video-preview":"max-video-preview:-1"},"canonical":"https:\/\/uniest.it\/prodotto\/weisses-moschus-seifenstueck\/","og_locale":"de_DE","og_type":"article","og_title":"Wei\u00dfes Moschus-Seifenst\u00fcck - Uniest","og_description":"100 % pflanzliche Seife mit wei\u00dfem Moschus, reinem Kokos\u00f6l, hergestellt im klassischen Kaltmischverfahren. Diese Methode erm\u00f6glicht es, dank der niedrigen Temperatur, die Wirkstoffe der verwendeten Substanzen unver\u00e4ndert zu lassen. Zarte Naturseife mit reinigenden, pflegenden und beruhigenden Eigenschaften. Mit seinem zarten Duft nach der Essenz von wei\u00dfem Moschus eignet es sich perfekt f\u00fcr Gesicht und K\u00f6rper, [&hellip;]","og_url":"https:\/\/uniest.it\/prodotto\/weisses-moschus-seifenstueck\/","og_site_name":"Uniest","twitter_card":"summary_large_image","schema":{"@context":"https:\/\/schema.org","@graph":[{"@type":"WebPage","@id":"https:\/\/uniest.it\/prodotto\/weisses-moschus-seifenstueck\/","url":"https:\/\/uniest.it\/prodotto\/weisses-moschus-seifenstueck\/","name":"Wei\u00dfes Moschus-Seifenst\u00fcck - Uniest","isPartOf":{"@id":"https:\/\/uniest.it\/#website"},"primaryImageOfPage":{"@id":"https:\/\/uniest.it\/prodotto\/weisses-moschus-seifenstueck\/#primaryimage"},"image":{"@id":"https:\/\/uniest.it\/prodotto\/weisses-moschus-seifenstueck\/#primaryimage"},"thumbnailUrl":"https:\/\/uniest.it\/wp-content\/uploads\/2020\/11\/019ZSA.png","datePublished":"2024-10-29T17:55:35+00:00","breadcrumb":{"@id":"https:\/\/uniest.it\/prodotto\/weisses-moschus-seifenstueck\/#breadcrumb"},"inLanguage":"de","potentialAction":[{"@type":"ReadAction","target":["https:\/\/uniest.it\/prodotto\/weisses-moschus-seifenstueck\/"]}]},{"@type":"ImageObject","inLanguage":"de","@id":"https:\/\/uniest.it\/prodotto\/weisses-moschus-seifenstueck\/#primaryimage","url":"https:\/\/uniest.it\/wp-content\/uploads\/2020\/11\/019ZSA.png","contentUrl":"https:\/\/uniest.it\/wp-content\/uploads\/2020\/11\/019ZSA.png","width":1283,"height":2000},{"@type":"BreadcrumbList","@id":"https:\/\/uniest.it\/prodotto\/weisses-moschus-seifenstueck\/#breadcrumb","itemListElement":[{"@type":"ListItem","position":1,"name":"Home","item":"https:\/\/uniest.it\/de\/"},{"@type":"ListItem","position":2,"name":"Shop","item":"https:\/\/uniest.it\/shop\/"},{"@type":"ListItem","position":3,"name":"Wei\u00dfes Moschus-Seifenst\u00fcck"}]},{"@type":"WebSite","@id":"https:\/\/uniest.it\/#website","url":"https:\/\/uniest.it\/","name":"Uniest","description":"Cosmetici Naturali e Bio","potentialAction":[{"@type":"SearchAction","target":{"@type":"EntryPoint","urlTemplate":"https:\/\/uniest.it\/?s={search_term_string}"},"query-input":{"@type":"PropertyValueSpecification","valueRequired":true,"valueName":"search_term_string"}}],"inLanguage":"de"}]}},"_links":{"self":[{"href":"https:\/\/uniest.it\/de\/wp-json\/wp\/v2\/product\/6963","targetHints":{"allow":["GET"]}}],"collection":[{"href":"https:\/\/uniest.it\/de\/wp-json\/wp\/v2\/product"}],"about":[{"href":"https:\/\/uniest.it\/de\/wp-json\/wp\/v2\/types\/product"}],"wp:featuredmedia":[{"embeddable":true,"href":"https:\/\/uniest.it\/de\/wp-json\/wp\/v2\/media\/6964"}],"wp:attachment":[{"href":"https:\/\/uniest.it\/de\/wp-json\/wp\/v2\/media?parent=6963"}],"wp:term":[{"taxonomy":"product_brand","embeddable":true,"href":"https:\/\/uniest.it\/de\/wp-json\/wp\/v2\/product_brand?post=6963"},{"taxonomy":"product_cat","embeddable":true,"href":"https:\/\/uniest.it\/de\/wp-json\/wp\/v2\/product_cat?post=6963"},{"taxonomy":"product_tag","embeddable":true,"href":"https:\/\/uniest.it\/de\/wp-json\/wp\/v2\/product_tag?post=6963"}],"curies":[{"name":"wp","href":"https:\/\/api.w.org\/{rel}","templated":true}]}}