{"id":6966,"date":"2024-10-29T18:55:35","date_gmt":"2024-10-29T17:55:35","guid":{"rendered":"https:\/\/uniest.it\/prodotto\/schwarze-johannisbeere\/"},"modified":"2024-10-29T18:55:35","modified_gmt":"2024-10-29T17:55:35","slug":"schwarze-johannisbeere","status":"publish","type":"product","link":"https:\/\/uniest.it\/de\/prodotto\/schwarze-johannisbeere\/","title":{"rendered":"Schwarze Johannisbeere"},"content":{"rendered":"<p>Schwarze Johannisbeeren sind eine wirklich vollst\u00e4ndige Pflanze, sodass ihre Knospen, Bl\u00e4tter und Fr\u00fcchte zu Behandlungszwecken verwendet werden. Erstere stimulieren bekannterma\u00dfen die Produktion von Cortisol in den Nebennieren, einem endogenen Cortison, das dem K\u00f6rper hilft, auf Entz\u00fcndungen zu reagieren. Diese kortison\u00e4hnliche Aktivit\u00e4t ist wichtig, da sie die Produktion von Nebennierensteroiden steigert; Normalerweise wird es von unseren Dr\u00fcsen abgesondert, um jeglicher Art von Stress oder Verletzungen entgegenzuwirken, die Umwandlung von Proteinen in Energie zu stimulieren, Entz\u00fcndungen zu beseitigen und vor\u00fcbergehend die Wirkung des Immunsystems zu hemmen, das Allergien ausl\u00f6st. Sie werden zur Entz\u00fcndungshemmung oder als mildes Antihistaminikum eingesetzt. Dar\u00fcber hinaus scheint das Vorhandensein \u00e4therischer \u00d6le direkte Auswirkungen auf Verstopfungen der oberen Atemwege zu haben, so dass es oft als beliebtes Mittel gegen Bronchitis und Erk\u00e4ltungen indiziert wird. Schwarze Johannisbeerbl\u00e4tter enthalten stattdessen Triterpene und Polyphenole, die zur Reinigung des K\u00f6rpers, zur Diurese sowie zur Beseitigung von Giftstoffen und schlechtem Cholesterin im Blut n\u00fctzlich sind. Sie dienen dazu, die Ausscheidung von Harnstoff und Harns\u00e4ure zu f\u00f6rdern, den Cholesterinspiegel im Blut zu senken, Zellmembranen zu stabilisieren und den K\u00f6rper zu entw\u00e4ssern. Die Fr\u00fcchte weisen den gr\u00f6\u00dften Reichtum auf; Sie haben einen hohen Gehalt an Vitamin C, Flavonoide wirken gegen Entz\u00fcndungen und dienen dem Gef\u00e4\u00dfschutz.<\/p>\n","protected":false},"excerpt":{"rendered":"<p>Schwarze Johannisbeeren sind eine wirklich vollst\u00e4ndige Pflanze, sodass ihre Knospen, Bl\u00e4tter und Fr\u00fcchte zu Behandlungszwecken verwendet werden. Erstere stimulieren bekannterma\u00dfen die Produktion von Cortisol in den Nebennieren, einem endogenen Cortison, das dem K\u00f6rper hilft, auf Entz\u00fcndungen zu reagieren. Diese kortison\u00e4hnliche Aktivit\u00e4t ist wichtig, da sie die Produktion von Nebennierensteroiden steigert; Normalerweise wird es von unseren [&hellip;]<\/p>\n","protected":false},"featured_media":6967,"template":"","meta":{"_acf_changed":false,"inline_featured_image":false},"product_brand":[],"product_cat":[1486],"product_tag":[],"class_list":{"0":"post-6966","1":"product","2":"type-product","3":"status-publish","4":"has-post-thumbnail","6":"product_beauty-allergia","7":"product_beauty-antinfiammatoria","8":"product_beauty-circolazione","9":"product_beauty-colesterolo","10":"product_beauty-detox-e-dren","11":"product_beauty-diuretico","12":"product_beauty-drenante","13":"product_beauty-insufficienza-venosa","14":"product_beauty-lenitivo","15":"product_beauty-vie-respiratorie","16":"product_beauty-vista","17":"product_kind-integrazione-alimentare","18":"product_lines-benessere","19":"product_cat-benessere-de","20":"pa_size-50-de","22":"first","23":"outofstock","24":"taxable","25":"shipping-taxable","26":"purchasable","27":"product-type-simple"},"acf":[],"yoast_head":"<!-- This site is optimized with the Yoast SEO plugin v24.6 - https:\/\/yoast.com\/wordpress\/plugins\/seo\/ -->\n<title>Schwarze Johannisbeere - Uniest<\/title>\n<meta name=\"robots\" content=\"index, follow, max-snippet:-1, max-image-preview:large, max-video-preview:-1\" \/>\n<link rel=\"canonical\" href=\"https:\/\/uniest.it\/prodotto\/schwarze-johannisbeere\/\" \/>\n<meta property=\"og:locale\" content=\"de_DE\" \/>\n<meta property=\"og:type\" content=\"article\" \/>\n<meta property=\"og:title\" content=\"Schwarze Johannisbeere - Uniest\" \/>\n<meta property=\"og:description\" content=\"Schwarze Johannisbeeren sind eine wirklich vollst\u00e4ndige Pflanze, sodass ihre Knospen, Bl\u00e4tter und Fr\u00fcchte zu Behandlungszwecken verwendet werden. Erstere stimulieren bekannterma\u00dfen die Produktion von Cortisol in den Nebennieren, einem endogenen Cortison, das dem K\u00f6rper hilft, auf Entz\u00fcndungen zu reagieren. Diese kortison\u00e4hnliche Aktivit\u00e4t ist wichtig, da sie die Produktion von Nebennierensteroiden steigert; Normalerweise wird es von unseren [&hellip;]\" \/>\n<meta property=\"og:url\" content=\"https:\/\/uniest.it\/prodotto\/schwarze-johannisbeere\/\" \/>\n<meta property=\"og:site_name\" content=\"Uniest\" \/>\n<meta name=\"twitter:card\" content=\"summary_large_image\" \/>\n<meta name=\"twitter:label1\" content=\"Gesch\u00e4tzte Lesezeit\" \/>\n\t<meta name=\"twitter:data1\" content=\"1\u00a0Minute\" \/>\n<script type=\"application\/ld+json\" class=\"yoast-schema-graph\">{\"@context\":\"https:\/\/schema.org\",\"@graph\":[{\"@type\":\"WebPage\",\"@id\":\"https:\/\/uniest.it\/prodotto\/schwarze-johannisbeere\/\",\"url\":\"https:\/\/uniest.it\/prodotto\/schwarze-johannisbeere\/\",\"name\":\"Schwarze Johannisbeere - Uniest\",\"isPartOf\":{\"@id\":\"https:\/\/uniest.it\/#website\"},\"primaryImageOfPage\":{\"@id\":\"https:\/\/uniest.it\/prodotto\/schwarze-johannisbeere\/#primaryimage\"},\"image\":{\"@id\":\"https:\/\/uniest.it\/prodotto\/schwarze-johannisbeere\/#primaryimage\"},\"thumbnailUrl\":\"https:\/\/uniest.it\/wp-content\/uploads\/2020\/12\/019ZTM.png\",\"datePublished\":\"2024-10-29T17:55:35+00:00\",\"breadcrumb\":{\"@id\":\"https:\/\/uniest.it\/prodotto\/schwarze-johannisbeere\/#breadcrumb\"},\"inLanguage\":\"de\",\"potentialAction\":[{\"@type\":\"ReadAction\",\"target\":[\"https:\/\/uniest.it\/prodotto\/schwarze-johannisbeere\/\"]}]},{\"@type\":\"ImageObject\",\"inLanguage\":\"de\",\"@id\":\"https:\/\/uniest.it\/prodotto\/schwarze-johannisbeere\/#primaryimage\",\"url\":\"https:\/\/uniest.it\/wp-content\/uploads\/2020\/12\/019ZTM.png\",\"contentUrl\":\"https:\/\/uniest.it\/wp-content\/uploads\/2020\/12\/019ZTM.png\",\"width\":1283,\"height\":2000},{\"@type\":\"BreadcrumbList\",\"@id\":\"https:\/\/uniest.it\/prodotto\/schwarze-johannisbeere\/#breadcrumb\",\"itemListElement\":[{\"@type\":\"ListItem\",\"position\":1,\"name\":\"Home\",\"item\":\"https:\/\/uniest.it\/de\/\"},{\"@type\":\"ListItem\",\"position\":2,\"name\":\"Shop\",\"item\":\"https:\/\/uniest.it\/shop\/\"},{\"@type\":\"ListItem\",\"position\":3,\"name\":\"Schwarze Johannisbeere\"}]},{\"@type\":\"WebSite\",\"@id\":\"https:\/\/uniest.it\/#website\",\"url\":\"https:\/\/uniest.it\/\",\"name\":\"Uniest\",\"description\":\"Cosmetici Naturali e Bio\",\"potentialAction\":[{\"@type\":\"SearchAction\",\"target\":{\"@type\":\"EntryPoint\",\"urlTemplate\":\"https:\/\/uniest.it\/?s={search_term_string}\"},\"query-input\":{\"@type\":\"PropertyValueSpecification\",\"valueRequired\":true,\"valueName\":\"search_term_string\"}}],\"inLanguage\":\"de\"}]}<\/script>\n<!-- \/ Yoast SEO plugin. -->","yoast_head_json":{"title":"Schwarze Johannisbeere - Uniest","robots":{"index":"index","follow":"follow","max-snippet":"max-snippet:-1","max-image-preview":"max-image-preview:large","max-video-preview":"max-video-preview:-1"},"canonical":"https:\/\/uniest.it\/prodotto\/schwarze-johannisbeere\/","og_locale":"de_DE","og_type":"article","og_title":"Schwarze Johannisbeere - Uniest","og_description":"Schwarze Johannisbeeren sind eine wirklich vollst\u00e4ndige Pflanze, sodass ihre Knospen, Bl\u00e4tter und Fr\u00fcchte zu Behandlungszwecken verwendet werden. Erstere stimulieren bekannterma\u00dfen die Produktion von Cortisol in den Nebennieren, einem endogenen Cortison, das dem K\u00f6rper hilft, auf Entz\u00fcndungen zu reagieren. Diese kortison\u00e4hnliche Aktivit\u00e4t ist wichtig, da sie die Produktion von Nebennierensteroiden steigert; Normalerweise wird es von unseren [&hellip;]","og_url":"https:\/\/uniest.it\/prodotto\/schwarze-johannisbeere\/","og_site_name":"Uniest","twitter_card":"summary_large_image","twitter_misc":{"Gesch\u00e4tzte Lesezeit":"1\u00a0Minute"},"schema":{"@context":"https:\/\/schema.org","@graph":[{"@type":"WebPage","@id":"https:\/\/uniest.it\/prodotto\/schwarze-johannisbeere\/","url":"https:\/\/uniest.it\/prodotto\/schwarze-johannisbeere\/","name":"Schwarze Johannisbeere - Uniest","isPartOf":{"@id":"https:\/\/uniest.it\/#website"},"primaryImageOfPage":{"@id":"https:\/\/uniest.it\/prodotto\/schwarze-johannisbeere\/#primaryimage"},"image":{"@id":"https:\/\/uniest.it\/prodotto\/schwarze-johannisbeere\/#primaryimage"},"thumbnailUrl":"https:\/\/uniest.it\/wp-content\/uploads\/2020\/12\/019ZTM.png","datePublished":"2024-10-29T17:55:35+00:00","breadcrumb":{"@id":"https:\/\/uniest.it\/prodotto\/schwarze-johannisbeere\/#breadcrumb"},"inLanguage":"de","potentialAction":[{"@type":"ReadAction","target":["https:\/\/uniest.it\/prodotto\/schwarze-johannisbeere\/"]}]},{"@type":"ImageObject","inLanguage":"de","@id":"https:\/\/uniest.it\/prodotto\/schwarze-johannisbeere\/#primaryimage","url":"https:\/\/uniest.it\/wp-content\/uploads\/2020\/12\/019ZTM.png","contentUrl":"https:\/\/uniest.it\/wp-content\/uploads\/2020\/12\/019ZTM.png","width":1283,"height":2000},{"@type":"BreadcrumbList","@id":"https:\/\/uniest.it\/prodotto\/schwarze-johannisbeere\/#breadcrumb","itemListElement":[{"@type":"ListItem","position":1,"name":"Home","item":"https:\/\/uniest.it\/de\/"},{"@type":"ListItem","position":2,"name":"Shop","item":"https:\/\/uniest.it\/shop\/"},{"@type":"ListItem","position":3,"name":"Schwarze Johannisbeere"}]},{"@type":"WebSite","@id":"https:\/\/uniest.it\/#website","url":"https:\/\/uniest.it\/","name":"Uniest","description":"Cosmetici Naturali e Bio","potentialAction":[{"@type":"SearchAction","target":{"@type":"EntryPoint","urlTemplate":"https:\/\/uniest.it\/?s={search_term_string}"},"query-input":{"@type":"PropertyValueSpecification","valueRequired":true,"valueName":"search_term_string"}}],"inLanguage":"de"}]}},"_links":{"self":[{"href":"https:\/\/uniest.it\/de\/wp-json\/wp\/v2\/product\/6966","targetHints":{"allow":["GET"]}}],"collection":[{"href":"https:\/\/uniest.it\/de\/wp-json\/wp\/v2\/product"}],"about":[{"href":"https:\/\/uniest.it\/de\/wp-json\/wp\/v2\/types\/product"}],"wp:featuredmedia":[{"embeddable":true,"href":"https:\/\/uniest.it\/de\/wp-json\/wp\/v2\/media\/6967"}],"wp:attachment":[{"href":"https:\/\/uniest.it\/de\/wp-json\/wp\/v2\/media?parent=6966"}],"wp:term":[{"taxonomy":"product_brand","embeddable":true,"href":"https:\/\/uniest.it\/de\/wp-json\/wp\/v2\/product_brand?post=6966"},{"taxonomy":"product_cat","embeddable":true,"href":"https:\/\/uniest.it\/de\/wp-json\/wp\/v2\/product_cat?post=6966"},{"taxonomy":"product_tag","embeddable":true,"href":"https:\/\/uniest.it\/de\/wp-json\/wp\/v2\/product_tag?post=6966"}],"curies":[{"name":"wp","href":"https:\/\/api.w.org\/{rel}","templated":true}]}}