{"id":6972,"date":"2021-02-04T12:58:04","date_gmt":"2024-10-29T17:55:36","guid":{"rendered":"https:\/\/uniest.it\/prodotto\/sun-beam-hochschutz-solaremulsion-spf-30\/"},"modified":"2024-10-29T18:55:36","modified_gmt":"2024-10-29T17:55:36","slug":"sun-beam-hochschutz-solaremulsion-spf-30","status":"publish","type":"product","link":"https:\/\/uniest.it\/de\/prodotto\/sun-beam-hochschutz-solaremulsion-spf-30\/","title":{"rendered":"Sun Beam Hochschutz-Solaremulsion SPF 30"},"content":{"rendered":"<p>Sun Beam 30 ist eine Sonnenschutzemulsion mit hohem Schutz, die die Haut vor Sonnenstrahlen sch\u00fctzt, insbesondere wenn sie hell und empfindlich ist. Durch die Einwirkung der Sonne besteht die Gefahr von Sonnenbrand und Erythemen, die die Haut dauerhaft sch\u00e4digen und pr\u00e4kanzer\u00f6se Ver\u00e4nderungen hervorrufen k\u00f6nnen. Die Sonne kann die Ursache f\u00fcr die vorzeitige Entstehung von Falten und anderen Alterserscheinungen sein, weshalb es wichtig ist, die Sonnenstrahlen mit einem Sonnenschutz abzuschirmen. UV-Strahlung ist ein Risikofaktor f\u00fcr die Entstehung von Melanomen und anderen Krebsarten, die ihren Ursprung in Basalzellen (Karzinomen) oder oberfl\u00e4chlichen Zellen der Epidermis haben. Der nat\u00fcrliche Sonnenfilter mit Arnika-, Malven- und Johanniskrautextrakten wirkt beruhigend, geschmeidig machend und reepithelisierend. Bio-Sheabutter und s\u00fc\u00dfe Mandel-, Reiskleie-, Karotten-, Kokosnuss- und Walnussschalen\u00f6le machen die Haut weich, spenden Feuchtigkeit und beruhigen sie. Es enth\u00e4lt au\u00dferdem Extrakte aus Rosskastanie, Centella, Bio-Aloe, Fucus und Honig.<\/p>\n","protected":false},"excerpt":{"rendered":"<p>Sun Beam 30 ist eine Sonnenschutzemulsion mit hohem Schutz, die die Haut vor Sonnenstrahlen sch\u00fctzt, insbesondere wenn sie hell und empfindlich ist. Durch die Einwirkung der Sonne besteht die Gefahr von Sonnenbrand und Erythemen, die die Haut dauerhaft sch\u00e4digen und pr\u00e4kanzer\u00f6se Ver\u00e4nderungen hervorrufen k\u00f6nnen. Die Sonne kann die Ursache f\u00fcr die vorzeitige Entstehung von Falten [&hellip;]<\/p>\n","protected":false},"featured_media":6975,"template":"","meta":{"_acf_changed":false,"inline_featured_image":false},"product_brand":[],"product_cat":[1491,1489,1495],"product_tag":[],"class_list":{"0":"post-6972","1":"product","2":"type-product","3":"status-publish","4":"has-post-thumbnail","6":"product_beauty-antirughe","7":"product_beauty-idratare","8":"product_beauty-nutrire-e-rigenerare","9":"product_beauty-proteggere","10":"product_beauty-rassodare-e-tonificare","11":"product_skin-tutte-le-pelli","12":"product_kind-creme-antieta-e-prime-rughe","13":"product_kind-protezione-solare","14":"product_kind-tutte-le-creme-corpo","15":"product_kind-tutte-le-creme-viso","16":"product_lines-solari","17":"product_cat-famiglia-e-pet-de","18":"product_cat-corpo-de","19":"product_cat-solar","20":"pa_size-150-de","22":"first","23":"instock","24":"taxable","25":"shipping-taxable","26":"purchasable","27":"product-type-simple"},"acf":[],"yoast_head":"<!-- This site is optimized with the Yoast SEO plugin v24.6 - https:\/\/yoast.com\/wordpress\/plugins\/seo\/ -->\n<title>Sun Beam Hochschutz-Solaremulsion SPF 30 - Uniest<\/title>\n<meta name=\"robots\" content=\"index, follow, max-snippet:-1, max-image-preview:large, max-video-preview:-1\" \/>\n<link rel=\"canonical\" href=\"https:\/\/uniest.it\/prodotto\/sun-beam-hochschutz-solaremulsion-spf-30\/\" \/>\n<meta property=\"og:locale\" content=\"de_DE\" \/>\n<meta property=\"og:type\" content=\"article\" \/>\n<meta property=\"og:title\" content=\"Sun Beam Hochschutz-Solaremulsion SPF 30 - Uniest\" \/>\n<meta property=\"og:description\" content=\"Sun Beam 30 ist eine Sonnenschutzemulsion mit hohem Schutz, die die Haut vor Sonnenstrahlen sch\u00fctzt, insbesondere wenn sie hell und empfindlich ist. Durch die Einwirkung der Sonne besteht die Gefahr von Sonnenbrand und Erythemen, die die Haut dauerhaft sch\u00e4digen und pr\u00e4kanzer\u00f6se Ver\u00e4nderungen hervorrufen k\u00f6nnen. Die Sonne kann die Ursache f\u00fcr die vorzeitige Entstehung von Falten [&hellip;]\" \/>\n<meta property=\"og:url\" content=\"https:\/\/uniest.it\/prodotto\/sun-beam-hochschutz-solaremulsion-spf-30\/\" \/>\n<meta property=\"og:site_name\" content=\"Uniest\" \/>\n<meta name=\"twitter:card\" content=\"summary_large_image\" \/>\n<meta name=\"twitter:label1\" content=\"Gesch\u00e4tzte Lesezeit\" \/>\n\t<meta name=\"twitter:data1\" content=\"1\u00a0Minute\" \/>\n<script type=\"application\/ld+json\" class=\"yoast-schema-graph\">{\"@context\":\"https:\/\/schema.org\",\"@graph\":[{\"@type\":\"WebPage\",\"@id\":\"https:\/\/uniest.it\/prodotto\/sun-beam-hochschutz-solaremulsion-spf-30\/\",\"url\":\"https:\/\/uniest.it\/prodotto\/sun-beam-hochschutz-solaremulsion-spf-30\/\",\"name\":\"Sun Beam Hochschutz-Solaremulsion SPF 30 - Uniest\",\"isPartOf\":{\"@id\":\"https:\/\/uniest.it\/#website\"},\"primaryImageOfPage\":{\"@id\":\"https:\/\/uniest.it\/prodotto\/sun-beam-hochschutz-solaremulsion-spf-30\/#primaryimage\"},\"image\":{\"@id\":\"https:\/\/uniest.it\/prodotto\/sun-beam-hochschutz-solaremulsion-spf-30\/#primaryimage\"},\"thumbnailUrl\":\"https:\/\/uniest.it\/wp-content\/uploads\/2021\/02\/020AAS.png\",\"datePublished\":\"2024-10-29T17:55:36+00:00\",\"breadcrumb\":{\"@id\":\"https:\/\/uniest.it\/prodotto\/sun-beam-hochschutz-solaremulsion-spf-30\/#breadcrumb\"},\"inLanguage\":\"de\",\"potentialAction\":[{\"@type\":\"ReadAction\",\"target\":[\"https:\/\/uniest.it\/prodotto\/sun-beam-hochschutz-solaremulsion-spf-30\/\"]}]},{\"@type\":\"ImageObject\",\"inLanguage\":\"de\",\"@id\":\"https:\/\/uniest.it\/prodotto\/sun-beam-hochschutz-solaremulsion-spf-30\/#primaryimage\",\"url\":\"https:\/\/uniest.it\/wp-content\/uploads\/2021\/02\/020AAS.png\",\"contentUrl\":\"https:\/\/uniest.it\/wp-content\/uploads\/2021\/02\/020AAS.png\",\"width\":3456,\"height\":5184},{\"@type\":\"BreadcrumbList\",\"@id\":\"https:\/\/uniest.it\/prodotto\/sun-beam-hochschutz-solaremulsion-spf-30\/#breadcrumb\",\"itemListElement\":[{\"@type\":\"ListItem\",\"position\":1,\"name\":\"Home\",\"item\":\"https:\/\/uniest.it\/de\/\"},{\"@type\":\"ListItem\",\"position\":2,\"name\":\"Shop\",\"item\":\"https:\/\/uniest.it\/shop\/\"},{\"@type\":\"ListItem\",\"position\":3,\"name\":\"Sun Beam Hochschutz-Solaremulsion SPF 30\"}]},{\"@type\":\"WebSite\",\"@id\":\"https:\/\/uniest.it\/#website\",\"url\":\"https:\/\/uniest.it\/\",\"name\":\"Uniest\",\"description\":\"Cosmetici Naturali e Bio\",\"potentialAction\":[{\"@type\":\"SearchAction\",\"target\":{\"@type\":\"EntryPoint\",\"urlTemplate\":\"https:\/\/uniest.it\/?s={search_term_string}\"},\"query-input\":{\"@type\":\"PropertyValueSpecification\",\"valueRequired\":true,\"valueName\":\"search_term_string\"}}],\"inLanguage\":\"de\"}]}<\/script>\n<!-- \/ Yoast SEO plugin. -->","yoast_head_json":{"title":"Sun Beam Hochschutz-Solaremulsion SPF 30 - Uniest","robots":{"index":"index","follow":"follow","max-snippet":"max-snippet:-1","max-image-preview":"max-image-preview:large","max-video-preview":"max-video-preview:-1"},"canonical":"https:\/\/uniest.it\/prodotto\/sun-beam-hochschutz-solaremulsion-spf-30\/","og_locale":"de_DE","og_type":"article","og_title":"Sun Beam Hochschutz-Solaremulsion SPF 30 - Uniest","og_description":"Sun Beam 30 ist eine Sonnenschutzemulsion mit hohem Schutz, die die Haut vor Sonnenstrahlen sch\u00fctzt, insbesondere wenn sie hell und empfindlich ist. Durch die Einwirkung der Sonne besteht die Gefahr von Sonnenbrand und Erythemen, die die Haut dauerhaft sch\u00e4digen und pr\u00e4kanzer\u00f6se Ver\u00e4nderungen hervorrufen k\u00f6nnen. Die Sonne kann die Ursache f\u00fcr die vorzeitige Entstehung von Falten [&hellip;]","og_url":"https:\/\/uniest.it\/prodotto\/sun-beam-hochschutz-solaremulsion-spf-30\/","og_site_name":"Uniest","twitter_card":"summary_large_image","twitter_misc":{"Gesch\u00e4tzte Lesezeit":"1\u00a0Minute"},"schema":{"@context":"https:\/\/schema.org","@graph":[{"@type":"WebPage","@id":"https:\/\/uniest.it\/prodotto\/sun-beam-hochschutz-solaremulsion-spf-30\/","url":"https:\/\/uniest.it\/prodotto\/sun-beam-hochschutz-solaremulsion-spf-30\/","name":"Sun Beam Hochschutz-Solaremulsion SPF 30 - Uniest","isPartOf":{"@id":"https:\/\/uniest.it\/#website"},"primaryImageOfPage":{"@id":"https:\/\/uniest.it\/prodotto\/sun-beam-hochschutz-solaremulsion-spf-30\/#primaryimage"},"image":{"@id":"https:\/\/uniest.it\/prodotto\/sun-beam-hochschutz-solaremulsion-spf-30\/#primaryimage"},"thumbnailUrl":"https:\/\/uniest.it\/wp-content\/uploads\/2021\/02\/020AAS.png","datePublished":"2024-10-29T17:55:36+00:00","breadcrumb":{"@id":"https:\/\/uniest.it\/prodotto\/sun-beam-hochschutz-solaremulsion-spf-30\/#breadcrumb"},"inLanguage":"de","potentialAction":[{"@type":"ReadAction","target":["https:\/\/uniest.it\/prodotto\/sun-beam-hochschutz-solaremulsion-spf-30\/"]}]},{"@type":"ImageObject","inLanguage":"de","@id":"https:\/\/uniest.it\/prodotto\/sun-beam-hochschutz-solaremulsion-spf-30\/#primaryimage","url":"https:\/\/uniest.it\/wp-content\/uploads\/2021\/02\/020AAS.png","contentUrl":"https:\/\/uniest.it\/wp-content\/uploads\/2021\/02\/020AAS.png","width":3456,"height":5184},{"@type":"BreadcrumbList","@id":"https:\/\/uniest.it\/prodotto\/sun-beam-hochschutz-solaremulsion-spf-30\/#breadcrumb","itemListElement":[{"@type":"ListItem","position":1,"name":"Home","item":"https:\/\/uniest.it\/de\/"},{"@type":"ListItem","position":2,"name":"Shop","item":"https:\/\/uniest.it\/shop\/"},{"@type":"ListItem","position":3,"name":"Sun Beam Hochschutz-Solaremulsion SPF 30"}]},{"@type":"WebSite","@id":"https:\/\/uniest.it\/#website","url":"https:\/\/uniest.it\/","name":"Uniest","description":"Cosmetici Naturali e Bio","potentialAction":[{"@type":"SearchAction","target":{"@type":"EntryPoint","urlTemplate":"https:\/\/uniest.it\/?s={search_term_string}"},"query-input":{"@type":"PropertyValueSpecification","valueRequired":true,"valueName":"search_term_string"}}],"inLanguage":"de"}]}},"_links":{"self":[{"href":"https:\/\/uniest.it\/de\/wp-json\/wp\/v2\/product\/6972","targetHints":{"allow":["GET"]}}],"collection":[{"href":"https:\/\/uniest.it\/de\/wp-json\/wp\/v2\/product"}],"about":[{"href":"https:\/\/uniest.it\/de\/wp-json\/wp\/v2\/types\/product"}],"wp:featuredmedia":[{"embeddable":true,"href":"https:\/\/uniest.it\/de\/wp-json\/wp\/v2\/media\/6975"}],"wp:attachment":[{"href":"https:\/\/uniest.it\/de\/wp-json\/wp\/v2\/media?parent=6972"}],"wp:term":[{"taxonomy":"product_brand","embeddable":true,"href":"https:\/\/uniest.it\/de\/wp-json\/wp\/v2\/product_brand?post=6972"},{"taxonomy":"product_cat","embeddable":true,"href":"https:\/\/uniest.it\/de\/wp-json\/wp\/v2\/product_cat?post=6972"},{"taxonomy":"product_tag","embeddable":true,"href":"https:\/\/uniest.it\/de\/wp-json\/wp\/v2\/product_tag?post=6972"}],"curies":[{"name":"wp","href":"https:\/\/api.w.org\/{rel}","templated":true}]}}