{"id":6976,"date":"2024-10-29T18:55:37","date_gmt":"2024-10-29T17:55:37","guid":{"rendered":"https:\/\/uniest.it\/prodotto\/heckenrose\/"},"modified":"2024-10-29T18:55:37","modified_gmt":"2024-10-29T17:55:37","slug":"heckenrose","status":"publish","type":"product","link":"https:\/\/uniest.it\/de\/prodotto\/heckenrose\/","title":{"rendered":"Heckenrose"},"content":{"rendered":"<p>Hagebutte ist eine Pflanze, die sehr reich an Vitamin C und Bioflavonoiden ist. Dank seiner vitaminisierenden Eigenschaften ist es sehr n\u00fctzlich bei der Behandlung von Erk\u00e4ltungen, Bindehautentz\u00fcndungen und Asthma, wird aber auch zur Erleichterung der Aufnahme von Eisen und Kalzium eingenommen. Tats\u00e4chlich findet die entz\u00fcndungshemmende Eigenschaft eine wichtige therapeutische Anwendung bei Entz\u00fcndungen der Nasenschleimh\u00e4ute, der Augen und der oberen Atemwege mit der daraus resultierenden Schleimproduktion. Die Urtinktur eignet sich daher hervorragend bei Erk\u00e4ltungen, Allergien sowie zur Behandlung von Rhinitis, Konjunktivitis und Asthma durch Pollenkontakt; Es wird aber auch generell bei Mandelentz\u00fcndung, Nasopharyngitis, Ohrenentz\u00fcndungen, Husten und Erk\u00e4ltungen infekti\u00f6sen Ursprungs empfohlen. Die k\u00f6rpereigene Immunabwehr findet in der Heckenrose einen wertvollen Verb\u00fcndeten. Denken Sie nur daran, dass 100 Gramm Beeren die gleiche Menge an Vitamin C enthalten wie 1 Kilo traditionelle Zitrusfr\u00fcchte. Die vitaminisierende Wirkung ist mit der antioxidativen Wirkung der im Fruchtfleisch und in der Schale enthaltenen Bioflavonoide verbunden, die synergetisch mit Vitamin C wirken und die Blutzirkulation optimieren. Diese positive Wirkung auf die Blutqualit\u00e4t beruht auf seiner F\u00e4higkeit, die Aufnahme von Kalzium und Eisen im Darm zu f\u00f6rdern, den Cholesterinspiegel auszugleichen und zur Produktion von H\u00e4moglobin beizutragen. es aktiviert auch Vitamin B9 (Fols\u00e4ure). Hagebutte ist auch ein ausgezeichnetes St\u00e4rkungsmittel gegen Ersch\u00f6pfung und M\u00fcdigkeit, sie hilft, Stress abzubauen; Schlie\u00dflich stimuliert es die Ausscheidung von Giftstoffen durch Diurese und die Beeren haben aufgrund des Vorhandenseins von Tanninen eine adstringierende Wirkung, daher n\u00fctzlich bei Durchfall und Darmkoliken. Dank des Gehalts an Carotinoiden und Antioxidantien k\u00f6nnen aus Hagebutten verschiedene Produkte hergestellt werden: Kosmetika wie Anti-Aging- und Anti-Falten-Produkte, Feuchtigkeitscremes zur Pflege trockener und gesch\u00e4digter Haut und sogar beruhigende und adstringierende Produkte.<\/p>\n","protected":false},"excerpt":{"rendered":"<p>Hagebutte ist eine Pflanze, die sehr reich an Vitamin C und Bioflavonoiden ist. Dank seiner vitaminisierenden Eigenschaften ist es sehr n\u00fctzlich bei der Behandlung von Erk\u00e4ltungen, Bindehautentz\u00fcndungen und Asthma, wird aber auch zur Erleichterung der Aufnahme von Eisen und Kalzium eingenommen. Tats\u00e4chlich findet die entz\u00fcndungshemmende Eigenschaft eine wichtige therapeutische Anwendung bei Entz\u00fcndungen der Nasenschleimh\u00e4ute, der [&hellip;]<\/p>\n","protected":false},"featured_media":6977,"template":"","meta":{"_acf_changed":false,"inline_featured_image":false},"product_brand":[],"product_cat":[1486],"product_tag":[],"class_list":{"0":"post-6976","1":"product","2":"type-product","3":"status-publish","4":"has-post-thumbnail","6":"product_beauty-antinfiammatoria","7":"product_beauty-detox-e-dren","8":"product_beauty-diuretico","9":"product_beauty-drenante","10":"product_beauty-gola","11":"product_beauty-insonnia","12":"product_beauty-lenitivo","13":"product_beauty-mineralizzante","14":"product_beauty-multivitaminico","15":"product_beauty-rilassante","16":"product_beauty-sistema-immunitario","17":"product_beauty-stress","18":"product_beauty-tratto-urinario","19":"product_beauty-vie-respiratorie","20":"product_kind-integrazione-alimentare","21":"product_lines-benessere","22":"product_cat-benessere-de","23":"pa_size-50-de","25":"first","26":"outofstock","27":"taxable","28":"shipping-taxable","29":"purchasable","30":"product-type-simple"},"acf":[],"yoast_head":"<!-- This site is optimized with the Yoast SEO plugin v24.6 - https:\/\/yoast.com\/wordpress\/plugins\/seo\/ -->\n<title>Heckenrose - Uniest<\/title>\n<meta name=\"robots\" content=\"index, follow, max-snippet:-1, max-image-preview:large, max-video-preview:-1\" \/>\n<link rel=\"canonical\" href=\"https:\/\/uniest.it\/prodotto\/heckenrose\/\" \/>\n<meta property=\"og:locale\" content=\"de_DE\" \/>\n<meta property=\"og:type\" content=\"article\" \/>\n<meta property=\"og:title\" content=\"Heckenrose - Uniest\" \/>\n<meta property=\"og:description\" content=\"Hagebutte ist eine Pflanze, die sehr reich an Vitamin C und Bioflavonoiden ist. Dank seiner vitaminisierenden Eigenschaften ist es sehr n\u00fctzlich bei der Behandlung von Erk\u00e4ltungen, Bindehautentz\u00fcndungen und Asthma, wird aber auch zur Erleichterung der Aufnahme von Eisen und Kalzium eingenommen. Tats\u00e4chlich findet die entz\u00fcndungshemmende Eigenschaft eine wichtige therapeutische Anwendung bei Entz\u00fcndungen der Nasenschleimh\u00e4ute, der [&hellip;]\" \/>\n<meta property=\"og:url\" content=\"https:\/\/uniest.it\/prodotto\/heckenrose\/\" \/>\n<meta property=\"og:site_name\" content=\"Uniest\" \/>\n<meta name=\"twitter:card\" content=\"summary_large_image\" \/>\n<meta name=\"twitter:label1\" content=\"Gesch\u00e4tzte Lesezeit\" \/>\n\t<meta name=\"twitter:data1\" content=\"1\u00a0Minute\" \/>\n<script type=\"application\/ld+json\" class=\"yoast-schema-graph\">{\"@context\":\"https:\/\/schema.org\",\"@graph\":[{\"@type\":\"WebPage\",\"@id\":\"https:\/\/uniest.it\/prodotto\/heckenrose\/\",\"url\":\"https:\/\/uniest.it\/prodotto\/heckenrose\/\",\"name\":\"Heckenrose - Uniest\",\"isPartOf\":{\"@id\":\"https:\/\/uniest.it\/#website\"},\"primaryImageOfPage\":{\"@id\":\"https:\/\/uniest.it\/prodotto\/heckenrose\/#primaryimage\"},\"image\":{\"@id\":\"https:\/\/uniest.it\/prodotto\/heckenrose\/#primaryimage\"},\"thumbnailUrl\":\"https:\/\/uniest.it\/wp-content\/uploads\/2020\/12\/020ZTM.png\",\"datePublished\":\"2024-10-29T17:55:37+00:00\",\"breadcrumb\":{\"@id\":\"https:\/\/uniest.it\/prodotto\/heckenrose\/#breadcrumb\"},\"inLanguage\":\"de\",\"potentialAction\":[{\"@type\":\"ReadAction\",\"target\":[\"https:\/\/uniest.it\/prodotto\/heckenrose\/\"]}]},{\"@type\":\"ImageObject\",\"inLanguage\":\"de\",\"@id\":\"https:\/\/uniest.it\/prodotto\/heckenrose\/#primaryimage\",\"url\":\"https:\/\/uniest.it\/wp-content\/uploads\/2020\/12\/020ZTM.png\",\"contentUrl\":\"https:\/\/uniest.it\/wp-content\/uploads\/2020\/12\/020ZTM.png\",\"width\":1283,\"height\":2000},{\"@type\":\"BreadcrumbList\",\"@id\":\"https:\/\/uniest.it\/prodotto\/heckenrose\/#breadcrumb\",\"itemListElement\":[{\"@type\":\"ListItem\",\"position\":1,\"name\":\"Home\",\"item\":\"https:\/\/uniest.it\/de\/\"},{\"@type\":\"ListItem\",\"position\":2,\"name\":\"Shop\",\"item\":\"https:\/\/uniest.it\/shop\/\"},{\"@type\":\"ListItem\",\"position\":3,\"name\":\"Heckenrose\"}]},{\"@type\":\"WebSite\",\"@id\":\"https:\/\/uniest.it\/#website\",\"url\":\"https:\/\/uniest.it\/\",\"name\":\"Uniest\",\"description\":\"Cosmetici Naturali e Bio\",\"potentialAction\":[{\"@type\":\"SearchAction\",\"target\":{\"@type\":\"EntryPoint\",\"urlTemplate\":\"https:\/\/uniest.it\/?s={search_term_string}\"},\"query-input\":{\"@type\":\"PropertyValueSpecification\",\"valueRequired\":true,\"valueName\":\"search_term_string\"}}],\"inLanguage\":\"de\"}]}<\/script>\n<!-- \/ Yoast SEO plugin. -->","yoast_head_json":{"title":"Heckenrose - Uniest","robots":{"index":"index","follow":"follow","max-snippet":"max-snippet:-1","max-image-preview":"max-image-preview:large","max-video-preview":"max-video-preview:-1"},"canonical":"https:\/\/uniest.it\/prodotto\/heckenrose\/","og_locale":"de_DE","og_type":"article","og_title":"Heckenrose - Uniest","og_description":"Hagebutte ist eine Pflanze, die sehr reich an Vitamin C und Bioflavonoiden ist. Dank seiner vitaminisierenden Eigenschaften ist es sehr n\u00fctzlich bei der Behandlung von Erk\u00e4ltungen, Bindehautentz\u00fcndungen und Asthma, wird aber auch zur Erleichterung der Aufnahme von Eisen und Kalzium eingenommen. Tats\u00e4chlich findet die entz\u00fcndungshemmende Eigenschaft eine wichtige therapeutische Anwendung bei Entz\u00fcndungen der Nasenschleimh\u00e4ute, der [&hellip;]","og_url":"https:\/\/uniest.it\/prodotto\/heckenrose\/","og_site_name":"Uniest","twitter_card":"summary_large_image","twitter_misc":{"Gesch\u00e4tzte Lesezeit":"1\u00a0Minute"},"schema":{"@context":"https:\/\/schema.org","@graph":[{"@type":"WebPage","@id":"https:\/\/uniest.it\/prodotto\/heckenrose\/","url":"https:\/\/uniest.it\/prodotto\/heckenrose\/","name":"Heckenrose - Uniest","isPartOf":{"@id":"https:\/\/uniest.it\/#website"},"primaryImageOfPage":{"@id":"https:\/\/uniest.it\/prodotto\/heckenrose\/#primaryimage"},"image":{"@id":"https:\/\/uniest.it\/prodotto\/heckenrose\/#primaryimage"},"thumbnailUrl":"https:\/\/uniest.it\/wp-content\/uploads\/2020\/12\/020ZTM.png","datePublished":"2024-10-29T17:55:37+00:00","breadcrumb":{"@id":"https:\/\/uniest.it\/prodotto\/heckenrose\/#breadcrumb"},"inLanguage":"de","potentialAction":[{"@type":"ReadAction","target":["https:\/\/uniest.it\/prodotto\/heckenrose\/"]}]},{"@type":"ImageObject","inLanguage":"de","@id":"https:\/\/uniest.it\/prodotto\/heckenrose\/#primaryimage","url":"https:\/\/uniest.it\/wp-content\/uploads\/2020\/12\/020ZTM.png","contentUrl":"https:\/\/uniest.it\/wp-content\/uploads\/2020\/12\/020ZTM.png","width":1283,"height":2000},{"@type":"BreadcrumbList","@id":"https:\/\/uniest.it\/prodotto\/heckenrose\/#breadcrumb","itemListElement":[{"@type":"ListItem","position":1,"name":"Home","item":"https:\/\/uniest.it\/de\/"},{"@type":"ListItem","position":2,"name":"Shop","item":"https:\/\/uniest.it\/shop\/"},{"@type":"ListItem","position":3,"name":"Heckenrose"}]},{"@type":"WebSite","@id":"https:\/\/uniest.it\/#website","url":"https:\/\/uniest.it\/","name":"Uniest","description":"Cosmetici Naturali e Bio","potentialAction":[{"@type":"SearchAction","target":{"@type":"EntryPoint","urlTemplate":"https:\/\/uniest.it\/?s={search_term_string}"},"query-input":{"@type":"PropertyValueSpecification","valueRequired":true,"valueName":"search_term_string"}}],"inLanguage":"de"}]}},"_links":{"self":[{"href":"https:\/\/uniest.it\/de\/wp-json\/wp\/v2\/product\/6976","targetHints":{"allow":["GET"]}}],"collection":[{"href":"https:\/\/uniest.it\/de\/wp-json\/wp\/v2\/product"}],"about":[{"href":"https:\/\/uniest.it\/de\/wp-json\/wp\/v2\/types\/product"}],"wp:featuredmedia":[{"embeddable":true,"href":"https:\/\/uniest.it\/de\/wp-json\/wp\/v2\/media\/6977"}],"wp:attachment":[{"href":"https:\/\/uniest.it\/de\/wp-json\/wp\/v2\/media?parent=6976"}],"wp:term":[{"taxonomy":"product_brand","embeddable":true,"href":"https:\/\/uniest.it\/de\/wp-json\/wp\/v2\/product_brand?post=6976"},{"taxonomy":"product_cat","embeddable":true,"href":"https:\/\/uniest.it\/de\/wp-json\/wp\/v2\/product_cat?post=6976"},{"taxonomy":"product_tag","embeddable":true,"href":"https:\/\/uniest.it\/de\/wp-json\/wp\/v2\/product_tag?post=6976"}],"curies":[{"name":"wp","href":"https:\/\/api.w.org\/{rel}","templated":true}]}}