{"id":6979,"date":"2021-02-04T12:58:04","date_gmt":"2024-10-29T17:55:37","guid":{"rendered":"https:\/\/uniest.it\/prodotto\/feuchtigkeitsspendende-und-dermoprotektive-creme\/"},"modified":"2024-10-29T18:55:37","modified_gmt":"2024-10-29T17:55:37","slug":"feuchtigkeitsspendende-und-dermoprotektive-creme","status":"publish","type":"product","link":"https:\/\/uniest.it\/de\/prodotto\/feuchtigkeitsspendende-und-dermoprotektive-creme\/","title":{"rendered":"Feuchtigkeitsspendende und dermoprotektive Creme"},"content":{"rendered":"<p>Feuchtigkeitsspendende und dermoprotektive Creme: Formel speziell f\u00fcr die empfindliche und empfindliche Haut unserer Kinder, geeignet f\u00fcr Gesicht und K\u00f6rper. Reich an pflanzlichen Inhaltsstoffen spendet es Feuchtigkeit und n\u00e4hrt die Haut und sch\u00fctzt sie vor Umwelt- und Luftschadstoffen wie Wind und K\u00e4lte. Tats\u00e4chlich m\u00fcssen die H\u00e4nde und das Gesicht des Babys mit speziellen Produkten gereinigt werden, die die Feuchtigkeit aufrechterhalten k\u00f6nnen. Dermatologisch an empfindlicher Haut getestet, eignet es sich ideal f\u00fcr das Gesicht von Neugeborenen und Kindern ab der Geburt. Feuchtigkeitsspendende Faktoren wie Bio-S\u00fc\u00dfmandel\u00f6l, Weizenkeimproteine, pflanzliches Glycerin und Bienenwachs bringen den Wasserhaushalt der Haut wieder ins Gleichgewicht. Die Pflanzenextrakte aus Bio-Ringelblume, Lavendel, Malve, Zitronenmelisse und Eibisch wirken erfrischend, beruhigend, kl\u00e4rend und tonisierend. Dank seiner reparierenden und dermoprotektiven Eigenschaften eignet es sich f\u00fcr empfindliche, empfindliche und rissige Haut und sch\u00fctzt sie vor Reizungen, R\u00f6tungen und Scheuerstellen durch die Windel.<\/p>\n","protected":false},"excerpt":{"rendered":"<p>Feuchtigkeitsspendende und dermoprotektive Creme: Formel speziell f\u00fcr die empfindliche und empfindliche Haut unserer Kinder, geeignet f\u00fcr Gesicht und K\u00f6rper. Reich an pflanzlichen Inhaltsstoffen spendet es Feuchtigkeit und n\u00e4hrt die Haut und sch\u00fctzt sie vor Umwelt- und Luftschadstoffen wie Wind und K\u00e4lte. Tats\u00e4chlich m\u00fcssen die H\u00e4nde und das Gesicht des Babys mit speziellen Produkten gereinigt werden, [&hellip;]<\/p>\n","protected":false},"featured_media":6980,"template":"","meta":{"_acf_changed":false,"inline_featured_image":false},"product_brand":[],"product_cat":[1491],"product_tag":[],"class_list":{"0":"post-6979","1":"product","2":"type-product","3":"status-publish","4":"has-post-thumbnail","6":"product_beauty-idratare","7":"product_beauty-lenire","8":"product_beauty-nutrire-e-rigenerare","9":"product_beauty-proteggere","10":"product_skin-pelli-delicate-e-sensibili","11":"product_skin-pelli-grasse-e-miste","12":"product_skin-pelli-secche-e-normali","13":"product_skin-tutte-le-pelli","14":"product_kind-creme-pelli-complesse","15":"product_kind-prodotti-baby-mamy","16":"product_kind-tutte-le-creme-corpo","17":"product_lines-baby-mamy","18":"product_cat-famiglia-e-pet-de","19":"pa_size-150-de","21":"first","22":"instock","23":"taxable","24":"shipping-taxable","25":"purchasable","26":"product-type-simple"},"acf":[],"yoast_head":"<!-- This site is optimized with the Yoast SEO plugin v24.6 - https:\/\/yoast.com\/wordpress\/plugins\/seo\/ -->\n<title>Feuchtigkeitsspendende und dermoprotektive Creme - Uniest<\/title>\n<meta name=\"robots\" content=\"index, follow, max-snippet:-1, max-image-preview:large, max-video-preview:-1\" \/>\n<link rel=\"canonical\" href=\"https:\/\/uniest.it\/prodotto\/feuchtigkeitsspendende-und-dermoprotektive-creme\/\" \/>\n<meta property=\"og:locale\" content=\"de_DE\" \/>\n<meta property=\"og:type\" content=\"article\" \/>\n<meta property=\"og:title\" content=\"Feuchtigkeitsspendende und dermoprotektive Creme - Uniest\" \/>\n<meta property=\"og:description\" content=\"Feuchtigkeitsspendende und dermoprotektive Creme: Formel speziell f\u00fcr die empfindliche und empfindliche Haut unserer Kinder, geeignet f\u00fcr Gesicht und K\u00f6rper. Reich an pflanzlichen Inhaltsstoffen spendet es Feuchtigkeit und n\u00e4hrt die Haut und sch\u00fctzt sie vor Umwelt- und Luftschadstoffen wie Wind und K\u00e4lte. Tats\u00e4chlich m\u00fcssen die H\u00e4nde und das Gesicht des Babys mit speziellen Produkten gereinigt werden, [&hellip;]\" \/>\n<meta property=\"og:url\" content=\"https:\/\/uniest.it\/prodotto\/feuchtigkeitsspendende-und-dermoprotektive-creme\/\" \/>\n<meta property=\"og:site_name\" content=\"Uniest\" \/>\n<meta name=\"twitter:card\" content=\"summary_large_image\" \/>\n<meta name=\"twitter:label1\" content=\"Gesch\u00e4tzte Lesezeit\" \/>\n\t<meta name=\"twitter:data1\" content=\"1\u00a0Minute\" \/>\n<script type=\"application\/ld+json\" class=\"yoast-schema-graph\">{\"@context\":\"https:\/\/schema.org\",\"@graph\":[{\"@type\":\"WebPage\",\"@id\":\"https:\/\/uniest.it\/prodotto\/feuchtigkeitsspendende-und-dermoprotektive-creme\/\",\"url\":\"https:\/\/uniest.it\/prodotto\/feuchtigkeitsspendende-und-dermoprotektive-creme\/\",\"name\":\"Feuchtigkeitsspendende und dermoprotektive Creme - Uniest\",\"isPartOf\":{\"@id\":\"https:\/\/uniest.it\/#website\"},\"primaryImageOfPage\":{\"@id\":\"https:\/\/uniest.it\/prodotto\/feuchtigkeitsspendende-und-dermoprotektive-creme\/#primaryimage\"},\"image\":{\"@id\":\"https:\/\/uniest.it\/prodotto\/feuchtigkeitsspendende-und-dermoprotektive-creme\/#primaryimage\"},\"thumbnailUrl\":\"https:\/\/uniest.it\/wp-content\/uploads\/2020\/11\/021AAA.png\",\"datePublished\":\"2024-10-29T17:55:37+00:00\",\"breadcrumb\":{\"@id\":\"https:\/\/uniest.it\/prodotto\/feuchtigkeitsspendende-und-dermoprotektive-creme\/#breadcrumb\"},\"inLanguage\":\"de\",\"potentialAction\":[{\"@type\":\"ReadAction\",\"target\":[\"https:\/\/uniest.it\/prodotto\/feuchtigkeitsspendende-und-dermoprotektive-creme\/\"]}]},{\"@type\":\"ImageObject\",\"inLanguage\":\"de\",\"@id\":\"https:\/\/uniest.it\/prodotto\/feuchtigkeitsspendende-und-dermoprotektive-creme\/#primaryimage\",\"url\":\"https:\/\/uniest.it\/wp-content\/uploads\/2020\/11\/021AAA.png\",\"contentUrl\":\"https:\/\/uniest.it\/wp-content\/uploads\/2020\/11\/021AAA.png\",\"width\":1283,\"height\":2000},{\"@type\":\"BreadcrumbList\",\"@id\":\"https:\/\/uniest.it\/prodotto\/feuchtigkeitsspendende-und-dermoprotektive-creme\/#breadcrumb\",\"itemListElement\":[{\"@type\":\"ListItem\",\"position\":1,\"name\":\"Home\",\"item\":\"https:\/\/uniest.it\/de\/\"},{\"@type\":\"ListItem\",\"position\":2,\"name\":\"Shop\",\"item\":\"https:\/\/uniest.it\/shop\/\"},{\"@type\":\"ListItem\",\"position\":3,\"name\":\"Feuchtigkeitsspendende und dermoprotektive Creme\"}]},{\"@type\":\"WebSite\",\"@id\":\"https:\/\/uniest.it\/#website\",\"url\":\"https:\/\/uniest.it\/\",\"name\":\"Uniest\",\"description\":\"Cosmetici Naturali e Bio\",\"potentialAction\":[{\"@type\":\"SearchAction\",\"target\":{\"@type\":\"EntryPoint\",\"urlTemplate\":\"https:\/\/uniest.it\/?s={search_term_string}\"},\"query-input\":{\"@type\":\"PropertyValueSpecification\",\"valueRequired\":true,\"valueName\":\"search_term_string\"}}],\"inLanguage\":\"de\"}]}<\/script>\n<!-- \/ Yoast SEO plugin. -->","yoast_head_json":{"title":"Feuchtigkeitsspendende und dermoprotektive Creme - Uniest","robots":{"index":"index","follow":"follow","max-snippet":"max-snippet:-1","max-image-preview":"max-image-preview:large","max-video-preview":"max-video-preview:-1"},"canonical":"https:\/\/uniest.it\/prodotto\/feuchtigkeitsspendende-und-dermoprotektive-creme\/","og_locale":"de_DE","og_type":"article","og_title":"Feuchtigkeitsspendende und dermoprotektive Creme - Uniest","og_description":"Feuchtigkeitsspendende und dermoprotektive Creme: Formel speziell f\u00fcr die empfindliche und empfindliche Haut unserer Kinder, geeignet f\u00fcr Gesicht und K\u00f6rper. Reich an pflanzlichen Inhaltsstoffen spendet es Feuchtigkeit und n\u00e4hrt die Haut und sch\u00fctzt sie vor Umwelt- und Luftschadstoffen wie Wind und K\u00e4lte. Tats\u00e4chlich m\u00fcssen die H\u00e4nde und das Gesicht des Babys mit speziellen Produkten gereinigt werden, [&hellip;]","og_url":"https:\/\/uniest.it\/prodotto\/feuchtigkeitsspendende-und-dermoprotektive-creme\/","og_site_name":"Uniest","twitter_card":"summary_large_image","twitter_misc":{"Gesch\u00e4tzte Lesezeit":"1\u00a0Minute"},"schema":{"@context":"https:\/\/schema.org","@graph":[{"@type":"WebPage","@id":"https:\/\/uniest.it\/prodotto\/feuchtigkeitsspendende-und-dermoprotektive-creme\/","url":"https:\/\/uniest.it\/prodotto\/feuchtigkeitsspendende-und-dermoprotektive-creme\/","name":"Feuchtigkeitsspendende und dermoprotektive Creme - Uniest","isPartOf":{"@id":"https:\/\/uniest.it\/#website"},"primaryImageOfPage":{"@id":"https:\/\/uniest.it\/prodotto\/feuchtigkeitsspendende-und-dermoprotektive-creme\/#primaryimage"},"image":{"@id":"https:\/\/uniest.it\/prodotto\/feuchtigkeitsspendende-und-dermoprotektive-creme\/#primaryimage"},"thumbnailUrl":"https:\/\/uniest.it\/wp-content\/uploads\/2020\/11\/021AAA.png","datePublished":"2024-10-29T17:55:37+00:00","breadcrumb":{"@id":"https:\/\/uniest.it\/prodotto\/feuchtigkeitsspendende-und-dermoprotektive-creme\/#breadcrumb"},"inLanguage":"de","potentialAction":[{"@type":"ReadAction","target":["https:\/\/uniest.it\/prodotto\/feuchtigkeitsspendende-und-dermoprotektive-creme\/"]}]},{"@type":"ImageObject","inLanguage":"de","@id":"https:\/\/uniest.it\/prodotto\/feuchtigkeitsspendende-und-dermoprotektive-creme\/#primaryimage","url":"https:\/\/uniest.it\/wp-content\/uploads\/2020\/11\/021AAA.png","contentUrl":"https:\/\/uniest.it\/wp-content\/uploads\/2020\/11\/021AAA.png","width":1283,"height":2000},{"@type":"BreadcrumbList","@id":"https:\/\/uniest.it\/prodotto\/feuchtigkeitsspendende-und-dermoprotektive-creme\/#breadcrumb","itemListElement":[{"@type":"ListItem","position":1,"name":"Home","item":"https:\/\/uniest.it\/de\/"},{"@type":"ListItem","position":2,"name":"Shop","item":"https:\/\/uniest.it\/shop\/"},{"@type":"ListItem","position":3,"name":"Feuchtigkeitsspendende und dermoprotektive Creme"}]},{"@type":"WebSite","@id":"https:\/\/uniest.it\/#website","url":"https:\/\/uniest.it\/","name":"Uniest","description":"Cosmetici Naturali e Bio","potentialAction":[{"@type":"SearchAction","target":{"@type":"EntryPoint","urlTemplate":"https:\/\/uniest.it\/?s={search_term_string}"},"query-input":{"@type":"PropertyValueSpecification","valueRequired":true,"valueName":"search_term_string"}}],"inLanguage":"de"}]}},"_links":{"self":[{"href":"https:\/\/uniest.it\/de\/wp-json\/wp\/v2\/product\/6979","targetHints":{"allow":["GET"]}}],"collection":[{"href":"https:\/\/uniest.it\/de\/wp-json\/wp\/v2\/product"}],"about":[{"href":"https:\/\/uniest.it\/de\/wp-json\/wp\/v2\/types\/product"}],"wp:featuredmedia":[{"embeddable":true,"href":"https:\/\/uniest.it\/de\/wp-json\/wp\/v2\/media\/6980"}],"wp:attachment":[{"href":"https:\/\/uniest.it\/de\/wp-json\/wp\/v2\/media?parent=6979"}],"wp:term":[{"taxonomy":"product_brand","embeddable":true,"href":"https:\/\/uniest.it\/de\/wp-json\/wp\/v2\/product_brand?post=6979"},{"taxonomy":"product_cat","embeddable":true,"href":"https:\/\/uniest.it\/de\/wp-json\/wp\/v2\/product_cat?post=6979"},{"taxonomy":"product_tag","embeddable":true,"href":"https:\/\/uniest.it\/de\/wp-json\/wp\/v2\/product_tag?post=6979"}],"curies":[{"name":"wp","href":"https:\/\/api.w.org\/{rel}","templated":true}]}}