{"id":6982,"date":"2021-02-04T12:58:04","date_gmt":"2024-10-29T17:55:38","guid":{"rendered":"https:\/\/uniest.it\/prodotto\/feuchtigkeitsspendende-und-beruhigende-biodrops\/"},"modified":"2024-10-29T18:55:38","modified_gmt":"2024-10-29T17:55:38","slug":"feuchtigkeitsspendende-und-beruhigende-biodrops","status":"publish","type":"product","link":"https:\/\/uniest.it\/de\/prodotto\/feuchtigkeitsspendende-und-beruhigende-biodrops\/","title":{"rendered":"Feuchtigkeitsspendende und beruhigende Biodrops"},"content":{"rendered":"<p>Feuchtigkeitsspendende und beruhigende Biodrops enthalten Hyalurons\u00e4ure, einen der Grundbestandteile des Bindegewebes, der der Haut Widerstandskraft und Formbest\u00e4ndigkeit verleiht. Ein Mangel f\u00fchrt zu einer Schw\u00e4chung der Haut und beg\u00fcnstigt die Bildung von Falten und Unreinheiten. Seine Konzentration im K\u00f6rpergewebe nimmt mit zunehmendem Alter tendenziell ab. Nat\u00fcrliche Tropfen zeichnen sich durch eine hohe Wirksamkeit aufgrund ihrer geringen Molek\u00fclgr\u00f6\u00dfe aus, weshalb ein paar Tropfen ausreichen und vor jedem anderen Produkt auf die gereinigte Haut aufgetragen werden. Feuchtigkeitsspendende und beruhigende Biodrops sind ein wertvoller Verb\u00fcndeter, insbesondere bei der Bek\u00e4mpfung der Zeichen der Hautalterung. Ihre innovative Formel macht die wertvollen Wirkstoffe der Pflanzenextrakte von Echinacea, Bio-Ringelblume, Bio-Kamille und Malve sowie die \u00e4therischen \u00d6le von Melisse und Waldkiefer sofort verf\u00fcgbar. Sie stimulieren die Zellerneuerung, sorgen f\u00fcr Helligkeit, garantieren Spannkraft und Festigkeit, reduzieren Erm\u00fcdungserscheinungen und Unregelm\u00e4\u00dfigkeiten im Hautton. Es wird empfohlen, es vor Cremes und Masken zu verwenden, da diese ihre besonderen Eigenschaften verst\u00e4rken und die Haut weich, elastisch, frisch und spannungsfrei machen.<\/p>\n","protected":false},"excerpt":{"rendered":"<p>Feuchtigkeitsspendende und beruhigende Biodrops enthalten Hyalurons\u00e4ure, einen der Grundbestandteile des Bindegewebes, der der Haut Widerstandskraft und Formbest\u00e4ndigkeit verleiht. Ein Mangel f\u00fchrt zu einer Schw\u00e4chung der Haut und beg\u00fcnstigt die Bildung von Falten und Unreinheiten. Seine Konzentration im K\u00f6rpergewebe nimmt mit zunehmendem Alter tendenziell ab. Nat\u00fcrliche Tropfen zeichnen sich durch eine hohe Wirksamkeit aufgrund ihrer geringen [&hellip;]<\/p>\n","protected":false},"featured_media":6983,"template":"","meta":{"_acf_changed":false,"inline_featured_image":false},"product_brand":[],"product_cat":[1497,1489],"product_tag":[],"class_list":{"0":"post-6982","1":"product","2":"type-product","3":"status-publish","4":"has-post-thumbnail","6":"product_beauty-idratare","7":"product_beauty-lenire","8":"product_beauty-nutrire-e-rigenerare","9":"product_beauty-purificare","10":"product_skin-tutte-le-pelli","11":"product_kind-tonici-e-lozioni-viso","12":"product_lines-pelli-normali-e-prime-rughe","13":"product_cat-viso-de","14":"product_cat-corpo-de","15":"pa_size-50-de","17":"first","18":"instock","19":"taxable","20":"shipping-taxable","21":"purchasable","22":"product-type-simple"},"acf":[],"yoast_head":"<!-- This site is optimized with the Yoast SEO plugin v24.6 - https:\/\/yoast.com\/wordpress\/plugins\/seo\/ -->\n<title>Feuchtigkeitsspendende und beruhigende Biodrops - Uniest<\/title>\n<meta name=\"robots\" content=\"index, follow, max-snippet:-1, max-image-preview:large, max-video-preview:-1\" \/>\n<link rel=\"canonical\" href=\"https:\/\/uniest.it\/prodotto\/feuchtigkeitsspendende-und-beruhigende-biodrops\/\" \/>\n<meta property=\"og:locale\" content=\"de_DE\" \/>\n<meta property=\"og:type\" content=\"article\" \/>\n<meta property=\"og:title\" content=\"Feuchtigkeitsspendende und beruhigende Biodrops - Uniest\" \/>\n<meta property=\"og:description\" content=\"Feuchtigkeitsspendende und beruhigende Biodrops enthalten Hyalurons\u00e4ure, einen der Grundbestandteile des Bindegewebes, der der Haut Widerstandskraft und Formbest\u00e4ndigkeit verleiht. Ein Mangel f\u00fchrt zu einer Schw\u00e4chung der Haut und beg\u00fcnstigt die Bildung von Falten und Unreinheiten. Seine Konzentration im K\u00f6rpergewebe nimmt mit zunehmendem Alter tendenziell ab. Nat\u00fcrliche Tropfen zeichnen sich durch eine hohe Wirksamkeit aufgrund ihrer geringen [&hellip;]\" \/>\n<meta property=\"og:url\" content=\"https:\/\/uniest.it\/prodotto\/feuchtigkeitsspendende-und-beruhigende-biodrops\/\" \/>\n<meta property=\"og:site_name\" content=\"Uniest\" \/>\n<meta name=\"twitter:card\" content=\"summary_large_image\" \/>\n<meta name=\"twitter:label1\" content=\"Gesch\u00e4tzte Lesezeit\" \/>\n\t<meta name=\"twitter:data1\" content=\"1\u00a0Minute\" \/>\n<script type=\"application\/ld+json\" class=\"yoast-schema-graph\">{\"@context\":\"https:\/\/schema.org\",\"@graph\":[{\"@type\":\"WebPage\",\"@id\":\"https:\/\/uniest.it\/prodotto\/feuchtigkeitsspendende-und-beruhigende-biodrops\/\",\"url\":\"https:\/\/uniest.it\/prodotto\/feuchtigkeitsspendende-und-beruhigende-biodrops\/\",\"name\":\"Feuchtigkeitsspendende und beruhigende Biodrops - Uniest\",\"isPartOf\":{\"@id\":\"https:\/\/uniest.it\/#website\"},\"primaryImageOfPage\":{\"@id\":\"https:\/\/uniest.it\/prodotto\/feuchtigkeitsspendende-und-beruhigende-biodrops\/#primaryimage\"},\"image\":{\"@id\":\"https:\/\/uniest.it\/prodotto\/feuchtigkeitsspendende-und-beruhigende-biodrops\/#primaryimage\"},\"thumbnailUrl\":\"https:\/\/uniest.it\/wp-content\/uploads\/2020\/11\/021AAE.png\",\"datePublished\":\"2024-10-29T17:55:38+00:00\",\"breadcrumb\":{\"@id\":\"https:\/\/uniest.it\/prodotto\/feuchtigkeitsspendende-und-beruhigende-biodrops\/#breadcrumb\"},\"inLanguage\":\"de\",\"potentialAction\":[{\"@type\":\"ReadAction\",\"target\":[\"https:\/\/uniest.it\/prodotto\/feuchtigkeitsspendende-und-beruhigende-biodrops\/\"]}]},{\"@type\":\"ImageObject\",\"inLanguage\":\"de\",\"@id\":\"https:\/\/uniest.it\/prodotto\/feuchtigkeitsspendende-und-beruhigende-biodrops\/#primaryimage\",\"url\":\"https:\/\/uniest.it\/wp-content\/uploads\/2020\/11\/021AAE.png\",\"contentUrl\":\"https:\/\/uniest.it\/wp-content\/uploads\/2020\/11\/021AAE.png\",\"width\":1283,\"height\":2001},{\"@type\":\"BreadcrumbList\",\"@id\":\"https:\/\/uniest.it\/prodotto\/feuchtigkeitsspendende-und-beruhigende-biodrops\/#breadcrumb\",\"itemListElement\":[{\"@type\":\"ListItem\",\"position\":1,\"name\":\"Home\",\"item\":\"https:\/\/uniest.it\/de\/\"},{\"@type\":\"ListItem\",\"position\":2,\"name\":\"Shop\",\"item\":\"https:\/\/uniest.it\/shop\/\"},{\"@type\":\"ListItem\",\"position\":3,\"name\":\"Feuchtigkeitsspendende und beruhigende Biodrops\"}]},{\"@type\":\"WebSite\",\"@id\":\"https:\/\/uniest.it\/#website\",\"url\":\"https:\/\/uniest.it\/\",\"name\":\"Uniest\",\"description\":\"Cosmetici Naturali e Bio\",\"potentialAction\":[{\"@type\":\"SearchAction\",\"target\":{\"@type\":\"EntryPoint\",\"urlTemplate\":\"https:\/\/uniest.it\/?s={search_term_string}\"},\"query-input\":{\"@type\":\"PropertyValueSpecification\",\"valueRequired\":true,\"valueName\":\"search_term_string\"}}],\"inLanguage\":\"de\"}]}<\/script>\n<!-- \/ Yoast SEO plugin. -->","yoast_head_json":{"title":"Feuchtigkeitsspendende und beruhigende Biodrops - Uniest","robots":{"index":"index","follow":"follow","max-snippet":"max-snippet:-1","max-image-preview":"max-image-preview:large","max-video-preview":"max-video-preview:-1"},"canonical":"https:\/\/uniest.it\/prodotto\/feuchtigkeitsspendende-und-beruhigende-biodrops\/","og_locale":"de_DE","og_type":"article","og_title":"Feuchtigkeitsspendende und beruhigende Biodrops - Uniest","og_description":"Feuchtigkeitsspendende und beruhigende Biodrops enthalten Hyalurons\u00e4ure, einen der Grundbestandteile des Bindegewebes, der der Haut Widerstandskraft und Formbest\u00e4ndigkeit verleiht. Ein Mangel f\u00fchrt zu einer Schw\u00e4chung der Haut und beg\u00fcnstigt die Bildung von Falten und Unreinheiten. Seine Konzentration im K\u00f6rpergewebe nimmt mit zunehmendem Alter tendenziell ab. Nat\u00fcrliche Tropfen zeichnen sich durch eine hohe Wirksamkeit aufgrund ihrer geringen [&hellip;]","og_url":"https:\/\/uniest.it\/prodotto\/feuchtigkeitsspendende-und-beruhigende-biodrops\/","og_site_name":"Uniest","twitter_card":"summary_large_image","twitter_misc":{"Gesch\u00e4tzte Lesezeit":"1\u00a0Minute"},"schema":{"@context":"https:\/\/schema.org","@graph":[{"@type":"WebPage","@id":"https:\/\/uniest.it\/prodotto\/feuchtigkeitsspendende-und-beruhigende-biodrops\/","url":"https:\/\/uniest.it\/prodotto\/feuchtigkeitsspendende-und-beruhigende-biodrops\/","name":"Feuchtigkeitsspendende und beruhigende Biodrops - Uniest","isPartOf":{"@id":"https:\/\/uniest.it\/#website"},"primaryImageOfPage":{"@id":"https:\/\/uniest.it\/prodotto\/feuchtigkeitsspendende-und-beruhigende-biodrops\/#primaryimage"},"image":{"@id":"https:\/\/uniest.it\/prodotto\/feuchtigkeitsspendende-und-beruhigende-biodrops\/#primaryimage"},"thumbnailUrl":"https:\/\/uniest.it\/wp-content\/uploads\/2020\/11\/021AAE.png","datePublished":"2024-10-29T17:55:38+00:00","breadcrumb":{"@id":"https:\/\/uniest.it\/prodotto\/feuchtigkeitsspendende-und-beruhigende-biodrops\/#breadcrumb"},"inLanguage":"de","potentialAction":[{"@type":"ReadAction","target":["https:\/\/uniest.it\/prodotto\/feuchtigkeitsspendende-und-beruhigende-biodrops\/"]}]},{"@type":"ImageObject","inLanguage":"de","@id":"https:\/\/uniest.it\/prodotto\/feuchtigkeitsspendende-und-beruhigende-biodrops\/#primaryimage","url":"https:\/\/uniest.it\/wp-content\/uploads\/2020\/11\/021AAE.png","contentUrl":"https:\/\/uniest.it\/wp-content\/uploads\/2020\/11\/021AAE.png","width":1283,"height":2001},{"@type":"BreadcrumbList","@id":"https:\/\/uniest.it\/prodotto\/feuchtigkeitsspendende-und-beruhigende-biodrops\/#breadcrumb","itemListElement":[{"@type":"ListItem","position":1,"name":"Home","item":"https:\/\/uniest.it\/de\/"},{"@type":"ListItem","position":2,"name":"Shop","item":"https:\/\/uniest.it\/shop\/"},{"@type":"ListItem","position":3,"name":"Feuchtigkeitsspendende und beruhigende Biodrops"}]},{"@type":"WebSite","@id":"https:\/\/uniest.it\/#website","url":"https:\/\/uniest.it\/","name":"Uniest","description":"Cosmetici Naturali e Bio","potentialAction":[{"@type":"SearchAction","target":{"@type":"EntryPoint","urlTemplate":"https:\/\/uniest.it\/?s={search_term_string}"},"query-input":{"@type":"PropertyValueSpecification","valueRequired":true,"valueName":"search_term_string"}}],"inLanguage":"de"}]}},"_links":{"self":[{"href":"https:\/\/uniest.it\/de\/wp-json\/wp\/v2\/product\/6982","targetHints":{"allow":["GET"]}}],"collection":[{"href":"https:\/\/uniest.it\/de\/wp-json\/wp\/v2\/product"}],"about":[{"href":"https:\/\/uniest.it\/de\/wp-json\/wp\/v2\/types\/product"}],"wp:featuredmedia":[{"embeddable":true,"href":"https:\/\/uniest.it\/de\/wp-json\/wp\/v2\/media\/6983"}],"wp:attachment":[{"href":"https:\/\/uniest.it\/de\/wp-json\/wp\/v2\/media?parent=6982"}],"wp:term":[{"taxonomy":"product_brand","embeddable":true,"href":"https:\/\/uniest.it\/de\/wp-json\/wp\/v2\/product_brand?post=6982"},{"taxonomy":"product_cat","embeddable":true,"href":"https:\/\/uniest.it\/de\/wp-json\/wp\/v2\/product_cat?post=6982"},{"taxonomy":"product_tag","embeddable":true,"href":"https:\/\/uniest.it\/de\/wp-json\/wp\/v2\/product_tag?post=6982"}],"curies":[{"name":"wp","href":"https:\/\/api.w.org\/{rel}","templated":true}]}}