{"id":6985,"date":"2021-02-04T12:58:04","date_gmt":"2024-10-29T17:55:38","guid":{"rendered":"https:\/\/uniest.it\/prodotto\/hyaluronsaeure-biodrops\/"},"modified":"2024-10-29T18:55:38","modified_gmt":"2024-10-29T17:55:38","slug":"hyaluronsaeure-biodrops","status":"publish","type":"product","link":"https:\/\/uniest.it\/de\/prodotto\/hyaluronsaeure-biodrops\/","title":{"rendered":"Hyalurons\u00e4ure-Biodrops"},"content":{"rendered":"<p>Hyalurons\u00e4ure-Biotropfen: Hyalurons\u00e4ure ist ein k\u00f6rpereigenes Molek\u00fcl, dessen F\u00e4higkeit jedoch mit zunehmendem Alter abnimmt und damit auch die F\u00e4higkeit der Haut, Fl\u00fcssigkeiten zu speichern. Dies f\u00fchrt zu einer Verringerung der Feuchtigkeitsversorgung und Elastizit\u00e4t der Haut selbst mit der Folge einer Zunahme von Trockenheit und Faltenbildung. Hyalurons\u00e4ure ist f\u00fcr die Stimulierung der Kollagen- und Bindegewebsbildung unerl\u00e4sslich. Die st\u00e4ndige Anwendung von Hyalurons\u00e4ure-Bio-Tropfen hilft, Sch\u00e4den, Hautalterung und Falten vorzubeugen und sorgt f\u00fcr das richtige Ma\u00df an Feuchtigkeit, Festigkeit, Weichheit und Elastizit\u00e4t des Gewebes. Geeignet f\u00fcr alle Altersgruppen.<\/p>\n","protected":false},"excerpt":{"rendered":"<p>Hyalurons\u00e4ure-Biotropfen: Hyalurons\u00e4ure ist ein k\u00f6rpereigenes Molek\u00fcl, dessen F\u00e4higkeit jedoch mit zunehmendem Alter abnimmt und damit auch die F\u00e4higkeit der Haut, Fl\u00fcssigkeiten zu speichern. Dies f\u00fchrt zu einer Verringerung der Feuchtigkeitsversorgung und Elastizit\u00e4t der Haut selbst mit der Folge einer Zunahme von Trockenheit und Faltenbildung. Hyalurons\u00e4ure ist f\u00fcr die Stimulierung der Kollagen- und Bindegewebsbildung unerl\u00e4sslich. Die [&hellip;]<\/p>\n","protected":false},"featured_media":6986,"template":"","meta":{"_acf_changed":false,"inline_featured_image":false},"product_brand":[],"product_cat":[1497],"product_tag":[],"class_list":{"0":"post-6985","1":"product","2":"type-product","3":"status-publish","4":"has-post-thumbnail","6":"product_beauty-antirughe","7":"product_beauty-idratare","8":"product_beauty-lenire","9":"product_beauty-nutrire-e-rigenerare","10":"product_beauty-rassodare-e-tonificare","11":"product_beauty-schiarire","12":"product_skin-pelli-delicate-e-sensibili","13":"product_skin-pelli-giovani-e-prime-rughe","14":"product_skin-pelli-grasse-e-miste","15":"product_skin-pelli-mature-e-rughe","16":"product_skin-pelli-secche-e-normali","17":"product_skin-tutte-le-pelli","18":"product_kind-tonici-e-lozioni-viso","19":"product_lines-pelli-normali-e-prime-rughe","20":"product_cat-viso-de","21":"pa_size-30-de","23":"first","24":"instock","25":"taxable","26":"shipping-taxable","27":"purchasable","28":"product-type-simple"},"acf":[],"yoast_head":"<!-- This site is optimized with the Yoast SEO plugin v24.6 - https:\/\/yoast.com\/wordpress\/plugins\/seo\/ -->\n<title>Hyalurons\u00e4ure-Biodrops - Uniest<\/title>\n<meta name=\"robots\" content=\"index, follow, max-snippet:-1, max-image-preview:large, max-video-preview:-1\" \/>\n<link rel=\"canonical\" href=\"https:\/\/uniest.it\/prodotto\/hyaluronsaeure-biodrops\/\" \/>\n<meta property=\"og:locale\" content=\"de_DE\" \/>\n<meta property=\"og:type\" content=\"article\" \/>\n<meta property=\"og:title\" content=\"Hyalurons\u00e4ure-Biodrops - Uniest\" \/>\n<meta property=\"og:description\" content=\"Hyalurons\u00e4ure-Biotropfen: Hyalurons\u00e4ure ist ein k\u00f6rpereigenes Molek\u00fcl, dessen F\u00e4higkeit jedoch mit zunehmendem Alter abnimmt und damit auch die F\u00e4higkeit der Haut, Fl\u00fcssigkeiten zu speichern. Dies f\u00fchrt zu einer Verringerung der Feuchtigkeitsversorgung und Elastizit\u00e4t der Haut selbst mit der Folge einer Zunahme von Trockenheit und Faltenbildung. Hyalurons\u00e4ure ist f\u00fcr die Stimulierung der Kollagen- und Bindegewebsbildung unerl\u00e4sslich. Die [&hellip;]\" \/>\n<meta property=\"og:url\" content=\"https:\/\/uniest.it\/prodotto\/hyaluronsaeure-biodrops\/\" \/>\n<meta property=\"og:site_name\" content=\"Uniest\" \/>\n<meta name=\"twitter:card\" content=\"summary_large_image\" \/>\n<meta name=\"twitter:label1\" content=\"Gesch\u00e4tzte Lesezeit\" \/>\n\t<meta name=\"twitter:data1\" content=\"1\u00a0Minute\" \/>\n<script type=\"application\/ld+json\" class=\"yoast-schema-graph\">{\"@context\":\"https:\/\/schema.org\",\"@graph\":[{\"@type\":\"WebPage\",\"@id\":\"https:\/\/uniest.it\/prodotto\/hyaluronsaeure-biodrops\/\",\"url\":\"https:\/\/uniest.it\/prodotto\/hyaluronsaeure-biodrops\/\",\"name\":\"Hyalurons\u00e4ure-Biodrops - Uniest\",\"isPartOf\":{\"@id\":\"https:\/\/uniest.it\/#website\"},\"primaryImageOfPage\":{\"@id\":\"https:\/\/uniest.it\/prodotto\/hyaluronsaeure-biodrops\/#primaryimage\"},\"image\":{\"@id\":\"https:\/\/uniest.it\/prodotto\/hyaluronsaeure-biodrops\/#primaryimage\"},\"thumbnailUrl\":\"https:\/\/uniest.it\/wp-content\/uploads\/2020\/11\/022AAE.png\",\"datePublished\":\"2024-10-29T17:55:38+00:00\",\"breadcrumb\":{\"@id\":\"https:\/\/uniest.it\/prodotto\/hyaluronsaeure-biodrops\/#breadcrumb\"},\"inLanguage\":\"de\",\"potentialAction\":[{\"@type\":\"ReadAction\",\"target\":[\"https:\/\/uniest.it\/prodotto\/hyaluronsaeure-biodrops\/\"]}]},{\"@type\":\"ImageObject\",\"inLanguage\":\"de\",\"@id\":\"https:\/\/uniest.it\/prodotto\/hyaluronsaeure-biodrops\/#primaryimage\",\"url\":\"https:\/\/uniest.it\/wp-content\/uploads\/2020\/11\/022AAE.png\",\"contentUrl\":\"https:\/\/uniest.it\/wp-content\/uploads\/2020\/11\/022AAE.png\",\"width\":1283,\"height\":2000},{\"@type\":\"BreadcrumbList\",\"@id\":\"https:\/\/uniest.it\/prodotto\/hyaluronsaeure-biodrops\/#breadcrumb\",\"itemListElement\":[{\"@type\":\"ListItem\",\"position\":1,\"name\":\"Home\",\"item\":\"https:\/\/uniest.it\/de\/\"},{\"@type\":\"ListItem\",\"position\":2,\"name\":\"Shop\",\"item\":\"https:\/\/uniest.it\/shop\/\"},{\"@type\":\"ListItem\",\"position\":3,\"name\":\"Hyalurons\u00e4ure-Biodrops\"}]},{\"@type\":\"WebSite\",\"@id\":\"https:\/\/uniest.it\/#website\",\"url\":\"https:\/\/uniest.it\/\",\"name\":\"Uniest\",\"description\":\"Cosmetici Naturali e Bio\",\"potentialAction\":[{\"@type\":\"SearchAction\",\"target\":{\"@type\":\"EntryPoint\",\"urlTemplate\":\"https:\/\/uniest.it\/?s={search_term_string}\"},\"query-input\":{\"@type\":\"PropertyValueSpecification\",\"valueRequired\":true,\"valueName\":\"search_term_string\"}}],\"inLanguage\":\"de\"}]}<\/script>\n<!-- \/ Yoast SEO plugin. -->","yoast_head_json":{"title":"Hyalurons\u00e4ure-Biodrops - Uniest","robots":{"index":"index","follow":"follow","max-snippet":"max-snippet:-1","max-image-preview":"max-image-preview:large","max-video-preview":"max-video-preview:-1"},"canonical":"https:\/\/uniest.it\/prodotto\/hyaluronsaeure-biodrops\/","og_locale":"de_DE","og_type":"article","og_title":"Hyalurons\u00e4ure-Biodrops - Uniest","og_description":"Hyalurons\u00e4ure-Biotropfen: Hyalurons\u00e4ure ist ein k\u00f6rpereigenes Molek\u00fcl, dessen F\u00e4higkeit jedoch mit zunehmendem Alter abnimmt und damit auch die F\u00e4higkeit der Haut, Fl\u00fcssigkeiten zu speichern. Dies f\u00fchrt zu einer Verringerung der Feuchtigkeitsversorgung und Elastizit\u00e4t der Haut selbst mit der Folge einer Zunahme von Trockenheit und Faltenbildung. Hyalurons\u00e4ure ist f\u00fcr die Stimulierung der Kollagen- und Bindegewebsbildung unerl\u00e4sslich. Die [&hellip;]","og_url":"https:\/\/uniest.it\/prodotto\/hyaluronsaeure-biodrops\/","og_site_name":"Uniest","twitter_card":"summary_large_image","twitter_misc":{"Gesch\u00e4tzte Lesezeit":"1\u00a0Minute"},"schema":{"@context":"https:\/\/schema.org","@graph":[{"@type":"WebPage","@id":"https:\/\/uniest.it\/prodotto\/hyaluronsaeure-biodrops\/","url":"https:\/\/uniest.it\/prodotto\/hyaluronsaeure-biodrops\/","name":"Hyalurons\u00e4ure-Biodrops - Uniest","isPartOf":{"@id":"https:\/\/uniest.it\/#website"},"primaryImageOfPage":{"@id":"https:\/\/uniest.it\/prodotto\/hyaluronsaeure-biodrops\/#primaryimage"},"image":{"@id":"https:\/\/uniest.it\/prodotto\/hyaluronsaeure-biodrops\/#primaryimage"},"thumbnailUrl":"https:\/\/uniest.it\/wp-content\/uploads\/2020\/11\/022AAE.png","datePublished":"2024-10-29T17:55:38+00:00","breadcrumb":{"@id":"https:\/\/uniest.it\/prodotto\/hyaluronsaeure-biodrops\/#breadcrumb"},"inLanguage":"de","potentialAction":[{"@type":"ReadAction","target":["https:\/\/uniest.it\/prodotto\/hyaluronsaeure-biodrops\/"]}]},{"@type":"ImageObject","inLanguage":"de","@id":"https:\/\/uniest.it\/prodotto\/hyaluronsaeure-biodrops\/#primaryimage","url":"https:\/\/uniest.it\/wp-content\/uploads\/2020\/11\/022AAE.png","contentUrl":"https:\/\/uniest.it\/wp-content\/uploads\/2020\/11\/022AAE.png","width":1283,"height":2000},{"@type":"BreadcrumbList","@id":"https:\/\/uniest.it\/prodotto\/hyaluronsaeure-biodrops\/#breadcrumb","itemListElement":[{"@type":"ListItem","position":1,"name":"Home","item":"https:\/\/uniest.it\/de\/"},{"@type":"ListItem","position":2,"name":"Shop","item":"https:\/\/uniest.it\/shop\/"},{"@type":"ListItem","position":3,"name":"Hyalurons\u00e4ure-Biodrops"}]},{"@type":"WebSite","@id":"https:\/\/uniest.it\/#website","url":"https:\/\/uniest.it\/","name":"Uniest","description":"Cosmetici Naturali e Bio","potentialAction":[{"@type":"SearchAction","target":{"@type":"EntryPoint","urlTemplate":"https:\/\/uniest.it\/?s={search_term_string}"},"query-input":{"@type":"PropertyValueSpecification","valueRequired":true,"valueName":"search_term_string"}}],"inLanguage":"de"}]}},"_links":{"self":[{"href":"https:\/\/uniest.it\/de\/wp-json\/wp\/v2\/product\/6985","targetHints":{"allow":["GET"]}}],"collection":[{"href":"https:\/\/uniest.it\/de\/wp-json\/wp\/v2\/product"}],"about":[{"href":"https:\/\/uniest.it\/de\/wp-json\/wp\/v2\/types\/product"}],"wp:featuredmedia":[{"embeddable":true,"href":"https:\/\/uniest.it\/de\/wp-json\/wp\/v2\/media\/6986"}],"wp:attachment":[{"href":"https:\/\/uniest.it\/de\/wp-json\/wp\/v2\/media?parent=6985"}],"wp:term":[{"taxonomy":"product_brand","embeddable":true,"href":"https:\/\/uniest.it\/de\/wp-json\/wp\/v2\/product_brand?post=6985"},{"taxonomy":"product_cat","embeddable":true,"href":"https:\/\/uniest.it\/de\/wp-json\/wp\/v2\/product_cat?post=6985"},{"taxonomy":"product_tag","embeddable":true,"href":"https:\/\/uniest.it\/de\/wp-json\/wp\/v2\/product_tag?post=6985"}],"curies":[{"name":"wp","href":"https:\/\/api.w.org\/{rel}","templated":true}]}}