{"id":6988,"date":"2021-02-04T12:58:04","date_gmt":"2024-10-29T17:55:39","guid":{"rendered":"https:\/\/uniest.it\/prodotto\/nach-der-rasur\/"},"modified":"2024-10-29T18:55:39","modified_gmt":"2024-10-29T17:55:39","slug":"nach-der-rasur","status":"publish","type":"product","link":"https:\/\/uniest.it\/de\/prodotto\/nach-der-rasur\/","title":{"rendered":"Nach der Rasur"},"content":{"rendered":"<p>Mit Bisabolol, Hamamelis, Menthol und Weizenkeim\u00f6l angereichertes After-Shave-Fluid. Die leichte After-Shave-Textur macht die Haut weich und lindert das Brennen beim Rasieren mit einem angenehmen Gef\u00fchl von Wohlbefinden und sofortiger Frische. Geeignet f\u00fcr alle Hauttypen, auch f\u00fcr die empfindlichste und empfindlichste. Seine Formulierung wird durch das Vorhandensein wichtiger Wirkstoffe wie Alpha-Bisabolol, das dank seiner beruhigenden Eigenschaften f\u00fcr sofortiges Wohlbefinden sorgt, Menthol, das schnelle Frische und Leichtigkeit verleiht, Hamamelis mit seinen erweichenden, weichmachenden und reepithelisierenden Funktionen und Reis verst\u00e4rkt Kleie\u00f6l ist f\u00fcr seine sch\u00fctzenden Eigenschaften bekannt. Die Haut f\u00fchlt sich ab der ersten Anwendung weich und elastisch an.<\/p>\n","protected":false},"excerpt":{"rendered":"<p>Mit Bisabolol, Hamamelis, Menthol und Weizenkeim\u00f6l angereichertes After-Shave-Fluid. Die leichte After-Shave-Textur macht die Haut weich und lindert das Brennen beim Rasieren mit einem angenehmen Gef\u00fchl von Wohlbefinden und sofortiger Frische. Geeignet f\u00fcr alle Hauttypen, auch f\u00fcr die empfindlichste und empfindlichste. Seine Formulierung wird durch das Vorhandensein wichtiger Wirkstoffe wie Alpha-Bisabolol, das dank seiner beruhigenden Eigenschaften [&hellip;]<\/p>\n","protected":false},"featured_media":6989,"template":"","meta":{"_acf_changed":false,"inline_featured_image":false},"product_brand":[],"product_cat":[1496],"product_tag":[],"class_list":{"0":"post-6988","1":"product","2":"type-product","3":"status-publish","4":"has-post-thumbnail","6":"product_beauty-idratare","7":"product_beauty-lenire","8":"product_beauty-proteggere","9":"product_beauty-purificare","10":"product_beauty-schiarire","11":"product_skin-pelli-delicate-e-sensibili","12":"product_skin-pelli-giovani-e-prime-rughe","13":"product_skin-pelli-grasse-e-miste","14":"product_skin-pelli-mature-e-rughe","15":"product_skin-pelli-secche-e-normali","16":"product_skin-tutte-le-pelli","17":"product_kind-creme-antieta-e-prime-rughe","18":"product_kind-tutte-le-creme-viso","19":"product_lines-uomo","20":"product_cat-uomo-de","21":"pa_size-50-de","23":"first","24":"instock","25":"taxable","26":"shipping-taxable","27":"purchasable","28":"product-type-simple"},"acf":[],"yoast_head":"<!-- This site is optimized with the Yoast SEO plugin v24.6 - https:\/\/yoast.com\/wordpress\/plugins\/seo\/ -->\n<title>Nach der Rasur - Uniest<\/title>\n<meta name=\"robots\" content=\"index, follow, max-snippet:-1, max-image-preview:large, max-video-preview:-1\" \/>\n<link rel=\"canonical\" href=\"https:\/\/uniest.it\/prodotto\/after-shave\/\" \/>\n<meta property=\"og:locale\" content=\"de_DE\" \/>\n<meta property=\"og:type\" content=\"article\" \/>\n<meta property=\"og:title\" content=\"Nach der Rasur - Uniest\" \/>\n<meta property=\"og:description\" content=\"Mit Bisabolol, Hamamelis, Menthol und Weizenkeim\u00f6l angereichertes After-Shave-Fluid. Die leichte After-Shave-Textur macht die Haut weich und lindert das Brennen beim Rasieren mit einem angenehmen Gef\u00fchl von Wohlbefinden und sofortiger Frische. Geeignet f\u00fcr alle Hauttypen, auch f\u00fcr die empfindlichste und empfindlichste. Seine Formulierung wird durch das Vorhandensein wichtiger Wirkstoffe wie Alpha-Bisabolol, das dank seiner beruhigenden Eigenschaften [&hellip;]\" \/>\n<meta property=\"og:url\" content=\"https:\/\/uniest.it\/prodotto\/after-shave\/\" \/>\n<meta property=\"og:site_name\" content=\"Uniest\" \/>\n<meta property=\"og:image\" content=\"https:\/\/uniest.it\/wp-content\/uploads\/2020\/12\/022AAU.png\" \/>\n\t<meta property=\"og:image:width\" content=\"1283\" \/>\n\t<meta property=\"og:image:height\" content=\"2000\" \/>\n\t<meta property=\"og:image:type\" content=\"image\/png\" \/>\n<meta name=\"twitter:card\" content=\"summary_large_image\" \/>\n<meta name=\"twitter:label1\" content=\"Gesch\u00e4tzte Lesezeit\" \/>\n\t<meta name=\"twitter:data1\" content=\"1\u00a0Minute\" \/>\n<script type=\"application\/ld+json\" class=\"yoast-schema-graph\">{\"@context\":\"https:\/\/schema.org\",\"@graph\":[{\"@type\":\"WebPage\",\"@id\":\"https:\/\/uniest.it\/prodotto\/after-shave\/\",\"url\":\"https:\/\/uniest.it\/prodotto\/after-shave\/\",\"name\":\"Nach der Rasur - Uniest\",\"isPartOf\":{\"@id\":\"https:\/\/uniest.it\/#website\"},\"primaryImageOfPage\":{\"@id\":\"https:\/\/uniest.it\/prodotto\/after-shave\/#primaryimage\"},\"image\":{\"@id\":\"https:\/\/uniest.it\/prodotto\/after-shave\/#primaryimage\"},\"thumbnailUrl\":\"https:\/\/uniest.it\/wp-content\/uploads\/2020\/12\/022AAU.png\",\"datePublished\":\"2024-10-29T17:55:39+00:00\",\"breadcrumb\":{\"@id\":\"https:\/\/uniest.it\/prodotto\/after-shave\/#breadcrumb\"},\"inLanguage\":\"de\",\"potentialAction\":[{\"@type\":\"ReadAction\",\"target\":[\"https:\/\/uniest.it\/prodotto\/after-shave\/\"]}]},{\"@type\":\"ImageObject\",\"inLanguage\":\"de\",\"@id\":\"https:\/\/uniest.it\/prodotto\/after-shave\/#primaryimage\",\"url\":\"https:\/\/uniest.it\/wp-content\/uploads\/2020\/12\/022AAU.png\",\"contentUrl\":\"https:\/\/uniest.it\/wp-content\/uploads\/2020\/12\/022AAU.png\",\"width\":1283,\"height\":2000},{\"@type\":\"BreadcrumbList\",\"@id\":\"https:\/\/uniest.it\/prodotto\/after-shave\/#breadcrumb\",\"itemListElement\":[{\"@type\":\"ListItem\",\"position\":1,\"name\":\"Home\",\"item\":\"https:\/\/uniest.it\/de\/\"},{\"@type\":\"ListItem\",\"position\":2,\"name\":\"Shop\",\"item\":\"https:\/\/uniest.it\/shop\/\"},{\"@type\":\"ListItem\",\"position\":3,\"name\":\"Nach der Rasur\"}]},{\"@type\":\"WebSite\",\"@id\":\"https:\/\/uniest.it\/#website\",\"url\":\"https:\/\/uniest.it\/\",\"name\":\"Uniest\",\"description\":\"Cosmetici Naturali e Bio\",\"potentialAction\":[{\"@type\":\"SearchAction\",\"target\":{\"@type\":\"EntryPoint\",\"urlTemplate\":\"https:\/\/uniest.it\/?s={search_term_string}\"},\"query-input\":{\"@type\":\"PropertyValueSpecification\",\"valueRequired\":true,\"valueName\":\"search_term_string\"}}],\"inLanguage\":\"de\"}]}<\/script>\n<!-- \/ Yoast SEO plugin. -->","yoast_head_json":{"title":"Nach der Rasur - Uniest","robots":{"index":"index","follow":"follow","max-snippet":"max-snippet:-1","max-image-preview":"max-image-preview:large","max-video-preview":"max-video-preview:-1"},"canonical":"https:\/\/uniest.it\/prodotto\/after-shave\/","og_locale":"de_DE","og_type":"article","og_title":"Nach der Rasur - Uniest","og_description":"Mit Bisabolol, Hamamelis, Menthol und Weizenkeim\u00f6l angereichertes After-Shave-Fluid. Die leichte After-Shave-Textur macht die Haut weich und lindert das Brennen beim Rasieren mit einem angenehmen Gef\u00fchl von Wohlbefinden und sofortiger Frische. Geeignet f\u00fcr alle Hauttypen, auch f\u00fcr die empfindlichste und empfindlichste. Seine Formulierung wird durch das Vorhandensein wichtiger Wirkstoffe wie Alpha-Bisabolol, das dank seiner beruhigenden Eigenschaften [&hellip;]","og_url":"https:\/\/uniest.it\/prodotto\/after-shave\/","og_site_name":"Uniest","og_image":[{"width":1283,"height":2000,"url":"https:\/\/uniest.it\/wp-content\/uploads\/2020\/12\/022AAU.png","type":"image\/png"}],"twitter_card":"summary_large_image","twitter_misc":{"Gesch\u00e4tzte Lesezeit":"1\u00a0Minute"},"schema":{"@context":"https:\/\/schema.org","@graph":[{"@type":"WebPage","@id":"https:\/\/uniest.it\/prodotto\/after-shave\/","url":"https:\/\/uniest.it\/prodotto\/after-shave\/","name":"Nach der Rasur - Uniest","isPartOf":{"@id":"https:\/\/uniest.it\/#website"},"primaryImageOfPage":{"@id":"https:\/\/uniest.it\/prodotto\/after-shave\/#primaryimage"},"image":{"@id":"https:\/\/uniest.it\/prodotto\/after-shave\/#primaryimage"},"thumbnailUrl":"https:\/\/uniest.it\/wp-content\/uploads\/2020\/12\/022AAU.png","datePublished":"2024-10-29T17:55:39+00:00","breadcrumb":{"@id":"https:\/\/uniest.it\/prodotto\/after-shave\/#breadcrumb"},"inLanguage":"de","potentialAction":[{"@type":"ReadAction","target":["https:\/\/uniest.it\/prodotto\/after-shave\/"]}]},{"@type":"ImageObject","inLanguage":"de","@id":"https:\/\/uniest.it\/prodotto\/after-shave\/#primaryimage","url":"https:\/\/uniest.it\/wp-content\/uploads\/2020\/12\/022AAU.png","contentUrl":"https:\/\/uniest.it\/wp-content\/uploads\/2020\/12\/022AAU.png","width":1283,"height":2000},{"@type":"BreadcrumbList","@id":"https:\/\/uniest.it\/prodotto\/after-shave\/#breadcrumb","itemListElement":[{"@type":"ListItem","position":1,"name":"Home","item":"https:\/\/uniest.it\/de\/"},{"@type":"ListItem","position":2,"name":"Shop","item":"https:\/\/uniest.it\/shop\/"},{"@type":"ListItem","position":3,"name":"Nach der Rasur"}]},{"@type":"WebSite","@id":"https:\/\/uniest.it\/#website","url":"https:\/\/uniest.it\/","name":"Uniest","description":"Cosmetici Naturali e Bio","potentialAction":[{"@type":"SearchAction","target":{"@type":"EntryPoint","urlTemplate":"https:\/\/uniest.it\/?s={search_term_string}"},"query-input":{"@type":"PropertyValueSpecification","valueRequired":true,"valueName":"search_term_string"}}],"inLanguage":"de"}]}},"_links":{"self":[{"href":"https:\/\/uniest.it\/de\/wp-json\/wp\/v2\/product\/6988","targetHints":{"allow":["GET"]}}],"collection":[{"href":"https:\/\/uniest.it\/de\/wp-json\/wp\/v2\/product"}],"about":[{"href":"https:\/\/uniest.it\/de\/wp-json\/wp\/v2\/types\/product"}],"wp:featuredmedia":[{"embeddable":true,"href":"https:\/\/uniest.it\/de\/wp-json\/wp\/v2\/media\/6989"}],"wp:attachment":[{"href":"https:\/\/uniest.it\/de\/wp-json\/wp\/v2\/media?parent=6988"}],"wp:term":[{"taxonomy":"product_brand","embeddable":true,"href":"https:\/\/uniest.it\/de\/wp-json\/wp\/v2\/product_brand?post=6988"},{"taxonomy":"product_cat","embeddable":true,"href":"https:\/\/uniest.it\/de\/wp-json\/wp\/v2\/product_cat?post=6988"},{"taxonomy":"product_tag","embeddable":true,"href":"https:\/\/uniest.it\/de\/wp-json\/wp\/v2\/product_tag?post=6988"}],"curies":[{"name":"wp","href":"https:\/\/api.w.org\/{rel}","templated":true}]}}