{"id":6991,"date":"2024-10-29T18:55:40","date_gmt":"2024-10-29T17:55:40","guid":{"rendered":"https:\/\/uniest.it\/prodotto\/wunderbares-gesichtsoel-mit-doppelter-wirkung\/"},"modified":"2024-10-29T18:55:40","modified_gmt":"2024-10-29T17:55:40","slug":"wunderbares-gesichtsoel-mit-doppelter-wirkung","status":"publish","type":"product","link":"https:\/\/uniest.it\/de\/prodotto\/wunderbares-gesichtsoel-mit-doppelter-wirkung\/","title":{"rendered":"Wunderbares Gesichts\u00f6l mit doppelter Wirkung"},"content":{"rendered":"<p>Reife Haut erscheint oft fahl und dehydriert, weshalb es notwendig ist, ein gezieltes Produkt zu verwenden, um Feuchtigkeit, Glanz und Geschmeidigkeit wiederherzustellen. Das Prodigious Facial Oil pflegt, gl\u00e4ttet, sch\u00fctzt und hydratisiert die Gesichtshaut und macht sie weich und elastisch. Es besteht aus einer Mischung nat\u00fcrlicher \u00d6le (Reiskleie, Weizenkeime, Karotte, Soja, Jojoba, Bio-S\u00fc\u00dfmandeln*, pflanzliches Squalan), die mit ihrer feuchtigkeitsspendenden und gegen freie Radikale wirkenden Wirkung der Haut eine glatte und samtige Wirkung verleihen . . Das Prodigious-Gesichts\u00f6l kann dank der darin enthaltenen Wirkstoffe Linderung und Wohlbefinden bringen, wie zum Beispiel das Vorhandensein des Komplexes aus Pflanzenextrakten aus Malve, Ringelblume und Althea in Bio-Sonnenblumen\u00f6l* in Kombination mit dem wertvollen Vitamin C und Vitamin C E Es hat eine regenerierende Wirkung bei reifer Haut, aber auch eine vorbeugende Wirkung bei j\u00fcngerer Haut, indem es der Austrocknung vorbeugt, die Elastizit\u00e4t f\u00f6rdert und vorzeitige Hautalterung verz\u00f6gert. Es kann auch als Reinigungs\u00f6l verwendet werden.<\/p>\n","protected":false},"excerpt":{"rendered":"<p>Reife Haut erscheint oft fahl und dehydriert, weshalb es notwendig ist, ein gezieltes Produkt zu verwenden, um Feuchtigkeit, Glanz und Geschmeidigkeit wiederherzustellen. Das Prodigious Facial Oil pflegt, gl\u00e4ttet, sch\u00fctzt und hydratisiert die Gesichtshaut und macht sie weich und elastisch. Es besteht aus einer Mischung nat\u00fcrlicher \u00d6le (Reiskleie, Weizenkeime, Karotte, Soja, Jojoba, Bio-S\u00fc\u00dfmandeln*, pflanzliches Squalan), die [&hellip;]<\/p>\n","protected":false},"featured_media":6994,"template":"","meta":{"_acf_changed":false,"inline_featured_image":false},"product_brand":[],"product_cat":[1497],"product_tag":[],"class_list":{"0":"post-6991","1":"product","2":"type-product","3":"status-publish","4":"has-post-thumbnail","6":"product_beauty-antirughe","7":"product_beauty-detergere","8":"product_beauty-idratare","9":"product_beauty-nutrire-e-rigenerare","10":"product_beauty-proteggere","11":"product_beauty-rassodare-e-tonificare","12":"product_skin-pelli-delicate-e-sensibili","13":"product_skin-pelli-giovani-e-prime-rughe","14":"product_skin-pelli-grasse-e-miste","15":"product_skin-pelli-mature-e-rughe","16":"product_skin-pelli-secche-e-normali","17":"product_skin-tutte-le-pelli","18":"product_kind-oli-e-burri","19":"product_kind-sieri-ed-oli","20":"product_kind-trattamenti-speciali","21":"product_lines-antirughe","22":"product_cat-viso-de","23":"pa_size-100-de","25":"first","26":"instock","27":"taxable","28":"shipping-taxable","29":"purchasable","30":"product-type-simple"},"acf":[],"yoast_head":"<!-- This site is optimized with the Yoast SEO plugin v24.6 - https:\/\/yoast.com\/wordpress\/plugins\/seo\/ -->\n<title>Wunderbares Gesichts\u00f6l mit doppelter Wirkung - Uniest<\/title>\n<meta name=\"robots\" content=\"index, follow, max-snippet:-1, max-image-preview:large, max-video-preview:-1\" \/>\n<link rel=\"canonical\" href=\"https:\/\/uniest.it\/prodotto\/wunderbares-gesichtsoel-mit-doppelter-wirkung\/\" \/>\n<meta property=\"og:locale\" content=\"de_DE\" \/>\n<meta property=\"og:type\" content=\"article\" \/>\n<meta property=\"og:title\" content=\"Wunderbares Gesichts\u00f6l mit doppelter Wirkung - Uniest\" \/>\n<meta property=\"og:description\" content=\"Reife Haut erscheint oft fahl und dehydriert, weshalb es notwendig ist, ein gezieltes Produkt zu verwenden, um Feuchtigkeit, Glanz und Geschmeidigkeit wiederherzustellen. Das Prodigious Facial Oil pflegt, gl\u00e4ttet, sch\u00fctzt und hydratisiert die Gesichtshaut und macht sie weich und elastisch. Es besteht aus einer Mischung nat\u00fcrlicher \u00d6le (Reiskleie, Weizenkeime, Karotte, Soja, Jojoba, Bio-S\u00fc\u00dfmandeln*, pflanzliches Squalan), die [&hellip;]\" \/>\n<meta property=\"og:url\" content=\"https:\/\/uniest.it\/prodotto\/wunderbares-gesichtsoel-mit-doppelter-wirkung\/\" \/>\n<meta property=\"og:site_name\" content=\"Uniest\" \/>\n<meta name=\"twitter:card\" content=\"summary_large_image\" \/>\n<meta name=\"twitter:label1\" content=\"Gesch\u00e4tzte Lesezeit\" \/>\n\t<meta name=\"twitter:data1\" content=\"1\u00a0Minute\" \/>\n<script type=\"application\/ld+json\" class=\"yoast-schema-graph\">{\"@context\":\"https:\/\/schema.org\",\"@graph\":[{\"@type\":\"WebPage\",\"@id\":\"https:\/\/uniest.it\/prodotto\/wunderbares-gesichtsoel-mit-doppelter-wirkung\/\",\"url\":\"https:\/\/uniest.it\/prodotto\/wunderbares-gesichtsoel-mit-doppelter-wirkung\/\",\"name\":\"Wunderbares Gesichts\u00f6l mit doppelter Wirkung - Uniest\",\"isPartOf\":{\"@id\":\"https:\/\/uniest.it\/#website\"},\"primaryImageOfPage\":{\"@id\":\"https:\/\/uniest.it\/prodotto\/wunderbares-gesichtsoel-mit-doppelter-wirkung\/#primaryimage\"},\"image\":{\"@id\":\"https:\/\/uniest.it\/prodotto\/wunderbares-gesichtsoel-mit-doppelter-wirkung\/#primaryimage\"},\"thumbnailUrl\":\"https:\/\/uniest.it\/wp-content\/uploads\/2021\/02\/023AAE.png\",\"datePublished\":\"2024-10-29T17:55:40+00:00\",\"breadcrumb\":{\"@id\":\"https:\/\/uniest.it\/prodotto\/wunderbares-gesichtsoel-mit-doppelter-wirkung\/#breadcrumb\"},\"inLanguage\":\"de\",\"potentialAction\":[{\"@type\":\"ReadAction\",\"target\":[\"https:\/\/uniest.it\/prodotto\/wunderbares-gesichtsoel-mit-doppelter-wirkung\/\"]}]},{\"@type\":\"ImageObject\",\"inLanguage\":\"de\",\"@id\":\"https:\/\/uniest.it\/prodotto\/wunderbares-gesichtsoel-mit-doppelter-wirkung\/#primaryimage\",\"url\":\"https:\/\/uniest.it\/wp-content\/uploads\/2021\/02\/023AAE.png\",\"contentUrl\":\"https:\/\/uniest.it\/wp-content\/uploads\/2021\/02\/023AAE.png\",\"width\":1283,\"height\":2000},{\"@type\":\"BreadcrumbList\",\"@id\":\"https:\/\/uniest.it\/prodotto\/wunderbares-gesichtsoel-mit-doppelter-wirkung\/#breadcrumb\",\"itemListElement\":[{\"@type\":\"ListItem\",\"position\":1,\"name\":\"Home\",\"item\":\"https:\/\/uniest.it\/de\/\"},{\"@type\":\"ListItem\",\"position\":2,\"name\":\"Shop\",\"item\":\"https:\/\/uniest.it\/shop\/\"},{\"@type\":\"ListItem\",\"position\":3,\"name\":\"Wunderbares Gesichts\u00f6l mit doppelter Wirkung\"}]},{\"@type\":\"WebSite\",\"@id\":\"https:\/\/uniest.it\/#website\",\"url\":\"https:\/\/uniest.it\/\",\"name\":\"Uniest\",\"description\":\"Cosmetici Naturali e Bio\",\"potentialAction\":[{\"@type\":\"SearchAction\",\"target\":{\"@type\":\"EntryPoint\",\"urlTemplate\":\"https:\/\/uniest.it\/?s={search_term_string}\"},\"query-input\":{\"@type\":\"PropertyValueSpecification\",\"valueRequired\":true,\"valueName\":\"search_term_string\"}}],\"inLanguage\":\"de\"}]}<\/script>\n<!-- \/ Yoast SEO plugin. -->","yoast_head_json":{"title":"Wunderbares Gesichts\u00f6l mit doppelter Wirkung - Uniest","robots":{"index":"index","follow":"follow","max-snippet":"max-snippet:-1","max-image-preview":"max-image-preview:large","max-video-preview":"max-video-preview:-1"},"canonical":"https:\/\/uniest.it\/prodotto\/wunderbares-gesichtsoel-mit-doppelter-wirkung\/","og_locale":"de_DE","og_type":"article","og_title":"Wunderbares Gesichts\u00f6l mit doppelter Wirkung - Uniest","og_description":"Reife Haut erscheint oft fahl und dehydriert, weshalb es notwendig ist, ein gezieltes Produkt zu verwenden, um Feuchtigkeit, Glanz und Geschmeidigkeit wiederherzustellen. Das Prodigious Facial Oil pflegt, gl\u00e4ttet, sch\u00fctzt und hydratisiert die Gesichtshaut und macht sie weich und elastisch. Es besteht aus einer Mischung nat\u00fcrlicher \u00d6le (Reiskleie, Weizenkeime, Karotte, Soja, Jojoba, Bio-S\u00fc\u00dfmandeln*, pflanzliches Squalan), die [&hellip;]","og_url":"https:\/\/uniest.it\/prodotto\/wunderbares-gesichtsoel-mit-doppelter-wirkung\/","og_site_name":"Uniest","twitter_card":"summary_large_image","twitter_misc":{"Gesch\u00e4tzte Lesezeit":"1\u00a0Minute"},"schema":{"@context":"https:\/\/schema.org","@graph":[{"@type":"WebPage","@id":"https:\/\/uniest.it\/prodotto\/wunderbares-gesichtsoel-mit-doppelter-wirkung\/","url":"https:\/\/uniest.it\/prodotto\/wunderbares-gesichtsoel-mit-doppelter-wirkung\/","name":"Wunderbares Gesichts\u00f6l mit doppelter Wirkung - Uniest","isPartOf":{"@id":"https:\/\/uniest.it\/#website"},"primaryImageOfPage":{"@id":"https:\/\/uniest.it\/prodotto\/wunderbares-gesichtsoel-mit-doppelter-wirkung\/#primaryimage"},"image":{"@id":"https:\/\/uniest.it\/prodotto\/wunderbares-gesichtsoel-mit-doppelter-wirkung\/#primaryimage"},"thumbnailUrl":"https:\/\/uniest.it\/wp-content\/uploads\/2021\/02\/023AAE.png","datePublished":"2024-10-29T17:55:40+00:00","breadcrumb":{"@id":"https:\/\/uniest.it\/prodotto\/wunderbares-gesichtsoel-mit-doppelter-wirkung\/#breadcrumb"},"inLanguage":"de","potentialAction":[{"@type":"ReadAction","target":["https:\/\/uniest.it\/prodotto\/wunderbares-gesichtsoel-mit-doppelter-wirkung\/"]}]},{"@type":"ImageObject","inLanguage":"de","@id":"https:\/\/uniest.it\/prodotto\/wunderbares-gesichtsoel-mit-doppelter-wirkung\/#primaryimage","url":"https:\/\/uniest.it\/wp-content\/uploads\/2021\/02\/023AAE.png","contentUrl":"https:\/\/uniest.it\/wp-content\/uploads\/2021\/02\/023AAE.png","width":1283,"height":2000},{"@type":"BreadcrumbList","@id":"https:\/\/uniest.it\/prodotto\/wunderbares-gesichtsoel-mit-doppelter-wirkung\/#breadcrumb","itemListElement":[{"@type":"ListItem","position":1,"name":"Home","item":"https:\/\/uniest.it\/de\/"},{"@type":"ListItem","position":2,"name":"Shop","item":"https:\/\/uniest.it\/shop\/"},{"@type":"ListItem","position":3,"name":"Wunderbares Gesichts\u00f6l mit doppelter Wirkung"}]},{"@type":"WebSite","@id":"https:\/\/uniest.it\/#website","url":"https:\/\/uniest.it\/","name":"Uniest","description":"Cosmetici Naturali e Bio","potentialAction":[{"@type":"SearchAction","target":{"@type":"EntryPoint","urlTemplate":"https:\/\/uniest.it\/?s={search_term_string}"},"query-input":{"@type":"PropertyValueSpecification","valueRequired":true,"valueName":"search_term_string"}}],"inLanguage":"de"}]}},"_links":{"self":[{"href":"https:\/\/uniest.it\/de\/wp-json\/wp\/v2\/product\/6991","targetHints":{"allow":["GET"]}}],"collection":[{"href":"https:\/\/uniest.it\/de\/wp-json\/wp\/v2\/product"}],"about":[{"href":"https:\/\/uniest.it\/de\/wp-json\/wp\/v2\/types\/product"}],"wp:featuredmedia":[{"embeddable":true,"href":"https:\/\/uniest.it\/de\/wp-json\/wp\/v2\/media\/6994"}],"wp:attachment":[{"href":"https:\/\/uniest.it\/de\/wp-json\/wp\/v2\/media?parent=6991"}],"wp:term":[{"taxonomy":"product_brand","embeddable":true,"href":"https:\/\/uniest.it\/de\/wp-json\/wp\/v2\/product_brand?post=6991"},{"taxonomy":"product_cat","embeddable":true,"href":"https:\/\/uniest.it\/de\/wp-json\/wp\/v2\/product_cat?post=6991"},{"taxonomy":"product_tag","embeddable":true,"href":"https:\/\/uniest.it\/de\/wp-json\/wp\/v2\/product_tag?post=6991"}],"curies":[{"name":"wp","href":"https:\/\/api.w.org\/{rel}","templated":true}]}}