{"id":6995,"date":"2021-02-04T12:58:04","date_gmt":"2024-10-29T17:55:40","guid":{"rendered":"https:\/\/uniest.it\/prodotto\/reinigende-reinigungsmilch\/"},"modified":"2025-03-04T00:00:45","modified_gmt":"2025-03-03T23:00:45","slug":"reinigende-reinigungsmilch","status":"publish","type":"product","link":"https:\/\/uniest.it\/de\/prodotto\/reinigende-reinigungsmilch\/","title":{"rendered":"Reinigende Reinigungsmilch"},"content":{"rendered":"<p>Es ist die erste Geste, die Haut zu pflegen. Unverzichtbar, um es sofort sch\u00f6n und langfristig jung zu halten. Sanfte Reinigungsmilch mit reinigenden Kr\u00e4utern basiert auf Reiskleie\u00f6l, Bio-S\u00fc\u00dfmandel\u00f6l, Weizenkeimproteinen und pflanzlichem Glycerin, reich an mineralisierenden Salzen, speziell f\u00fcr fettige Haut und Mischhaut. Angereichert mit Pflanzenextrakten aus Klette, Gurke, Lavendel und Eisenkraut, die im richtigen Verh\u00e4ltnis gemischt eine adstringierende, aufhellende und reinigende Wirkung haben und dabei helfen, die Talgproduktion zu regulieren. Um die f\u00fcr diesen Hauttyp typische \u00fcberm\u00e4\u00dfige Talgsekretion unter Kontrolle zu halten, wird die t\u00e4gliche Anwendung empfohlen.<\/p>\n","protected":false},"excerpt":{"rendered":"<p>Es ist die erste Geste, die Haut zu pflegen. Unverzichtbar, um es sofort sch\u00f6n und langfristig jung zu halten. Sanfte Reinigungsmilch mit reinigenden Kr\u00e4utern basiert auf Reiskleie\u00f6l, Bio-S\u00fc\u00dfmandel\u00f6l, Weizenkeimproteinen und pflanzlichem Glycerin, reich an mineralisierenden Salzen, speziell f\u00fcr fettige Haut und Mischhaut. Angereichert mit Pflanzenextrakten aus Klette, Gurke, Lavendel und Eisenkraut, die im richtigen Verh\u00e4ltnis [&hellip;]<\/p>\n","protected":false},"featured_media":6996,"template":"","meta":{"_acf_changed":false,"inline_featured_image":false},"product_brand":[],"product_cat":[1497],"product_tag":[],"class_list":{"0":"post-6995","1":"product","2":"type-product","3":"status-publish","4":"has-post-thumbnail","6":"product_beauty-detergere","7":"product_beauty-detox-e-dren","8":"product_beauty-idratare","9":"product_beauty-purificare","10":"product_beauty-riequilibrare","11":"product_beauty-schiarire","12":"product_skin-pelli-grasse-e-miste","13":"product_kind-detergenti-e-struccanti-viso","14":"product_lines-pelli-grasse-e-miste","15":"product_cat-viso-de","16":"pa_size-200-de","18":"first","19":"instock","20":"taxable","21":"shipping-taxable","22":"purchasable","23":"product-type-simple"},"acf":[],"yoast_head":"<!-- This site is optimized with the Yoast SEO plugin v24.6 - https:\/\/yoast.com\/wordpress\/plugins\/seo\/ -->\n<title>Reinigende Reinigungsmilch - Uniest<\/title>\n<meta name=\"robots\" content=\"index, follow, max-snippet:-1, max-image-preview:large, max-video-preview:-1\" \/>\n<link rel=\"canonical\" href=\"https:\/\/uniest.it\/prodotto\/reinigende-reinigungsmilch\/\" \/>\n<meta property=\"og:locale\" content=\"de_DE\" \/>\n<meta property=\"og:type\" content=\"article\" \/>\n<meta property=\"og:title\" content=\"Reinigende Reinigungsmilch - Uniest\" \/>\n<meta property=\"og:description\" content=\"Es ist die erste Geste, die Haut zu pflegen. Unverzichtbar, um es sofort sch\u00f6n und langfristig jung zu halten. Sanfte Reinigungsmilch mit reinigenden Kr\u00e4utern basiert auf Reiskleie\u00f6l, Bio-S\u00fc\u00dfmandel\u00f6l, Weizenkeimproteinen und pflanzlichem Glycerin, reich an mineralisierenden Salzen, speziell f\u00fcr fettige Haut und Mischhaut. Angereichert mit Pflanzenextrakten aus Klette, Gurke, Lavendel und Eisenkraut, die im richtigen Verh\u00e4ltnis [&hellip;]\" \/>\n<meta property=\"og:url\" content=\"https:\/\/uniest.it\/prodotto\/reinigende-reinigungsmilch\/\" \/>\n<meta property=\"og:site_name\" content=\"Uniest\" \/>\n<meta property=\"article:modified_time\" content=\"2025-03-03T23:00:45+00:00\" \/>\n<meta name=\"twitter:card\" content=\"summary_large_image\" \/>\n<script type=\"application\/ld+json\" class=\"yoast-schema-graph\">{\"@context\":\"https:\/\/schema.org\",\"@graph\":[{\"@type\":\"WebPage\",\"@id\":\"https:\/\/uniest.it\/prodotto\/reinigende-reinigungsmilch\/\",\"url\":\"https:\/\/uniest.it\/prodotto\/reinigende-reinigungsmilch\/\",\"name\":\"Reinigende Reinigungsmilch - Uniest\",\"isPartOf\":{\"@id\":\"https:\/\/uniest.it\/#website\"},\"primaryImageOfPage\":{\"@id\":\"https:\/\/uniest.it\/prodotto\/reinigende-reinigungsmilch\/#primaryimage\"},\"image\":{\"@id\":\"https:\/\/uniest.it\/prodotto\/reinigende-reinigungsmilch\/#primaryimage\"},\"thumbnailUrl\":\"https:\/\/uniest.it\/wp-content\/uploads\/2020\/11\/024AAE.png\",\"datePublished\":\"2024-10-29T17:55:40+00:00\",\"dateModified\":\"2025-03-03T23:00:45+00:00\",\"breadcrumb\":{\"@id\":\"https:\/\/uniest.it\/prodotto\/reinigende-reinigungsmilch\/#breadcrumb\"},\"inLanguage\":\"de\",\"potentialAction\":[{\"@type\":\"ReadAction\",\"target\":[\"https:\/\/uniest.it\/prodotto\/reinigende-reinigungsmilch\/\"]}]},{\"@type\":\"ImageObject\",\"inLanguage\":\"de\",\"@id\":\"https:\/\/uniest.it\/prodotto\/reinigende-reinigungsmilch\/#primaryimage\",\"url\":\"https:\/\/uniest.it\/wp-content\/uploads\/2020\/11\/024AAE.png\",\"contentUrl\":\"https:\/\/uniest.it\/wp-content\/uploads\/2020\/11\/024AAE.png\",\"width\":1283,\"height\":2000},{\"@type\":\"BreadcrumbList\",\"@id\":\"https:\/\/uniest.it\/prodotto\/reinigende-reinigungsmilch\/#breadcrumb\",\"itemListElement\":[{\"@type\":\"ListItem\",\"position\":1,\"name\":\"Home\",\"item\":\"https:\/\/uniest.it\/de\/\"},{\"@type\":\"ListItem\",\"position\":2,\"name\":\"Shop\",\"item\":\"https:\/\/uniest.it\/shop\/\"},{\"@type\":\"ListItem\",\"position\":3,\"name\":\"Reinigende Reinigungsmilch\"}]},{\"@type\":\"WebSite\",\"@id\":\"https:\/\/uniest.it\/#website\",\"url\":\"https:\/\/uniest.it\/\",\"name\":\"Uniest\",\"description\":\"Cosmetici Naturali e Bio\",\"potentialAction\":[{\"@type\":\"SearchAction\",\"target\":{\"@type\":\"EntryPoint\",\"urlTemplate\":\"https:\/\/uniest.it\/?s={search_term_string}\"},\"query-input\":{\"@type\":\"PropertyValueSpecification\",\"valueRequired\":true,\"valueName\":\"search_term_string\"}}],\"inLanguage\":\"de\"}]}<\/script>\n<!-- \/ Yoast SEO plugin. -->","yoast_head_json":{"title":"Reinigende Reinigungsmilch - Uniest","robots":{"index":"index","follow":"follow","max-snippet":"max-snippet:-1","max-image-preview":"max-image-preview:large","max-video-preview":"max-video-preview:-1"},"canonical":"https:\/\/uniest.it\/prodotto\/reinigende-reinigungsmilch\/","og_locale":"de_DE","og_type":"article","og_title":"Reinigende Reinigungsmilch - Uniest","og_description":"Es ist die erste Geste, die Haut zu pflegen. Unverzichtbar, um es sofort sch\u00f6n und langfristig jung zu halten. Sanfte Reinigungsmilch mit reinigenden Kr\u00e4utern basiert auf Reiskleie\u00f6l, Bio-S\u00fc\u00dfmandel\u00f6l, Weizenkeimproteinen und pflanzlichem Glycerin, reich an mineralisierenden Salzen, speziell f\u00fcr fettige Haut und Mischhaut. Angereichert mit Pflanzenextrakten aus Klette, Gurke, Lavendel und Eisenkraut, die im richtigen Verh\u00e4ltnis [&hellip;]","og_url":"https:\/\/uniest.it\/prodotto\/reinigende-reinigungsmilch\/","og_site_name":"Uniest","article_modified_time":"2025-03-03T23:00:45+00:00","twitter_card":"summary_large_image","schema":{"@context":"https:\/\/schema.org","@graph":[{"@type":"WebPage","@id":"https:\/\/uniest.it\/prodotto\/reinigende-reinigungsmilch\/","url":"https:\/\/uniest.it\/prodotto\/reinigende-reinigungsmilch\/","name":"Reinigende Reinigungsmilch - Uniest","isPartOf":{"@id":"https:\/\/uniest.it\/#website"},"primaryImageOfPage":{"@id":"https:\/\/uniest.it\/prodotto\/reinigende-reinigungsmilch\/#primaryimage"},"image":{"@id":"https:\/\/uniest.it\/prodotto\/reinigende-reinigungsmilch\/#primaryimage"},"thumbnailUrl":"https:\/\/uniest.it\/wp-content\/uploads\/2020\/11\/024AAE.png","datePublished":"2024-10-29T17:55:40+00:00","dateModified":"2025-03-03T23:00:45+00:00","breadcrumb":{"@id":"https:\/\/uniest.it\/prodotto\/reinigende-reinigungsmilch\/#breadcrumb"},"inLanguage":"de","potentialAction":[{"@type":"ReadAction","target":["https:\/\/uniest.it\/prodotto\/reinigende-reinigungsmilch\/"]}]},{"@type":"ImageObject","inLanguage":"de","@id":"https:\/\/uniest.it\/prodotto\/reinigende-reinigungsmilch\/#primaryimage","url":"https:\/\/uniest.it\/wp-content\/uploads\/2020\/11\/024AAE.png","contentUrl":"https:\/\/uniest.it\/wp-content\/uploads\/2020\/11\/024AAE.png","width":1283,"height":2000},{"@type":"BreadcrumbList","@id":"https:\/\/uniest.it\/prodotto\/reinigende-reinigungsmilch\/#breadcrumb","itemListElement":[{"@type":"ListItem","position":1,"name":"Home","item":"https:\/\/uniest.it\/de\/"},{"@type":"ListItem","position":2,"name":"Shop","item":"https:\/\/uniest.it\/shop\/"},{"@type":"ListItem","position":3,"name":"Reinigende Reinigungsmilch"}]},{"@type":"WebSite","@id":"https:\/\/uniest.it\/#website","url":"https:\/\/uniest.it\/","name":"Uniest","description":"Cosmetici Naturali e Bio","potentialAction":[{"@type":"SearchAction","target":{"@type":"EntryPoint","urlTemplate":"https:\/\/uniest.it\/?s={search_term_string}"},"query-input":{"@type":"PropertyValueSpecification","valueRequired":true,"valueName":"search_term_string"}}],"inLanguage":"de"}]}},"_links":{"self":[{"href":"https:\/\/uniest.it\/de\/wp-json\/wp\/v2\/product\/6995","targetHints":{"allow":["GET"]}}],"collection":[{"href":"https:\/\/uniest.it\/de\/wp-json\/wp\/v2\/product"}],"about":[{"href":"https:\/\/uniest.it\/de\/wp-json\/wp\/v2\/types\/product"}],"wp:featuredmedia":[{"embeddable":true,"href":"https:\/\/uniest.it\/de\/wp-json\/wp\/v2\/media\/6996"}],"wp:attachment":[{"href":"https:\/\/uniest.it\/de\/wp-json\/wp\/v2\/media?parent=6995"}],"wp:term":[{"taxonomy":"product_brand","embeddable":true,"href":"https:\/\/uniest.it\/de\/wp-json\/wp\/v2\/product_brand?post=6995"},{"taxonomy":"product_cat","embeddable":true,"href":"https:\/\/uniest.it\/de\/wp-json\/wp\/v2\/product_cat?post=6995"},{"taxonomy":"product_tag","embeddable":true,"href":"https:\/\/uniest.it\/de\/wp-json\/wp\/v2\/product_tag?post=6995"}],"curies":[{"name":"wp","href":"https:\/\/api.w.org\/{rel}","templated":true}]}}