{"id":6998,"date":"2021-02-04T12:58:04","date_gmt":"2024-10-29T17:55:41","guid":{"rendered":"https:\/\/uniest.it\/prodotto\/physiologische-waschmittelseife-bei-ph-55\/"},"modified":"2025-03-04T00:00:46","modified_gmt":"2025-03-03T23:00:46","slug":"physiologische-waschmittelseife-bei-ph-55","status":"publish","type":"product","link":"https:\/\/uniest.it\/de\/prodotto\/physiologische-waschmittelseife-bei-ph-55\/","title":{"rendered":"Physiologische Waschmittelseife bei pH 5,5"},"content":{"rendered":"<p>Physiologischer Reiniger: unerl\u00e4sslich f\u00fcr die richtige t\u00e4gliche Hygiene, der hilft, \u00fcbersch\u00fcssigen Talg und Fett zu regulieren und Hautunreinheiten auf \u00e4u\u00dferst schonende Weise zu entfernen. Es hat eine reinigende, ausgleichende und adstringierende Wirkung, hinterl\u00e4sst eine weiche, duftende und desinfizierte Haut und kann t\u00e4glich zum Waschen von Gesicht und H\u00e4nden verwendet werden. Fettige Haut ist ein \u00e4u\u00dferst weit verbreiteter Makel bei Jugendlichen, der oft bis ins Erwachsenenalter anh\u00e4lt und so zu schwerwiegenden pathologischen Erscheinungsformen f\u00fchrt. Basierend auf Milchs\u00e4ure nutzt es die wohltuenden Eigenschaften der \u00e4therischen \u00d6le von Zitrone, Bitterorange, Minze und der Pflanzenextrakte von Zypresse, Eisenkraut und Sandelholz.<\/p>\n","protected":false},"excerpt":{"rendered":"<p>Physiologischer Reiniger: unerl\u00e4sslich f\u00fcr die richtige t\u00e4gliche Hygiene, der hilft, \u00fcbersch\u00fcssigen Talg und Fett zu regulieren und Hautunreinheiten auf \u00e4u\u00dferst schonende Weise zu entfernen. Es hat eine reinigende, ausgleichende und adstringierende Wirkung, hinterl\u00e4sst eine weiche, duftende und desinfizierte Haut und kann t\u00e4glich zum Waschen von Gesicht und H\u00e4nden verwendet werden. Fettige Haut ist ein \u00e4u\u00dferst [&hellip;]<\/p>\n","protected":false},"featured_media":6999,"template":"","meta":{"_acf_changed":false,"inline_featured_image":false},"product_brand":[],"product_cat":[1491,1497,1493],"product_tag":[],"class_list":{"0":"post-6998","1":"product","2":"type-product","3":"status-publish","4":"has-post-thumbnail","6":"product_beauty-aromatizzare-e-profumare","7":"product_beauty-detergere","8":"product_beauty-idratare","9":"product_beauty-lenire","10":"product_beauty-nutrire-e-rigenerare","11":"product_beauty-proteggere","12":"product_beauty-purificare","13":"product_beauty-riequilibrare","14":"product_skin-pelle-grassa","15":"product_skin-pelle-impura","16":"product_skin-pelle-mista","17":"product_skin-pelli-grasse-e-miste","18":"product_skin-tutte-le-pelli","19":"product_kind-bagno","20":"product_kind-doccia","21":"product_kind-shampoo-e-detergenza","22":"product_lines-pelli-grasse-e-miste","23":"product_cat-famiglia-e-pet-de","24":"product_cat-viso-de","25":"product_cat-mani-e-piedi-de","26":"pa_size-250-de","28":"first","29":"instock","30":"taxable","31":"shipping-taxable","32":"purchasable","33":"product-type-simple"},"acf":[],"yoast_head":"<!-- This site is optimized with the Yoast SEO plugin v24.6 - https:\/\/yoast.com\/wordpress\/plugins\/seo\/ -->\n<title>Physiologische Waschmittelseife bei pH 5,5 - Uniest<\/title>\n<meta name=\"robots\" content=\"index, follow, max-snippet:-1, max-image-preview:large, max-video-preview:-1\" \/>\n<link rel=\"canonical\" href=\"https:\/\/uniest.it\/prodotto\/physiologische-waschmittelseife-bei-ph-55\/\" \/>\n<meta property=\"og:locale\" content=\"de_DE\" \/>\n<meta property=\"og:type\" content=\"article\" \/>\n<meta property=\"og:title\" content=\"Physiologische Waschmittelseife bei pH 5,5 - Uniest\" \/>\n<meta property=\"og:description\" content=\"Physiologischer Reiniger: unerl\u00e4sslich f\u00fcr die richtige t\u00e4gliche Hygiene, der hilft, \u00fcbersch\u00fcssigen Talg und Fett zu regulieren und Hautunreinheiten auf \u00e4u\u00dferst schonende Weise zu entfernen. Es hat eine reinigende, ausgleichende und adstringierende Wirkung, hinterl\u00e4sst eine weiche, duftende und desinfizierte Haut und kann t\u00e4glich zum Waschen von Gesicht und H\u00e4nden verwendet werden. Fettige Haut ist ein \u00e4u\u00dferst [&hellip;]\" \/>\n<meta property=\"og:url\" content=\"https:\/\/uniest.it\/prodotto\/physiologische-waschmittelseife-bei-ph-55\/\" \/>\n<meta property=\"og:site_name\" content=\"Uniest\" \/>\n<meta property=\"article:modified_time\" content=\"2025-03-03T23:00:46+00:00\" \/>\n<meta name=\"twitter:card\" content=\"summary_large_image\" \/>\n<meta name=\"twitter:label1\" content=\"Gesch\u00e4tzte Lesezeit\" \/>\n\t<meta name=\"twitter:data1\" content=\"1\u00a0Minute\" \/>\n<script type=\"application\/ld+json\" class=\"yoast-schema-graph\">{\"@context\":\"https:\/\/schema.org\",\"@graph\":[{\"@type\":\"WebPage\",\"@id\":\"https:\/\/uniest.it\/prodotto\/physiologische-waschmittelseife-bei-ph-55\/\",\"url\":\"https:\/\/uniest.it\/prodotto\/physiologische-waschmittelseife-bei-ph-55\/\",\"name\":\"Physiologische Waschmittelseife bei pH 5,5 - Uniest\",\"isPartOf\":{\"@id\":\"https:\/\/uniest.it\/#website\"},\"primaryImageOfPage\":{\"@id\":\"https:\/\/uniest.it\/prodotto\/physiologische-waschmittelseife-bei-ph-55\/#primaryimage\"},\"image\":{\"@id\":\"https:\/\/uniest.it\/prodotto\/physiologische-waschmittelseife-bei-ph-55\/#primaryimage\"},\"thumbnailUrl\":\"https:\/\/uniest.it\/wp-content\/uploads\/2020\/11\/025AAE.png\",\"datePublished\":\"2024-10-29T17:55:41+00:00\",\"dateModified\":\"2025-03-03T23:00:46+00:00\",\"breadcrumb\":{\"@id\":\"https:\/\/uniest.it\/prodotto\/physiologische-waschmittelseife-bei-ph-55\/#breadcrumb\"},\"inLanguage\":\"de\",\"potentialAction\":[{\"@type\":\"ReadAction\",\"target\":[\"https:\/\/uniest.it\/prodotto\/physiologische-waschmittelseife-bei-ph-55\/\"]}]},{\"@type\":\"ImageObject\",\"inLanguage\":\"de\",\"@id\":\"https:\/\/uniest.it\/prodotto\/physiologische-waschmittelseife-bei-ph-55\/#primaryimage\",\"url\":\"https:\/\/uniest.it\/wp-content\/uploads\/2020\/11\/025AAE.png\",\"contentUrl\":\"https:\/\/uniest.it\/wp-content\/uploads\/2020\/11\/025AAE.png\",\"width\":1283,\"height\":2001},{\"@type\":\"BreadcrumbList\",\"@id\":\"https:\/\/uniest.it\/prodotto\/physiologische-waschmittelseife-bei-ph-55\/#breadcrumb\",\"itemListElement\":[{\"@type\":\"ListItem\",\"position\":1,\"name\":\"Home\",\"item\":\"https:\/\/uniest.it\/de\/\"},{\"@type\":\"ListItem\",\"position\":2,\"name\":\"Shop\",\"item\":\"https:\/\/uniest.it\/shop\/\"},{\"@type\":\"ListItem\",\"position\":3,\"name\":\"Physiologische Waschmittelseife bei pH 5,5\"}]},{\"@type\":\"WebSite\",\"@id\":\"https:\/\/uniest.it\/#website\",\"url\":\"https:\/\/uniest.it\/\",\"name\":\"Uniest\",\"description\":\"Cosmetici Naturali e Bio\",\"potentialAction\":[{\"@type\":\"SearchAction\",\"target\":{\"@type\":\"EntryPoint\",\"urlTemplate\":\"https:\/\/uniest.it\/?s={search_term_string}\"},\"query-input\":{\"@type\":\"PropertyValueSpecification\",\"valueRequired\":true,\"valueName\":\"search_term_string\"}}],\"inLanguage\":\"de\"}]}<\/script>\n<!-- \/ Yoast SEO plugin. -->","yoast_head_json":{"title":"Physiologische Waschmittelseife bei pH 5,5 - Uniest","robots":{"index":"index","follow":"follow","max-snippet":"max-snippet:-1","max-image-preview":"max-image-preview:large","max-video-preview":"max-video-preview:-1"},"canonical":"https:\/\/uniest.it\/prodotto\/physiologische-waschmittelseife-bei-ph-55\/","og_locale":"de_DE","og_type":"article","og_title":"Physiologische Waschmittelseife bei pH 5,5 - Uniest","og_description":"Physiologischer Reiniger: unerl\u00e4sslich f\u00fcr die richtige t\u00e4gliche Hygiene, der hilft, \u00fcbersch\u00fcssigen Talg und Fett zu regulieren und Hautunreinheiten auf \u00e4u\u00dferst schonende Weise zu entfernen. Es hat eine reinigende, ausgleichende und adstringierende Wirkung, hinterl\u00e4sst eine weiche, duftende und desinfizierte Haut und kann t\u00e4glich zum Waschen von Gesicht und H\u00e4nden verwendet werden. Fettige Haut ist ein \u00e4u\u00dferst [&hellip;]","og_url":"https:\/\/uniest.it\/prodotto\/physiologische-waschmittelseife-bei-ph-55\/","og_site_name":"Uniest","article_modified_time":"2025-03-03T23:00:46+00:00","twitter_card":"summary_large_image","twitter_misc":{"Gesch\u00e4tzte Lesezeit":"1\u00a0Minute"},"schema":{"@context":"https:\/\/schema.org","@graph":[{"@type":"WebPage","@id":"https:\/\/uniest.it\/prodotto\/physiologische-waschmittelseife-bei-ph-55\/","url":"https:\/\/uniest.it\/prodotto\/physiologische-waschmittelseife-bei-ph-55\/","name":"Physiologische Waschmittelseife bei pH 5,5 - Uniest","isPartOf":{"@id":"https:\/\/uniest.it\/#website"},"primaryImageOfPage":{"@id":"https:\/\/uniest.it\/prodotto\/physiologische-waschmittelseife-bei-ph-55\/#primaryimage"},"image":{"@id":"https:\/\/uniest.it\/prodotto\/physiologische-waschmittelseife-bei-ph-55\/#primaryimage"},"thumbnailUrl":"https:\/\/uniest.it\/wp-content\/uploads\/2020\/11\/025AAE.png","datePublished":"2024-10-29T17:55:41+00:00","dateModified":"2025-03-03T23:00:46+00:00","breadcrumb":{"@id":"https:\/\/uniest.it\/prodotto\/physiologische-waschmittelseife-bei-ph-55\/#breadcrumb"},"inLanguage":"de","potentialAction":[{"@type":"ReadAction","target":["https:\/\/uniest.it\/prodotto\/physiologische-waschmittelseife-bei-ph-55\/"]}]},{"@type":"ImageObject","inLanguage":"de","@id":"https:\/\/uniest.it\/prodotto\/physiologische-waschmittelseife-bei-ph-55\/#primaryimage","url":"https:\/\/uniest.it\/wp-content\/uploads\/2020\/11\/025AAE.png","contentUrl":"https:\/\/uniest.it\/wp-content\/uploads\/2020\/11\/025AAE.png","width":1283,"height":2001},{"@type":"BreadcrumbList","@id":"https:\/\/uniest.it\/prodotto\/physiologische-waschmittelseife-bei-ph-55\/#breadcrumb","itemListElement":[{"@type":"ListItem","position":1,"name":"Home","item":"https:\/\/uniest.it\/de\/"},{"@type":"ListItem","position":2,"name":"Shop","item":"https:\/\/uniest.it\/shop\/"},{"@type":"ListItem","position":3,"name":"Physiologische Waschmittelseife bei pH 5,5"}]},{"@type":"WebSite","@id":"https:\/\/uniest.it\/#website","url":"https:\/\/uniest.it\/","name":"Uniest","description":"Cosmetici Naturali e Bio","potentialAction":[{"@type":"SearchAction","target":{"@type":"EntryPoint","urlTemplate":"https:\/\/uniest.it\/?s={search_term_string}"},"query-input":{"@type":"PropertyValueSpecification","valueRequired":true,"valueName":"search_term_string"}}],"inLanguage":"de"}]}},"_links":{"self":[{"href":"https:\/\/uniest.it\/de\/wp-json\/wp\/v2\/product\/6998","targetHints":{"allow":["GET"]}}],"collection":[{"href":"https:\/\/uniest.it\/de\/wp-json\/wp\/v2\/product"}],"about":[{"href":"https:\/\/uniest.it\/de\/wp-json\/wp\/v2\/types\/product"}],"wp:featuredmedia":[{"embeddable":true,"href":"https:\/\/uniest.it\/de\/wp-json\/wp\/v2\/media\/6999"}],"wp:attachment":[{"href":"https:\/\/uniest.it\/de\/wp-json\/wp\/v2\/media?parent=6998"}],"wp:term":[{"taxonomy":"product_brand","embeddable":true,"href":"https:\/\/uniest.it\/de\/wp-json\/wp\/v2\/product_brand?post=6998"},{"taxonomy":"product_cat","embeddable":true,"href":"https:\/\/uniest.it\/de\/wp-json\/wp\/v2\/product_cat?post=6998"},{"taxonomy":"product_tag","embeddable":true,"href":"https:\/\/uniest.it\/de\/wp-json\/wp\/v2\/product_tag?post=6998"}],"curies":[{"name":"wp","href":"https:\/\/api.w.org\/{rel}","templated":true}]}}