{"id":7001,"date":"2021-02-04T12:58:04","date_gmt":"2024-10-29T17:55:41","guid":{"rendered":"https:\/\/uniest.it\/prodotto\/multiaktionscreme-50-ml\/"},"modified":"2024-10-29T18:55:41","modified_gmt":"2024-10-29T17:55:41","slug":"multiaktionscreme-50-ml","status":"publish","type":"product","link":"https:\/\/uniest.it\/de\/prodotto\/multiaktionscreme-50-ml\/","title":{"rendered":"Multiaktionscreme \u2013 50 ml"},"content":{"rendered":"<p>Spezifische Creme mit pflanzlichen Stammzellen, Coenzym Q10, niedermolekularer Hyalurons\u00e4ure und Bio-Sheabutter. Die Multiaction Cream ist f\u00fcr alle Altersgruppen geeignet, um den normalen Zeichen der Hautalterung vorzubeugen und ihnen entgegenzuwirken, dank der wertvollen pflanzlichen Stammzellen, die aus unreifen Weinbeeren gewonnen werden, und um die Haut Tag f\u00fcr Tag sanft zu sch\u00fctzen und ihr Spannkraft und Festigkeit zu verleihen. Am Ende eines langen Tages, an dem Smog, Stress und geschlossene Stellen die Barrierefunktion und den Hydrolipidfilm beeintr\u00e4chtigt haben, stellt es der Haut au\u00dferdem die richtige Feuchtigkeit und N\u00e4hrstoffe wieder her. Reiskleie\u00f6l zeichnet sich durch feuchtigkeitsspendende, beruhigende und antioxidative Eigenschaften aus, bildet eine Schutzschicht auf dem Gesicht und versorgt die Epidermis mit N\u00e4hrstoffen, die mit Coenzym Q10 mit antiradikalen Eigenschaften und Sheabutter mit straffenden, geschmeidig machenden und antioxidativen Eigenschaften kombiniert werden. Falteneigenschaften. Die Wirkung dieser wertvollen Funktionsstoffe wird durch die Kombination organischer Kamillenpflanzenextrakte verst\u00e4rkt, die beruhigend und reepithelisierend wirken. Echinacea, straffend und tonisierend; Zitrone, aufhellend und beruhigend; Malve wirkt weichmachend und erfrischend, Rosmarin reaktivierend.<\/p>\n","protected":false},"excerpt":{"rendered":"<p>Spezifische Creme mit pflanzlichen Stammzellen, Coenzym Q10, niedermolekularer Hyalurons\u00e4ure und Bio-Sheabutter. Die Multiaction Cream ist f\u00fcr alle Altersgruppen geeignet, um den normalen Zeichen der Hautalterung vorzubeugen und ihnen entgegenzuwirken, dank der wertvollen pflanzlichen Stammzellen, die aus unreifen Weinbeeren gewonnen werden, und um die Haut Tag f\u00fcr Tag sanft zu sch\u00fctzen und ihr Spannkraft und Festigkeit [&hellip;]<\/p>\n","protected":false},"featured_media":7002,"template":"","meta":{"_acf_changed":false,"inline_featured_image":false},"product_brand":[],"product_cat":[1496],"product_tag":[],"class_list":{"0":"post-7001","1":"product","2":"type-product","3":"status-publish","4":"has-post-thumbnail","6":"product_beauty-antirughe","7":"product_beauty-detox-e-dren","8":"product_beauty-idratare","9":"product_beauty-lenire","10":"product_beauty-nutrire-e-rigenerare","11":"product_beauty-proteggere","12":"product_beauty-purificare","13":"product_beauty-riequilibrare","14":"product_skin-pelli-delicate-e-sensibili","15":"product_skin-pelli-giovani-e-prime-rughe","16":"product_skin-pelli-grasse-e-miste","17":"product_skin-pelli-mature-e-rughe","18":"product_skin-pelli-secche-e-normali","19":"product_skin-tutte-le-pelli","20":"product_kind-creme-antieta-e-prime-rughe","21":"product_kind-tutte-le-creme-viso","22":"product_lines-uomo","23":"product_cat-uomo-de","24":"pa_size-50-de","26":"first","27":"instock","28":"taxable","29":"shipping-taxable","30":"purchasable","31":"product-type-simple"},"acf":[],"yoast_head":"<!-- This site is optimized with the Yoast SEO plugin v24.6 - https:\/\/yoast.com\/wordpress\/plugins\/seo\/ -->\n<title>Multiaktionscreme \u2013 50 ml - Uniest<\/title>\n<meta name=\"robots\" content=\"index, follow, max-snippet:-1, max-image-preview:large, max-video-preview:-1\" \/>\n<link rel=\"canonical\" href=\"https:\/\/uniest.it\/prodotto\/multiaction-cream-50ml\/\" \/>\n<meta property=\"og:locale\" content=\"de_DE\" \/>\n<meta property=\"og:type\" content=\"article\" \/>\n<meta property=\"og:title\" content=\"Multiaktionscreme \u2013 50 ml - Uniest\" \/>\n<meta property=\"og:description\" content=\"Spezifische Creme mit pflanzlichen Stammzellen, Coenzym Q10, niedermolekularer Hyalurons\u00e4ure und Bio-Sheabutter. Die Multiaction Cream ist f\u00fcr alle Altersgruppen geeignet, um den normalen Zeichen der Hautalterung vorzubeugen und ihnen entgegenzuwirken, dank der wertvollen pflanzlichen Stammzellen, die aus unreifen Weinbeeren gewonnen werden, und um die Haut Tag f\u00fcr Tag sanft zu sch\u00fctzen und ihr Spannkraft und Festigkeit [&hellip;]\" \/>\n<meta property=\"og:url\" content=\"https:\/\/uniest.it\/prodotto\/multiaction-cream-50ml\/\" \/>\n<meta property=\"og:site_name\" content=\"Uniest\" \/>\n<meta property=\"og:image\" content=\"https:\/\/uniest.it\/wp-content\/uploads\/2020\/12\/025AAU.png\" \/>\n\t<meta property=\"og:image:width\" content=\"1283\" \/>\n\t<meta property=\"og:image:height\" content=\"2000\" \/>\n\t<meta property=\"og:image:type\" content=\"image\/png\" \/>\n<meta name=\"twitter:card\" content=\"summary_large_image\" \/>\n<meta name=\"twitter:label1\" content=\"Gesch\u00e4tzte Lesezeit\" \/>\n\t<meta name=\"twitter:data1\" content=\"1\u00a0Minute\" \/>\n<script type=\"application\/ld+json\" class=\"yoast-schema-graph\">{\"@context\":\"https:\/\/schema.org\",\"@graph\":[{\"@type\":\"WebPage\",\"@id\":\"https:\/\/uniest.it\/prodotto\/multiaction-cream-50ml\/\",\"url\":\"https:\/\/uniest.it\/prodotto\/multiaction-cream-50ml\/\",\"name\":\"Multiaktionscreme \u2013 50 ml - Uniest\",\"isPartOf\":{\"@id\":\"https:\/\/uniest.it\/#website\"},\"primaryImageOfPage\":{\"@id\":\"https:\/\/uniest.it\/prodotto\/multiaction-cream-50ml\/#primaryimage\"},\"image\":{\"@id\":\"https:\/\/uniest.it\/prodotto\/multiaction-cream-50ml\/#primaryimage\"},\"thumbnailUrl\":\"https:\/\/uniest.it\/wp-content\/uploads\/2020\/12\/025AAU.png\",\"datePublished\":\"2024-10-29T17:55:41+00:00\",\"breadcrumb\":{\"@id\":\"https:\/\/uniest.it\/prodotto\/multiaction-cream-50ml\/#breadcrumb\"},\"inLanguage\":\"de\",\"potentialAction\":[{\"@type\":\"ReadAction\",\"target\":[\"https:\/\/uniest.it\/prodotto\/multiaction-cream-50ml\/\"]}]},{\"@type\":\"ImageObject\",\"inLanguage\":\"de\",\"@id\":\"https:\/\/uniest.it\/prodotto\/multiaction-cream-50ml\/#primaryimage\",\"url\":\"https:\/\/uniest.it\/wp-content\/uploads\/2020\/12\/025AAU.png\",\"contentUrl\":\"https:\/\/uniest.it\/wp-content\/uploads\/2020\/12\/025AAU.png\",\"width\":1283,\"height\":2000},{\"@type\":\"BreadcrumbList\",\"@id\":\"https:\/\/uniest.it\/prodotto\/multiaction-cream-50ml\/#breadcrumb\",\"itemListElement\":[{\"@type\":\"ListItem\",\"position\":1,\"name\":\"Home\",\"item\":\"https:\/\/uniest.it\/de\/\"},{\"@type\":\"ListItem\",\"position\":2,\"name\":\"Shop\",\"item\":\"https:\/\/uniest.it\/shop\/\"},{\"@type\":\"ListItem\",\"position\":3,\"name\":\"Multiaktionscreme \u2013 50 ml\"}]},{\"@type\":\"WebSite\",\"@id\":\"https:\/\/uniest.it\/#website\",\"url\":\"https:\/\/uniest.it\/\",\"name\":\"Uniest\",\"description\":\"Cosmetici Naturali e Bio\",\"potentialAction\":[{\"@type\":\"SearchAction\",\"target\":{\"@type\":\"EntryPoint\",\"urlTemplate\":\"https:\/\/uniest.it\/?s={search_term_string}\"},\"query-input\":{\"@type\":\"PropertyValueSpecification\",\"valueRequired\":true,\"valueName\":\"search_term_string\"}}],\"inLanguage\":\"de\"}]}<\/script>\n<!-- \/ Yoast SEO plugin. -->","yoast_head_json":{"title":"Multiaktionscreme \u2013 50 ml - Uniest","robots":{"index":"index","follow":"follow","max-snippet":"max-snippet:-1","max-image-preview":"max-image-preview:large","max-video-preview":"max-video-preview:-1"},"canonical":"https:\/\/uniest.it\/prodotto\/multiaction-cream-50ml\/","og_locale":"de_DE","og_type":"article","og_title":"Multiaktionscreme \u2013 50 ml - Uniest","og_description":"Spezifische Creme mit pflanzlichen Stammzellen, Coenzym Q10, niedermolekularer Hyalurons\u00e4ure und Bio-Sheabutter. Die Multiaction Cream ist f\u00fcr alle Altersgruppen geeignet, um den normalen Zeichen der Hautalterung vorzubeugen und ihnen entgegenzuwirken, dank der wertvollen pflanzlichen Stammzellen, die aus unreifen Weinbeeren gewonnen werden, und um die Haut Tag f\u00fcr Tag sanft zu sch\u00fctzen und ihr Spannkraft und Festigkeit [&hellip;]","og_url":"https:\/\/uniest.it\/prodotto\/multiaction-cream-50ml\/","og_site_name":"Uniest","og_image":[{"width":1283,"height":2000,"url":"https:\/\/uniest.it\/wp-content\/uploads\/2020\/12\/025AAU.png","type":"image\/png"}],"twitter_card":"summary_large_image","twitter_misc":{"Gesch\u00e4tzte Lesezeit":"1\u00a0Minute"},"schema":{"@context":"https:\/\/schema.org","@graph":[{"@type":"WebPage","@id":"https:\/\/uniest.it\/prodotto\/multiaction-cream-50ml\/","url":"https:\/\/uniest.it\/prodotto\/multiaction-cream-50ml\/","name":"Multiaktionscreme \u2013 50 ml - Uniest","isPartOf":{"@id":"https:\/\/uniest.it\/#website"},"primaryImageOfPage":{"@id":"https:\/\/uniest.it\/prodotto\/multiaction-cream-50ml\/#primaryimage"},"image":{"@id":"https:\/\/uniest.it\/prodotto\/multiaction-cream-50ml\/#primaryimage"},"thumbnailUrl":"https:\/\/uniest.it\/wp-content\/uploads\/2020\/12\/025AAU.png","datePublished":"2024-10-29T17:55:41+00:00","breadcrumb":{"@id":"https:\/\/uniest.it\/prodotto\/multiaction-cream-50ml\/#breadcrumb"},"inLanguage":"de","potentialAction":[{"@type":"ReadAction","target":["https:\/\/uniest.it\/prodotto\/multiaction-cream-50ml\/"]}]},{"@type":"ImageObject","inLanguage":"de","@id":"https:\/\/uniest.it\/prodotto\/multiaction-cream-50ml\/#primaryimage","url":"https:\/\/uniest.it\/wp-content\/uploads\/2020\/12\/025AAU.png","contentUrl":"https:\/\/uniest.it\/wp-content\/uploads\/2020\/12\/025AAU.png","width":1283,"height":2000},{"@type":"BreadcrumbList","@id":"https:\/\/uniest.it\/prodotto\/multiaction-cream-50ml\/#breadcrumb","itemListElement":[{"@type":"ListItem","position":1,"name":"Home","item":"https:\/\/uniest.it\/de\/"},{"@type":"ListItem","position":2,"name":"Shop","item":"https:\/\/uniest.it\/shop\/"},{"@type":"ListItem","position":3,"name":"Multiaktionscreme \u2013 50 ml"}]},{"@type":"WebSite","@id":"https:\/\/uniest.it\/#website","url":"https:\/\/uniest.it\/","name":"Uniest","description":"Cosmetici Naturali e Bio","potentialAction":[{"@type":"SearchAction","target":{"@type":"EntryPoint","urlTemplate":"https:\/\/uniest.it\/?s={search_term_string}"},"query-input":{"@type":"PropertyValueSpecification","valueRequired":true,"valueName":"search_term_string"}}],"inLanguage":"de"}]}},"_links":{"self":[{"href":"https:\/\/uniest.it\/de\/wp-json\/wp\/v2\/product\/7001","targetHints":{"allow":["GET"]}}],"collection":[{"href":"https:\/\/uniest.it\/de\/wp-json\/wp\/v2\/product"}],"about":[{"href":"https:\/\/uniest.it\/de\/wp-json\/wp\/v2\/types\/product"}],"wp:featuredmedia":[{"embeddable":true,"href":"https:\/\/uniest.it\/de\/wp-json\/wp\/v2\/media\/7002"}],"wp:attachment":[{"href":"https:\/\/uniest.it\/de\/wp-json\/wp\/v2\/media?parent=7001"}],"wp:term":[{"taxonomy":"product_brand","embeddable":true,"href":"https:\/\/uniest.it\/de\/wp-json\/wp\/v2\/product_brand?post=7001"},{"taxonomy":"product_cat","embeddable":true,"href":"https:\/\/uniest.it\/de\/wp-json\/wp\/v2\/product_cat?post=7001"},{"taxonomy":"product_tag","embeddable":true,"href":"https:\/\/uniest.it\/de\/wp-json\/wp\/v2\/product_tag?post=7001"}],"curies":[{"name":"wp","href":"https:\/\/api.w.org\/{rel}","templated":true}]}}