{"id":7004,"date":"2024-10-29T18:55:42","date_gmt":"2024-10-29T17:55:42","guid":{"rendered":"https:\/\/uniest.it\/prodotto\/raeucherei\/"},"modified":"2024-10-29T18:55:42","modified_gmt":"2024-10-29T17:55:42","slug":"raeucherei","status":"publish","type":"product","link":"https:\/\/uniest.it\/de\/prodotto\/raeucherei\/","title":{"rendered":"R\u00e4ucherei"},"content":{"rendered":"<p>Erdrauch: Heilpflanze mit hepatoprotektiver, krampfl\u00f6sender und harntreibender Wirkung, haupts\u00e4chlich zur Regulierung des Gallenflusses eingesetzt. Es handelt sich um eine spontan wachsende einj\u00e4hrige Pflanze, die zur Familie der Fumariaceae geh\u00f6rt. Sie hat einen gr\u00fcnen, unbehaarten St\u00e4ngel, der eine H\u00f6he von 20\u201330 cm erreichen kann. Sein Fortschritt ist steigend. Die Bl\u00e4tter sind lang und d\u00fcnn, w\u00e4hrend die Bl\u00fcten rosa sind und in traubigen Bl\u00fctenst\u00e4nden gesammelt sind. Die Frucht ist eine Nuss.<\/p>\n","protected":false},"excerpt":{"rendered":"<p>Erdrauch: Heilpflanze mit hepatoprotektiver, krampfl\u00f6sender und harntreibender Wirkung, haupts\u00e4chlich zur Regulierung des Gallenflusses eingesetzt. Es handelt sich um eine spontan wachsende einj\u00e4hrige Pflanze, die zur Familie der Fumariaceae geh\u00f6rt. Sie hat einen gr\u00fcnen, unbehaarten St\u00e4ngel, der eine H\u00f6he von 20\u201330 cm erreichen kann. Sein Fortschritt ist steigend. Die Bl\u00e4tter sind lang und d\u00fcnn, w\u00e4hrend die [&hellip;]<\/p>\n","protected":false},"featured_media":7005,"template":"","meta":{"_acf_changed":false,"inline_featured_image":false},"product_brand":[],"product_cat":[1486],"product_tag":[],"class_list":{"0":"post-7004","1":"product","2":"type-product","3":"status-publish","4":"has-post-thumbnail","6":"product_beauty-digestivo","7":"product_beauty-diuretico","8":"product_beauty-drenante","9":"product_beauty-epatoprotettore","10":"product_kind-integrazione-alimentare","11":"product_lines-benessere","12":"product_cat-benessere-de","13":"pa_size-50-de","15":"first","16":"outofstock","17":"taxable","18":"shipping-taxable","19":"purchasable","20":"product-type-simple"},"acf":[],"yoast_head":"<!-- This site is optimized with the Yoast SEO plugin v24.6 - https:\/\/yoast.com\/wordpress\/plugins\/seo\/ -->\n<title>R\u00e4ucherei - Uniest<\/title>\n<meta name=\"robots\" content=\"index, follow, max-snippet:-1, max-image-preview:large, max-video-preview:-1\" \/>\n<link rel=\"canonical\" href=\"https:\/\/uniest.it\/prodotto\/raeucherei\/\" \/>\n<meta property=\"og:locale\" content=\"de_DE\" \/>\n<meta property=\"og:type\" content=\"article\" \/>\n<meta property=\"og:title\" content=\"R\u00e4ucherei - Uniest\" \/>\n<meta property=\"og:description\" content=\"Erdrauch: Heilpflanze mit hepatoprotektiver, krampfl\u00f6sender und harntreibender Wirkung, haupts\u00e4chlich zur Regulierung des Gallenflusses eingesetzt. Es handelt sich um eine spontan wachsende einj\u00e4hrige Pflanze, die zur Familie der Fumariaceae geh\u00f6rt. Sie hat einen gr\u00fcnen, unbehaarten St\u00e4ngel, der eine H\u00f6he von 20\u201330 cm erreichen kann. Sein Fortschritt ist steigend. Die Bl\u00e4tter sind lang und d\u00fcnn, w\u00e4hrend die [&hellip;]\" \/>\n<meta property=\"og:url\" content=\"https:\/\/uniest.it\/prodotto\/raeucherei\/\" \/>\n<meta property=\"og:site_name\" content=\"Uniest\" \/>\n<meta name=\"twitter:card\" content=\"summary_large_image\" \/>\n<script type=\"application\/ld+json\" class=\"yoast-schema-graph\">{\"@context\":\"https:\/\/schema.org\",\"@graph\":[{\"@type\":\"WebPage\",\"@id\":\"https:\/\/uniest.it\/prodotto\/raeucherei\/\",\"url\":\"https:\/\/uniest.it\/prodotto\/raeucherei\/\",\"name\":\"R\u00e4ucherei - Uniest\",\"isPartOf\":{\"@id\":\"https:\/\/uniest.it\/#website\"},\"primaryImageOfPage\":{\"@id\":\"https:\/\/uniest.it\/prodotto\/raeucherei\/#primaryimage\"},\"image\":{\"@id\":\"https:\/\/uniest.it\/prodotto\/raeucherei\/#primaryimage\"},\"thumbnailUrl\":\"https:\/\/uniest.it\/wp-content\/uploads\/2020\/12\/025ZTM.png\",\"datePublished\":\"2024-10-29T17:55:42+00:00\",\"breadcrumb\":{\"@id\":\"https:\/\/uniest.it\/prodotto\/raeucherei\/#breadcrumb\"},\"inLanguage\":\"de\",\"potentialAction\":[{\"@type\":\"ReadAction\",\"target\":[\"https:\/\/uniest.it\/prodotto\/raeucherei\/\"]}]},{\"@type\":\"ImageObject\",\"inLanguage\":\"de\",\"@id\":\"https:\/\/uniest.it\/prodotto\/raeucherei\/#primaryimage\",\"url\":\"https:\/\/uniest.it\/wp-content\/uploads\/2020\/12\/025ZTM.png\",\"contentUrl\":\"https:\/\/uniest.it\/wp-content\/uploads\/2020\/12\/025ZTM.png\",\"width\":1283,\"height\":2000},{\"@type\":\"BreadcrumbList\",\"@id\":\"https:\/\/uniest.it\/prodotto\/raeucherei\/#breadcrumb\",\"itemListElement\":[{\"@type\":\"ListItem\",\"position\":1,\"name\":\"Home\",\"item\":\"https:\/\/uniest.it\/de\/\"},{\"@type\":\"ListItem\",\"position\":2,\"name\":\"Shop\",\"item\":\"https:\/\/uniest.it\/shop\/\"},{\"@type\":\"ListItem\",\"position\":3,\"name\":\"R\u00e4ucherei\"}]},{\"@type\":\"WebSite\",\"@id\":\"https:\/\/uniest.it\/#website\",\"url\":\"https:\/\/uniest.it\/\",\"name\":\"Uniest\",\"description\":\"Cosmetici Naturali e Bio\",\"potentialAction\":[{\"@type\":\"SearchAction\",\"target\":{\"@type\":\"EntryPoint\",\"urlTemplate\":\"https:\/\/uniest.it\/?s={search_term_string}\"},\"query-input\":{\"@type\":\"PropertyValueSpecification\",\"valueRequired\":true,\"valueName\":\"search_term_string\"}}],\"inLanguage\":\"de\"}]}<\/script>\n<!-- \/ Yoast SEO plugin. -->","yoast_head_json":{"title":"R\u00e4ucherei - Uniest","robots":{"index":"index","follow":"follow","max-snippet":"max-snippet:-1","max-image-preview":"max-image-preview:large","max-video-preview":"max-video-preview:-1"},"canonical":"https:\/\/uniest.it\/prodotto\/raeucherei\/","og_locale":"de_DE","og_type":"article","og_title":"R\u00e4ucherei - Uniest","og_description":"Erdrauch: Heilpflanze mit hepatoprotektiver, krampfl\u00f6sender und harntreibender Wirkung, haupts\u00e4chlich zur Regulierung des Gallenflusses eingesetzt. Es handelt sich um eine spontan wachsende einj\u00e4hrige Pflanze, die zur Familie der Fumariaceae geh\u00f6rt. Sie hat einen gr\u00fcnen, unbehaarten St\u00e4ngel, der eine H\u00f6he von 20\u201330 cm erreichen kann. Sein Fortschritt ist steigend. Die Bl\u00e4tter sind lang und d\u00fcnn, w\u00e4hrend die [&hellip;]","og_url":"https:\/\/uniest.it\/prodotto\/raeucherei\/","og_site_name":"Uniest","twitter_card":"summary_large_image","schema":{"@context":"https:\/\/schema.org","@graph":[{"@type":"WebPage","@id":"https:\/\/uniest.it\/prodotto\/raeucherei\/","url":"https:\/\/uniest.it\/prodotto\/raeucherei\/","name":"R\u00e4ucherei - Uniest","isPartOf":{"@id":"https:\/\/uniest.it\/#website"},"primaryImageOfPage":{"@id":"https:\/\/uniest.it\/prodotto\/raeucherei\/#primaryimage"},"image":{"@id":"https:\/\/uniest.it\/prodotto\/raeucherei\/#primaryimage"},"thumbnailUrl":"https:\/\/uniest.it\/wp-content\/uploads\/2020\/12\/025ZTM.png","datePublished":"2024-10-29T17:55:42+00:00","breadcrumb":{"@id":"https:\/\/uniest.it\/prodotto\/raeucherei\/#breadcrumb"},"inLanguage":"de","potentialAction":[{"@type":"ReadAction","target":["https:\/\/uniest.it\/prodotto\/raeucherei\/"]}]},{"@type":"ImageObject","inLanguage":"de","@id":"https:\/\/uniest.it\/prodotto\/raeucherei\/#primaryimage","url":"https:\/\/uniest.it\/wp-content\/uploads\/2020\/12\/025ZTM.png","contentUrl":"https:\/\/uniest.it\/wp-content\/uploads\/2020\/12\/025ZTM.png","width":1283,"height":2000},{"@type":"BreadcrumbList","@id":"https:\/\/uniest.it\/prodotto\/raeucherei\/#breadcrumb","itemListElement":[{"@type":"ListItem","position":1,"name":"Home","item":"https:\/\/uniest.it\/de\/"},{"@type":"ListItem","position":2,"name":"Shop","item":"https:\/\/uniest.it\/shop\/"},{"@type":"ListItem","position":3,"name":"R\u00e4ucherei"}]},{"@type":"WebSite","@id":"https:\/\/uniest.it\/#website","url":"https:\/\/uniest.it\/","name":"Uniest","description":"Cosmetici Naturali e Bio","potentialAction":[{"@type":"SearchAction","target":{"@type":"EntryPoint","urlTemplate":"https:\/\/uniest.it\/?s={search_term_string}"},"query-input":{"@type":"PropertyValueSpecification","valueRequired":true,"valueName":"search_term_string"}}],"inLanguage":"de"}]}},"_links":{"self":[{"href":"https:\/\/uniest.it\/de\/wp-json\/wp\/v2\/product\/7004","targetHints":{"allow":["GET"]}}],"collection":[{"href":"https:\/\/uniest.it\/de\/wp-json\/wp\/v2\/product"}],"about":[{"href":"https:\/\/uniest.it\/de\/wp-json\/wp\/v2\/types\/product"}],"wp:featuredmedia":[{"embeddable":true,"href":"https:\/\/uniest.it\/de\/wp-json\/wp\/v2\/media\/7005"}],"wp:attachment":[{"href":"https:\/\/uniest.it\/de\/wp-json\/wp\/v2\/media?parent=7004"}],"wp:term":[{"taxonomy":"product_brand","embeddable":true,"href":"https:\/\/uniest.it\/de\/wp-json\/wp\/v2\/product_brand?post=7004"},{"taxonomy":"product_cat","embeddable":true,"href":"https:\/\/uniest.it\/de\/wp-json\/wp\/v2\/product_cat?post=7004"},{"taxonomy":"product_tag","embeddable":true,"href":"https:\/\/uniest.it\/de\/wp-json\/wp\/v2\/product_tag?post=7004"}],"curies":[{"name":"wp","href":"https:\/\/api.w.org\/{rel}","templated":true}]}}